{"id":21893,"date":"2024-01-16T02:49:37","date_gmt":"2024-01-16T08:49:37","guid":{"rendered":"https:\/\/dev.industrialrepairstore.com\/product\/acu-rite-38525202xx\/"},"modified":"2025-03-03T21:09:12","modified_gmt":"2025-03-04T03:09:12","slug":"acu-rite-38525202xx","status":"publish","type":"product","link":"https:\/\/industrialrepairstore.com\/es\/producto\/acu-rite-38525202xx\/","title":{"rendered":"Acu Rite 38525202xx"},"content":{"rendered":"<p>If you would like to have ERD repair your Acu Rite 38525202xx, ship your unit to us at 705 Indeneer Drive, Kernersville, NC 27284. You will receive a firm quote for your approval the day we receive the unit. If you need to speak with us, please call 1.336.992.3611.<\/p>\n<p>Si sus necesidades de reparaci\u00f3n no se encuentran en nuestro extenso cat\u00e1logo de reparaciones, p\u00f3ngase en contacto con nosotros porque diariamente se a\u00f1aden nuevos art\u00edculos de reparaci\u00f3n. ERD tiene una larga tradici\u00f3n mundial en la reparaci\u00f3n de los componentes electr\u00f3nicos m\u00e1s complicados y estamos deseando trabajar con usted.<\/p>","protected":false},"excerpt":{"rendered":"<p>This is the specific repair catalog page for Acu Rite 38525202xx, repaired by the expert repair technicians of ERD Ltd.<\/p>","protected":false},"featured_media":48021,"template":"","meta":{"_acf_changed":false,"_et_pb_use_builder":"","_et_pb_old_content":"","_et_gb_content_width":""},"product_brand":[],"product_cat":[22],"product_tag":[],"class_list":{"0":"post-21893","1":"product","2":"type-product","3":"status-publish","4":"has-post-thumbnail","6":"product_cat-uncategorized","8":"first","9":"instock","10":"purchasable","11":"product-type-simple"},"acf":[],"yoast_head":"<!-- This site is optimized with the Yoast SEO Premium plugin v27.3 (Yoast SEO v27.3) - https:\/\/yoast.com\/product\/yoast-seo-premium-wordpress\/ -->\n<title>Acu Rite 38525202xx - ERD Industrial Repair Store<\/title>\n<meta name=\"description\" content=\"You can trust the expert electronic repair technicians at ERD Ltd. to repair your Acu Rite 38525202xx. Call 336-992-3611 for more information!\" \/>\n<meta name=\"robots\" content=\"index, follow, max-snippet:-1, max-image-preview:large, max-video-preview:-1\" \/>\n<link rel=\"canonical\" href=\"https:\/\/industrialrepairstore.com\/es\/producto\/acu-rite-38525202xx\/\" \/>\n<meta property=\"og:locale\" content=\"es_MX\" \/>\n<meta property=\"og:type\" content=\"article\" \/>\n<meta property=\"og:title\" content=\"Acu Rite 38525202xx\" \/>\n<meta property=\"og:description\" content=\"You can trust the expert electronic repair technicians at ERD Ltd. to repair your Acu Rite 38525202xx. Call 336-992-3611 for more information!\" \/>\n<meta property=\"og:url\" content=\"https:\/\/industrialrepairstore.com\/es\/producto\/acu-rite-38525202xx\/\" \/>\n<meta property=\"og:site_name\" content=\"ERD Industrial Repair Store\" \/>\n<meta property=\"article:modified_time\" content=\"2025-03-04T03:09:12+00:00\" \/>\n<meta property=\"og:image\" content=\"https:\/\/industrialrepairstore.com\/wp-content\/uploads\/2024\/01\/Acu_Rite_38525202xx.jpg\" \/>\n\t<meta property=\"og:image:width\" content=\"1024\" \/>\n\t<meta property=\"og:image:height\" content=\"768\" \/>\n\t<meta property=\"og:image:type\" content=\"image\/jpeg\" \/>\n<meta name=\"twitter:card\" content=\"summary_large_image\" \/>\n<script type=\"application\/ld+json\" class=\"yoast-schema-graph\">{\"@context\":\"https:\\\/\\\/schema.org\",\"@graph\":[{\"@type\":\"WebPage\",\"@id\":\"https:\\\/\\\/industrialrepairstore.com\\\/product\\\/acu-rite-38525202xx\\\/\",\"url\":\"https:\\\/\\\/industrialrepairstore.com\\\/product\\\/acu-rite-38525202xx\\\/\",\"name\":\"Acu Rite 38525202xx - ERD Industrial Repair Store\",\"isPartOf\":{\"@id\":\"https:\\\/\\\/industrialrepairstore.com\\\/#website\"},\"primaryImageOfPage\":{\"@id\":\"https:\\\/\\\/industrialrepairstore.com\\\/product\\\/acu-rite-38525202xx\\\/#primaryimage\"},\"image\":{\"@id\":\"https:\\\/\\\/industrialrepairstore.com\\\/product\\\/acu-rite-38525202xx\\\/#primaryimage\"},\"thumbnailUrl\":\"https:\\\/\\\/industrialrepairstore.com\\\/wp-content\\\/uploads\\\/2024\\\/01\\\/Acu_Rite_38525202xx.jpg\",\"datePublished\":\"2024-01-16T08:49:37+00:00\",\"dateModified\":\"2025-03-04T03:09:12+00:00\",\"description\":\"You can trust the expert electronic repair technicians at ERD Ltd. to repair your Acu Rite 38525202xx. Call 336-992-3611 for more information!\",\"breadcrumb\":{\"@id\":\"https:\\\/\\\/industrialrepairstore.com\\\/product\\\/acu-rite-38525202xx\\\/#breadcrumb\"},\"inLanguage\":\"es\",\"potentialAction\":[{\"@type\":\"ReadAction\",\"target\":[\"https:\\\/\\\/industrialrepairstore.com\\\/product\\\/acu-rite-38525202xx\\\/\"]}]},{\"@type\":\"ImageObject\",\"inLanguage\":\"es\",\"@id\":\"https:\\\/\\\/industrialrepairstore.com\\\/product\\\/acu-rite-38525202xx\\\/#primaryimage\",\"url\":\"https:\\\/\\\/industrialrepairstore.com\\\/wp-content\\\/uploads\\\/2024\\\/01\\\/Acu_Rite_38525202xx.jpg\",\"contentUrl\":\"https:\\\/\\\/industrialrepairstore.com\\\/wp-content\\\/uploads\\\/2024\\\/01\\\/Acu_Rite_38525202xx.jpg\",\"width\":1024,\"height\":768},{\"@type\":\"BreadcrumbList\",\"@id\":\"https:\\\/\\\/industrialrepairstore.com\\\/product\\\/acu-rite-38525202xx\\\/#breadcrumb\",\"itemListElement\":[{\"@type\":\"ListItem\",\"position\":1,\"name\":\"Home\",\"item\":\"https:\\\/\\\/industrialrepairstore.com\\\/\"},{\"@type\":\"ListItem\",\"position\":2,\"name\":\"Shop\",\"item\":\"https:\\\/\\\/industrialrepairstore.com\\\/shop\\\/\"},{\"@type\":\"ListItem\",\"position\":3,\"name\":\"Acu Rite 38525202xx\"}]},{\"@type\":\"WebSite\",\"@id\":\"https:\\\/\\\/industrialrepairstore.com\\\/#website\",\"url\":\"https:\\\/\\\/industrialrepairstore.com\\\/\",\"name\":\"ERD Industrial Repair Store\",\"description\":\"Reimagining the Future of Repair Through Innovation\",\"potentialAction\":[{\"@type\":\"SearchAction\",\"target\":{\"@type\":\"EntryPoint\",\"urlTemplate\":\"https:\\\/\\\/industrialrepairstore.com\\\/?s={search_term_string}\"},\"query-input\":{\"@type\":\"PropertyValueSpecification\",\"valueRequired\":true,\"valueName\":\"search_term_string\"}}],\"inLanguage\":\"es\"}]}<\/script>\n<!-- \/ Yoast SEO Premium plugin. -->","yoast_head_json":{"title":"Acu Rite 38525202xx - ERD Industrial Repair Store","description":"You can trust the expert electronic repair technicians at ERD Ltd. to repair your Acu Rite 38525202xx. Call 336-992-3611 for more information!","robots":{"index":"index","follow":"follow","max-snippet":"max-snippet:-1","max-image-preview":"max-image-preview:large","max-video-preview":"max-video-preview:-1"},"canonical":"https:\/\/industrialrepairstore.com\/es\/producto\/acu-rite-38525202xx\/","og_locale":"es_MX","og_type":"article","og_title":"Acu Rite 38525202xx","og_description":"You can trust the expert electronic repair technicians at ERD Ltd. to repair your Acu Rite 38525202xx. Call 336-992-3611 for more information!","og_url":"https:\/\/industrialrepairstore.com\/es\/producto\/acu-rite-38525202xx\/","og_site_name":"ERD Industrial Repair Store","article_modified_time":"2025-03-04T03:09:12+00:00","og_image":[{"width":1024,"height":768,"url":"https:\/\/industrialrepairstore.com\/wp-content\/uploads\/2024\/01\/Acu_Rite_38525202xx.jpg","type":"image\/jpeg"}],"twitter_card":"summary_large_image","schema":{"@context":"https:\/\/schema.org","@graph":[{"@type":"WebPage","@id":"https:\/\/industrialrepairstore.com\/product\/acu-rite-38525202xx\/","url":"https:\/\/industrialrepairstore.com\/product\/acu-rite-38525202xx\/","name":"Acu Rite 38525202xx - ERD Industrial Repair Store","isPartOf":{"@id":"https:\/\/industrialrepairstore.com\/#website"},"primaryImageOfPage":{"@id":"https:\/\/industrialrepairstore.com\/product\/acu-rite-38525202xx\/#primaryimage"},"image":{"@id":"https:\/\/industrialrepairstore.com\/product\/acu-rite-38525202xx\/#primaryimage"},"thumbnailUrl":"https:\/\/industrialrepairstore.com\/wp-content\/uploads\/2024\/01\/Acu_Rite_38525202xx.jpg","datePublished":"2024-01-16T08:49:37+00:00","dateModified":"2025-03-04T03:09:12+00:00","description":"You can trust the expert electronic repair technicians at ERD Ltd. to repair your Acu Rite 38525202xx. Call 336-992-3611 for more information!","breadcrumb":{"@id":"https:\/\/industrialrepairstore.com\/product\/acu-rite-38525202xx\/#breadcrumb"},"inLanguage":"es","potentialAction":[{"@type":"ReadAction","target":["https:\/\/industrialrepairstore.com\/product\/acu-rite-38525202xx\/"]}]},{"@type":"ImageObject","inLanguage":"es","@id":"https:\/\/industrialrepairstore.com\/product\/acu-rite-38525202xx\/#primaryimage","url":"https:\/\/industrialrepairstore.com\/wp-content\/uploads\/2024\/01\/Acu_Rite_38525202xx.jpg","contentUrl":"https:\/\/industrialrepairstore.com\/wp-content\/uploads\/2024\/01\/Acu_Rite_38525202xx.jpg","width":1024,"height":768},{"@type":"BreadcrumbList","@id":"https:\/\/industrialrepairstore.com\/product\/acu-rite-38525202xx\/#breadcrumb","itemListElement":[{"@type":"ListItem","position":1,"name":"Home","item":"https:\/\/industrialrepairstore.com\/"},{"@type":"ListItem","position":2,"name":"Shop","item":"https:\/\/industrialrepairstore.com\/shop\/"},{"@type":"ListItem","position":3,"name":"Acu Rite 38525202xx"}]},{"@type":"WebSite","@id":"https:\/\/industrialrepairstore.com\/#website","url":"https:\/\/industrialrepairstore.com\/","name":"ERD Industrial Repair Store","description":"Reimagining the Future of Repair Through Innovation","potentialAction":[{"@type":"SearchAction","target":{"@type":"EntryPoint","urlTemplate":"https:\/\/industrialrepairstore.com\/?s={search_term_string}"},"query-input":{"@type":"PropertyValueSpecification","valueRequired":true,"valueName":"search_term_string"}}],"inLanguage":"es"}]}},"_links":{"self":[{"href":"https:\/\/industrialrepairstore.com\/es\/wp-json\/wp\/v2\/product\/21893","targetHints":{"allow":["GET"]}}],"collection":[{"href":"https:\/\/industrialrepairstore.com\/es\/wp-json\/wp\/v2\/product"}],"about":[{"href":"https:\/\/industrialrepairstore.com\/es\/wp-json\/wp\/v2\/types\/product"}],"wp:featuredmedia":[{"embeddable":true,"href":"https:\/\/industrialrepairstore.com\/es\/wp-json\/wp\/v2\/media\/48021"}],"wp:attachment":[{"href":"https:\/\/industrialrepairstore.com\/es\/wp-json\/wp\/v2\/media?parent=21893"}],"wp:term":[{"taxonomy":"product_brand","embeddable":true,"href":"https:\/\/industrialrepairstore.com\/es\/wp-json\/wp\/v2\/product_brand?post=21893"},{"taxonomy":"product_cat","embeddable":true,"href":"https:\/\/industrialrepairstore.com\/es\/wp-json\/wp\/v2\/product_cat?post=21893"},{"taxonomy":"product_tag","embeddable":true,"href":"https:\/\/industrialrepairstore.com\/es\/wp-json\/wp\/v2\/product_tag?post=21893"}],"curies":[{"name":"wp","href":"https:\/\/api.w.org\/{rel}","templated":true}]}}