{"id":25247,"date":"2024-01-21T14:47:34","date_gmt":"2024-01-21T20:47:34","guid":{"rendered":"https:\/\/dev.industrialrepairstore.com\/product\/zellweger-bp265683-00000a\/"},"modified":"2025-03-07T08:41:05","modified_gmt":"2025-03-07T14:41:05","slug":"zellweger-bp265683-00000a","status":"publish","type":"product","link":"https:\/\/industrialrepairstore.com\/es\/producto\/zellweger-bp265683-00000a\/","title":{"rendered":"Zellweger bp265683-00000a"},"content":{"rendered":"<p>If you would like to have ERD repair your Zellweger bp265683-00000a, ship your unit to us at 705 Indeneer Drive, Kernersville, NC 27284. You will receive a firm quote for your approval the day we receive the unit. If you need to speak with us, please call 1.336.992.3611.<\/p>\n<p>Si sus necesidades de reparaci\u00f3n no se encuentran en nuestro extenso cat\u00e1logo de reparaciones, p\u00f3ngase en contacto con nosotros porque diariamente se a\u00f1aden nuevos art\u00edculos de reparaci\u00f3n. ERD tiene una larga tradici\u00f3n mundial en la reparaci\u00f3n de los componentes electr\u00f3nicos m\u00e1s complicados y estamos deseando trabajar con usted.<\/p>","protected":false},"excerpt":{"rendered":"<p>This is the specific repair catalog page for Zellweger bp265683-00000a, repaired by the expert repair technicians of ERD Ltd.<\/p>","protected":false},"featured_media":49349,"template":"","meta":{"_acf_changed":false,"_et_pb_use_builder":"","_et_pb_old_content":"","_et_gb_content_width":""},"product_brand":[],"product_cat":[22],"product_tag":[],"class_list":{"0":"post-25247","1":"product","2":"type-product","3":"status-publish","4":"has-post-thumbnail","6":"product_cat-uncategorized","8":"first","9":"instock","10":"purchasable","11":"product-type-simple"},"acf":[],"yoast_head":"<!-- This site is optimized with the Yoast SEO Premium plugin v27.3 (Yoast SEO v27.3) - https:\/\/yoast.com\/product\/yoast-seo-premium-wordpress\/ -->\n<title>Zellweger bp265683-00000a - ERD Industrial Repair Store<\/title>\n<meta name=\"description\" content=\"You can trust the expert electronic repair technicians at ERD Ltd. to repair your Zellweger bp265683-00000a. Call 336-992-3611 for more information!\" \/>\n<meta name=\"robots\" content=\"index, follow, max-snippet:-1, max-image-preview:large, max-video-preview:-1\" \/>\n<link rel=\"canonical\" href=\"https:\/\/industrialrepairstore.com\/es\/producto\/zellweger-bp265683-00000a\/\" \/>\n<meta property=\"og:locale\" content=\"es_MX\" \/>\n<meta property=\"og:type\" content=\"article\" \/>\n<meta property=\"og:title\" content=\"Zellweger bp265683-00000a\" \/>\n<meta property=\"og:description\" content=\"You can trust the expert electronic repair technicians at ERD Ltd. to repair your Zellweger bp265683-00000a. Call 336-992-3611 for more information!\" \/>\n<meta property=\"og:url\" content=\"https:\/\/industrialrepairstore.com\/es\/producto\/zellweger-bp265683-00000a\/\" \/>\n<meta property=\"og:site_name\" content=\"ERD Industrial Repair Store\" \/>\n<meta property=\"article:modified_time\" content=\"2025-03-07T14:41:05+00:00\" \/>\n<meta property=\"og:image\" content=\"https:\/\/industrialrepairstore.com\/wp-content\/uploads\/2024\/01\/ERD_Warranty_Image-1.jpg\" \/>\n\t<meta property=\"og:image:width\" content=\"276\" \/>\n\t<meta property=\"og:image:height\" content=\"272\" \/>\n\t<meta property=\"og:image:type\" content=\"image\/jpeg\" \/>\n<meta name=\"twitter:card\" content=\"summary_large_image\" \/>\n<script type=\"application\/ld+json\" class=\"yoast-schema-graph\">{\"@context\":\"https:\\\/\\\/schema.org\",\"@graph\":[{\"@type\":\"WebPage\",\"@id\":\"https:\\\/\\\/industrialrepairstore.com\\\/product\\\/zellweger-bp265683-00000a\\\/\",\"url\":\"https:\\\/\\\/industrialrepairstore.com\\\/product\\\/zellweger-bp265683-00000a\\\/\",\"name\":\"Zellweger bp265683-00000a - ERD Industrial Repair Store\",\"isPartOf\":{\"@id\":\"https:\\\/\\\/industrialrepairstore.com\\\/#website\"},\"primaryImageOfPage\":{\"@id\":\"https:\\\/\\\/industrialrepairstore.com\\\/product\\\/zellweger-bp265683-00000a\\\/#primaryimage\"},\"image\":{\"@id\":\"https:\\\/\\\/industrialrepairstore.com\\\/product\\\/zellweger-bp265683-00000a\\\/#primaryimage\"},\"thumbnailUrl\":\"https:\\\/\\\/industrialrepairstore.com\\\/wp-content\\\/uploads\\\/2018\\\/05\\\/New-ERD-WARRANTY.4.png\",\"datePublished\":\"2024-01-21T20:47:34+00:00\",\"dateModified\":\"2025-03-07T14:41:05+00:00\",\"description\":\"You can trust the expert electronic repair technicians at ERD Ltd. to repair your Zellweger bp265683-00000a. Call 336-992-3611 for more information!\",\"breadcrumb\":{\"@id\":\"https:\\\/\\\/industrialrepairstore.com\\\/product\\\/zellweger-bp265683-00000a\\\/#breadcrumb\"},\"inLanguage\":\"es\",\"potentialAction\":[{\"@type\":\"ReadAction\",\"target\":[\"https:\\\/\\\/industrialrepairstore.com\\\/product\\\/zellweger-bp265683-00000a\\\/\"]}]},{\"@type\":\"ImageObject\",\"inLanguage\":\"es\",\"@id\":\"https:\\\/\\\/industrialrepairstore.com\\\/product\\\/zellweger-bp265683-00000a\\\/#primaryimage\",\"url\":\"https:\\\/\\\/industrialrepairstore.com\\\/wp-content\\\/uploads\\\/2018\\\/05\\\/New-ERD-WARRANTY.4.png\",\"contentUrl\":\"https:\\\/\\\/industrialrepairstore.com\\\/wp-content\\\/uploads\\\/2018\\\/05\\\/New-ERD-WARRANTY.4.png\",\"width\":315,\"height\":315,\"caption\":\"Comdel, Inc CPS-1001S RF Generator\"},{\"@type\":\"BreadcrumbList\",\"@id\":\"https:\\\/\\\/industrialrepairstore.com\\\/product\\\/zellweger-bp265683-00000a\\\/#breadcrumb\",\"itemListElement\":[{\"@type\":\"ListItem\",\"position\":1,\"name\":\"Home\",\"item\":\"https:\\\/\\\/industrialrepairstore.com\\\/\"},{\"@type\":\"ListItem\",\"position\":2,\"name\":\"Shop\",\"item\":\"https:\\\/\\\/industrialrepairstore.com\\\/shop\\\/\"},{\"@type\":\"ListItem\",\"position\":3,\"name\":\"Zellweger bp265683-00000a\"}]},{\"@type\":\"WebSite\",\"@id\":\"https:\\\/\\\/industrialrepairstore.com\\\/#website\",\"url\":\"https:\\\/\\\/industrialrepairstore.com\\\/\",\"name\":\"ERD Industrial Repair Store\",\"description\":\"Reimagining the Future of Repair Through Innovation\",\"potentialAction\":[{\"@type\":\"SearchAction\",\"target\":{\"@type\":\"EntryPoint\",\"urlTemplate\":\"https:\\\/\\\/industrialrepairstore.com\\\/?s={search_term_string}\"},\"query-input\":{\"@type\":\"PropertyValueSpecification\",\"valueRequired\":true,\"valueName\":\"search_term_string\"}}],\"inLanguage\":\"es\"}]}<\/script>\n<!-- \/ Yoast SEO Premium plugin. -->","yoast_head_json":{"title":"Zellweger bp265683-00000a - ERD Industrial Repair Store","description":"You can trust the expert electronic repair technicians at ERD Ltd. to repair your Zellweger bp265683-00000a. Call 336-992-3611 for more information!","robots":{"index":"index","follow":"follow","max-snippet":"max-snippet:-1","max-image-preview":"max-image-preview:large","max-video-preview":"max-video-preview:-1"},"canonical":"https:\/\/industrialrepairstore.com\/es\/producto\/zellweger-bp265683-00000a\/","og_locale":"es_MX","og_type":"article","og_title":"Zellweger bp265683-00000a","og_description":"You can trust the expert electronic repair technicians at ERD Ltd. to repair your Zellweger bp265683-00000a. Call 336-992-3611 for more information!","og_url":"https:\/\/industrialrepairstore.com\/es\/producto\/zellweger-bp265683-00000a\/","og_site_name":"ERD Industrial Repair Store","article_modified_time":"2025-03-07T14:41:05+00:00","og_image":[{"width":276,"height":272,"url":"https:\/\/industrialrepairstore.com\/wp-content\/uploads\/2024\/01\/ERD_Warranty_Image-1.jpg","type":"image\/jpeg"}],"twitter_card":"summary_large_image","schema":{"@context":"https:\/\/schema.org","@graph":[{"@type":"WebPage","@id":"https:\/\/industrialrepairstore.com\/product\/zellweger-bp265683-00000a\/","url":"https:\/\/industrialrepairstore.com\/product\/zellweger-bp265683-00000a\/","name":"Zellweger bp265683-00000a - ERD Industrial Repair Store","isPartOf":{"@id":"https:\/\/industrialrepairstore.com\/#website"},"primaryImageOfPage":{"@id":"https:\/\/industrialrepairstore.com\/product\/zellweger-bp265683-00000a\/#primaryimage"},"image":{"@id":"https:\/\/industrialrepairstore.com\/product\/zellweger-bp265683-00000a\/#primaryimage"},"thumbnailUrl":"https:\/\/industrialrepairstore.com\/wp-content\/uploads\/2018\/05\/New-ERD-WARRANTY.4.png","datePublished":"2024-01-21T20:47:34+00:00","dateModified":"2025-03-07T14:41:05+00:00","description":"You can trust the expert electronic repair technicians at ERD Ltd. to repair your Zellweger bp265683-00000a. Call 336-992-3611 for more information!","breadcrumb":{"@id":"https:\/\/industrialrepairstore.com\/product\/zellweger-bp265683-00000a\/#breadcrumb"},"inLanguage":"es","potentialAction":[{"@type":"ReadAction","target":["https:\/\/industrialrepairstore.com\/product\/zellweger-bp265683-00000a\/"]}]},{"@type":"ImageObject","inLanguage":"es","@id":"https:\/\/industrialrepairstore.com\/product\/zellweger-bp265683-00000a\/#primaryimage","url":"https:\/\/industrialrepairstore.com\/wp-content\/uploads\/2018\/05\/New-ERD-WARRANTY.4.png","contentUrl":"https:\/\/industrialrepairstore.com\/wp-content\/uploads\/2018\/05\/New-ERD-WARRANTY.4.png","width":315,"height":315,"caption":"Comdel, Inc CPS-1001S RF Generator"},{"@type":"BreadcrumbList","@id":"https:\/\/industrialrepairstore.com\/product\/zellweger-bp265683-00000a\/#breadcrumb","itemListElement":[{"@type":"ListItem","position":1,"name":"Home","item":"https:\/\/industrialrepairstore.com\/"},{"@type":"ListItem","position":2,"name":"Shop","item":"https:\/\/industrialrepairstore.com\/shop\/"},{"@type":"ListItem","position":3,"name":"Zellweger bp265683-00000a"}]},{"@type":"WebSite","@id":"https:\/\/industrialrepairstore.com\/#website","url":"https:\/\/industrialrepairstore.com\/","name":"ERD Industrial Repair Store","description":"Reimagining the Future of Repair Through Innovation","potentialAction":[{"@type":"SearchAction","target":{"@type":"EntryPoint","urlTemplate":"https:\/\/industrialrepairstore.com\/?s={search_term_string}"},"query-input":{"@type":"PropertyValueSpecification","valueRequired":true,"valueName":"search_term_string"}}],"inLanguage":"es"}]}},"_links":{"self":[{"href":"https:\/\/industrialrepairstore.com\/es\/wp-json\/wp\/v2\/product\/25247","targetHints":{"allow":["GET"]}}],"collection":[{"href":"https:\/\/industrialrepairstore.com\/es\/wp-json\/wp\/v2\/product"}],"about":[{"href":"https:\/\/industrialrepairstore.com\/es\/wp-json\/wp\/v2\/types\/product"}],"wp:featuredmedia":[{"embeddable":true,"href":"https:\/\/industrialrepairstore.com\/es\/wp-json\/wp\/v2\/media\/49349"}],"wp:attachment":[{"href":"https:\/\/industrialrepairstore.com\/es\/wp-json\/wp\/v2\/media?parent=25247"}],"wp:term":[{"taxonomy":"product_brand","embeddable":true,"href":"https:\/\/industrialrepairstore.com\/es\/wp-json\/wp\/v2\/product_brand?post=25247"},{"taxonomy":"product_cat","embeddable":true,"href":"https:\/\/industrialrepairstore.com\/es\/wp-json\/wp\/v2\/product_cat?post=25247"},{"taxonomy":"product_tag","embeddable":true,"href":"https:\/\/industrialrepairstore.com\/es\/wp-json\/wp\/v2\/product_tag?post=25247"}],"curies":[{"name":"wp","href":"https:\/\/api.w.org\/{rel}","templated":true}]}}