{"id":25760,"date":"2018-05-15T17:11:13","date_gmt":"2018-05-15T22:11:13","guid":{"rendered":"https:\/\/dev.industrialrepairstore.com\/product\/yaskawa-cacr-03-ds3bui\/"},"modified":"2025-09-08T05:06:54","modified_gmt":"2025-09-08T10:06:54","slug":"yaskawa-cacr-03-ds3bui","status":"publish","type":"product","link":"https:\/\/industrialrepairstore.com\/es\/producto\/yaskawa-cacr-03-ds3bui\/","title":{"rendered":"Yaskawa cacr-03-ds3bui"},"content":{"rendered":"<p>Si desea que ERD repare su Yaskawa cacr-03-ds3bui, env\u00edenos su unidad a 705 Indeneer Drive, Kernersville, NC 27284. Usted recibir\u00e1 una cotizaci\u00f3n en firme para su aprobaci\u00f3n el d\u00eda que recibamos la unidad. Si necesita hablar con nosotros, llame al 1.336.992.3611.<\/p>\n<p>Si sus necesidades de reparaci\u00f3n no se encuentran en nuestro extenso cat\u00e1logo de reparaciones, p\u00f3ngase en contacto con nosotros porque diariamente se a\u00f1aden nuevos art\u00edculos de reparaci\u00f3n. ERD tiene una larga tradici\u00f3n mundial en la reparaci\u00f3n de los componentes electr\u00f3nicos m\u00e1s complicados y estamos deseando trabajar con usted.<\/p>","protected":false},"excerpt":{"rendered":"<p>Esta es la p\u00e1gina del cat\u00e1logo de reparaci\u00f3n espec\u00edfico para Yaskawa cacr-03-ds3bui, reparado por los t\u00e9cnicos de reparaci\u00f3n expertos de ERD Ltd..<\/p>","protected":false},"featured_media":53412,"template":"","meta":{"_acf_changed":false,"_et_pb_use_builder":"","_et_pb_old_content":"","_et_gb_content_width":""},"product_brand":[],"product_cat":[78],"product_tag":[66,65,107],"class_list":{"0":"post-25760","1":"product","2":"type-product","3":"status-publish","4":"has-post-thumbnail","6":"product_cat-industrial","7":"product_tag-erd","8":"product_tag-repair","9":"product_tag-yaskawa","11":"first","12":"instock","13":"purchasable","14":"product-type-simple"},"acf":[],"yoast_head":"<!-- This site is optimized with the Yoast SEO Premium plugin v27.3 (Yoast SEO v27.3) - https:\/\/yoast.com\/product\/yoast-seo-premium-wordpress\/ -->\n<title>Yaskawa cacr-03-ds3bui - ERD Industrial Repair Store<\/title>\n<meta name=\"description\" content=\"Receive a firm quote for your Yaskawa cacr-03-ds3bui repair upon shipment to our Kernersville location. Contact us at 336-992-3611 for assistance today!\" \/>\n<meta name=\"robots\" content=\"index, follow, max-snippet:-1, max-image-preview:large, max-video-preview:-1\" \/>\n<link rel=\"canonical\" href=\"https:\/\/industrialrepairstore.com\/es\/producto\/yaskawa-cacr-03-ds3bui\/\" \/>\n<meta property=\"og:locale\" content=\"es_MX\" \/>\n<meta property=\"og:type\" content=\"article\" \/>\n<meta property=\"og:title\" content=\"Yaskawa cacr-03-ds3bui\" \/>\n<meta property=\"og:description\" content=\"Receive a firm quote for your Yaskawa cacr-03-ds3bui repair upon shipment to our Kernersville location. Contact us at 336-992-3611 for assistance today!\" \/>\n<meta property=\"og:url\" content=\"https:\/\/industrialrepairstore.com\/es\/producto\/yaskawa-cacr-03-ds3bui\/\" \/>\n<meta property=\"og:site_name\" content=\"ERD Industrial Repair Store\" \/>\n<meta property=\"article:modified_time\" content=\"2025-09-08T10:06:54+00:00\" \/>\n<meta property=\"og:image\" content=\"https:\/\/industrialrepairstore.com\/wp-content\/uploads\/2018\/05\/web_082825008_yaskawa_cacr_03_ds3bui_SG3R2WqY.jpg\" \/>\n\t<meta property=\"og:image:width\" content=\"1920\" \/>\n\t<meta property=\"og:image:height\" content=\"2560\" \/>\n\t<meta property=\"og:image:type\" content=\"image\/jpeg\" \/>\n<meta name=\"twitter:card\" content=\"summary_large_image\" \/>\n<meta name=\"twitter:label1\" content=\"Tiempo de lectura\" \/>\n\t<meta name=\"twitter:data1\" content=\"1 minuto\" \/>\n<script type=\"application\/ld+json\" class=\"yoast-schema-graph\">{\"@context\":\"https:\\\/\\\/schema.org\",\"@graph\":[{\"@type\":\"WebPage\",\"@id\":\"https:\\\/\\\/industrialrepairstore.com\\\/product\\\/yaskawa-cacr-03-ds3bui\\\/\",\"url\":\"https:\\\/\\\/industrialrepairstore.com\\\/product\\\/yaskawa-cacr-03-ds3bui\\\/\",\"name\":\"Yaskawa cacr-03-ds3bui - ERD Industrial Repair Store\",\"isPartOf\":{\"@id\":\"https:\\\/\\\/industrialrepairstore.com\\\/#website\"},\"primaryImageOfPage\":{\"@id\":\"https:\\\/\\\/industrialrepairstore.com\\\/product\\\/yaskawa-cacr-03-ds3bui\\\/#primaryimage\"},\"image\":{\"@id\":\"https:\\\/\\\/industrialrepairstore.com\\\/product\\\/yaskawa-cacr-03-ds3bui\\\/#primaryimage\"},\"thumbnailUrl\":\"https:\\\/\\\/industrialrepairstore.com\\\/wp-content\\\/uploads\\\/2018\\\/05\\\/web_082825008_yaskawa_cacr_03_ds3bui_SG3R2WqY.jpg\",\"datePublished\":\"2018-05-15T22:11:13+00:00\",\"dateModified\":\"2025-09-08T10:06:54+00:00\",\"description\":\"Receive a firm quote for your Yaskawa cacr-03-ds3bui repair upon shipment to our Kernersville location. Contact us at 336-992-3611 for assistance today!\",\"breadcrumb\":{\"@id\":\"https:\\\/\\\/industrialrepairstore.com\\\/product\\\/yaskawa-cacr-03-ds3bui\\\/#breadcrumb\"},\"inLanguage\":\"es\",\"potentialAction\":[{\"@type\":\"ReadAction\",\"target\":[\"https:\\\/\\\/industrialrepairstore.com\\\/product\\\/yaskawa-cacr-03-ds3bui\\\/\"]}]},{\"@type\":\"ImageObject\",\"inLanguage\":\"es\",\"@id\":\"https:\\\/\\\/industrialrepairstore.com\\\/product\\\/yaskawa-cacr-03-ds3bui\\\/#primaryimage\",\"url\":\"https:\\\/\\\/industrialrepairstore.com\\\/wp-content\\\/uploads\\\/2018\\\/05\\\/web_082825008_yaskawa_cacr_03_ds3bui_SG3R2WqY.jpg\",\"contentUrl\":\"https:\\\/\\\/industrialrepairstore.com\\\/wp-content\\\/uploads\\\/2018\\\/05\\\/web_082825008_yaskawa_cacr_03_ds3bui_SG3R2WqY.jpg\",\"width\":1920,\"height\":2560,\"caption\":\"Yaskawa cacr-03-ds3bui\"},{\"@type\":\"BreadcrumbList\",\"@id\":\"https:\\\/\\\/industrialrepairstore.com\\\/product\\\/yaskawa-cacr-03-ds3bui\\\/#breadcrumb\",\"itemListElement\":[{\"@type\":\"ListItem\",\"position\":1,\"name\":\"Home\",\"item\":\"https:\\\/\\\/industrialrepairstore.com\\\/\"},{\"@type\":\"ListItem\",\"position\":2,\"name\":\"Shop\",\"item\":\"https:\\\/\\\/industrialrepairstore.com\\\/shop\\\/\"},{\"@type\":\"ListItem\",\"position\":3,\"name\":\"Yaskawa cacr-03-ds3bui\"}]},{\"@type\":\"WebSite\",\"@id\":\"https:\\\/\\\/industrialrepairstore.com\\\/#website\",\"url\":\"https:\\\/\\\/industrialrepairstore.com\\\/\",\"name\":\"ERD Industrial Repair Store\",\"description\":\"Reimagining the Future of Repair Through Innovation\",\"potentialAction\":[{\"@type\":\"SearchAction\",\"target\":{\"@type\":\"EntryPoint\",\"urlTemplate\":\"https:\\\/\\\/industrialrepairstore.com\\\/?s={search_term_string}\"},\"query-input\":{\"@type\":\"PropertyValueSpecification\",\"valueRequired\":true,\"valueName\":\"search_term_string\"}}],\"inLanguage\":\"es\"}]}<\/script>\n<!-- \/ Yoast SEO Premium plugin. -->","yoast_head_json":{"title":"Yaskawa cacr-03-ds3bui - ERD Industrial Repair Store","description":"Receive a firm quote for your Yaskawa cacr-03-ds3bui repair upon shipment to our Kernersville location. Contact us at 336-992-3611 for assistance today!","robots":{"index":"index","follow":"follow","max-snippet":"max-snippet:-1","max-image-preview":"max-image-preview:large","max-video-preview":"max-video-preview:-1"},"canonical":"https:\/\/industrialrepairstore.com\/es\/producto\/yaskawa-cacr-03-ds3bui\/","og_locale":"es_MX","og_type":"article","og_title":"Yaskawa cacr-03-ds3bui","og_description":"Receive a firm quote for your Yaskawa cacr-03-ds3bui repair upon shipment to our Kernersville location. Contact us at 336-992-3611 for assistance today!","og_url":"https:\/\/industrialrepairstore.com\/es\/producto\/yaskawa-cacr-03-ds3bui\/","og_site_name":"ERD Industrial Repair Store","article_modified_time":"2025-09-08T10:06:54+00:00","og_image":[{"width":1920,"height":2560,"url":"https:\/\/industrialrepairstore.com\/wp-content\/uploads\/2018\/05\/web_082825008_yaskawa_cacr_03_ds3bui_SG3R2WqY.jpg","type":"image\/jpeg"}],"twitter_card":"summary_large_image","twitter_misc":{"Tiempo de lectura":"1 minuto"},"schema":{"@context":"https:\/\/schema.org","@graph":[{"@type":"WebPage","@id":"https:\/\/industrialrepairstore.com\/product\/yaskawa-cacr-03-ds3bui\/","url":"https:\/\/industrialrepairstore.com\/product\/yaskawa-cacr-03-ds3bui\/","name":"Yaskawa cacr-03-ds3bui - ERD Industrial Repair Store","isPartOf":{"@id":"https:\/\/industrialrepairstore.com\/#website"},"primaryImageOfPage":{"@id":"https:\/\/industrialrepairstore.com\/product\/yaskawa-cacr-03-ds3bui\/#primaryimage"},"image":{"@id":"https:\/\/industrialrepairstore.com\/product\/yaskawa-cacr-03-ds3bui\/#primaryimage"},"thumbnailUrl":"https:\/\/industrialrepairstore.com\/wp-content\/uploads\/2018\/05\/web_082825008_yaskawa_cacr_03_ds3bui_SG3R2WqY.jpg","datePublished":"2018-05-15T22:11:13+00:00","dateModified":"2025-09-08T10:06:54+00:00","description":"Receive a firm quote for your Yaskawa cacr-03-ds3bui repair upon shipment to our Kernersville location. Contact us at 336-992-3611 for assistance today!","breadcrumb":{"@id":"https:\/\/industrialrepairstore.com\/product\/yaskawa-cacr-03-ds3bui\/#breadcrumb"},"inLanguage":"es","potentialAction":[{"@type":"ReadAction","target":["https:\/\/industrialrepairstore.com\/product\/yaskawa-cacr-03-ds3bui\/"]}]},{"@type":"ImageObject","inLanguage":"es","@id":"https:\/\/industrialrepairstore.com\/product\/yaskawa-cacr-03-ds3bui\/#primaryimage","url":"https:\/\/industrialrepairstore.com\/wp-content\/uploads\/2018\/05\/web_082825008_yaskawa_cacr_03_ds3bui_SG3R2WqY.jpg","contentUrl":"https:\/\/industrialrepairstore.com\/wp-content\/uploads\/2018\/05\/web_082825008_yaskawa_cacr_03_ds3bui_SG3R2WqY.jpg","width":1920,"height":2560,"caption":"Yaskawa cacr-03-ds3bui"},{"@type":"BreadcrumbList","@id":"https:\/\/industrialrepairstore.com\/product\/yaskawa-cacr-03-ds3bui\/#breadcrumb","itemListElement":[{"@type":"ListItem","position":1,"name":"Home","item":"https:\/\/industrialrepairstore.com\/"},{"@type":"ListItem","position":2,"name":"Shop","item":"https:\/\/industrialrepairstore.com\/shop\/"},{"@type":"ListItem","position":3,"name":"Yaskawa cacr-03-ds3bui"}]},{"@type":"WebSite","@id":"https:\/\/industrialrepairstore.com\/#website","url":"https:\/\/industrialrepairstore.com\/","name":"ERD Industrial Repair Store","description":"Reimagining the Future of Repair Through Innovation","potentialAction":[{"@type":"SearchAction","target":{"@type":"EntryPoint","urlTemplate":"https:\/\/industrialrepairstore.com\/?s={search_term_string}"},"query-input":{"@type":"PropertyValueSpecification","valueRequired":true,"valueName":"search_term_string"}}],"inLanguage":"es"}]}},"_links":{"self":[{"href":"https:\/\/industrialrepairstore.com\/es\/wp-json\/wp\/v2\/product\/25760","targetHints":{"allow":["GET"]}}],"collection":[{"href":"https:\/\/industrialrepairstore.com\/es\/wp-json\/wp\/v2\/product"}],"about":[{"href":"https:\/\/industrialrepairstore.com\/es\/wp-json\/wp\/v2\/types\/product"}],"wp:featuredmedia":[{"embeddable":true,"href":"https:\/\/industrialrepairstore.com\/es\/wp-json\/wp\/v2\/media\/53412"}],"wp:attachment":[{"href":"https:\/\/industrialrepairstore.com\/es\/wp-json\/wp\/v2\/media?parent=25760"}],"wp:term":[{"taxonomy":"product_brand","embeddable":true,"href":"https:\/\/industrialrepairstore.com\/es\/wp-json\/wp\/v2\/product_brand?post=25760"},{"taxonomy":"product_cat","embeddable":true,"href":"https:\/\/industrialrepairstore.com\/es\/wp-json\/wp\/v2\/product_cat?post=25760"},{"taxonomy":"product_tag","embeddable":true,"href":"https:\/\/industrialrepairstore.com\/es\/wp-json\/wp\/v2\/product_tag?post=25760"}],"curies":[{"name":"wp","href":"https:\/\/api.w.org\/{rel}","templated":true}]}}