{"id":41426,"date":"2018-05-15T19:21:11","date_gmt":"2018-05-16T00:21:11","guid":{"rendered":"https:\/\/dev.industrialrepairstore.com\/product\/national-controls-dnc-t2010-a10\/"},"modified":"2025-03-05T18:58:49","modified_gmt":"2025-03-06T00:58:49","slug":"national-controls-dnc-t2010-a10","status":"publish","type":"product","link":"https:\/\/industrialrepairstore.com\/es\/producto\/national-controls-dnc-t2010-a10\/","title":{"rendered":"National Controls dnc-t2010-a10"},"content":{"rendered":"<p>Si desea que ERD repare su National Controls dnc-t2010-a10, env\u00edenos su unidad a 705 Indeneer Drive, Kernersville, NC 27284. Recibir\u00e1 un presupuesto en firme para su aprobaci\u00f3n el d\u00eda que recibamos la unidad. Si necesita hablar con nosotros, llame al 1.336.992.3611.<\/p>\n<p>Si sus necesidades de reparaci\u00f3n no se encuentran en nuestro extenso cat\u00e1logo de reparaciones, p\u00f3ngase en contacto con nosotros porque diariamente se a\u00f1aden nuevos art\u00edculos de reparaci\u00f3n. ERD tiene una larga tradici\u00f3n mundial en la reparaci\u00f3n de los componentes electr\u00f3nicos m\u00e1s complicados y estamos deseando trabajar con usted.<\/p>","protected":false},"excerpt":{"rendered":"<p>Esta es la p\u00e1gina del cat\u00e1logo de reparaci\u00f3n espec\u00edfico para National Controls dnc-t2010-a10 reparado por los t\u00e9cnicos de reparaci\u00f3n expertos de ERD Ltd..<\/p>","protected":false},"featured_media":41427,"template":"","meta":{"_acf_changed":false,"_et_pb_use_builder":"","_et_pb_old_content":"","_et_gb_content_width":""},"product_brand":[],"product_cat":[78],"product_tag":[66,547,65],"class_list":{"0":"post-41426","1":"product","2":"type-product","3":"status-publish","4":"has-post-thumbnail","6":"product_cat-industrial","7":"product_tag-erd","8":"product_tag-national-controls","9":"product_tag-repair","11":"first","12":"instock","13":"purchasable","14":"product-type-simple"},"acf":[],"yoast_head":"<!-- This site is optimized with the Yoast SEO Premium plugin v27.3 (Yoast SEO v27.5) - https:\/\/yoast.com\/product\/yoast-seo-premium-wordpress\/ -->\n<title>National Controls dnc-t2010-a10 - ERD Industrial Repair Store<\/title>\n<meta name=\"description\" content=\"This is the specific repair catalog page for National Controls dnc-t2010-a10, repaired by the expert repair technicians of ERD Ltd.\" \/>\n<meta name=\"robots\" content=\"index, follow, max-snippet:-1, max-image-preview:large, max-video-preview:-1\" \/>\n<link rel=\"canonical\" href=\"https:\/\/industrialrepairstore.com\/es\/producto\/national-controls-dnc-t2010-a10\/\" \/>\n<meta property=\"og:locale\" content=\"es_MX\" \/>\n<meta property=\"og:type\" content=\"article\" \/>\n<meta property=\"og:title\" content=\"National Controls dnc-t2010-a10\" \/>\n<meta property=\"og:description\" content=\"This is the specific repair catalog page for National Controls dnc-t2010-a10, repaired by the expert repair technicians of ERD Ltd.\" \/>\n<meta property=\"og:url\" content=\"https:\/\/industrialrepairstore.com\/es\/producto\/national-controls-dnc-t2010-a10\/\" \/>\n<meta property=\"og:site_name\" content=\"ERD Industrial Repair Store\" \/>\n<meta property=\"article:modified_time\" content=\"2025-03-06T00:58:49+00:00\" \/>\n<meta property=\"og:image\" content=\"https:\/\/industrialrepairstore.com\/wp-content\/uploads\/2023\/09\/National_Controls_dnc-t2010-a10.jpg\" \/>\n\t<meta property=\"og:image:width\" content=\"1024\" \/>\n\t<meta property=\"og:image:height\" content=\"768\" \/>\n\t<meta property=\"og:image:type\" content=\"image\/jpeg\" \/>\n<meta name=\"twitter:card\" content=\"summary_large_image\" \/>\n<script type=\"application\/ld+json\" class=\"yoast-schema-graph\">{\"@context\":\"https:\\\/\\\/schema.org\",\"@graph\":[{\"@type\":\"WebPage\",\"@id\":\"https:\\\/\\\/industrialrepairstore.com\\\/product\\\/national-controls-dnc-t2010-a10\\\/\",\"url\":\"https:\\\/\\\/industrialrepairstore.com\\\/product\\\/national-controls-dnc-t2010-a10\\\/\",\"name\":\"National Controls dnc-t2010-a10 - ERD Industrial Repair Store\",\"isPartOf\":{\"@id\":\"https:\\\/\\\/industrialrepairstore.com\\\/#website\"},\"primaryImageOfPage\":{\"@id\":\"https:\\\/\\\/industrialrepairstore.com\\\/product\\\/national-controls-dnc-t2010-a10\\\/#primaryimage\"},\"image\":{\"@id\":\"https:\\\/\\\/industrialrepairstore.com\\\/product\\\/national-controls-dnc-t2010-a10\\\/#primaryimage\"},\"thumbnailUrl\":\"https:\\\/\\\/industrialrepairstore.com\\\/wp-content\\\/uploads\\\/2023\\\/09\\\/National_Controls_dnc-t2010-a10.jpg\",\"datePublished\":\"2018-05-16T00:21:11+00:00\",\"dateModified\":\"2025-03-06T00:58:49+00:00\",\"description\":\"This is the specific repair catalog page for National Controls dnc-t2010-a10, repaired by the expert repair technicians of ERD Ltd.\",\"breadcrumb\":{\"@id\":\"https:\\\/\\\/industrialrepairstore.com\\\/product\\\/national-controls-dnc-t2010-a10\\\/#breadcrumb\"},\"inLanguage\":\"es\",\"potentialAction\":[{\"@type\":\"ReadAction\",\"target\":[\"https:\\\/\\\/industrialrepairstore.com\\\/product\\\/national-controls-dnc-t2010-a10\\\/\"]}]},{\"@type\":\"ImageObject\",\"inLanguage\":\"es\",\"@id\":\"https:\\\/\\\/industrialrepairstore.com\\\/product\\\/national-controls-dnc-t2010-a10\\\/#primaryimage\",\"url\":\"https:\\\/\\\/industrialrepairstore.com\\\/wp-content\\\/uploads\\\/2023\\\/09\\\/National_Controls_dnc-t2010-a10.jpg\",\"contentUrl\":\"https:\\\/\\\/industrialrepairstore.com\\\/wp-content\\\/uploads\\\/2023\\\/09\\\/National_Controls_dnc-t2010-a10.jpg\",\"width\":1024,\"height\":768},{\"@type\":\"BreadcrumbList\",\"@id\":\"https:\\\/\\\/industrialrepairstore.com\\\/product\\\/national-controls-dnc-t2010-a10\\\/#breadcrumb\",\"itemListElement\":[{\"@type\":\"ListItem\",\"position\":1,\"name\":\"Home\",\"item\":\"https:\\\/\\\/industrialrepairstore.com\\\/\"},{\"@type\":\"ListItem\",\"position\":2,\"name\":\"Shop\",\"item\":\"https:\\\/\\\/industrialrepairstore.com\\\/shop\\\/\"},{\"@type\":\"ListItem\",\"position\":3,\"name\":\"National Controls dnc-t2010-a10\"}]},{\"@type\":\"WebSite\",\"@id\":\"https:\\\/\\\/industrialrepairstore.com\\\/#website\",\"url\":\"https:\\\/\\\/industrialrepairstore.com\\\/\",\"name\":\"ERD Industrial Repair Store\",\"description\":\"Reimagining the Future of Repair Through Innovation\",\"potentialAction\":[{\"@type\":\"SearchAction\",\"target\":{\"@type\":\"EntryPoint\",\"urlTemplate\":\"https:\\\/\\\/industrialrepairstore.com\\\/?s={search_term_string}\"},\"query-input\":{\"@type\":\"PropertyValueSpecification\",\"valueRequired\":true,\"valueName\":\"search_term_string\"}}],\"inLanguage\":\"es\"}]}<\/script>\n<!-- \/ Yoast SEO Premium plugin. -->","yoast_head_json":{"title":"National Controls dnc-t2010-a10 - ERD Industrial Repair Store","description":"Esta es la p\u00e1gina del cat\u00e1logo de reparaci\u00f3n espec\u00edfico para National Controls dnc-t2010-a10 reparado por los t\u00e9cnicos de reparaci\u00f3n expertos de ERD Ltd..","robots":{"index":"index","follow":"follow","max-snippet":"max-snippet:-1","max-image-preview":"max-image-preview:large","max-video-preview":"max-video-preview:-1"},"canonical":"https:\/\/industrialrepairstore.com\/es\/producto\/national-controls-dnc-t2010-a10\/","og_locale":"es_MX","og_type":"article","og_title":"National Controls dnc-t2010-a10","og_description":"This is the specific repair catalog page for National Controls dnc-t2010-a10, repaired by the expert repair technicians of ERD Ltd.","og_url":"https:\/\/industrialrepairstore.com\/es\/producto\/national-controls-dnc-t2010-a10\/","og_site_name":"ERD Industrial Repair Store","article_modified_time":"2025-03-06T00:58:49+00:00","og_image":[{"width":1024,"height":768,"url":"https:\/\/industrialrepairstore.com\/wp-content\/uploads\/2023\/09\/National_Controls_dnc-t2010-a10.jpg","type":"image\/jpeg"}],"twitter_card":"summary_large_image","schema":{"@context":"https:\/\/schema.org","@graph":[{"@type":"WebPage","@id":"https:\/\/industrialrepairstore.com\/product\/national-controls-dnc-t2010-a10\/","url":"https:\/\/industrialrepairstore.com\/product\/national-controls-dnc-t2010-a10\/","name":"National Controls dnc-t2010-a10 - ERD Industrial Repair Store","isPartOf":{"@id":"https:\/\/industrialrepairstore.com\/#website"},"primaryImageOfPage":{"@id":"https:\/\/industrialrepairstore.com\/product\/national-controls-dnc-t2010-a10\/#primaryimage"},"image":{"@id":"https:\/\/industrialrepairstore.com\/product\/national-controls-dnc-t2010-a10\/#primaryimage"},"thumbnailUrl":"https:\/\/industrialrepairstore.com\/wp-content\/uploads\/2023\/09\/National_Controls_dnc-t2010-a10.jpg","datePublished":"2018-05-16T00:21:11+00:00","dateModified":"2025-03-06T00:58:49+00:00","description":"Esta es la p\u00e1gina del cat\u00e1logo de reparaci\u00f3n espec\u00edfico para National Controls dnc-t2010-a10 reparado por los t\u00e9cnicos de reparaci\u00f3n expertos de ERD Ltd..","breadcrumb":{"@id":"https:\/\/industrialrepairstore.com\/product\/national-controls-dnc-t2010-a10\/#breadcrumb"},"inLanguage":"es","potentialAction":[{"@type":"ReadAction","target":["https:\/\/industrialrepairstore.com\/product\/national-controls-dnc-t2010-a10\/"]}]},{"@type":"ImageObject","inLanguage":"es","@id":"https:\/\/industrialrepairstore.com\/product\/national-controls-dnc-t2010-a10\/#primaryimage","url":"https:\/\/industrialrepairstore.com\/wp-content\/uploads\/2023\/09\/National_Controls_dnc-t2010-a10.jpg","contentUrl":"https:\/\/industrialrepairstore.com\/wp-content\/uploads\/2023\/09\/National_Controls_dnc-t2010-a10.jpg","width":1024,"height":768},{"@type":"BreadcrumbList","@id":"https:\/\/industrialrepairstore.com\/product\/national-controls-dnc-t2010-a10\/#breadcrumb","itemListElement":[{"@type":"ListItem","position":1,"name":"Home","item":"https:\/\/industrialrepairstore.com\/"},{"@type":"ListItem","position":2,"name":"Shop","item":"https:\/\/industrialrepairstore.com\/shop\/"},{"@type":"ListItem","position":3,"name":"National Controls dnc-t2010-a10"}]},{"@type":"WebSite","@id":"https:\/\/industrialrepairstore.com\/#website","url":"https:\/\/industrialrepairstore.com\/","name":"ERD Industrial Repair Store","description":"Reimagining the Future of Repair Through Innovation","potentialAction":[{"@type":"SearchAction","target":{"@type":"EntryPoint","urlTemplate":"https:\/\/industrialrepairstore.com\/?s={search_term_string}"},"query-input":{"@type":"PropertyValueSpecification","valueRequired":true,"valueName":"search_term_string"}}],"inLanguage":"es"}]}},"_links":{"self":[{"href":"https:\/\/industrialrepairstore.com\/es\/wp-json\/wp\/v2\/product\/41426","targetHints":{"allow":["GET"]}}],"collection":[{"href":"https:\/\/industrialrepairstore.com\/es\/wp-json\/wp\/v2\/product"}],"about":[{"href":"https:\/\/industrialrepairstore.com\/es\/wp-json\/wp\/v2\/types\/product"}],"wp:featuredmedia":[{"embeddable":true,"href":"https:\/\/industrialrepairstore.com\/es\/wp-json\/wp\/v2\/media\/41427"}],"wp:attachment":[{"href":"https:\/\/industrialrepairstore.com\/es\/wp-json\/wp\/v2\/media?parent=41426"}],"wp:term":[{"taxonomy":"product_brand","embeddable":true,"href":"https:\/\/industrialrepairstore.com\/es\/wp-json\/wp\/v2\/product_brand?post=41426"},{"taxonomy":"product_cat","embeddable":true,"href":"https:\/\/industrialrepairstore.com\/es\/wp-json\/wp\/v2\/product_cat?post=41426"},{"taxonomy":"product_tag","embeddable":true,"href":"https:\/\/industrialrepairstore.com\/es\/wp-json\/wp\/v2\/product_tag?post=41426"}],"curies":[{"name":"wp","href":"https:\/\/api.w.org\/{rel}","templated":true}]}}