{"id":43644,"date":"2019-07-18T19:24:51","date_gmt":"2019-07-19T00:24:51","guid":{"rendered":"https:\/\/dev.industrialrepairstore.com\/product\/kollmorgan-cr06250-2\/"},"modified":"2025-03-05T17:03:27","modified_gmt":"2025-03-05T23:03:27","slug":"kollmorgen-cr06250-2","status":"publish","type":"product","link":"https:\/\/industrialrepairstore.com\/es\/producto\/kollmorgen-cr06250-2\/","title":{"rendered":"Kollmorgen CR06250"},"content":{"rendered":"<p>If you would like to have ERD repair your Kollmorgen CR06250, ship your unit to us at 705 Indeneer Drive, Kernersville, NC 27284. You will receive a firm quote for your approval the day we receive the unit. If you need to speak with us, please call 1.336.992.3611.<\/p>\n<p>Si sus necesidades de reparaci\u00f3n no se encuentran en nuestro extenso cat\u00e1logo de reparaciones, p\u00f3ngase en contacto con nosotros porque diariamente se a\u00f1aden nuevos art\u00edculos de reparaci\u00f3n. ERD tiene una larga tradici\u00f3n mundial en la reparaci\u00f3n de los componentes electr\u00f3nicos m\u00e1s complicados y estamos deseando trabajar con usted.<\/p>","protected":false},"excerpt":{"rendered":"<p>This is the specific repair catalog page for Kollmorgen CR06250, repaired by the expert repair technicians of ERD Ltd.<\/p>","protected":false},"featured_media":50150,"template":"","meta":{"_acf_changed":false,"_et_pb_use_builder":"","_et_pb_old_content":"","_et_gb_content_width":""},"product_brand":[],"product_cat":[351],"product_tag":[66,226,65],"class_list":{"0":"post-43644","1":"product","2":"type-product","3":"status-publish","4":"has-post-thumbnail","6":"product_cat-semiconductor","7":"product_tag-erd","8":"product_tag-kollmorgan","9":"product_tag-repair","11":"first","12":"instock","13":"purchasable","14":"product-type-simple"},"acf":[],"yoast_head":"<!-- This site is optimized with the Yoast SEO Premium plugin v27.3 (Yoast SEO v27.3) - https:\/\/yoast.com\/product\/yoast-seo-premium-wordpress\/ -->\n<title>Kollmorgan CR06250<\/title>\n<meta name=\"description\" content=\"This is the specific repair catalog page for Kollmorgan CR06250, repaired by the expert repair technicians of ERD Ltd.\" \/>\n<meta name=\"robots\" content=\"index, follow, max-snippet:-1, max-image-preview:large, max-video-preview:-1\" \/>\n<link rel=\"canonical\" href=\"https:\/\/industrialrepairstore.com\/es\/producto\/kollmorgen-cr06250-2\/\" \/>\n<meta property=\"og:locale\" content=\"es_MX\" \/>\n<meta property=\"og:type\" content=\"article\" \/>\n<meta property=\"og:title\" content=\"Kollmorgen CR06250\" \/>\n<meta property=\"og:description\" content=\"This is the specific repair catalog page for Kollmorgan CR06250, repaired by the expert repair technicians of ERD Ltd.\" \/>\n<meta property=\"og:url\" content=\"https:\/\/industrialrepairstore.com\/es\/producto\/kollmorgen-cr06250-2\/\" \/>\n<meta property=\"og:site_name\" content=\"ERD Industrial Repair Store\" \/>\n<meta property=\"article:modified_time\" content=\"2025-03-05T23:03:27+00:00\" \/>\n<meta property=\"og:image\" content=\"https:\/\/industrialrepairstore.com\/wp-content\/uploads\/2019\/07\/web_011224004_kollmorgen_cr06250_HGsYibpn.jpg\" \/>\n\t<meta property=\"og:image:width\" content=\"1920\" \/>\n\t<meta property=\"og:image:height\" content=\"2560\" \/>\n\t<meta property=\"og:image:type\" content=\"image\/jpeg\" \/>\n<meta name=\"twitter:card\" content=\"summary_large_image\" \/>\n<meta name=\"twitter:label1\" content=\"Tiempo de lectura\" \/>\n\t<meta name=\"twitter:data1\" content=\"1 minuto\" \/>\n<script type=\"application\/ld+json\" class=\"yoast-schema-graph\">{\"@context\":\"https:\\\/\\\/schema.org\",\"@graph\":[{\"@type\":\"WebPage\",\"@id\":\"https:\\\/\\\/industrialrepairstore.com\\\/product\\\/kollmorgen-cr06250-2\\\/\",\"url\":\"https:\\\/\\\/industrialrepairstore.com\\\/product\\\/kollmorgen-cr06250-2\\\/\",\"name\":\"Kollmorgan CR06250\",\"isPartOf\":{\"@id\":\"https:\\\/\\\/industrialrepairstore.com\\\/#website\"},\"primaryImageOfPage\":{\"@id\":\"https:\\\/\\\/industrialrepairstore.com\\\/product\\\/kollmorgen-cr06250-2\\\/#primaryimage\"},\"image\":{\"@id\":\"https:\\\/\\\/industrialrepairstore.com\\\/product\\\/kollmorgen-cr06250-2\\\/#primaryimage\"},\"thumbnailUrl\":\"https:\\\/\\\/industrialrepairstore.com\\\/wp-content\\\/uploads\\\/2019\\\/07\\\/web_011224004_kollmorgen_cr06250_HGsYibpn.jpg\",\"datePublished\":\"2019-07-19T00:24:51+00:00\",\"dateModified\":\"2025-03-05T23:03:27+00:00\",\"description\":\"This is the specific repair catalog page for Kollmorgan CR06250, repaired by the expert repair technicians of ERD Ltd.\",\"breadcrumb\":{\"@id\":\"https:\\\/\\\/industrialrepairstore.com\\\/product\\\/kollmorgen-cr06250-2\\\/#breadcrumb\"},\"inLanguage\":\"es\",\"potentialAction\":[{\"@type\":\"ReadAction\",\"target\":[\"https:\\\/\\\/industrialrepairstore.com\\\/product\\\/kollmorgen-cr06250-2\\\/\"]}]},{\"@type\":\"ImageObject\",\"inLanguage\":\"es\",\"@id\":\"https:\\\/\\\/industrialrepairstore.com\\\/product\\\/kollmorgen-cr06250-2\\\/#primaryimage\",\"url\":\"https:\\\/\\\/industrialrepairstore.com\\\/wp-content\\\/uploads\\\/2019\\\/07\\\/web_011224004_kollmorgen_cr06250_HGsYibpn.jpg\",\"contentUrl\":\"https:\\\/\\\/industrialrepairstore.com\\\/wp-content\\\/uploads\\\/2019\\\/07\\\/web_011224004_kollmorgen_cr06250_HGsYibpn.jpg\",\"width\":1920,\"height\":2560,\"caption\":\"Kollmorgen cr06250 servostar cd\"},{\"@type\":\"BreadcrumbList\",\"@id\":\"https:\\\/\\\/industrialrepairstore.com\\\/product\\\/kollmorgen-cr06250-2\\\/#breadcrumb\",\"itemListElement\":[{\"@type\":\"ListItem\",\"position\":1,\"name\":\"Home\",\"item\":\"https:\\\/\\\/industrialrepairstore.com\\\/\"},{\"@type\":\"ListItem\",\"position\":2,\"name\":\"Shop\",\"item\":\"https:\\\/\\\/industrialrepairstore.com\\\/shop\\\/\"},{\"@type\":\"ListItem\",\"position\":3,\"name\":\"Kollmorgen CR06250\"}]},{\"@type\":\"WebSite\",\"@id\":\"https:\\\/\\\/industrialrepairstore.com\\\/#website\",\"url\":\"https:\\\/\\\/industrialrepairstore.com\\\/\",\"name\":\"ERD Industrial Repair Store\",\"description\":\"Reimagining the Future of Repair Through Innovation\",\"potentialAction\":[{\"@type\":\"SearchAction\",\"target\":{\"@type\":\"EntryPoint\",\"urlTemplate\":\"https:\\\/\\\/industrialrepairstore.com\\\/?s={search_term_string}\"},\"query-input\":{\"@type\":\"PropertyValueSpecification\",\"valueRequired\":true,\"valueName\":\"search_term_string\"}}],\"inLanguage\":\"es\"}]}<\/script>\n<!-- \/ Yoast SEO Premium plugin. -->","yoast_head_json":{"title":"Kollmorgan CR06250","description":"This is the specific repair catalog page for Kollmorgan CR06250, repaired by the expert repair technicians of ERD Ltd.","robots":{"index":"index","follow":"follow","max-snippet":"max-snippet:-1","max-image-preview":"max-image-preview:large","max-video-preview":"max-video-preview:-1"},"canonical":"https:\/\/industrialrepairstore.com\/es\/producto\/kollmorgen-cr06250-2\/","og_locale":"es_MX","og_type":"article","og_title":"Kollmorgen CR06250","og_description":"This is the specific repair catalog page for Kollmorgan CR06250, repaired by the expert repair technicians of ERD Ltd.","og_url":"https:\/\/industrialrepairstore.com\/es\/producto\/kollmorgen-cr06250-2\/","og_site_name":"ERD Industrial Repair Store","article_modified_time":"2025-03-05T23:03:27+00:00","og_image":[{"width":1920,"height":2560,"url":"https:\/\/industrialrepairstore.com\/wp-content\/uploads\/2019\/07\/web_011224004_kollmorgen_cr06250_HGsYibpn.jpg","type":"image\/jpeg"}],"twitter_card":"summary_large_image","twitter_misc":{"Tiempo de lectura":"1 minuto"},"schema":{"@context":"https:\/\/schema.org","@graph":[{"@type":"WebPage","@id":"https:\/\/industrialrepairstore.com\/product\/kollmorgen-cr06250-2\/","url":"https:\/\/industrialrepairstore.com\/product\/kollmorgen-cr06250-2\/","name":"Kollmorgan CR06250","isPartOf":{"@id":"https:\/\/industrialrepairstore.com\/#website"},"primaryImageOfPage":{"@id":"https:\/\/industrialrepairstore.com\/product\/kollmorgen-cr06250-2\/#primaryimage"},"image":{"@id":"https:\/\/industrialrepairstore.com\/product\/kollmorgen-cr06250-2\/#primaryimage"},"thumbnailUrl":"https:\/\/industrialrepairstore.com\/wp-content\/uploads\/2019\/07\/web_011224004_kollmorgen_cr06250_HGsYibpn.jpg","datePublished":"2019-07-19T00:24:51+00:00","dateModified":"2025-03-05T23:03:27+00:00","description":"This is the specific repair catalog page for Kollmorgan CR06250, repaired by the expert repair technicians of ERD Ltd.","breadcrumb":{"@id":"https:\/\/industrialrepairstore.com\/product\/kollmorgen-cr06250-2\/#breadcrumb"},"inLanguage":"es","potentialAction":[{"@type":"ReadAction","target":["https:\/\/industrialrepairstore.com\/product\/kollmorgen-cr06250-2\/"]}]},{"@type":"ImageObject","inLanguage":"es","@id":"https:\/\/industrialrepairstore.com\/product\/kollmorgen-cr06250-2\/#primaryimage","url":"https:\/\/industrialrepairstore.com\/wp-content\/uploads\/2019\/07\/web_011224004_kollmorgen_cr06250_HGsYibpn.jpg","contentUrl":"https:\/\/industrialrepairstore.com\/wp-content\/uploads\/2019\/07\/web_011224004_kollmorgen_cr06250_HGsYibpn.jpg","width":1920,"height":2560,"caption":"Kollmorgen cr06250 servostar cd"},{"@type":"BreadcrumbList","@id":"https:\/\/industrialrepairstore.com\/product\/kollmorgen-cr06250-2\/#breadcrumb","itemListElement":[{"@type":"ListItem","position":1,"name":"Home","item":"https:\/\/industrialrepairstore.com\/"},{"@type":"ListItem","position":2,"name":"Shop","item":"https:\/\/industrialrepairstore.com\/shop\/"},{"@type":"ListItem","position":3,"name":"Kollmorgen CR06250"}]},{"@type":"WebSite","@id":"https:\/\/industrialrepairstore.com\/#website","url":"https:\/\/industrialrepairstore.com\/","name":"ERD Industrial Repair Store","description":"Reimagining the Future of Repair Through Innovation","potentialAction":[{"@type":"SearchAction","target":{"@type":"EntryPoint","urlTemplate":"https:\/\/industrialrepairstore.com\/?s={search_term_string}"},"query-input":{"@type":"PropertyValueSpecification","valueRequired":true,"valueName":"search_term_string"}}],"inLanguage":"es"}]}},"_links":{"self":[{"href":"https:\/\/industrialrepairstore.com\/es\/wp-json\/wp\/v2\/product\/43644","targetHints":{"allow":["GET"]}}],"collection":[{"href":"https:\/\/industrialrepairstore.com\/es\/wp-json\/wp\/v2\/product"}],"about":[{"href":"https:\/\/industrialrepairstore.com\/es\/wp-json\/wp\/v2\/types\/product"}],"wp:featuredmedia":[{"embeddable":true,"href":"https:\/\/industrialrepairstore.com\/es\/wp-json\/wp\/v2\/media\/50150"}],"wp:attachment":[{"href":"https:\/\/industrialrepairstore.com\/es\/wp-json\/wp\/v2\/media?parent=43644"}],"wp:term":[{"taxonomy":"product_brand","embeddable":true,"href":"https:\/\/industrialrepairstore.com\/es\/wp-json\/wp\/v2\/product_brand?post=43644"},{"taxonomy":"product_cat","embeddable":true,"href":"https:\/\/industrialrepairstore.com\/es\/wp-json\/wp\/v2\/product_cat?post=43644"},{"taxonomy":"product_tag","embeddable":true,"href":"https:\/\/industrialrepairstore.com\/es\/wp-json\/wp\/v2\/product_tag?post=43644"}],"curies":[{"name":"wp","href":"https:\/\/api.w.org\/{rel}","templated":true}]}}