{"id":43841,"date":"2019-07-26T18:06:49","date_gmt":"2019-07-26T23:06:49","guid":{"rendered":"https:\/\/dev.industrialrepairstore.com\/product\/applied-materials-50713212000\/"},"modified":"2025-03-03T22:02:44","modified_gmt":"2025-03-04T04:02:44","slug":"applied-materials-50713212000","status":"publish","type":"product","link":"https:\/\/industrialrepairstore.com\/es\/producto\/applied-materials-50713212000\/","title":{"rendered":"Materiales aplicados 50713212000"},"content":{"rendered":"<p>Si desea que ERD repare su Applied Materials 50713212000, env\u00edenos su unidad a 705 Indeneer Drive, Kernersville, NC 27284. Recibir\u00e1 un presupuesto en firme para su aprobaci\u00f3n el d\u00eda que recibamos la unidad. Si necesita hablar con nosotros, llame al 1.336.992.3611.<\/p>\n<p><iframe loading=\"lazy\" title=\"Applied Materials AMAT 50713212000 Reparado con 3 a\u00f1os de garant\u00eda\" width=\"1080\" height=\"608\" src=\"https:\/\/www.youtube.com\/embed\/u2zdTeEgSds?feature=oembed\"  allow=\"accelerometer; autoplay; clipboard-write; encrypted-media; gyroscope; picture-in-picture; web-share\" allowfullscreen><\/iframe><\/p>\n<p>Si sus necesidades de reparaci\u00f3n no se encuentran en nuestro extenso cat\u00e1logo de reparaciones, p\u00f3ngase en contacto con nosotros porque diariamente se a\u00f1aden nuevos art\u00edculos de reparaci\u00f3n. ERD tiene una larga tradici\u00f3n mundial en la reparaci\u00f3n de los componentes electr\u00f3nicos m\u00e1s complicados y estamos deseando trabajar con usted.<\/p>","protected":false},"excerpt":{"rendered":"<p>Esta es la p\u00e1gina del cat\u00e1logo de reparaci\u00f3n espec\u00edfico para Applied Materials 50713212000, reparado por los t\u00e9cnicos de reparaci\u00f3n expertos de ERD Ltd.<\/p>","protected":false},"featured_media":43842,"template":"","meta":{"_acf_changed":false,"_et_pb_use_builder":"","_et_pb_old_content":"","_et_gb_content_width":""},"product_brand":[],"product_cat":[351,22],"product_tag":[],"class_list":{"0":"post-43841","1":"product","2":"type-product","3":"status-publish","4":"has-post-thumbnail","6":"product_cat-semiconductor","7":"product_cat-uncategorized","9":"first","10":"instock","11":"purchasable","12":"product-type-simple"},"acf":[],"yoast_head":"<!-- This site is optimized with the Yoast SEO Premium plugin v27.3 (Yoast SEO v27.3) - https:\/\/yoast.com\/product\/yoast-seo-premium-wordpress\/ -->\n<title>Applied Materials 50713212000<\/title>\n<meta name=\"description\" content=\"This is the specific repair catalog page for Applied Materials 50713212000, repaired by the expert repair technicians of ERD Ltd.\" \/>\n<meta name=\"robots\" content=\"index, follow, max-snippet:-1, max-image-preview:large, max-video-preview:-1\" \/>\n<link rel=\"canonical\" href=\"https:\/\/industrialrepairstore.com\/es\/producto\/applied-materials-50713212000\/\" \/>\n<meta property=\"og:locale\" content=\"es_MX\" \/>\n<meta property=\"og:type\" content=\"article\" \/>\n<meta property=\"og:title\" content=\"Applied Materials 50713212000\" \/>\n<meta property=\"og:description\" content=\"This is the specific repair catalog page for Applied Materials 50713212000, repaired by the expert repair technicians of ERD Ltd.\" \/>\n<meta property=\"og:url\" content=\"https:\/\/industrialrepairstore.com\/es\/producto\/applied-materials-50713212000\/\" \/>\n<meta property=\"og:site_name\" content=\"ERD Industrial Repair Store\" \/>\n<meta property=\"article:modified_time\" content=\"2025-03-04T04:02:44+00:00\" \/>\n<meta property=\"og:image\" content=\"https:\/\/industrialrepairstore.com\/wp-content\/uploads\/2023\/09\/121818004_applied_materials_50713212000_OTdjGEGA-scaled-1.jpeg\" \/>\n\t<meta property=\"og:image:width\" content=\"2560\" \/>\n\t<meta property=\"og:image:height\" content=\"1920\" \/>\n\t<meta property=\"og:image:type\" content=\"image\/jpeg\" \/>\n<meta name=\"twitter:card\" content=\"summary_large_image\" \/>\n<script type=\"application\/ld+json\" class=\"yoast-schema-graph\">{\"@context\":\"https:\\\/\\\/schema.org\",\"@graph\":[{\"@type\":\"WebPage\",\"@id\":\"https:\\\/\\\/industrialrepairstore.com\\\/product\\\/applied-materials-50713212000\\\/\",\"url\":\"https:\\\/\\\/industrialrepairstore.com\\\/product\\\/applied-materials-50713212000\\\/\",\"name\":\"Applied Materials 50713212000\",\"isPartOf\":{\"@id\":\"https:\\\/\\\/industrialrepairstore.com\\\/#website\"},\"primaryImageOfPage\":{\"@id\":\"https:\\\/\\\/industrialrepairstore.com\\\/product\\\/applied-materials-50713212000\\\/#primaryimage\"},\"image\":{\"@id\":\"https:\\\/\\\/industrialrepairstore.com\\\/product\\\/applied-materials-50713212000\\\/#primaryimage\"},\"thumbnailUrl\":\"https:\\\/\\\/industrialrepairstore.com\\\/wp-content\\\/uploads\\\/2023\\\/09\\\/121818004_applied_materials_50713212000_OTdjGEGA-scaled-1.jpeg\",\"datePublished\":\"2019-07-26T23:06:49+00:00\",\"dateModified\":\"2025-03-04T04:02:44+00:00\",\"description\":\"This is the specific repair catalog page for Applied Materials 50713212000, repaired by the expert repair technicians of ERD Ltd.\",\"breadcrumb\":{\"@id\":\"https:\\\/\\\/industrialrepairstore.com\\\/product\\\/applied-materials-50713212000\\\/#breadcrumb\"},\"inLanguage\":\"es\",\"potentialAction\":[{\"@type\":\"ReadAction\",\"target\":[\"https:\\\/\\\/industrialrepairstore.com\\\/product\\\/applied-materials-50713212000\\\/\"]}]},{\"@type\":\"ImageObject\",\"inLanguage\":\"es\",\"@id\":\"https:\\\/\\\/industrialrepairstore.com\\\/product\\\/applied-materials-50713212000\\\/#primaryimage\",\"url\":\"https:\\\/\\\/industrialrepairstore.com\\\/wp-content\\\/uploads\\\/2023\\\/09\\\/121818004_applied_materials_50713212000_OTdjGEGA-scaled-1.jpeg\",\"contentUrl\":\"https:\\\/\\\/industrialrepairstore.com\\\/wp-content\\\/uploads\\\/2023\\\/09\\\/121818004_applied_materials_50713212000_OTdjGEGA-scaled-1.jpeg\",\"width\":2560,\"height\":1920},{\"@type\":\"BreadcrumbList\",\"@id\":\"https:\\\/\\\/industrialrepairstore.com\\\/product\\\/applied-materials-50713212000\\\/#breadcrumb\",\"itemListElement\":[{\"@type\":\"ListItem\",\"position\":1,\"name\":\"Home\",\"item\":\"https:\\\/\\\/industrialrepairstore.com\\\/\"},{\"@type\":\"ListItem\",\"position\":2,\"name\":\"Shop\",\"item\":\"https:\\\/\\\/industrialrepairstore.com\\\/shop\\\/\"},{\"@type\":\"ListItem\",\"position\":3,\"name\":\"Applied Materials 50713212000\"}]},{\"@type\":\"WebSite\",\"@id\":\"https:\\\/\\\/industrialrepairstore.com\\\/#website\",\"url\":\"https:\\\/\\\/industrialrepairstore.com\\\/\",\"name\":\"ERD Industrial Repair Store\",\"description\":\"Reimagining the Future of Repair Through Innovation\",\"potentialAction\":[{\"@type\":\"SearchAction\",\"target\":{\"@type\":\"EntryPoint\",\"urlTemplate\":\"https:\\\/\\\/industrialrepairstore.com\\\/?s={search_term_string}\"},\"query-input\":{\"@type\":\"PropertyValueSpecification\",\"valueRequired\":true,\"valueName\":\"search_term_string\"}}],\"inLanguage\":\"es\"}]}<\/script>\n<!-- \/ Yoast SEO Premium plugin. -->","yoast_head_json":{"title":"Materiales aplicados 50713212000","description":"Esta es la p\u00e1gina del cat\u00e1logo de reparaci\u00f3n espec\u00edfico para Applied Materials 50713212000, reparado por los t\u00e9cnicos de reparaci\u00f3n expertos de ERD Ltd.","robots":{"index":"index","follow":"follow","max-snippet":"max-snippet:-1","max-image-preview":"max-image-preview:large","max-video-preview":"max-video-preview:-1"},"canonical":"https:\/\/industrialrepairstore.com\/es\/producto\/applied-materials-50713212000\/","og_locale":"es_MX","og_type":"article","og_title":"Applied Materials 50713212000","og_description":"This is the specific repair catalog page for Applied Materials 50713212000, repaired by the expert repair technicians of ERD Ltd.","og_url":"https:\/\/industrialrepairstore.com\/es\/producto\/applied-materials-50713212000\/","og_site_name":"ERD Industrial Repair Store","article_modified_time":"2025-03-04T04:02:44+00:00","og_image":[{"width":2560,"height":1920,"url":"https:\/\/industrialrepairstore.com\/wp-content\/uploads\/2023\/09\/121818004_applied_materials_50713212000_OTdjGEGA-scaled-1.jpeg","type":"image\/jpeg"}],"twitter_card":"summary_large_image","schema":{"@context":"https:\/\/schema.org","@graph":[{"@type":"WebPage","@id":"https:\/\/industrialrepairstore.com\/product\/applied-materials-50713212000\/","url":"https:\/\/industrialrepairstore.com\/product\/applied-materials-50713212000\/","name":"Materiales aplicados 50713212000","isPartOf":{"@id":"https:\/\/industrialrepairstore.com\/#website"},"primaryImageOfPage":{"@id":"https:\/\/industrialrepairstore.com\/product\/applied-materials-50713212000\/#primaryimage"},"image":{"@id":"https:\/\/industrialrepairstore.com\/product\/applied-materials-50713212000\/#primaryimage"},"thumbnailUrl":"https:\/\/industrialrepairstore.com\/wp-content\/uploads\/2023\/09\/121818004_applied_materials_50713212000_OTdjGEGA-scaled-1.jpeg","datePublished":"2019-07-26T23:06:49+00:00","dateModified":"2025-03-04T04:02:44+00:00","description":"Esta es la p\u00e1gina del cat\u00e1logo de reparaci\u00f3n espec\u00edfico para Applied Materials 50713212000, reparado por los t\u00e9cnicos de reparaci\u00f3n expertos de ERD Ltd.","breadcrumb":{"@id":"https:\/\/industrialrepairstore.com\/product\/applied-materials-50713212000\/#breadcrumb"},"inLanguage":"es","potentialAction":[{"@type":"ReadAction","target":["https:\/\/industrialrepairstore.com\/product\/applied-materials-50713212000\/"]}]},{"@type":"ImageObject","inLanguage":"es","@id":"https:\/\/industrialrepairstore.com\/product\/applied-materials-50713212000\/#primaryimage","url":"https:\/\/industrialrepairstore.com\/wp-content\/uploads\/2023\/09\/121818004_applied_materials_50713212000_OTdjGEGA-scaled-1.jpeg","contentUrl":"https:\/\/industrialrepairstore.com\/wp-content\/uploads\/2023\/09\/121818004_applied_materials_50713212000_OTdjGEGA-scaled-1.jpeg","width":2560,"height":1920},{"@type":"BreadcrumbList","@id":"https:\/\/industrialrepairstore.com\/product\/applied-materials-50713212000\/#breadcrumb","itemListElement":[{"@type":"ListItem","position":1,"name":"Home","item":"https:\/\/industrialrepairstore.com\/"},{"@type":"ListItem","position":2,"name":"Shop","item":"https:\/\/industrialrepairstore.com\/shop\/"},{"@type":"ListItem","position":3,"name":"Applied Materials 50713212000"}]},{"@type":"WebSite","@id":"https:\/\/industrialrepairstore.com\/#website","url":"https:\/\/industrialrepairstore.com\/","name":"ERD Industrial Repair Store","description":"Reimagining the Future of Repair Through Innovation","potentialAction":[{"@type":"SearchAction","target":{"@type":"EntryPoint","urlTemplate":"https:\/\/industrialrepairstore.com\/?s={search_term_string}"},"query-input":{"@type":"PropertyValueSpecification","valueRequired":true,"valueName":"search_term_string"}}],"inLanguage":"es"}]}},"_links":{"self":[{"href":"https:\/\/industrialrepairstore.com\/es\/wp-json\/wp\/v2\/product\/43841","targetHints":{"allow":["GET"]}}],"collection":[{"href":"https:\/\/industrialrepairstore.com\/es\/wp-json\/wp\/v2\/product"}],"about":[{"href":"https:\/\/industrialrepairstore.com\/es\/wp-json\/wp\/v2\/types\/product"}],"wp:featuredmedia":[{"embeddable":true,"href":"https:\/\/industrialrepairstore.com\/es\/wp-json\/wp\/v2\/media\/43842"}],"wp:attachment":[{"href":"https:\/\/industrialrepairstore.com\/es\/wp-json\/wp\/v2\/media?parent=43841"}],"wp:term":[{"taxonomy":"product_brand","embeddable":true,"href":"https:\/\/industrialrepairstore.com\/es\/wp-json\/wp\/v2\/product_brand?post=43841"},{"taxonomy":"product_cat","embeddable":true,"href":"https:\/\/industrialrepairstore.com\/es\/wp-json\/wp\/v2\/product_cat?post=43841"},{"taxonomy":"product_tag","embeddable":true,"href":"https:\/\/industrialrepairstore.com\/es\/wp-json\/wp\/v2\/product_tag?post=43841"}],"curies":[{"name":"wp","href":"https:\/\/api.w.org\/{rel}","templated":true}]}}