{"id":43963,"date":"2019-07-26T18:06:55","date_gmt":"2019-07-26T23:06:55","guid":{"rendered":"https:\/\/dev.industrialrepairstore.com\/product\/abb-ach550-vcr-072a-4-f267k466\/"},"modified":"2025-03-03T21:02:10","modified_gmt":"2025-03-04T03:02:10","slug":"abb-ach550-vcr-072a-4-f267k466","status":"publish","type":"product","link":"https:\/\/industrialrepairstore.com\/es\/producto\/abb-ach550-vcr-072a-4-f267k466\/","title":{"rendered":"Abb ACH550-VCR-072A-4+ F267+K466"},"content":{"rendered":"<p>If you would like to have ERD repair your Abb ACH550-VCR-072A-4+ F267+K466, ship your unit to us at 705 Indeneer Drive, Kernersville, NC 27284. You will receive a firm quote for your approval the day we receive the unit. If you need to speak with us, please call 1.336.992.3611.<\/p>\n<p><iframe loading=\"lazy\" title=\"ABB ACH550-VCR-072A-4+F267+K466b Repaired with 3 Year Warranty\" width=\"1080\" height=\"608\" src=\"https:\/\/www.youtube.com\/embed\/otHdgV0xDjw?feature=oembed\"  allow=\"accelerometer; autoplay; clipboard-write; encrypted-media; gyroscope; picture-in-picture; web-share\" allowfullscreen><\/iframe><\/p>\n<p>Si sus necesidades de reparaci\u00f3n no se encuentran en nuestro extenso cat\u00e1logo de reparaciones, p\u00f3ngase en contacto con nosotros porque diariamente se a\u00f1aden nuevos art\u00edculos de reparaci\u00f3n. ERD tiene una larga tradici\u00f3n mundial en la reparaci\u00f3n de los componentes electr\u00f3nicos m\u00e1s complicados y estamos deseando trabajar con usted.<\/p>","protected":false},"excerpt":{"rendered":"<p>This is the specific repair catalog page for Abb ACH550-VCR-072A-4+ F267+K466, repaired by the expert repair technicians of ERD Ltd.<\/p>","protected":false},"featured_media":48951,"template":"","meta":{"_acf_changed":false,"_et_pb_use_builder":"","_et_pb_old_content":"","_et_gb_content_width":""},"product_brand":[],"product_cat":[22],"product_tag":[138,66,65],"class_list":{"0":"post-43963","1":"product","2":"type-product","3":"status-publish","4":"has-post-thumbnail","6":"product_cat-uncategorized","7":"product_tag-abb","8":"product_tag-erd","9":"product_tag-repair","11":"first","12":"instock","13":"purchasable","14":"product-type-simple"},"acf":[],"yoast_head":"<!-- This site is optimized with the Yoast SEO Premium plugin v27.3 (Yoast SEO v27.3) - https:\/\/yoast.com\/product\/yoast-seo-premium-wordpress\/ -->\n<title>Abb ACH550-VCR-072A-4+ F267+K466<\/title>\n<meta name=\"description\" content=\"This is the specific repair catalog page for Abb ACH550-VCR-072A-4+ F267+K466, repaired by the expert repair technicians of ERD Ltd.\" \/>\n<meta name=\"robots\" content=\"index, follow, max-snippet:-1, max-image-preview:large, max-video-preview:-1\" \/>\n<link rel=\"canonical\" href=\"https:\/\/industrialrepairstore.com\/es\/producto\/abb-ach550-vcr-072a-4-f267k466\/\" \/>\n<meta property=\"og:locale\" content=\"es_MX\" \/>\n<meta property=\"og:type\" content=\"article\" \/>\n<meta property=\"og:title\" content=\"Abb ACH550-VCR-072A-4+ F267+K466\" \/>\n<meta property=\"og:description\" content=\"This is the specific repair catalog page for Abb ACH550-VCR-072A-4+ F267+K466, repaired by the expert repair technicians of ERD Ltd.\" \/>\n<meta property=\"og:url\" content=\"https:\/\/industrialrepairstore.com\/es\/producto\/abb-ach550-vcr-072a-4-f267k466\/\" \/>\n<meta property=\"og:site_name\" content=\"ERD Industrial Repair Store\" \/>\n<meta property=\"article:modified_time\" content=\"2025-03-04T03:02:10+00:00\" \/>\n<meta property=\"og:image\" content=\"https:\/\/industrialrepairstore.com\/wp-content\/uploads\/2019\/07\/web_080318003_abb_ach550_vcr_072a_4_f267_k466_ESIAndCc.jpg\" \/>\n\t<meta property=\"og:image:width\" content=\"1920\" \/>\n\t<meta property=\"og:image:height\" content=\"1080\" \/>\n\t<meta property=\"og:image:type\" content=\"image\/jpeg\" \/>\n<meta name=\"twitter:card\" content=\"summary_large_image\" \/>\n<meta name=\"twitter:label1\" content=\"Tiempo de lectura\" \/>\n\t<meta name=\"twitter:data1\" content=\"1 minuto\" \/>\n<script type=\"application\/ld+json\" class=\"yoast-schema-graph\">{\"@context\":\"https:\\\/\\\/schema.org\",\"@graph\":[{\"@type\":\"WebPage\",\"@id\":\"https:\\\/\\\/industrialrepairstore.com\\\/product\\\/abb-ach550-vcr-072a-4-f267k466\\\/\",\"url\":\"https:\\\/\\\/industrialrepairstore.com\\\/product\\\/abb-ach550-vcr-072a-4-f267k466\\\/\",\"name\":\"Abb ACH550-VCR-072A-4+ F267+K466\",\"isPartOf\":{\"@id\":\"https:\\\/\\\/industrialrepairstore.com\\\/#website\"},\"primaryImageOfPage\":{\"@id\":\"https:\\\/\\\/industrialrepairstore.com\\\/product\\\/abb-ach550-vcr-072a-4-f267k466\\\/#primaryimage\"},\"image\":{\"@id\":\"https:\\\/\\\/industrialrepairstore.com\\\/product\\\/abb-ach550-vcr-072a-4-f267k466\\\/#primaryimage\"},\"thumbnailUrl\":\"https:\\\/\\\/industrialrepairstore.com\\\/wp-content\\\/uploads\\\/2019\\\/07\\\/web_080318003_abb_ach550_vcr_072a_4_f267_k466_ESIAndCc.jpg\",\"datePublished\":\"2019-07-26T23:06:55+00:00\",\"dateModified\":\"2025-03-04T03:02:10+00:00\",\"description\":\"This is the specific repair catalog page for Abb ACH550-VCR-072A-4+ F267+K466, repaired by the expert repair technicians of ERD Ltd.\",\"breadcrumb\":{\"@id\":\"https:\\\/\\\/industrialrepairstore.com\\\/product\\\/abb-ach550-vcr-072a-4-f267k466\\\/#breadcrumb\"},\"inLanguage\":\"es\",\"potentialAction\":[{\"@type\":\"ReadAction\",\"target\":[\"https:\\\/\\\/industrialrepairstore.com\\\/product\\\/abb-ach550-vcr-072a-4-f267k466\\\/\"]}]},{\"@type\":\"ImageObject\",\"inLanguage\":\"es\",\"@id\":\"https:\\\/\\\/industrialrepairstore.com\\\/product\\\/abb-ach550-vcr-072a-4-f267k466\\\/#primaryimage\",\"url\":\"https:\\\/\\\/industrialrepairstore.com\\\/wp-content\\\/uploads\\\/2019\\\/07\\\/web_080318003_abb_ach550_vcr_072a_4_f267_k466_ESIAndCc.jpg\",\"contentUrl\":\"https:\\\/\\\/industrialrepairstore.com\\\/wp-content\\\/uploads\\\/2019\\\/07\\\/web_080318003_abb_ach550_vcr_072a_4_f267_k466_ESIAndCc.jpg\",\"width\":1920,\"height\":1080,\"caption\":\"Abb ACH550-VCR-072A-4+ F267+K466\"},{\"@type\":\"BreadcrumbList\",\"@id\":\"https:\\\/\\\/industrialrepairstore.com\\\/product\\\/abb-ach550-vcr-072a-4-f267k466\\\/#breadcrumb\",\"itemListElement\":[{\"@type\":\"ListItem\",\"position\":1,\"name\":\"Home\",\"item\":\"https:\\\/\\\/industrialrepairstore.com\\\/\"},{\"@type\":\"ListItem\",\"position\":2,\"name\":\"Shop\",\"item\":\"https:\\\/\\\/industrialrepairstore.com\\\/shop\\\/\"},{\"@type\":\"ListItem\",\"position\":3,\"name\":\"Abb ACH550-VCR-072A-4+ F267+K466\"}]},{\"@type\":\"WebSite\",\"@id\":\"https:\\\/\\\/industrialrepairstore.com\\\/#website\",\"url\":\"https:\\\/\\\/industrialrepairstore.com\\\/\",\"name\":\"ERD Industrial Repair Store\",\"description\":\"Reimagining the Future of Repair Through Innovation\",\"potentialAction\":[{\"@type\":\"SearchAction\",\"target\":{\"@type\":\"EntryPoint\",\"urlTemplate\":\"https:\\\/\\\/industrialrepairstore.com\\\/?s={search_term_string}\"},\"query-input\":{\"@type\":\"PropertyValueSpecification\",\"valueRequired\":true,\"valueName\":\"search_term_string\"}}],\"inLanguage\":\"es\"}]}<\/script>\n<!-- \/ Yoast SEO Premium plugin. -->","yoast_head_json":{"title":"Abb ACH550-VCR-072A-4+ F267+K466","description":"This is the specific repair catalog page for Abb ACH550-VCR-072A-4+ F267+K466, repaired by the expert repair technicians of ERD Ltd.","robots":{"index":"index","follow":"follow","max-snippet":"max-snippet:-1","max-image-preview":"max-image-preview:large","max-video-preview":"max-video-preview:-1"},"canonical":"https:\/\/industrialrepairstore.com\/es\/producto\/abb-ach550-vcr-072a-4-f267k466\/","og_locale":"es_MX","og_type":"article","og_title":"Abb ACH550-VCR-072A-4+ F267+K466","og_description":"This is the specific repair catalog page for Abb ACH550-VCR-072A-4+ F267+K466, repaired by the expert repair technicians of ERD Ltd.","og_url":"https:\/\/industrialrepairstore.com\/es\/producto\/abb-ach550-vcr-072a-4-f267k466\/","og_site_name":"ERD Industrial Repair Store","article_modified_time":"2025-03-04T03:02:10+00:00","og_image":[{"width":1920,"height":1080,"url":"https:\/\/industrialrepairstore.com\/wp-content\/uploads\/2019\/07\/web_080318003_abb_ach550_vcr_072a_4_f267_k466_ESIAndCc.jpg","type":"image\/jpeg"}],"twitter_card":"summary_large_image","twitter_misc":{"Tiempo de lectura":"1 minuto"},"schema":{"@context":"https:\/\/schema.org","@graph":[{"@type":"WebPage","@id":"https:\/\/industrialrepairstore.com\/product\/abb-ach550-vcr-072a-4-f267k466\/","url":"https:\/\/industrialrepairstore.com\/product\/abb-ach550-vcr-072a-4-f267k466\/","name":"Abb ACH550-VCR-072A-4+ F267+K466","isPartOf":{"@id":"https:\/\/industrialrepairstore.com\/#website"},"primaryImageOfPage":{"@id":"https:\/\/industrialrepairstore.com\/product\/abb-ach550-vcr-072a-4-f267k466\/#primaryimage"},"image":{"@id":"https:\/\/industrialrepairstore.com\/product\/abb-ach550-vcr-072a-4-f267k466\/#primaryimage"},"thumbnailUrl":"https:\/\/industrialrepairstore.com\/wp-content\/uploads\/2019\/07\/web_080318003_abb_ach550_vcr_072a_4_f267_k466_ESIAndCc.jpg","datePublished":"2019-07-26T23:06:55+00:00","dateModified":"2025-03-04T03:02:10+00:00","description":"This is the specific repair catalog page for Abb ACH550-VCR-072A-4+ F267+K466, repaired by the expert repair technicians of ERD Ltd.","breadcrumb":{"@id":"https:\/\/industrialrepairstore.com\/product\/abb-ach550-vcr-072a-4-f267k466\/#breadcrumb"},"inLanguage":"es","potentialAction":[{"@type":"ReadAction","target":["https:\/\/industrialrepairstore.com\/product\/abb-ach550-vcr-072a-4-f267k466\/"]}]},{"@type":"ImageObject","inLanguage":"es","@id":"https:\/\/industrialrepairstore.com\/product\/abb-ach550-vcr-072a-4-f267k466\/#primaryimage","url":"https:\/\/industrialrepairstore.com\/wp-content\/uploads\/2019\/07\/web_080318003_abb_ach550_vcr_072a_4_f267_k466_ESIAndCc.jpg","contentUrl":"https:\/\/industrialrepairstore.com\/wp-content\/uploads\/2019\/07\/web_080318003_abb_ach550_vcr_072a_4_f267_k466_ESIAndCc.jpg","width":1920,"height":1080,"caption":"Abb ACH550-VCR-072A-4+ F267+K466"},{"@type":"BreadcrumbList","@id":"https:\/\/industrialrepairstore.com\/product\/abb-ach550-vcr-072a-4-f267k466\/#breadcrumb","itemListElement":[{"@type":"ListItem","position":1,"name":"Home","item":"https:\/\/industrialrepairstore.com\/"},{"@type":"ListItem","position":2,"name":"Shop","item":"https:\/\/industrialrepairstore.com\/shop\/"},{"@type":"ListItem","position":3,"name":"Abb ACH550-VCR-072A-4+ F267+K466"}]},{"@type":"WebSite","@id":"https:\/\/industrialrepairstore.com\/#website","url":"https:\/\/industrialrepairstore.com\/","name":"ERD Industrial Repair Store","description":"Reimagining the Future of Repair Through Innovation","potentialAction":[{"@type":"SearchAction","target":{"@type":"EntryPoint","urlTemplate":"https:\/\/industrialrepairstore.com\/?s={search_term_string}"},"query-input":{"@type":"PropertyValueSpecification","valueRequired":true,"valueName":"search_term_string"}}],"inLanguage":"es"}]}},"_links":{"self":[{"href":"https:\/\/industrialrepairstore.com\/es\/wp-json\/wp\/v2\/product\/43963","targetHints":{"allow":["GET"]}}],"collection":[{"href":"https:\/\/industrialrepairstore.com\/es\/wp-json\/wp\/v2\/product"}],"about":[{"href":"https:\/\/industrialrepairstore.com\/es\/wp-json\/wp\/v2\/types\/product"}],"wp:featuredmedia":[{"embeddable":true,"href":"https:\/\/industrialrepairstore.com\/es\/wp-json\/wp\/v2\/media\/48951"}],"wp:attachment":[{"href":"https:\/\/industrialrepairstore.com\/es\/wp-json\/wp\/v2\/media?parent=43963"}],"wp:term":[{"taxonomy":"product_brand","embeddable":true,"href":"https:\/\/industrialrepairstore.com\/es\/wp-json\/wp\/v2\/product_brand?post=43963"},{"taxonomy":"product_cat","embeddable":true,"href":"https:\/\/industrialrepairstore.com\/es\/wp-json\/wp\/v2\/product_cat?post=43963"},{"taxonomy":"product_tag","embeddable":true,"href":"https:\/\/industrialrepairstore.com\/es\/wp-json\/wp\/v2\/product_tag?post=43963"}],"curies":[{"name":"wp","href":"https:\/\/api.w.org\/{rel}","templated":true}]}}