{"id":44105,"date":"2019-07-26T18:07:06","date_gmt":"2019-07-26T23:07:06","guid":{"rendered":"https:\/\/dev.industrialrepairstore.com\/product\/3129d-main-pcb-2\/"},"modified":"2025-03-03T21:00:07","modified_gmt":"2025-03-04T03:00:07","slug":"3129d-main-pcb-2","status":"publish","type":"product","link":"https:\/\/industrialrepairstore.com\/es\/producto\/3129d-main-pcb-2\/","title":{"rendered":"3129d pcb principal 2"},"content":{"rendered":"<p>Si desea que ERD repare su pcb principal 3129d, env\u00edenos su unidad a 705 Indeneer Drive, Kernersville, NC 27284. Recibir\u00e1 un presupuesto en firme para su aprobaci\u00f3n el d\u00eda que recibamos la unidad. Si necesita hablar con nosotros, llame al 1.336.992.3611.<\/p>\n<p>Si sus necesidades de reparaci\u00f3n no se encuentran en nuestro extenso cat\u00e1logo de reparaciones, p\u00f3ngase en contacto con nosotros porque diariamente se a\u00f1aden nuevos art\u00edculos de reparaci\u00f3n. ERD tiene una larga tradici\u00f3n mundial en la reparaci\u00f3n de los componentes electr\u00f3nicos m\u00e1s complicados y estamos deseando trabajar con usted.<\/p>","protected":false},"excerpt":{"rendered":"<p>Esta es la p\u00e1gina del cat\u00e1logo de reparaci\u00f3n espec\u00edfico para 3129d main pcb, reparado por los t\u00e9cnicos de reparaci\u00f3n de expertos de ERD Ltd.<\/p>","protected":false},"featured_media":49349,"template":"","meta":{"_acf_changed":false,"_et_pb_use_builder":"","_et_pb_old_content":"","_et_gb_content_width":""},"product_brand":[],"product_cat":[22],"product_tag":[],"class_list":{"0":"post-44105","1":"product","2":"type-product","3":"status-publish","4":"has-post-thumbnail","6":"product_cat-uncategorized","8":"first","9":"instock","10":"purchasable","11":"product-type-simple"},"acf":[],"yoast_head":"<!-- This site is optimized with the Yoast SEO Premium plugin v27.3 (Yoast SEO v27.3) - https:\/\/yoast.com\/product\/yoast-seo-premium-wordpress\/ -->\n<title>3129d main pcb 2 - ERD Industrial Repair Store<\/title>\n<meta name=\"description\" content=\"This is the specific repair catalog page for 3129d main pcb, repaired by the expert repair technicians of ERD Ltd.\" \/>\n<meta name=\"robots\" content=\"index, follow, max-snippet:-1, max-image-preview:large, max-video-preview:-1\" \/>\n<link rel=\"canonical\" href=\"https:\/\/industrialrepairstore.com\/es\/producto\/3129d-main-pcb-2\/\" \/>\n<meta property=\"og:locale\" content=\"es_MX\" \/>\n<meta property=\"og:type\" content=\"article\" \/>\n<meta property=\"og:title\" content=\"3129d main pcb 2\" \/>\n<meta property=\"og:description\" content=\"This is the specific repair catalog page for 3129d main pcb, repaired by the expert repair technicians of ERD Ltd.\" \/>\n<meta property=\"og:url\" content=\"https:\/\/industrialrepairstore.com\/es\/producto\/3129d-main-pcb-2\/\" \/>\n<meta property=\"og:site_name\" content=\"ERD Industrial Repair Store\" \/>\n<meta property=\"article:modified_time\" content=\"2025-03-04T03:00:07+00:00\" \/>\n<meta property=\"og:image\" content=\"https:\/\/industrialrepairstore.com\/wp-content\/uploads\/2023\/08\/ERD_Warranty_Image-1.jpg\" \/>\n\t<meta property=\"og:image:width\" content=\"276\" \/>\n\t<meta property=\"og:image:height\" content=\"272\" \/>\n\t<meta property=\"og:image:type\" content=\"image\/jpeg\" \/>\n<meta name=\"twitter:card\" content=\"summary_large_image\" \/>\n<script type=\"application\/ld+json\" class=\"yoast-schema-graph\">{\"@context\":\"https:\\\/\\\/schema.org\",\"@graph\":[{\"@type\":\"WebPage\",\"@id\":\"https:\\\/\\\/industrialrepairstore.com\\\/product\\\/3129d-main-pcb-2\\\/\",\"url\":\"https:\\\/\\\/industrialrepairstore.com\\\/product\\\/3129d-main-pcb-2\\\/\",\"name\":\"3129d main pcb 2 - ERD Industrial Repair Store\",\"isPartOf\":{\"@id\":\"https:\\\/\\\/industrialrepairstore.com\\\/#website\"},\"primaryImageOfPage\":{\"@id\":\"https:\\\/\\\/industrialrepairstore.com\\\/product\\\/3129d-main-pcb-2\\\/#primaryimage\"},\"image\":{\"@id\":\"https:\\\/\\\/industrialrepairstore.com\\\/product\\\/3129d-main-pcb-2\\\/#primaryimage\"},\"thumbnailUrl\":\"https:\\\/\\\/industrialrepairstore.com\\\/wp-content\\\/uploads\\\/2018\\\/05\\\/New-ERD-WARRANTY.4.png\",\"datePublished\":\"2019-07-26T23:07:06+00:00\",\"dateModified\":\"2025-03-04T03:00:07+00:00\",\"description\":\"This is the specific repair catalog page for 3129d main pcb, repaired by the expert repair technicians of ERD Ltd.\",\"breadcrumb\":{\"@id\":\"https:\\\/\\\/industrialrepairstore.com\\\/product\\\/3129d-main-pcb-2\\\/#breadcrumb\"},\"inLanguage\":\"es\",\"potentialAction\":[{\"@type\":\"ReadAction\",\"target\":[\"https:\\\/\\\/industrialrepairstore.com\\\/product\\\/3129d-main-pcb-2\\\/\"]}]},{\"@type\":\"ImageObject\",\"inLanguage\":\"es\",\"@id\":\"https:\\\/\\\/industrialrepairstore.com\\\/product\\\/3129d-main-pcb-2\\\/#primaryimage\",\"url\":\"https:\\\/\\\/industrialrepairstore.com\\\/wp-content\\\/uploads\\\/2018\\\/05\\\/New-ERD-WARRANTY.4.png\",\"contentUrl\":\"https:\\\/\\\/industrialrepairstore.com\\\/wp-content\\\/uploads\\\/2018\\\/05\\\/New-ERD-WARRANTY.4.png\",\"width\":315,\"height\":315,\"caption\":\"Comdel, Inc CPS-1001S RF Generator\"},{\"@type\":\"BreadcrumbList\",\"@id\":\"https:\\\/\\\/industrialrepairstore.com\\\/product\\\/3129d-main-pcb-2\\\/#breadcrumb\",\"itemListElement\":[{\"@type\":\"ListItem\",\"position\":1,\"name\":\"Home\",\"item\":\"https:\\\/\\\/industrialrepairstore.com\\\/\"},{\"@type\":\"ListItem\",\"position\":2,\"name\":\"Shop\",\"item\":\"https:\\\/\\\/industrialrepairstore.com\\\/shop\\\/\"},{\"@type\":\"ListItem\",\"position\":3,\"name\":\"3129d main pcb 2\"}]},{\"@type\":\"WebSite\",\"@id\":\"https:\\\/\\\/industrialrepairstore.com\\\/#website\",\"url\":\"https:\\\/\\\/industrialrepairstore.com\\\/\",\"name\":\"ERD Industrial Repair Store\",\"description\":\"Reimagining the Future of Repair Through Innovation\",\"potentialAction\":[{\"@type\":\"SearchAction\",\"target\":{\"@type\":\"EntryPoint\",\"urlTemplate\":\"https:\\\/\\\/industrialrepairstore.com\\\/?s={search_term_string}\"},\"query-input\":{\"@type\":\"PropertyValueSpecification\",\"valueRequired\":true,\"valueName\":\"search_term_string\"}}],\"inLanguage\":\"es\"}]}<\/script>\n<!-- \/ Yoast SEO Premium plugin. -->","yoast_head_json":{"title":"3129d main pcb 2 - ERD Industrial Repair Store","description":"This is the specific repair catalog page for 3129d main pcb, repaired by the expert repair technicians of ERD Ltd.","robots":{"index":"index","follow":"follow","max-snippet":"max-snippet:-1","max-image-preview":"max-image-preview:large","max-video-preview":"max-video-preview:-1"},"canonical":"https:\/\/industrialrepairstore.com\/es\/producto\/3129d-main-pcb-2\/","og_locale":"es_MX","og_type":"article","og_title":"3129d main pcb 2","og_description":"This is the specific repair catalog page for 3129d main pcb, repaired by the expert repair technicians of ERD Ltd.","og_url":"https:\/\/industrialrepairstore.com\/es\/producto\/3129d-main-pcb-2\/","og_site_name":"ERD Industrial Repair Store","article_modified_time":"2025-03-04T03:00:07+00:00","og_image":[{"width":276,"height":272,"url":"https:\/\/industrialrepairstore.com\/wp-content\/uploads\/2023\/08\/ERD_Warranty_Image-1.jpg","type":"image\/jpeg"}],"twitter_card":"summary_large_image","schema":{"@context":"https:\/\/schema.org","@graph":[{"@type":"WebPage","@id":"https:\/\/industrialrepairstore.com\/product\/3129d-main-pcb-2\/","url":"https:\/\/industrialrepairstore.com\/product\/3129d-main-pcb-2\/","name":"3129d main pcb 2 - ERD Industrial Repair Store","isPartOf":{"@id":"https:\/\/industrialrepairstore.com\/#website"},"primaryImageOfPage":{"@id":"https:\/\/industrialrepairstore.com\/product\/3129d-main-pcb-2\/#primaryimage"},"image":{"@id":"https:\/\/industrialrepairstore.com\/product\/3129d-main-pcb-2\/#primaryimage"},"thumbnailUrl":"https:\/\/industrialrepairstore.com\/wp-content\/uploads\/2018\/05\/New-ERD-WARRANTY.4.png","datePublished":"2019-07-26T23:07:06+00:00","dateModified":"2025-03-04T03:00:07+00:00","description":"This is the specific repair catalog page for 3129d main pcb, repaired by the expert repair technicians of ERD Ltd.","breadcrumb":{"@id":"https:\/\/industrialrepairstore.com\/product\/3129d-main-pcb-2\/#breadcrumb"},"inLanguage":"es","potentialAction":[{"@type":"ReadAction","target":["https:\/\/industrialrepairstore.com\/product\/3129d-main-pcb-2\/"]}]},{"@type":"ImageObject","inLanguage":"es","@id":"https:\/\/industrialrepairstore.com\/product\/3129d-main-pcb-2\/#primaryimage","url":"https:\/\/industrialrepairstore.com\/wp-content\/uploads\/2018\/05\/New-ERD-WARRANTY.4.png","contentUrl":"https:\/\/industrialrepairstore.com\/wp-content\/uploads\/2018\/05\/New-ERD-WARRANTY.4.png","width":315,"height":315,"caption":"Comdel, Inc CPS-1001S RF Generator"},{"@type":"BreadcrumbList","@id":"https:\/\/industrialrepairstore.com\/product\/3129d-main-pcb-2\/#breadcrumb","itemListElement":[{"@type":"ListItem","position":1,"name":"Home","item":"https:\/\/industrialrepairstore.com\/"},{"@type":"ListItem","position":2,"name":"Shop","item":"https:\/\/industrialrepairstore.com\/shop\/"},{"@type":"ListItem","position":3,"name":"3129d main pcb 2"}]},{"@type":"WebSite","@id":"https:\/\/industrialrepairstore.com\/#website","url":"https:\/\/industrialrepairstore.com\/","name":"ERD Industrial Repair Store","description":"Reimagining the Future of Repair Through Innovation","potentialAction":[{"@type":"SearchAction","target":{"@type":"EntryPoint","urlTemplate":"https:\/\/industrialrepairstore.com\/?s={search_term_string}"},"query-input":{"@type":"PropertyValueSpecification","valueRequired":true,"valueName":"search_term_string"}}],"inLanguage":"es"}]}},"_links":{"self":[{"href":"https:\/\/industrialrepairstore.com\/es\/wp-json\/wp\/v2\/product\/44105","targetHints":{"allow":["GET"]}}],"collection":[{"href":"https:\/\/industrialrepairstore.com\/es\/wp-json\/wp\/v2\/product"}],"about":[{"href":"https:\/\/industrialrepairstore.com\/es\/wp-json\/wp\/v2\/types\/product"}],"wp:featuredmedia":[{"embeddable":true,"href":"https:\/\/industrialrepairstore.com\/es\/wp-json\/wp\/v2\/media\/49349"}],"wp:attachment":[{"href":"https:\/\/industrialrepairstore.com\/es\/wp-json\/wp\/v2\/media?parent=44105"}],"wp:term":[{"taxonomy":"product_brand","embeddable":true,"href":"https:\/\/industrialrepairstore.com\/es\/wp-json\/wp\/v2\/product_brand?post=44105"},{"taxonomy":"product_cat","embeddable":true,"href":"https:\/\/industrialrepairstore.com\/es\/wp-json\/wp\/v2\/product_cat?post=44105"},{"taxonomy":"product_tag","embeddable":true,"href":"https:\/\/industrialrepairstore.com\/es\/wp-json\/wp\/v2\/product_tag?post=44105"}],"curies":[{"name":"wp","href":"https:\/\/api.w.org\/{rel}","templated":true}]}}