{"id":46645,"date":"2023-04-04T12:51:04","date_gmt":"2023-04-04T17:51:04","guid":{"rendered":"https:\/\/dev.industrialrepairstore.com\/product\/danfoss-vlt-aqua-drive-fc-series-131f6144\/"},"modified":"2025-05-13T09:28:07","modified_gmt":"2025-05-13T14:28:07","slug":"danfoss-vlt-aqua-drive-fc-series-131f6144","status":"publish","type":"product","link":"https:\/\/industrialrepairstore.com\/es\/producto\/danfoss-vlt-aqua-drive-fc-series-131f6144\/","title":{"rendered":"Danfoss VLT AQUA Drive Serie FC (131F6144)"},"content":{"rendered":"<p>If you would like to have ERD repair your Danfoss VLT AQUA Drive FC Series (131F6144), ship your unit to us at 705 Indeneer Drive, Kernersville, NC 27284. You will receive a firm quote for your approval the day we receive the unit. If you need to speak with us, please call 1.336.992.3611.<\/p>\n<p>Si sus necesidades de reparaci\u00f3n no se encuentran en nuestro extenso cat\u00e1logo de reparaciones, p\u00f3ngase en contacto con nosotros porque diariamente se a\u00f1aden nuevos art\u00edculos de reparaci\u00f3n. ERD tiene una larga tradici\u00f3n mundial en la reparaci\u00f3n de los componentes electr\u00f3nicos m\u00e1s complicados y estamos deseando trabajar con usted.<\/p>","protected":false},"excerpt":{"rendered":"<p>This is the specific repair catalog page for Danfoss VLT AQUA Drive FC Series (131F6144), repaired by the expert repair technicians of ERD Ltd.<\/p>","protected":false},"featured_media":46646,"template":"","meta":{"_acf_changed":false,"_et_pb_use_builder":"","_et_pb_old_content":"","_et_gb_content_width":""},"product_brand":[],"product_cat":[78],"product_tag":[278,340,65],"class_list":{"0":"post-46645","1":"product","2":"type-product","3":"status-publish","4":"has-post-thumbnail","6":"product_cat-industrial","7":"product_tag-danfoss","8":"product_tag-red","9":"product_tag-repair","11":"first","12":"instock","13":"purchasable","14":"product-type-simple"},"acf":[],"yoast_head":"<!-- This site is optimized with the Yoast SEO Premium plugin v27.3 (Yoast SEO v27.3) - https:\/\/yoast.com\/product\/yoast-seo-premium-wordpress\/ -->\n<title>Danfoss VLT AQUA Drive FC Series (131F6144) - ERD Industrial Repair Store<\/title>\n<meta name=\"description\" content=\"Expert [REPLACE PRODUCT NAME] repair by the skilled technicians at ERD Ltd. Call 336-992-3611 for more information!\" \/>\n<meta name=\"robots\" content=\"index, follow, max-snippet:-1, max-image-preview:large, max-video-preview:-1\" \/>\n<link rel=\"canonical\" href=\"https:\/\/industrialrepairstore.com\/es\/producto\/danfoss-vlt-aqua-drive-fc-series-131f6144\/\" \/>\n<meta property=\"og:locale\" content=\"es_MX\" \/>\n<meta property=\"og:type\" content=\"article\" \/>\n<meta property=\"og:title\" content=\"Danfoss VLT AQUA Drive FC Series (131F6144)\" \/>\n<meta property=\"og:description\" content=\"Expert [REPLACE PRODUCT NAME] repair by the skilled technicians at ERD Ltd. Call 336-992-3611 for more information!\" \/>\n<meta property=\"og:url\" content=\"https:\/\/industrialrepairstore.com\/es\/producto\/danfoss-vlt-aqua-drive-fc-series-131f6144\/\" \/>\n<meta property=\"og:site_name\" content=\"ERD Industrial Repair Store\" \/>\n<meta property=\"article:modified_time\" content=\"2025-05-13T14:28:07+00:00\" \/>\n<meta property=\"og:image\" content=\"https:\/\/industrialrepairstore.com\/wp-content\/uploads\/2023\/09\/031523015_danfoss_fc_202p160t7e54h2xgcxxxsxxxaxbxcxxxxdx_52WrjFT2.jpg\" \/>\n\t<meta property=\"og:image:width\" content=\"1900\" \/>\n\t<meta property=\"og:image:height\" content=\"2533\" \/>\n\t<meta property=\"og:image:type\" content=\"image\/jpeg\" \/>\n<meta name=\"twitter:card\" content=\"summary_large_image\" \/>\n<script type=\"application\/ld+json\" class=\"yoast-schema-graph\">{\"@context\":\"https:\\\/\\\/schema.org\",\"@graph\":[{\"@type\":\"WebPage\",\"@id\":\"https:\\\/\\\/industrialrepairstore.com\\\/product\\\/danfoss-vlt-aqua-drive-fc-series-131f6144\\\/\",\"url\":\"https:\\\/\\\/industrialrepairstore.com\\\/product\\\/danfoss-vlt-aqua-drive-fc-series-131f6144\\\/\",\"name\":\"Danfoss VLT AQUA Drive FC Series (131F6144) - ERD Industrial Repair Store\",\"isPartOf\":{\"@id\":\"https:\\\/\\\/industrialrepairstore.com\\\/#website\"},\"primaryImageOfPage\":{\"@id\":\"https:\\\/\\\/industrialrepairstore.com\\\/product\\\/danfoss-vlt-aqua-drive-fc-series-131f6144\\\/#primaryimage\"},\"image\":{\"@id\":\"https:\\\/\\\/industrialrepairstore.com\\\/product\\\/danfoss-vlt-aqua-drive-fc-series-131f6144\\\/#primaryimage\"},\"thumbnailUrl\":\"https:\\\/\\\/industrialrepairstore.com\\\/wp-content\\\/uploads\\\/2023\\\/09\\\/031523015_danfoss_fc_202p160t7e54h2xgcxxxsxxxaxbxcxxxxdx_52WrjFT2.jpg\",\"datePublished\":\"2023-04-04T17:51:04+00:00\",\"dateModified\":\"2025-05-13T14:28:07+00:00\",\"description\":\"Expert [REPLACE PRODUCT NAME] repair by the skilled technicians at ERD Ltd. Call 336-992-3611 for more information!\",\"breadcrumb\":{\"@id\":\"https:\\\/\\\/industrialrepairstore.com\\\/product\\\/danfoss-vlt-aqua-drive-fc-series-131f6144\\\/#breadcrumb\"},\"inLanguage\":\"es\",\"potentialAction\":[{\"@type\":\"ReadAction\",\"target\":[\"https:\\\/\\\/industrialrepairstore.com\\\/product\\\/danfoss-vlt-aqua-drive-fc-series-131f6144\\\/\"]}]},{\"@type\":\"ImageObject\",\"inLanguage\":\"es\",\"@id\":\"https:\\\/\\\/industrialrepairstore.com\\\/product\\\/danfoss-vlt-aqua-drive-fc-series-131f6144\\\/#primaryimage\",\"url\":\"https:\\\/\\\/industrialrepairstore.com\\\/wp-content\\\/uploads\\\/2023\\\/09\\\/031523015_danfoss_fc_202p160t7e54h2xgcxxxsxxxaxbxcxxxxdx_52WrjFT2.jpg\",\"contentUrl\":\"https:\\\/\\\/industrialrepairstore.com\\\/wp-content\\\/uploads\\\/2023\\\/09\\\/031523015_danfoss_fc_202p160t7e54h2xgcxxxsxxxaxbxcxxxxdx_52WrjFT2.jpg\",\"width\":1900,\"height\":2533,\"caption\":\"Danfoss VLT AQUA Drive FC Series (131F6144)\"},{\"@type\":\"BreadcrumbList\",\"@id\":\"https:\\\/\\\/industrialrepairstore.com\\\/product\\\/danfoss-vlt-aqua-drive-fc-series-131f6144\\\/#breadcrumb\",\"itemListElement\":[{\"@type\":\"ListItem\",\"position\":1,\"name\":\"Home\",\"item\":\"https:\\\/\\\/industrialrepairstore.com\\\/\"},{\"@type\":\"ListItem\",\"position\":2,\"name\":\"Shop\",\"item\":\"https:\\\/\\\/industrialrepairstore.com\\\/shop\\\/\"},{\"@type\":\"ListItem\",\"position\":3,\"name\":\"Danfoss VLT AQUA Drive FC Series (131F6144)\"}]},{\"@type\":\"WebSite\",\"@id\":\"https:\\\/\\\/industrialrepairstore.com\\\/#website\",\"url\":\"https:\\\/\\\/industrialrepairstore.com\\\/\",\"name\":\"ERD Industrial Repair Store\",\"description\":\"Reimagining the Future of Repair Through Innovation\",\"potentialAction\":[{\"@type\":\"SearchAction\",\"target\":{\"@type\":\"EntryPoint\",\"urlTemplate\":\"https:\\\/\\\/industrialrepairstore.com\\\/?s={search_term_string}\"},\"query-input\":{\"@type\":\"PropertyValueSpecification\",\"valueRequired\":true,\"valueName\":\"search_term_string\"}}],\"inLanguage\":\"es\"}]}<\/script>\n<!-- \/ Yoast SEO Premium plugin. -->","yoast_head_json":{"title":"Danfoss VLT AQUA Drive FC Series (131F6144) - ERD Industrial Repair Store","description":"Expert [REPLACE PRODUCT NAME] repair by the skilled technicians at ERD Ltd. Call 336-992-3611 for more information!","robots":{"index":"index","follow":"follow","max-snippet":"max-snippet:-1","max-image-preview":"max-image-preview:large","max-video-preview":"max-video-preview:-1"},"canonical":"https:\/\/industrialrepairstore.com\/es\/producto\/danfoss-vlt-aqua-drive-fc-series-131f6144\/","og_locale":"es_MX","og_type":"article","og_title":"Danfoss VLT AQUA Drive FC Series (131F6144)","og_description":"Expert [REPLACE PRODUCT NAME] repair by the skilled technicians at ERD Ltd. Call 336-992-3611 for more information!","og_url":"https:\/\/industrialrepairstore.com\/es\/producto\/danfoss-vlt-aqua-drive-fc-series-131f6144\/","og_site_name":"ERD Industrial Repair Store","article_modified_time":"2025-05-13T14:28:07+00:00","og_image":[{"width":1900,"height":2533,"url":"https:\/\/industrialrepairstore.com\/wp-content\/uploads\/2023\/09\/031523015_danfoss_fc_202p160t7e54h2xgcxxxsxxxaxbxcxxxxdx_52WrjFT2.jpg","type":"image\/jpeg"}],"twitter_card":"summary_large_image","schema":{"@context":"https:\/\/schema.org","@graph":[{"@type":"WebPage","@id":"https:\/\/industrialrepairstore.com\/product\/danfoss-vlt-aqua-drive-fc-series-131f6144\/","url":"https:\/\/industrialrepairstore.com\/product\/danfoss-vlt-aqua-drive-fc-series-131f6144\/","name":"Danfoss VLT AQUA Drive FC Series (131F6144) - ERD Industrial Repair Store","isPartOf":{"@id":"https:\/\/industrialrepairstore.com\/#website"},"primaryImageOfPage":{"@id":"https:\/\/industrialrepairstore.com\/product\/danfoss-vlt-aqua-drive-fc-series-131f6144\/#primaryimage"},"image":{"@id":"https:\/\/industrialrepairstore.com\/product\/danfoss-vlt-aqua-drive-fc-series-131f6144\/#primaryimage"},"thumbnailUrl":"https:\/\/industrialrepairstore.com\/wp-content\/uploads\/2023\/09\/031523015_danfoss_fc_202p160t7e54h2xgcxxxsxxxaxbxcxxxxdx_52WrjFT2.jpg","datePublished":"2023-04-04T17:51:04+00:00","dateModified":"2025-05-13T14:28:07+00:00","description":"Expert [REPLACE PRODUCT NAME] repair by the skilled technicians at ERD Ltd. Call 336-992-3611 for more information!","breadcrumb":{"@id":"https:\/\/industrialrepairstore.com\/product\/danfoss-vlt-aqua-drive-fc-series-131f6144\/#breadcrumb"},"inLanguage":"es","potentialAction":[{"@type":"ReadAction","target":["https:\/\/industrialrepairstore.com\/product\/danfoss-vlt-aqua-drive-fc-series-131f6144\/"]}]},{"@type":"ImageObject","inLanguage":"es","@id":"https:\/\/industrialrepairstore.com\/product\/danfoss-vlt-aqua-drive-fc-series-131f6144\/#primaryimage","url":"https:\/\/industrialrepairstore.com\/wp-content\/uploads\/2023\/09\/031523015_danfoss_fc_202p160t7e54h2xgcxxxsxxxaxbxcxxxxdx_52WrjFT2.jpg","contentUrl":"https:\/\/industrialrepairstore.com\/wp-content\/uploads\/2023\/09\/031523015_danfoss_fc_202p160t7e54h2xgcxxxsxxxaxbxcxxxxdx_52WrjFT2.jpg","width":1900,"height":2533,"caption":"Danfoss VLT AQUA Drive FC Series (131F6144)"},{"@type":"BreadcrumbList","@id":"https:\/\/industrialrepairstore.com\/product\/danfoss-vlt-aqua-drive-fc-series-131f6144\/#breadcrumb","itemListElement":[{"@type":"ListItem","position":1,"name":"Home","item":"https:\/\/industrialrepairstore.com\/"},{"@type":"ListItem","position":2,"name":"Shop","item":"https:\/\/industrialrepairstore.com\/shop\/"},{"@type":"ListItem","position":3,"name":"Danfoss VLT AQUA Drive FC Series (131F6144)"}]},{"@type":"WebSite","@id":"https:\/\/industrialrepairstore.com\/#website","url":"https:\/\/industrialrepairstore.com\/","name":"ERD Industrial Repair Store","description":"Reimagining the Future of Repair Through Innovation","potentialAction":[{"@type":"SearchAction","target":{"@type":"EntryPoint","urlTemplate":"https:\/\/industrialrepairstore.com\/?s={search_term_string}"},"query-input":{"@type":"PropertyValueSpecification","valueRequired":true,"valueName":"search_term_string"}}],"inLanguage":"es"}]}},"_links":{"self":[{"href":"https:\/\/industrialrepairstore.com\/es\/wp-json\/wp\/v2\/product\/46645","targetHints":{"allow":["GET"]}}],"collection":[{"href":"https:\/\/industrialrepairstore.com\/es\/wp-json\/wp\/v2\/product"}],"about":[{"href":"https:\/\/industrialrepairstore.com\/es\/wp-json\/wp\/v2\/types\/product"}],"wp:featuredmedia":[{"embeddable":true,"href":"https:\/\/industrialrepairstore.com\/es\/wp-json\/wp\/v2\/media\/46646"}],"wp:attachment":[{"href":"https:\/\/industrialrepairstore.com\/es\/wp-json\/wp\/v2\/media?parent=46645"}],"wp:term":[{"taxonomy":"product_brand","embeddable":true,"href":"https:\/\/industrialrepairstore.com\/es\/wp-json\/wp\/v2\/product_brand?post=46645"},{"taxonomy":"product_cat","embeddable":true,"href":"https:\/\/industrialrepairstore.com\/es\/wp-json\/wp\/v2\/product_cat?post=46645"},{"taxonomy":"product_tag","embeddable":true,"href":"https:\/\/industrialrepairstore.com\/es\/wp-json\/wp\/v2\/product_tag?post=46645"}],"curies":[{"name":"wp","href":"https:\/\/api.w.org\/{rel}","templated":true}]}}