{"id":46984,"date":"2023-07-03T13:34:59","date_gmt":"2023-07-03T18:34:59","guid":{"rendered":"https:\/\/dev.industrialrepairstore.com\/product\/sanyo-denki-pe2a030a-wa1sjb\/"},"modified":"2025-03-05T20:49:33","modified_gmt":"2025-03-06T02:49:33","slug":"sanyo-denki-pe2a030a-wa1sjb","status":"publish","type":"product","link":"https:\/\/industrialrepairstore.com\/es\/producto\/sanyo-denki-pe2a030a-wa1sjb\/","title":{"rendered":"Sanyo Denki pe2a030a Wa1sjb"},"content":{"rendered":"<p>If you would like to have ERD repair your Sanyo Denki pe2a030a Wa1sjb, ship your unit to us at 705 Indeneer Drive, Kernersville, NC 27284. You will receive a firm quote for your approval the day we receive the unit. If you need to speak with us, please call 1.336.992.3611.<\/p>\n<p>Si sus necesidades de reparaci\u00f3n no se encuentran en nuestro extenso cat\u00e1logo de reparaciones, p\u00f3ngase en contacto con nosotros porque diariamente se a\u00f1aden nuevos art\u00edculos de reparaci\u00f3n. ERD tiene una larga tradici\u00f3n mundial en la reparaci\u00f3n de los componentes electr\u00f3nicos m\u00e1s complicados y estamos deseando trabajar con usted.<\/p>","protected":false},"excerpt":{"rendered":"<p>This is the specific repair catalog page for Sanyo Denki pe2a030a Wa1sjb, repaired by the expert repair technicians of ERD Ltd.<\/p>","protected":false},"featured_media":46985,"template":"","meta":{"_acf_changed":false,"_et_pb_use_builder":"","_et_pb_old_content":"","_et_gb_content_width":""},"product_brand":[],"product_cat":[351,22],"product_tag":[],"class_list":{"0":"post-46984","1":"product","2":"type-product","3":"status-publish","4":"has-post-thumbnail","6":"product_cat-semiconductor","7":"product_cat-uncategorized","9":"first","10":"instock","11":"purchasable","12":"product-type-simple"},"acf":[],"yoast_head":"<!-- This site is optimized with the Yoast SEO Premium plugin v27.3 (Yoast SEO v27.3) - https:\/\/yoast.com\/product\/yoast-seo-premium-wordpress\/ -->\n<title>Sanyo Denki pe2a030a Wa1sjb - ERD Industrial Repair Store<\/title>\n<meta name=\"description\" content=\"This is the specific repair catalog page for Sanyo Denki pe2a030a Wa1sjb, repaired by the expert repair technicians of ERD Ltd.\" \/>\n<meta name=\"robots\" content=\"index, follow, max-snippet:-1, max-image-preview:large, max-video-preview:-1\" \/>\n<link rel=\"canonical\" href=\"https:\/\/industrialrepairstore.com\/es\/producto\/sanyo-denki-pe2a030a-wa1sjb\/\" \/>\n<meta property=\"og:locale\" content=\"es_MX\" \/>\n<meta property=\"og:type\" content=\"article\" \/>\n<meta property=\"og:title\" content=\"Sanyo Denki pe2a030a Wa1sjb\" \/>\n<meta property=\"og:description\" content=\"This is the specific repair catalog page for Sanyo Denki pe2a030a Wa1sjb, repaired by the expert repair technicians of ERD Ltd.\" \/>\n<meta property=\"og:url\" content=\"https:\/\/industrialrepairstore.com\/es\/producto\/sanyo-denki-pe2a030a-wa1sjb\/\" \/>\n<meta property=\"og:site_name\" content=\"ERD Industrial Repair Store\" \/>\n<meta property=\"article:modified_time\" content=\"2025-03-06T02:49:33+00:00\" \/>\n<meta property=\"og:image\" content=\"https:\/\/industrialrepairstore.com\/wp-content\/uploads\/2023\/10\/062923003_sanyo_denki_pe2a030a_wa1sjb_95YQcI1a.jpg\" \/>\n\t<meta property=\"og:image:width\" content=\"1900\" \/>\n\t<meta property=\"og:image:height\" content=\"2533\" \/>\n\t<meta property=\"og:image:type\" content=\"image\/jpeg\" \/>\n<meta name=\"twitter:card\" content=\"summary_large_image\" \/>\n<script type=\"application\/ld+json\" class=\"yoast-schema-graph\">{\"@context\":\"https:\\\/\\\/schema.org\",\"@graph\":[{\"@type\":\"WebPage\",\"@id\":\"https:\\\/\\\/industrialrepairstore.com\\\/product\\\/sanyo-denki-pe2a030a-wa1sjb\\\/\",\"url\":\"https:\\\/\\\/industrialrepairstore.com\\\/product\\\/sanyo-denki-pe2a030a-wa1sjb\\\/\",\"name\":\"Sanyo Denki pe2a030a Wa1sjb - ERD Industrial Repair Store\",\"isPartOf\":{\"@id\":\"https:\\\/\\\/industrialrepairstore.com\\\/#website\"},\"primaryImageOfPage\":{\"@id\":\"https:\\\/\\\/industrialrepairstore.com\\\/product\\\/sanyo-denki-pe2a030a-wa1sjb\\\/#primaryimage\"},\"image\":{\"@id\":\"https:\\\/\\\/industrialrepairstore.com\\\/product\\\/sanyo-denki-pe2a030a-wa1sjb\\\/#primaryimage\"},\"thumbnailUrl\":\"https:\\\/\\\/industrialrepairstore.com\\\/wp-content\\\/uploads\\\/2023\\\/10\\\/062923003_sanyo_denki_pe2a030a_wa1sjb_95YQcI1a.jpg\",\"datePublished\":\"2023-07-03T18:34:59+00:00\",\"dateModified\":\"2025-03-06T02:49:33+00:00\",\"description\":\"This is the specific repair catalog page for Sanyo Denki pe2a030a Wa1sjb, repaired by the expert repair technicians of ERD Ltd.\",\"breadcrumb\":{\"@id\":\"https:\\\/\\\/industrialrepairstore.com\\\/product\\\/sanyo-denki-pe2a030a-wa1sjb\\\/#breadcrumb\"},\"inLanguage\":\"es\",\"potentialAction\":[{\"@type\":\"ReadAction\",\"target\":[\"https:\\\/\\\/industrialrepairstore.com\\\/product\\\/sanyo-denki-pe2a030a-wa1sjb\\\/\"]}]},{\"@type\":\"ImageObject\",\"inLanguage\":\"es\",\"@id\":\"https:\\\/\\\/industrialrepairstore.com\\\/product\\\/sanyo-denki-pe2a030a-wa1sjb\\\/#primaryimage\",\"url\":\"https:\\\/\\\/industrialrepairstore.com\\\/wp-content\\\/uploads\\\/2023\\\/10\\\/062923003_sanyo_denki_pe2a030a_wa1sjb_95YQcI1a.jpg\",\"contentUrl\":\"https:\\\/\\\/industrialrepairstore.com\\\/wp-content\\\/uploads\\\/2023\\\/10\\\/062923003_sanyo_denki_pe2a030a_wa1sjb_95YQcI1a.jpg\",\"width\":1900,\"height\":2533,\"caption\":\"Sanyo Denki pe2a030a Wa1sjb\"},{\"@type\":\"BreadcrumbList\",\"@id\":\"https:\\\/\\\/industrialrepairstore.com\\\/product\\\/sanyo-denki-pe2a030a-wa1sjb\\\/#breadcrumb\",\"itemListElement\":[{\"@type\":\"ListItem\",\"position\":1,\"name\":\"Home\",\"item\":\"https:\\\/\\\/industrialrepairstore.com\\\/\"},{\"@type\":\"ListItem\",\"position\":2,\"name\":\"Shop\",\"item\":\"https:\\\/\\\/industrialrepairstore.com\\\/shop\\\/\"},{\"@type\":\"ListItem\",\"position\":3,\"name\":\"Sanyo Denki pe2a030a Wa1sjb\"}]},{\"@type\":\"WebSite\",\"@id\":\"https:\\\/\\\/industrialrepairstore.com\\\/#website\",\"url\":\"https:\\\/\\\/industrialrepairstore.com\\\/\",\"name\":\"ERD Industrial Repair Store\",\"description\":\"Reimagining the Future of Repair Through Innovation\",\"potentialAction\":[{\"@type\":\"SearchAction\",\"target\":{\"@type\":\"EntryPoint\",\"urlTemplate\":\"https:\\\/\\\/industrialrepairstore.com\\\/?s={search_term_string}\"},\"query-input\":{\"@type\":\"PropertyValueSpecification\",\"valueRequired\":true,\"valueName\":\"search_term_string\"}}],\"inLanguage\":\"es\"}]}<\/script>\n<!-- \/ Yoast SEO Premium plugin. -->","yoast_head_json":{"title":"Sanyo Denki pe2a030a Wa1sjb - ERD Industrial Repair Store","description":"This is the specific repair catalog page for Sanyo Denki pe2a030a Wa1sjb, repaired by the expert repair technicians of ERD Ltd.","robots":{"index":"index","follow":"follow","max-snippet":"max-snippet:-1","max-image-preview":"max-image-preview:large","max-video-preview":"max-video-preview:-1"},"canonical":"https:\/\/industrialrepairstore.com\/es\/producto\/sanyo-denki-pe2a030a-wa1sjb\/","og_locale":"es_MX","og_type":"article","og_title":"Sanyo Denki pe2a030a Wa1sjb","og_description":"This is the specific repair catalog page for Sanyo Denki pe2a030a Wa1sjb, repaired by the expert repair technicians of ERD Ltd.","og_url":"https:\/\/industrialrepairstore.com\/es\/producto\/sanyo-denki-pe2a030a-wa1sjb\/","og_site_name":"ERD Industrial Repair Store","article_modified_time":"2025-03-06T02:49:33+00:00","og_image":[{"width":1900,"height":2533,"url":"https:\/\/industrialrepairstore.com\/wp-content\/uploads\/2023\/10\/062923003_sanyo_denki_pe2a030a_wa1sjb_95YQcI1a.jpg","type":"image\/jpeg"}],"twitter_card":"summary_large_image","schema":{"@context":"https:\/\/schema.org","@graph":[{"@type":"WebPage","@id":"https:\/\/industrialrepairstore.com\/product\/sanyo-denki-pe2a030a-wa1sjb\/","url":"https:\/\/industrialrepairstore.com\/product\/sanyo-denki-pe2a030a-wa1sjb\/","name":"Sanyo Denki pe2a030a Wa1sjb - ERD Industrial Repair Store","isPartOf":{"@id":"https:\/\/industrialrepairstore.com\/#website"},"primaryImageOfPage":{"@id":"https:\/\/industrialrepairstore.com\/product\/sanyo-denki-pe2a030a-wa1sjb\/#primaryimage"},"image":{"@id":"https:\/\/industrialrepairstore.com\/product\/sanyo-denki-pe2a030a-wa1sjb\/#primaryimage"},"thumbnailUrl":"https:\/\/industrialrepairstore.com\/wp-content\/uploads\/2023\/10\/062923003_sanyo_denki_pe2a030a_wa1sjb_95YQcI1a.jpg","datePublished":"2023-07-03T18:34:59+00:00","dateModified":"2025-03-06T02:49:33+00:00","description":"This is the specific repair catalog page for Sanyo Denki pe2a030a Wa1sjb, repaired by the expert repair technicians of ERD Ltd.","breadcrumb":{"@id":"https:\/\/industrialrepairstore.com\/product\/sanyo-denki-pe2a030a-wa1sjb\/#breadcrumb"},"inLanguage":"es","potentialAction":[{"@type":"ReadAction","target":["https:\/\/industrialrepairstore.com\/product\/sanyo-denki-pe2a030a-wa1sjb\/"]}]},{"@type":"ImageObject","inLanguage":"es","@id":"https:\/\/industrialrepairstore.com\/product\/sanyo-denki-pe2a030a-wa1sjb\/#primaryimage","url":"https:\/\/industrialrepairstore.com\/wp-content\/uploads\/2023\/10\/062923003_sanyo_denki_pe2a030a_wa1sjb_95YQcI1a.jpg","contentUrl":"https:\/\/industrialrepairstore.com\/wp-content\/uploads\/2023\/10\/062923003_sanyo_denki_pe2a030a_wa1sjb_95YQcI1a.jpg","width":1900,"height":2533,"caption":"Sanyo Denki pe2a030a Wa1sjb"},{"@type":"BreadcrumbList","@id":"https:\/\/industrialrepairstore.com\/product\/sanyo-denki-pe2a030a-wa1sjb\/#breadcrumb","itemListElement":[{"@type":"ListItem","position":1,"name":"Home","item":"https:\/\/industrialrepairstore.com\/"},{"@type":"ListItem","position":2,"name":"Shop","item":"https:\/\/industrialrepairstore.com\/shop\/"},{"@type":"ListItem","position":3,"name":"Sanyo Denki pe2a030a Wa1sjb"}]},{"@type":"WebSite","@id":"https:\/\/industrialrepairstore.com\/#website","url":"https:\/\/industrialrepairstore.com\/","name":"ERD Industrial Repair Store","description":"Reimagining the Future of Repair Through Innovation","potentialAction":[{"@type":"SearchAction","target":{"@type":"EntryPoint","urlTemplate":"https:\/\/industrialrepairstore.com\/?s={search_term_string}"},"query-input":{"@type":"PropertyValueSpecification","valueRequired":true,"valueName":"search_term_string"}}],"inLanguage":"es"}]}},"_links":{"self":[{"href":"https:\/\/industrialrepairstore.com\/es\/wp-json\/wp\/v2\/product\/46984","targetHints":{"allow":["GET"]}}],"collection":[{"href":"https:\/\/industrialrepairstore.com\/es\/wp-json\/wp\/v2\/product"}],"about":[{"href":"https:\/\/industrialrepairstore.com\/es\/wp-json\/wp\/v2\/types\/product"}],"wp:featuredmedia":[{"embeddable":true,"href":"https:\/\/industrialrepairstore.com\/es\/wp-json\/wp\/v2\/media\/46985"}],"wp:attachment":[{"href":"https:\/\/industrialrepairstore.com\/es\/wp-json\/wp\/v2\/media?parent=46984"}],"wp:term":[{"taxonomy":"product_brand","embeddable":true,"href":"https:\/\/industrialrepairstore.com\/es\/wp-json\/wp\/v2\/product_brand?post=46984"},{"taxonomy":"product_cat","embeddable":true,"href":"https:\/\/industrialrepairstore.com\/es\/wp-json\/wp\/v2\/product_cat?post=46984"},{"taxonomy":"product_tag","embeddable":true,"href":"https:\/\/industrialrepairstore.com\/es\/wp-json\/wp\/v2\/product_tag?post=46984"}],"curies":[{"name":"wp","href":"https:\/\/api.w.org\/{rel}","templated":true}]}}