{"id":48911,"date":"2024-02-26T08:50:44","date_gmt":"2024-02-26T14:50:44","guid":{"rendered":"https:\/\/industrialrepairstore.com\/?post_type=product&#038;p=48911"},"modified":"2025-03-10T07:46:55","modified_gmt":"2025-03-10T12:46:55","slug":"smc-thermo-con-inr-244-216b-chiller","status":"publish","type":"product","link":"https:\/\/industrialrepairstore.com\/es\/producto\/smc-thermo-con-inr-244-216b-chiller\/","title":{"rendered":"Enfriadora SMC Thermo-Con inr-244-216b"},"content":{"rendered":"<p>Si desea que ERD repare su enfriador SMC Thermo-Con inr-244-216b, env\u00edenos su unidad a 705 Indeneer Drive, Kernersville, NC 27284. Recibir\u00e1 un presupuesto en firme para su aprobaci\u00f3n en un plazo de 48 horas laborables tras la recepci\u00f3n de su unidad. Si necesita hablar con nosotros, llame al 1.336.992.3611.<\/p>\n<p>Si sus necesidades de reparaci\u00f3n no se encuentran en nuestro extenso cat\u00e1logo de reparaciones, p\u00f3ngase en contacto con nosotros porque diariamente se a\u00f1aden nuevos art\u00edculos de reparaci\u00f3n. ERD tiene una larga tradici\u00f3n mundial en la reparaci\u00f3n de los componentes electr\u00f3nicos m\u00e1s complicados y estamos deseando trabajar con usted.<\/p>","protected":false},"excerpt":{"rendered":"<p>Esta es la p\u00e1gina del cat\u00e1logo de reparaci\u00f3n espec\u00edfico para SMC Thermo-Con inr-244-216b chiller, reparado por los t\u00e9cnicos de reparaci\u00f3n expertos de ERD Ltd..<\/p>","protected":false},"featured_media":48912,"template":"","meta":{"_acf_changed":false,"_et_pb_use_builder":"","_et_pb_old_content":"","_et_gb_content_width":""},"product_brand":[],"product_cat":[78,351],"product_tag":[114,66,65,115],"class_list":{"0":"post-48911","1":"product","2":"type-product","3":"status-publish","4":"has-post-thumbnail","6":"product_cat-industrial","7":"product_cat-semiconductor","8":"product_tag-chiller","9":"product_tag-erd","10":"product_tag-repair","11":"product_tag-smc","13":"first","14":"instock","15":"shipping-taxable","16":"purchasable","17":"product-type-simple"},"acf":[],"yoast_head":"<!-- This site is optimized with the Yoast SEO Premium plugin v27.3 (Yoast SEO v27.3) - https:\/\/yoast.com\/product\/yoast-seo-premium-wordpress\/ -->\n<title>SMC Thermo-Con inr-244-216b chiller - ERD Industrial Repair Store<\/title>\n<meta name=\"description\" content=\"Expert SMC Thermo-Con inr-244-216b chiller repair by the skilled technicians at ERD Ltd. Call 336-992-3611 for more information!\" \/>\n<meta name=\"robots\" content=\"index, follow, max-snippet:-1, max-image-preview:large, max-video-preview:-1\" \/>\n<link rel=\"canonical\" href=\"https:\/\/industrialrepairstore.com\/es\/producto\/smc-thermo-con-inr-244-216b-chiller\/\" \/>\n<meta property=\"og:locale\" content=\"es_MX\" \/>\n<meta property=\"og:type\" content=\"article\" \/>\n<meta property=\"og:title\" content=\"SMC Thermo-Con inr-244-216b chiller\" \/>\n<meta property=\"og:description\" content=\"Expert SMC Thermo-Con inr-244-216b chiller repair by the skilled technicians at ERD Ltd. Call 336-992-3611 for more information!\" \/>\n<meta property=\"og:url\" content=\"https:\/\/industrialrepairstore.com\/es\/producto\/smc-thermo-con-inr-244-216b-chiller\/\" \/>\n<meta property=\"og:site_name\" content=\"ERD Industrial Repair Store\" \/>\n<meta property=\"article:modified_time\" content=\"2025-03-10T12:46:55+00:00\" \/>\n<meta property=\"og:image\" content=\"https:\/\/industrialrepairstore.com\/wp-content\/uploads\/2024\/02\/web_021924015_smc_thermo_con_inr_244_216b_azCI5Yex.jpg\" \/>\n\t<meta property=\"og:image:width\" content=\"1920\" \/>\n\t<meta property=\"og:image:height\" content=\"1440\" \/>\n\t<meta property=\"og:image:type\" content=\"image\/jpeg\" \/>\n<meta name=\"twitter:card\" content=\"summary_large_image\" \/>\n<meta name=\"twitter:label1\" content=\"Tiempo de lectura\" \/>\n\t<meta name=\"twitter:data1\" content=\"1 minuto\" \/>\n<script type=\"application\/ld+json\" class=\"yoast-schema-graph\">{\"@context\":\"https:\\\/\\\/schema.org\",\"@graph\":[{\"@type\":\"WebPage\",\"@id\":\"https:\\\/\\\/industrialrepairstore.com\\\/product\\\/smc-thermo-con-inr-244-216b-chiller\\\/\",\"url\":\"https:\\\/\\\/industrialrepairstore.com\\\/product\\\/smc-thermo-con-inr-244-216b-chiller\\\/\",\"name\":\"SMC Thermo-Con inr-244-216b chiller - ERD Industrial Repair Store\",\"isPartOf\":{\"@id\":\"https:\\\/\\\/industrialrepairstore.com\\\/#website\"},\"primaryImageOfPage\":{\"@id\":\"https:\\\/\\\/industrialrepairstore.com\\\/product\\\/smc-thermo-con-inr-244-216b-chiller\\\/#primaryimage\"},\"image\":{\"@id\":\"https:\\\/\\\/industrialrepairstore.com\\\/product\\\/smc-thermo-con-inr-244-216b-chiller\\\/#primaryimage\"},\"thumbnailUrl\":\"https:\\\/\\\/industrialrepairstore.com\\\/wp-content\\\/uploads\\\/2024\\\/02\\\/web_021924015_smc_thermo_con_inr_244_216b_azCI5Yex.jpg\",\"datePublished\":\"2024-02-26T14:50:44+00:00\",\"dateModified\":\"2025-03-10T12:46:55+00:00\",\"description\":\"Expert SMC Thermo-Con inr-244-216b chiller repair by the skilled technicians at ERD Ltd. Call 336-992-3611 for more information!\",\"breadcrumb\":{\"@id\":\"https:\\\/\\\/industrialrepairstore.com\\\/product\\\/smc-thermo-con-inr-244-216b-chiller\\\/#breadcrumb\"},\"inLanguage\":\"es\",\"potentialAction\":[{\"@type\":\"ReadAction\",\"target\":[\"https:\\\/\\\/industrialrepairstore.com\\\/product\\\/smc-thermo-con-inr-244-216b-chiller\\\/\"]}]},{\"@type\":\"ImageObject\",\"inLanguage\":\"es\",\"@id\":\"https:\\\/\\\/industrialrepairstore.com\\\/product\\\/smc-thermo-con-inr-244-216b-chiller\\\/#primaryimage\",\"url\":\"https:\\\/\\\/industrialrepairstore.com\\\/wp-content\\\/uploads\\\/2024\\\/02\\\/web_021924015_smc_thermo_con_inr_244_216b_azCI5Yex.jpg\",\"contentUrl\":\"https:\\\/\\\/industrialrepairstore.com\\\/wp-content\\\/uploads\\\/2024\\\/02\\\/web_021924015_smc_thermo_con_inr_244_216b_azCI5Yex.jpg\",\"width\":1920,\"height\":1440,\"caption\":\"SMC Thermo-Con inr-244-216b\"},{\"@type\":\"BreadcrumbList\",\"@id\":\"https:\\\/\\\/industrialrepairstore.com\\\/product\\\/smc-thermo-con-inr-244-216b-chiller\\\/#breadcrumb\",\"itemListElement\":[{\"@type\":\"ListItem\",\"position\":1,\"name\":\"Home\",\"item\":\"https:\\\/\\\/industrialrepairstore.com\\\/\"},{\"@type\":\"ListItem\",\"position\":2,\"name\":\"Shop\",\"item\":\"https:\\\/\\\/industrialrepairstore.com\\\/shop\\\/\"},{\"@type\":\"ListItem\",\"position\":3,\"name\":\"SMC Thermo-Con inr-244-216b chiller\"}]},{\"@type\":\"WebSite\",\"@id\":\"https:\\\/\\\/industrialrepairstore.com\\\/#website\",\"url\":\"https:\\\/\\\/industrialrepairstore.com\\\/\",\"name\":\"ERD Industrial Repair Store\",\"description\":\"Reimagining the Future of Repair Through Innovation\",\"potentialAction\":[{\"@type\":\"SearchAction\",\"target\":{\"@type\":\"EntryPoint\",\"urlTemplate\":\"https:\\\/\\\/industrialrepairstore.com\\\/?s={search_term_string}\"},\"query-input\":{\"@type\":\"PropertyValueSpecification\",\"valueRequired\":true,\"valueName\":\"search_term_string\"}}],\"inLanguage\":\"es\"}]}<\/script>\n<!-- \/ Yoast SEO Premium plugin. -->","yoast_head_json":{"title":"SMC Thermo-Con inr-244-216b chiller - ERD Industrial Repair Store","description":"Expert SMC Thermo-Con inr-244-216b chiller repair by the skilled technicians at ERD Ltd. Call 336-992-3611 for more information!","robots":{"index":"index","follow":"follow","max-snippet":"max-snippet:-1","max-image-preview":"max-image-preview:large","max-video-preview":"max-video-preview:-1"},"canonical":"https:\/\/industrialrepairstore.com\/es\/producto\/smc-thermo-con-inr-244-216b-chiller\/","og_locale":"es_MX","og_type":"article","og_title":"SMC Thermo-Con inr-244-216b chiller","og_description":"Expert SMC Thermo-Con inr-244-216b chiller repair by the skilled technicians at ERD Ltd. Call 336-992-3611 for more information!","og_url":"https:\/\/industrialrepairstore.com\/es\/producto\/smc-thermo-con-inr-244-216b-chiller\/","og_site_name":"ERD Industrial Repair Store","article_modified_time":"2025-03-10T12:46:55+00:00","og_image":[{"width":1920,"height":1440,"url":"https:\/\/industrialrepairstore.com\/wp-content\/uploads\/2024\/02\/web_021924015_smc_thermo_con_inr_244_216b_azCI5Yex.jpg","type":"image\/jpeg"}],"twitter_card":"summary_large_image","twitter_misc":{"Tiempo de lectura":"1 minuto"},"schema":{"@context":"https:\/\/schema.org","@graph":[{"@type":"WebPage","@id":"https:\/\/industrialrepairstore.com\/product\/smc-thermo-con-inr-244-216b-chiller\/","url":"https:\/\/industrialrepairstore.com\/product\/smc-thermo-con-inr-244-216b-chiller\/","name":"SMC Thermo-Con inr-244-216b chiller - ERD Industrial Repair Store","isPartOf":{"@id":"https:\/\/industrialrepairstore.com\/#website"},"primaryImageOfPage":{"@id":"https:\/\/industrialrepairstore.com\/product\/smc-thermo-con-inr-244-216b-chiller\/#primaryimage"},"image":{"@id":"https:\/\/industrialrepairstore.com\/product\/smc-thermo-con-inr-244-216b-chiller\/#primaryimage"},"thumbnailUrl":"https:\/\/industrialrepairstore.com\/wp-content\/uploads\/2024\/02\/web_021924015_smc_thermo_con_inr_244_216b_azCI5Yex.jpg","datePublished":"2024-02-26T14:50:44+00:00","dateModified":"2025-03-10T12:46:55+00:00","description":"Expert SMC Thermo-Con inr-244-216b chiller repair by the skilled technicians at ERD Ltd. Call 336-992-3611 for more information!","breadcrumb":{"@id":"https:\/\/industrialrepairstore.com\/product\/smc-thermo-con-inr-244-216b-chiller\/#breadcrumb"},"inLanguage":"es","potentialAction":[{"@type":"ReadAction","target":["https:\/\/industrialrepairstore.com\/product\/smc-thermo-con-inr-244-216b-chiller\/"]}]},{"@type":"ImageObject","inLanguage":"es","@id":"https:\/\/industrialrepairstore.com\/product\/smc-thermo-con-inr-244-216b-chiller\/#primaryimage","url":"https:\/\/industrialrepairstore.com\/wp-content\/uploads\/2024\/02\/web_021924015_smc_thermo_con_inr_244_216b_azCI5Yex.jpg","contentUrl":"https:\/\/industrialrepairstore.com\/wp-content\/uploads\/2024\/02\/web_021924015_smc_thermo_con_inr_244_216b_azCI5Yex.jpg","width":1920,"height":1440,"caption":"SMC Thermo-Con inr-244-216b"},{"@type":"BreadcrumbList","@id":"https:\/\/industrialrepairstore.com\/product\/smc-thermo-con-inr-244-216b-chiller\/#breadcrumb","itemListElement":[{"@type":"ListItem","position":1,"name":"Home","item":"https:\/\/industrialrepairstore.com\/"},{"@type":"ListItem","position":2,"name":"Shop","item":"https:\/\/industrialrepairstore.com\/shop\/"},{"@type":"ListItem","position":3,"name":"SMC Thermo-Con inr-244-216b chiller"}]},{"@type":"WebSite","@id":"https:\/\/industrialrepairstore.com\/#website","url":"https:\/\/industrialrepairstore.com\/","name":"ERD Industrial Repair Store","description":"Reimagining the Future of Repair Through Innovation","potentialAction":[{"@type":"SearchAction","target":{"@type":"EntryPoint","urlTemplate":"https:\/\/industrialrepairstore.com\/?s={search_term_string}"},"query-input":{"@type":"PropertyValueSpecification","valueRequired":true,"valueName":"search_term_string"}}],"inLanguage":"es"}]}},"_links":{"self":[{"href":"https:\/\/industrialrepairstore.com\/es\/wp-json\/wp\/v2\/product\/48911","targetHints":{"allow":["GET"]}}],"collection":[{"href":"https:\/\/industrialrepairstore.com\/es\/wp-json\/wp\/v2\/product"}],"about":[{"href":"https:\/\/industrialrepairstore.com\/es\/wp-json\/wp\/v2\/types\/product"}],"wp:featuredmedia":[{"embeddable":true,"href":"https:\/\/industrialrepairstore.com\/es\/wp-json\/wp\/v2\/media\/48912"}],"wp:attachment":[{"href":"https:\/\/industrialrepairstore.com\/es\/wp-json\/wp\/v2\/media?parent=48911"}],"wp:term":[{"taxonomy":"product_brand","embeddable":true,"href":"https:\/\/industrialrepairstore.com\/es\/wp-json\/wp\/v2\/product_brand?post=48911"},{"taxonomy":"product_cat","embeddable":true,"href":"https:\/\/industrialrepairstore.com\/es\/wp-json\/wp\/v2\/product_cat?post=48911"},{"taxonomy":"product_tag","embeddable":true,"href":"https:\/\/industrialrepairstore.com\/es\/wp-json\/wp\/v2\/product_tag?post=48911"}],"curies":[{"name":"wp","href":"https:\/\/api.w.org\/{rel}","templated":true}]}}