{"id":49257,"date":"2024-03-18T10:06:50","date_gmt":"2024-03-18T15:06:50","guid":{"rendered":"https:\/\/industrialrepairstore.com\/?post_type=product&#038;p=49257"},"modified":"2025-03-03T21:59:50","modified_gmt":"2025-03-04T03:59:50","slug":"applied-materials-0010-05002-isrm-laser-measuring","status":"publish","type":"product","link":"https:\/\/industrialrepairstore.com\/es\/producto\/applied-materials-0010-05002-isrm-laser-measuring\/","title":{"rendered":"Applied Materials 0010-05002 isrm Medici\u00f3n por l\u00e1ser"},"content":{"rendered":"<p>If you would like to have ERD repair your Applied Materials 0010-05002 isrm Laser Measuring, ship your unit to us at 705 Indeneer Drive, Kernersville, NC 27284. You will receive a firm quote for your approval within 48 business hours upon receipt of your unit. If you need to speak with us, please call 1.336.992.3611.<\/p>\n<p>Si sus necesidades de reparaci\u00f3n no se encuentran en nuestro extenso cat\u00e1logo de reparaciones, p\u00f3ngase en contacto con nosotros porque diariamente se a\u00f1aden nuevos art\u00edculos de reparaci\u00f3n. ERD tiene una larga tradici\u00f3n mundial en la reparaci\u00f3n de los componentes electr\u00f3nicos m\u00e1s complicados y estamos deseando trabajar con usted.<\/p>","protected":false},"excerpt":{"rendered":"<p>This is the specific repair catalog page for Applied Materials 0010-05002 isrm Laser Measuring, repaired by the expert repair technicians of ERD Ltd.<\/p>","protected":false},"featured_media":49259,"template":"","meta":{"_acf_changed":false,"_et_pb_use_builder":"","_et_pb_old_content":"","_et_gb_content_width":""},"product_brand":[],"product_cat":[78,351],"product_tag":[265,66,266,65],"class_list":{"0":"post-49257","1":"product","2":"type-product","3":"status-publish","4":"has-post-thumbnail","6":"product_cat-industrial","7":"product_cat-semiconductor","8":"product_tag-applied-materials","9":"product_tag-erd","10":"product_tag-laser-measuring","11":"product_tag-repair","13":"first","14":"instock","15":"shipping-taxable","16":"purchasable","17":"product-type-simple"},"acf":[],"yoast_head":"<!-- This site is optimized with the Yoast SEO Premium plugin v27.3 (Yoast SEO v27.3) - https:\/\/yoast.com\/product\/yoast-seo-premium-wordpress\/ -->\n<title>Applied Materials 0010-05002 isrm Laser Measuring - ERD Industrial Repair Store<\/title>\n<meta name=\"description\" content=\"Expert Applied Materials 0010-05002 isrm Laser Measuring repair by the skilled technicians at ERD Ltd. Call 336-992-3611 for more information!\" \/>\n<meta name=\"robots\" content=\"index, follow, max-snippet:-1, max-image-preview:large, max-video-preview:-1\" \/>\n<link rel=\"canonical\" href=\"https:\/\/industrialrepairstore.com\/es\/producto\/applied-materials-0010-05002-isrm-laser-measuring\/\" \/>\n<meta property=\"og:locale\" content=\"es_MX\" \/>\n<meta property=\"og:type\" content=\"article\" \/>\n<meta property=\"og:title\" content=\"Applied Materials 0010-05002 isrm Laser Measuring\" \/>\n<meta property=\"og:description\" content=\"Expert Applied Materials 0010-05002 isrm Laser Measuring repair by the skilled technicians at ERD Ltd. Call 336-992-3611 for more information!\" \/>\n<meta property=\"og:url\" content=\"https:\/\/industrialrepairstore.com\/es\/producto\/applied-materials-0010-05002-isrm-laser-measuring\/\" \/>\n<meta property=\"og:site_name\" content=\"ERD Industrial Repair Store\" \/>\n<meta property=\"article:modified_time\" content=\"2025-03-04T03:59:50+00:00\" \/>\n<meta property=\"og:image\" content=\"https:\/\/industrialrepairstore.com\/wp-content\/uploads\/2024\/03\/web_102723001_applied_materials_0010_05002_LpRP2hK1.jpg\" \/>\n\t<meta property=\"og:image:width\" content=\"1920\" \/>\n\t<meta property=\"og:image:height\" content=\"1440\" \/>\n\t<meta property=\"og:image:type\" content=\"image\/jpeg\" \/>\n<meta name=\"twitter:card\" content=\"summary_large_image\" \/>\n<meta name=\"twitter:label1\" content=\"Tiempo de lectura\" \/>\n\t<meta name=\"twitter:data1\" content=\"1 minuto\" \/>\n<script type=\"application\/ld+json\" class=\"yoast-schema-graph\">{\"@context\":\"https:\\\/\\\/schema.org\",\"@graph\":[{\"@type\":\"WebPage\",\"@id\":\"https:\\\/\\\/industrialrepairstore.com\\\/product\\\/applied-materials-0010-05002-isrm-laser-measuring\\\/\",\"url\":\"https:\\\/\\\/industrialrepairstore.com\\\/product\\\/applied-materials-0010-05002-isrm-laser-measuring\\\/\",\"name\":\"Applied Materials 0010-05002 isrm Laser Measuring - ERD Industrial Repair Store\",\"isPartOf\":{\"@id\":\"https:\\\/\\\/industrialrepairstore.com\\\/#website\"},\"primaryImageOfPage\":{\"@id\":\"https:\\\/\\\/industrialrepairstore.com\\\/product\\\/applied-materials-0010-05002-isrm-laser-measuring\\\/#primaryimage\"},\"image\":{\"@id\":\"https:\\\/\\\/industrialrepairstore.com\\\/product\\\/applied-materials-0010-05002-isrm-laser-measuring\\\/#primaryimage\"},\"thumbnailUrl\":\"https:\\\/\\\/industrialrepairstore.com\\\/wp-content\\\/uploads\\\/2024\\\/03\\\/web_102723001_applied_materials_0010_05002_LpRP2hK1.jpg\",\"datePublished\":\"2024-03-18T15:06:50+00:00\",\"dateModified\":\"2025-03-04T03:59:50+00:00\",\"description\":\"Expert Applied Materials 0010-05002 isrm Laser Measuring repair by the skilled technicians at ERD Ltd. Call 336-992-3611 for more information!\",\"breadcrumb\":{\"@id\":\"https:\\\/\\\/industrialrepairstore.com\\\/product\\\/applied-materials-0010-05002-isrm-laser-measuring\\\/#breadcrumb\"},\"inLanguage\":\"es\",\"potentialAction\":[{\"@type\":\"ReadAction\",\"target\":[\"https:\\\/\\\/industrialrepairstore.com\\\/product\\\/applied-materials-0010-05002-isrm-laser-measuring\\\/\"]}]},{\"@type\":\"ImageObject\",\"inLanguage\":\"es\",\"@id\":\"https:\\\/\\\/industrialrepairstore.com\\\/product\\\/applied-materials-0010-05002-isrm-laser-measuring\\\/#primaryimage\",\"url\":\"https:\\\/\\\/industrialrepairstore.com\\\/wp-content\\\/uploads\\\/2024\\\/03\\\/web_102723001_applied_materials_0010_05002_LpRP2hK1.jpg\",\"contentUrl\":\"https:\\\/\\\/industrialrepairstore.com\\\/wp-content\\\/uploads\\\/2024\\\/03\\\/web_102723001_applied_materials_0010_05002_LpRP2hK1.jpg\",\"width\":1920,\"height\":1440,\"caption\":\"Applied Materials 0010-05002 isrm Laser Measuring\"},{\"@type\":\"BreadcrumbList\",\"@id\":\"https:\\\/\\\/industrialrepairstore.com\\\/product\\\/applied-materials-0010-05002-isrm-laser-measuring\\\/#breadcrumb\",\"itemListElement\":[{\"@type\":\"ListItem\",\"position\":1,\"name\":\"Home\",\"item\":\"https:\\\/\\\/industrialrepairstore.com\\\/\"},{\"@type\":\"ListItem\",\"position\":2,\"name\":\"Shop\",\"item\":\"https:\\\/\\\/industrialrepairstore.com\\\/shop\\\/\"},{\"@type\":\"ListItem\",\"position\":3,\"name\":\"Applied Materials 0010-05002 isrm Laser Measuring\"}]},{\"@type\":\"WebSite\",\"@id\":\"https:\\\/\\\/industrialrepairstore.com\\\/#website\",\"url\":\"https:\\\/\\\/industrialrepairstore.com\\\/\",\"name\":\"ERD Industrial Repair Store\",\"description\":\"Reimagining the Future of Repair Through Innovation\",\"potentialAction\":[{\"@type\":\"SearchAction\",\"target\":{\"@type\":\"EntryPoint\",\"urlTemplate\":\"https:\\\/\\\/industrialrepairstore.com\\\/?s={search_term_string}\"},\"query-input\":{\"@type\":\"PropertyValueSpecification\",\"valueRequired\":true,\"valueName\":\"search_term_string\"}}],\"inLanguage\":\"es\"}]}<\/script>\n<!-- \/ Yoast SEO Premium plugin. -->","yoast_head_json":{"title":"Applied Materials 0010-05002 isrm Laser Measuring - ERD Industrial Repair Store","description":"Expert Applied Materials 0010-05002 isrm Laser Measuring repair by the skilled technicians at ERD Ltd. Call 336-992-3611 for more information!","robots":{"index":"index","follow":"follow","max-snippet":"max-snippet:-1","max-image-preview":"max-image-preview:large","max-video-preview":"max-video-preview:-1"},"canonical":"https:\/\/industrialrepairstore.com\/es\/producto\/applied-materials-0010-05002-isrm-laser-measuring\/","og_locale":"es_MX","og_type":"article","og_title":"Applied Materials 0010-05002 isrm Laser Measuring","og_description":"Expert Applied Materials 0010-05002 isrm Laser Measuring repair by the skilled technicians at ERD Ltd. Call 336-992-3611 for more information!","og_url":"https:\/\/industrialrepairstore.com\/es\/producto\/applied-materials-0010-05002-isrm-laser-measuring\/","og_site_name":"ERD Industrial Repair Store","article_modified_time":"2025-03-04T03:59:50+00:00","og_image":[{"width":1920,"height":1440,"url":"https:\/\/industrialrepairstore.com\/wp-content\/uploads\/2024\/03\/web_102723001_applied_materials_0010_05002_LpRP2hK1.jpg","type":"image\/jpeg"}],"twitter_card":"summary_large_image","twitter_misc":{"Tiempo de lectura":"1 minuto"},"schema":{"@context":"https:\/\/schema.org","@graph":[{"@type":"WebPage","@id":"https:\/\/industrialrepairstore.com\/product\/applied-materials-0010-05002-isrm-laser-measuring\/","url":"https:\/\/industrialrepairstore.com\/product\/applied-materials-0010-05002-isrm-laser-measuring\/","name":"Applied Materials 0010-05002 isrm Laser Measuring - ERD Industrial Repair Store","isPartOf":{"@id":"https:\/\/industrialrepairstore.com\/#website"},"primaryImageOfPage":{"@id":"https:\/\/industrialrepairstore.com\/product\/applied-materials-0010-05002-isrm-laser-measuring\/#primaryimage"},"image":{"@id":"https:\/\/industrialrepairstore.com\/product\/applied-materials-0010-05002-isrm-laser-measuring\/#primaryimage"},"thumbnailUrl":"https:\/\/industrialrepairstore.com\/wp-content\/uploads\/2024\/03\/web_102723001_applied_materials_0010_05002_LpRP2hK1.jpg","datePublished":"2024-03-18T15:06:50+00:00","dateModified":"2025-03-04T03:59:50+00:00","description":"Expert Applied Materials 0010-05002 isrm Laser Measuring repair by the skilled technicians at ERD Ltd. Call 336-992-3611 for more information!","breadcrumb":{"@id":"https:\/\/industrialrepairstore.com\/product\/applied-materials-0010-05002-isrm-laser-measuring\/#breadcrumb"},"inLanguage":"es","potentialAction":[{"@type":"ReadAction","target":["https:\/\/industrialrepairstore.com\/product\/applied-materials-0010-05002-isrm-laser-measuring\/"]}]},{"@type":"ImageObject","inLanguage":"es","@id":"https:\/\/industrialrepairstore.com\/product\/applied-materials-0010-05002-isrm-laser-measuring\/#primaryimage","url":"https:\/\/industrialrepairstore.com\/wp-content\/uploads\/2024\/03\/web_102723001_applied_materials_0010_05002_LpRP2hK1.jpg","contentUrl":"https:\/\/industrialrepairstore.com\/wp-content\/uploads\/2024\/03\/web_102723001_applied_materials_0010_05002_LpRP2hK1.jpg","width":1920,"height":1440,"caption":"Applied Materials 0010-05002 isrm Laser Measuring"},{"@type":"BreadcrumbList","@id":"https:\/\/industrialrepairstore.com\/product\/applied-materials-0010-05002-isrm-laser-measuring\/#breadcrumb","itemListElement":[{"@type":"ListItem","position":1,"name":"Home","item":"https:\/\/industrialrepairstore.com\/"},{"@type":"ListItem","position":2,"name":"Shop","item":"https:\/\/industrialrepairstore.com\/shop\/"},{"@type":"ListItem","position":3,"name":"Applied Materials 0010-05002 isrm Laser Measuring"}]},{"@type":"WebSite","@id":"https:\/\/industrialrepairstore.com\/#website","url":"https:\/\/industrialrepairstore.com\/","name":"ERD Industrial Repair Store","description":"Reimagining the Future of Repair Through Innovation","potentialAction":[{"@type":"SearchAction","target":{"@type":"EntryPoint","urlTemplate":"https:\/\/industrialrepairstore.com\/?s={search_term_string}"},"query-input":{"@type":"PropertyValueSpecification","valueRequired":true,"valueName":"search_term_string"}}],"inLanguage":"es"}]}},"_links":{"self":[{"href":"https:\/\/industrialrepairstore.com\/es\/wp-json\/wp\/v2\/product\/49257","targetHints":{"allow":["GET"]}}],"collection":[{"href":"https:\/\/industrialrepairstore.com\/es\/wp-json\/wp\/v2\/product"}],"about":[{"href":"https:\/\/industrialrepairstore.com\/es\/wp-json\/wp\/v2\/types\/product"}],"wp:featuredmedia":[{"embeddable":true,"href":"https:\/\/industrialrepairstore.com\/es\/wp-json\/wp\/v2\/media\/49259"}],"wp:attachment":[{"href":"https:\/\/industrialrepairstore.com\/es\/wp-json\/wp\/v2\/media?parent=49257"}],"wp:term":[{"taxonomy":"product_brand","embeddable":true,"href":"https:\/\/industrialrepairstore.com\/es\/wp-json\/wp\/v2\/product_brand?post=49257"},{"taxonomy":"product_cat","embeddable":true,"href":"https:\/\/industrialrepairstore.com\/es\/wp-json\/wp\/v2\/product_cat?post=49257"},{"taxonomy":"product_tag","embeddable":true,"href":"https:\/\/industrialrepairstore.com\/es\/wp-json\/wp\/v2\/product_tag?post=49257"}],"curies":[{"name":"wp","href":"https:\/\/api.w.org\/{rel}","templated":true}]}}