{"id":49375,"date":"2024-05-02T08:20:44","date_gmt":"2024-05-02T13:20:44","guid":{"rendered":"https:\/\/industrialrepairstore.com\/?post_type=product&#038;p=49375"},"modified":"2026-01-16T10:56:51","modified_gmt":"2026-01-16T16:56:51","slug":"f-studer-ag-1332-622c-00-pcu-terminal-teach-pendant","status":"publish","type":"product","link":"https:\/\/industrialrepairstore.com\/es\/producto\/f-studer-ag-1332-622c-00-pcu-terminal-teach-pendant\/","title":{"rendered":"F. Studer AG 1332 622c\/00 PCU Terminal teach colgante"},"content":{"rendered":"<p>Si desea que ERD repare su colgante F. Studer AG 1332 622c\/00 PCU Terminal teach, env\u00edenos su unidad a 705 Indeneer Drive, Kernersville, NC 27284. Usted recibir\u00e1 una cotizaci\u00f3n firme para su aprobaci\u00f3n dentro de las 48 horas h\u00e1biles siguientes a la recepci\u00f3n de su unidad. Si necesita hablar con nosotros, llame al 1.336.992.3611 o visite nuestra p\u00e1gina de contacto en <a href=\"https:\/\/industrialrepairstore.com\/es\/contact-erd\/\">https:\/\/industrialrepairstore.com\/contact-erd<\/a> .<\/p>\n<p>Si sus necesidades de reparaci\u00f3n no se encuentran en nuestro extenso cat\u00e1logo de reparaciones, p\u00f3ngase en contacto con nosotros porque cada d\u00eda se a\u00f1aden nuevos art\u00edculos de reparaci\u00f3n. Para obtener m\u00e1s informaci\u00f3n sobre los productos, visite nuestro amplio canal de v\u00eddeos de YouTube en <a href=\"https:\/\/www.youtube.com\/@erdltd\">https:\/\/www.youtube.com\/@erdltd<\/a>.  Nos comprometemos a ofrecer servicios excepcionales de reparaci\u00f3n electr\u00f3nica en taller que superen sus expectativas. La profunda experiencia de nuestro equipo, su atenci\u00f3n al detalle y su compromiso con la calidad garantizan reparaciones fiables y eficientes incluso para los sistemas electr\u00f3nicos m\u00e1s complejos. ERD cuenta con una larga tradici\u00f3n mundial en la reparaci\u00f3n de los componentes electr\u00f3nicos m\u00e1s complicados en una gran variedad de sectores, y estamos deseando trabajar con usted.<\/p>\n<p><iframe loading=\"lazy\" title=\"092823008 F Studer AG 1332 622c 00 Reparado con 3 a\u00f1os de garant\u00eda\" width=\"1080\" height=\"608\" src=\"https:\/\/www.youtube.com\/embed\/y5CybUK0R8Y?feature=oembed\"  allow=\"accelerometer; autoplay; clipboard-write; encrypted-media; gyroscope; picture-in-picture; web-share\" referrerpolicy=\"strict-origin-when-cross-origin\" allowfullscreen><\/iframe><\/p>","protected":false},"excerpt":{"rendered":"<p>Esta es la p\u00e1gina del cat\u00e1logo de reparaci\u00f3n espec\u00edfico para F. Studer AG 1332 622c\/00 PCU Terminal teach pendant, reparado por los t\u00e9cnicos de reparaci\u00f3n expertos de ERD Ltd.. Si necesita hablar con nosotros, por favor llame al 1.336.992.3611 o visite nuestra p\u00e1gina de contacto en <a href=\"https:\/\/industrialrepairstore.com\/es\/contact-erd\/\">https:\/\/industrialrepairstore.com\/contact-erd<\/a> .<\/p>","protected":false},"featured_media":49377,"template":"","meta":{"_acf_changed":false,"_et_pb_use_builder":"","_et_pb_old_content":"","_et_gb_content_width":""},"product_brand":[],"product_cat":[78],"product_tag":[66,296,820,297,65,94],"class_list":{"0":"post-49375","1":"product","2":"type-product","3":"status-publish","4":"has-post-thumbnail","6":"product_cat-industrial","7":"product_tag-erd","8":"product_tag-f-studer","9":"product_tag-f-studer-ag","10":"product_tag-pcu","11":"product_tag-repair","12":"product_tag-teach-pendant","14":"first","15":"instock","16":"shipping-taxable","17":"purchasable","18":"product-type-simple"},"acf":[],"yoast_head":"<!-- This site is optimized with the Yoast SEO Premium plugin v27.3 (Yoast SEO v27.3) - https:\/\/yoast.com\/product\/yoast-seo-premium-wordpress\/ -->\n<title>F. Studer AG 1332 622c\/00 PCU Terminal teach pendant - ERD Industrial Repair Store<\/title>\n<meta name=\"description\" content=\"Expert F. Studer AG 1332 622c\/00 PCU Terminal teach pendant repair by the skilled technicians at ERD Ltd. Call 336-992-3611 for more information!\" \/>\n<meta name=\"robots\" content=\"index, follow, max-snippet:-1, max-image-preview:large, max-video-preview:-1\" \/>\n<link rel=\"canonical\" href=\"https:\/\/industrialrepairstore.com\/es\/producto\/f-studer-ag-1332-622c-00-pcu-terminal-teach-pendant\/\" \/>\n<meta property=\"og:locale\" content=\"es_MX\" \/>\n<meta property=\"og:type\" content=\"article\" \/>\n<meta property=\"og:title\" content=\"F. Studer AG 1332 622c\/00 PCU Terminal teach pendant\" \/>\n<meta property=\"og:description\" content=\"Expert F. Studer AG 1332 622c\/00 PCU Terminal teach pendant repair by the skilled technicians at ERD Ltd. Call 336-992-3611 for more information!\" \/>\n<meta property=\"og:url\" content=\"https:\/\/industrialrepairstore.com\/es\/producto\/f-studer-ag-1332-622c-00-pcu-terminal-teach-pendant\/\" \/>\n<meta property=\"og:site_name\" content=\"ERD Industrial Repair Store\" \/>\n<meta property=\"article:modified_time\" content=\"2026-01-16T16:56:51+00:00\" \/>\n<meta property=\"og:image\" content=\"https:\/\/industrialrepairstore.com\/wp-content\/uploads\/2024\/05\/web_092823008_f_studer_ag_1332_622c_00_rHwPsvav.jpg\" \/>\n\t<meta property=\"og:image:width\" content=\"1920\" \/>\n\t<meta property=\"og:image:height\" content=\"1440\" \/>\n\t<meta property=\"og:image:type\" content=\"image\/jpeg\" \/>\n<meta name=\"twitter:card\" content=\"summary_large_image\" \/>\n<meta name=\"twitter:label1\" content=\"Tiempo de lectura\" \/>\n\t<meta name=\"twitter:data1\" content=\"1 minuto\" \/>\n<script type=\"application\/ld+json\" class=\"yoast-schema-graph\">{\"@context\":\"https:\\\/\\\/schema.org\",\"@graph\":[{\"@type\":\"WebPage\",\"@id\":\"https:\\\/\\\/industrialrepairstore.com\\\/product\\\/f-studer-ag-1332-622c-00-pcu-terminal-teach-pendant\\\/\",\"url\":\"https:\\\/\\\/industrialrepairstore.com\\\/product\\\/f-studer-ag-1332-622c-00-pcu-terminal-teach-pendant\\\/\",\"name\":\"F. Studer AG 1332 622c\\\/00 PCU Terminal teach pendant - ERD Industrial Repair Store\",\"isPartOf\":{\"@id\":\"https:\\\/\\\/industrialrepairstore.com\\\/#website\"},\"primaryImageOfPage\":{\"@id\":\"https:\\\/\\\/industrialrepairstore.com\\\/product\\\/f-studer-ag-1332-622c-00-pcu-terminal-teach-pendant\\\/#primaryimage\"},\"image\":{\"@id\":\"https:\\\/\\\/industrialrepairstore.com\\\/product\\\/f-studer-ag-1332-622c-00-pcu-terminal-teach-pendant\\\/#primaryimage\"},\"thumbnailUrl\":\"https:\\\/\\\/industrialrepairstore.com\\\/wp-content\\\/uploads\\\/2024\\\/05\\\/web_092823008_f_studer_ag_1332_622c_00_rHwPsvav.jpg\",\"datePublished\":\"2024-05-02T13:20:44+00:00\",\"dateModified\":\"2026-01-16T16:56:51+00:00\",\"description\":\"Expert F. Studer AG 1332 622c\\\/00 PCU Terminal teach pendant repair by the skilled technicians at ERD Ltd. Call 336-992-3611 for more information!\",\"breadcrumb\":{\"@id\":\"https:\\\/\\\/industrialrepairstore.com\\\/product\\\/f-studer-ag-1332-622c-00-pcu-terminal-teach-pendant\\\/#breadcrumb\"},\"inLanguage\":\"es\",\"potentialAction\":[{\"@type\":\"ReadAction\",\"target\":[\"https:\\\/\\\/industrialrepairstore.com\\\/product\\\/f-studer-ag-1332-622c-00-pcu-terminal-teach-pendant\\\/\"]}]},{\"@type\":\"ImageObject\",\"inLanguage\":\"es\",\"@id\":\"https:\\\/\\\/industrialrepairstore.com\\\/product\\\/f-studer-ag-1332-622c-00-pcu-terminal-teach-pendant\\\/#primaryimage\",\"url\":\"https:\\\/\\\/industrialrepairstore.com\\\/wp-content\\\/uploads\\\/2024\\\/05\\\/web_092823008_f_studer_ag_1332_622c_00_rHwPsvav.jpg\",\"contentUrl\":\"https:\\\/\\\/industrialrepairstore.com\\\/wp-content\\\/uploads\\\/2024\\\/05\\\/web_092823008_f_studer_ag_1332_622c_00_rHwPsvav.jpg\",\"width\":1920,\"height\":1440,\"caption\":\"F. Studer AG 1332 622c\\\/00\"},{\"@type\":\"BreadcrumbList\",\"@id\":\"https:\\\/\\\/industrialrepairstore.com\\\/product\\\/f-studer-ag-1332-622c-00-pcu-terminal-teach-pendant\\\/#breadcrumb\",\"itemListElement\":[{\"@type\":\"ListItem\",\"position\":1,\"name\":\"Home\",\"item\":\"https:\\\/\\\/industrialrepairstore.com\\\/\"},{\"@type\":\"ListItem\",\"position\":2,\"name\":\"Shop\",\"item\":\"https:\\\/\\\/industrialrepairstore.com\\\/shop\\\/\"},{\"@type\":\"ListItem\",\"position\":3,\"name\":\"F. Studer AG 1332 622c\\\/00 PCU Terminal teach pendant\"}]},{\"@type\":\"WebSite\",\"@id\":\"https:\\\/\\\/industrialrepairstore.com\\\/#website\",\"url\":\"https:\\\/\\\/industrialrepairstore.com\\\/\",\"name\":\"ERD Industrial Repair Store\",\"description\":\"Reimagining the Future of Repair Through Innovation\",\"potentialAction\":[{\"@type\":\"SearchAction\",\"target\":{\"@type\":\"EntryPoint\",\"urlTemplate\":\"https:\\\/\\\/industrialrepairstore.com\\\/?s={search_term_string}\"},\"query-input\":{\"@type\":\"PropertyValueSpecification\",\"valueRequired\":true,\"valueName\":\"search_term_string\"}}],\"inLanguage\":\"es\"}]}<\/script>\n<!-- \/ Yoast SEO Premium plugin. -->","yoast_head_json":{"title":"F. Studer AG 1332 622c\/00 PCU Terminal teach pendant - ERD Industrial Repair Store","description":"Expert F. Studer AG 1332 622c\/00 PCU Terminal teach pendant repair by the skilled technicians at ERD Ltd. Call 336-992-3611 for more information!","robots":{"index":"index","follow":"follow","max-snippet":"max-snippet:-1","max-image-preview":"max-image-preview:large","max-video-preview":"max-video-preview:-1"},"canonical":"https:\/\/industrialrepairstore.com\/es\/producto\/f-studer-ag-1332-622c-00-pcu-terminal-teach-pendant\/","og_locale":"es_MX","og_type":"article","og_title":"F. Studer AG 1332 622c\/00 PCU Terminal teach pendant","og_description":"Expert F. Studer AG 1332 622c\/00 PCU Terminal teach pendant repair by the skilled technicians at ERD Ltd. Call 336-992-3611 for more information!","og_url":"https:\/\/industrialrepairstore.com\/es\/producto\/f-studer-ag-1332-622c-00-pcu-terminal-teach-pendant\/","og_site_name":"ERD Industrial Repair Store","article_modified_time":"2026-01-16T16:56:51+00:00","og_image":[{"width":1920,"height":1440,"url":"https:\/\/industrialrepairstore.com\/wp-content\/uploads\/2024\/05\/web_092823008_f_studer_ag_1332_622c_00_rHwPsvav.jpg","type":"image\/jpeg"}],"twitter_card":"summary_large_image","twitter_misc":{"Tiempo de lectura":"1 minuto"},"schema":{"@context":"https:\/\/schema.org","@graph":[{"@type":"WebPage","@id":"https:\/\/industrialrepairstore.com\/product\/f-studer-ag-1332-622c-00-pcu-terminal-teach-pendant\/","url":"https:\/\/industrialrepairstore.com\/product\/f-studer-ag-1332-622c-00-pcu-terminal-teach-pendant\/","name":"F. Studer AG 1332 622c\/00 PCU Terminal teach pendant - ERD Industrial Repair Store","isPartOf":{"@id":"https:\/\/industrialrepairstore.com\/#website"},"primaryImageOfPage":{"@id":"https:\/\/industrialrepairstore.com\/product\/f-studer-ag-1332-622c-00-pcu-terminal-teach-pendant\/#primaryimage"},"image":{"@id":"https:\/\/industrialrepairstore.com\/product\/f-studer-ag-1332-622c-00-pcu-terminal-teach-pendant\/#primaryimage"},"thumbnailUrl":"https:\/\/industrialrepairstore.com\/wp-content\/uploads\/2024\/05\/web_092823008_f_studer_ag_1332_622c_00_rHwPsvav.jpg","datePublished":"2024-05-02T13:20:44+00:00","dateModified":"2026-01-16T16:56:51+00:00","description":"Expert F. Studer AG 1332 622c\/00 PCU Terminal teach pendant repair by the skilled technicians at ERD Ltd. Call 336-992-3611 for more information!","breadcrumb":{"@id":"https:\/\/industrialrepairstore.com\/product\/f-studer-ag-1332-622c-00-pcu-terminal-teach-pendant\/#breadcrumb"},"inLanguage":"es","potentialAction":[{"@type":"ReadAction","target":["https:\/\/industrialrepairstore.com\/product\/f-studer-ag-1332-622c-00-pcu-terminal-teach-pendant\/"]}]},{"@type":"ImageObject","inLanguage":"es","@id":"https:\/\/industrialrepairstore.com\/product\/f-studer-ag-1332-622c-00-pcu-terminal-teach-pendant\/#primaryimage","url":"https:\/\/industrialrepairstore.com\/wp-content\/uploads\/2024\/05\/web_092823008_f_studer_ag_1332_622c_00_rHwPsvav.jpg","contentUrl":"https:\/\/industrialrepairstore.com\/wp-content\/uploads\/2024\/05\/web_092823008_f_studer_ag_1332_622c_00_rHwPsvav.jpg","width":1920,"height":1440,"caption":"F. Studer AG 1332 622c\/00"},{"@type":"BreadcrumbList","@id":"https:\/\/industrialrepairstore.com\/product\/f-studer-ag-1332-622c-00-pcu-terminal-teach-pendant\/#breadcrumb","itemListElement":[{"@type":"ListItem","position":1,"name":"Home","item":"https:\/\/industrialrepairstore.com\/"},{"@type":"ListItem","position":2,"name":"Shop","item":"https:\/\/industrialrepairstore.com\/shop\/"},{"@type":"ListItem","position":3,"name":"F. Studer AG 1332 622c\/00 PCU Terminal teach pendant"}]},{"@type":"WebSite","@id":"https:\/\/industrialrepairstore.com\/#website","url":"https:\/\/industrialrepairstore.com\/","name":"ERD Industrial Repair Store","description":"Reimagining the Future of Repair Through Innovation","potentialAction":[{"@type":"SearchAction","target":{"@type":"EntryPoint","urlTemplate":"https:\/\/industrialrepairstore.com\/?s={search_term_string}"},"query-input":{"@type":"PropertyValueSpecification","valueRequired":true,"valueName":"search_term_string"}}],"inLanguage":"es"}]}},"_links":{"self":[{"href":"https:\/\/industrialrepairstore.com\/es\/wp-json\/wp\/v2\/product\/49375","targetHints":{"allow":["GET"]}}],"collection":[{"href":"https:\/\/industrialrepairstore.com\/es\/wp-json\/wp\/v2\/product"}],"about":[{"href":"https:\/\/industrialrepairstore.com\/es\/wp-json\/wp\/v2\/types\/product"}],"wp:featuredmedia":[{"embeddable":true,"href":"https:\/\/industrialrepairstore.com\/es\/wp-json\/wp\/v2\/media\/49377"}],"wp:attachment":[{"href":"https:\/\/industrialrepairstore.com\/es\/wp-json\/wp\/v2\/media?parent=49375"}],"wp:term":[{"taxonomy":"product_brand","embeddable":true,"href":"https:\/\/industrialrepairstore.com\/es\/wp-json\/wp\/v2\/product_brand?post=49375"},{"taxonomy":"product_cat","embeddable":true,"href":"https:\/\/industrialrepairstore.com\/es\/wp-json\/wp\/v2\/product_cat?post=49375"},{"taxonomy":"product_tag","embeddable":true,"href":"https:\/\/industrialrepairstore.com\/es\/wp-json\/wp\/v2\/product_tag?post=49375"}],"curies":[{"name":"wp","href":"https:\/\/api.w.org\/{rel}","templated":true}]}}