{"id":50665,"date":"2024-09-16T07:03:42","date_gmt":"2024-09-16T12:03:42","guid":{"rendered":"https:\/\/industrialrepairstore.com\/?post_type=product&#038;p=50665"},"modified":"2025-03-04T09:28:26","modified_gmt":"2025-03-04T15:28:26","slug":"hitachi-129017-75040-3tnv88f-eptb3","status":"publish","type":"product","link":"https:\/\/industrialrepairstore.com\/es\/producto\/hitachi-129017-75040-3tnv88f-eptb3\/","title":{"rendered":"Hitachi 129017-75040 3tnv88f-eptb3"},"content":{"rendered":"<p>If you would like to have ERD repair your Hitachi 129017-75040 3tnv88f-eptb3, ship your unit to us at 705 Indeneer Drive, Kernersville, NC 27284. You will receive a firm quote on your Hitachi 129017-75040 3tnv88f-eptb3 \u00a0for your approval within 48 business hours upon receipt of your unit. If you need to speak with us, please call 1.336.992.3611 or visit our contact page at <a href=\"https:\/\/industrialrepairstore.com\/es\/contact-erd\/\">https:\/\/industrialrepairstore.com\/contact-erd<\/a> .<\/p>\n<p>Si sus necesidades de reparaci\u00f3n no se encuentran en nuestro extenso cat\u00e1logo de reparaciones, p\u00f3ngase en contacto con nosotros porque cada d\u00eda se a\u00f1aden nuevos art\u00edculos de reparaci\u00f3n. Para obtener informaci\u00f3n adicional sobre los productos, visite nuestro amplio canal de v\u00eddeos de YouTube en <a href=\"https:\/\/www.youtube.com\/@erdltd\">https:\/\/www.youtube.com\/@erdltd<\/a>.<\/p>\n<p>Nos comprometemos a prestar servicios excepcionales de reparaci\u00f3n electr\u00f3nica en taller que superen sus expectativas.<\/p>\n<p>La profunda experiencia de nuestro equipo, su atenci\u00f3n al detalle y su compromiso con la calidad garantizan reparaciones fiables y eficaces incluso de los sistemas electr\u00f3nicos m\u00e1s complejos. ERD cuenta con una larga tradici\u00f3n mundial en la reparaci\u00f3n de los componentes electr\u00f3nicos m\u00e1s complicados en una gran variedad de sectores diferentes y estamos deseando trabajar con usted.<\/p>\n<p>Expert Hitachi 129017-75040 3tnv88f-eptb3 repair by the skilled technicians at ERD Ltd. Call 336-992-3611 for more information!<\/p>","protected":false},"excerpt":{"rendered":"<p>This is the specific repair catalog page for Hitachi 129017-75040 3tnv88f-eptb3, repaired by the expert repair technicians of ERD Ltd. If you need to speak with us, please call 1.336.992.3611 or visit our contact page at <a href=\"https:\/\/industrialrepairstore.com\/es\/contact-erd\/\">https:\/\/industrialrepairstore.com\/contact-erd<\/a> .<\/p>","protected":false},"featured_media":50666,"template":"","meta":{"_acf_changed":false,"_et_pb_use_builder":"","_et_pb_old_content":"","_et_gb_content_width":""},"product_brand":[],"product_cat":[78],"product_tag":[66,308,65],"class_list":{"0":"post-50665","1":"product","2":"type-product","3":"status-publish","4":"has-post-thumbnail","6":"product_cat-industrial","7":"product_tag-erd","8":"product_tag-hitachi","9":"product_tag-repair","11":"first","12":"instock","13":"shipping-taxable","14":"purchasable","15":"product-type-simple"},"acf":[],"yoast_head":"<!-- This site is optimized with the Yoast SEO Premium plugin v27.3 (Yoast SEO v27.3) - https:\/\/yoast.com\/product\/yoast-seo-premium-wordpress\/ -->\n<title>Hitachi 129017-75040 3tnv88f-eptb3 - ERD Industrial Repair Store<\/title>\n<meta name=\"description\" content=\"Expert Hitachi 129017-75040 3tnv88f-eptb3 repair by the skilled technicians at ERD Ltd. Call 336-992-3611 for more information!\" \/>\n<meta name=\"robots\" content=\"index, follow, max-snippet:-1, max-image-preview:large, max-video-preview:-1\" \/>\n<link rel=\"canonical\" href=\"https:\/\/industrialrepairstore.com\/es\/producto\/hitachi-129017-75040-3tnv88f-eptb3\/\" \/>\n<meta property=\"og:locale\" content=\"es_MX\" \/>\n<meta property=\"og:type\" content=\"article\" \/>\n<meta property=\"og:title\" content=\"Hitachi 129017-75040 3tnv88f-eptb3\" \/>\n<meta property=\"og:description\" content=\"Expert Hitachi 129017-75040 3tnv88f-eptb3 repair by the skilled technicians at ERD Ltd. Call 336-992-3611 for more information!\" \/>\n<meta property=\"og:url\" content=\"https:\/\/industrialrepairstore.com\/es\/producto\/hitachi-129017-75040-3tnv88f-eptb3\/\" \/>\n<meta property=\"og:site_name\" content=\"ERD Industrial Repair Store\" \/>\n<meta property=\"article:modified_time\" content=\"2025-03-04T15:28:26+00:00\" \/>\n<meta property=\"og:image\" content=\"https:\/\/industrialrepairstore.com\/wp-content\/uploads\/2024\/09\/web_041524005_129017_75040_QFkKeYHz-2.jpg\" \/>\n\t<meta property=\"og:image:width\" content=\"1920\" \/>\n\t<meta property=\"og:image:height\" content=\"2560\" \/>\n\t<meta property=\"og:image:type\" content=\"image\/jpeg\" \/>\n<meta name=\"twitter:card\" content=\"summary_large_image\" \/>\n<meta name=\"twitter:label1\" content=\"Tiempo de lectura\" \/>\n\t<meta name=\"twitter:data1\" content=\"1 minuto\" \/>\n<script type=\"application\/ld+json\" class=\"yoast-schema-graph\">{\"@context\":\"https:\\\/\\\/schema.org\",\"@graph\":[{\"@type\":\"WebPage\",\"@id\":\"https:\\\/\\\/industrialrepairstore.com\\\/product\\\/hitachi-129017-75040-3tnv88f-eptb3\\\/\",\"url\":\"https:\\\/\\\/industrialrepairstore.com\\\/product\\\/hitachi-129017-75040-3tnv88f-eptb3\\\/\",\"name\":\"Hitachi 129017-75040 3tnv88f-eptb3 - ERD Industrial Repair Store\",\"isPartOf\":{\"@id\":\"https:\\\/\\\/industrialrepairstore.com\\\/#website\"},\"primaryImageOfPage\":{\"@id\":\"https:\\\/\\\/industrialrepairstore.com\\\/product\\\/hitachi-129017-75040-3tnv88f-eptb3\\\/#primaryimage\"},\"image\":{\"@id\":\"https:\\\/\\\/industrialrepairstore.com\\\/product\\\/hitachi-129017-75040-3tnv88f-eptb3\\\/#primaryimage\"},\"thumbnailUrl\":\"https:\\\/\\\/industrialrepairstore.com\\\/wp-content\\\/uploads\\\/2024\\\/09\\\/web_041524005_129017_75040_QFkKeYHz-2.jpg\",\"datePublished\":\"2024-09-16T12:03:42+00:00\",\"dateModified\":\"2025-03-04T15:28:26+00:00\",\"description\":\"Expert Hitachi 129017-75040 3tnv88f-eptb3 repair by the skilled technicians at ERD Ltd. Call 336-992-3611 for more information!\",\"breadcrumb\":{\"@id\":\"https:\\\/\\\/industrialrepairstore.com\\\/product\\\/hitachi-129017-75040-3tnv88f-eptb3\\\/#breadcrumb\"},\"inLanguage\":\"es\",\"potentialAction\":[{\"@type\":\"ReadAction\",\"target\":[\"https:\\\/\\\/industrialrepairstore.com\\\/product\\\/hitachi-129017-75040-3tnv88f-eptb3\\\/\"]}]},{\"@type\":\"ImageObject\",\"inLanguage\":\"es\",\"@id\":\"https:\\\/\\\/industrialrepairstore.com\\\/product\\\/hitachi-129017-75040-3tnv88f-eptb3\\\/#primaryimage\",\"url\":\"https:\\\/\\\/industrialrepairstore.com\\\/wp-content\\\/uploads\\\/2024\\\/09\\\/web_041524005_129017_75040_QFkKeYHz-2.jpg\",\"contentUrl\":\"https:\\\/\\\/industrialrepairstore.com\\\/wp-content\\\/uploads\\\/2024\\\/09\\\/web_041524005_129017_75040_QFkKeYHz-2.jpg\",\"width\":1920,\"height\":2560,\"caption\":\"Hitachi 129017-75040 3tnv88f-eptb3\"},{\"@type\":\"BreadcrumbList\",\"@id\":\"https:\\\/\\\/industrialrepairstore.com\\\/product\\\/hitachi-129017-75040-3tnv88f-eptb3\\\/#breadcrumb\",\"itemListElement\":[{\"@type\":\"ListItem\",\"position\":1,\"name\":\"Home\",\"item\":\"https:\\\/\\\/industrialrepairstore.com\\\/\"},{\"@type\":\"ListItem\",\"position\":2,\"name\":\"Shop\",\"item\":\"https:\\\/\\\/industrialrepairstore.com\\\/shop\\\/\"},{\"@type\":\"ListItem\",\"position\":3,\"name\":\"Hitachi 129017-75040 3tnv88f-eptb3\"}]},{\"@type\":\"WebSite\",\"@id\":\"https:\\\/\\\/industrialrepairstore.com\\\/#website\",\"url\":\"https:\\\/\\\/industrialrepairstore.com\\\/\",\"name\":\"ERD Industrial Repair Store\",\"description\":\"Reimagining the Future of Repair Through Innovation\",\"potentialAction\":[{\"@type\":\"SearchAction\",\"target\":{\"@type\":\"EntryPoint\",\"urlTemplate\":\"https:\\\/\\\/industrialrepairstore.com\\\/?s={search_term_string}\"},\"query-input\":{\"@type\":\"PropertyValueSpecification\",\"valueRequired\":true,\"valueName\":\"search_term_string\"}}],\"inLanguage\":\"es\"}]}<\/script>\n<!-- \/ Yoast SEO Premium plugin. -->","yoast_head_json":{"title":"Hitachi 129017-75040 3tnv88f-eptb3 - ERD Industrial Repair Store","description":"Expert Hitachi 129017-75040 3tnv88f-eptb3 repair by the skilled technicians at ERD Ltd. Call 336-992-3611 for more information!","robots":{"index":"index","follow":"follow","max-snippet":"max-snippet:-1","max-image-preview":"max-image-preview:large","max-video-preview":"max-video-preview:-1"},"canonical":"https:\/\/industrialrepairstore.com\/es\/producto\/hitachi-129017-75040-3tnv88f-eptb3\/","og_locale":"es_MX","og_type":"article","og_title":"Hitachi 129017-75040 3tnv88f-eptb3","og_description":"Expert Hitachi 129017-75040 3tnv88f-eptb3 repair by the skilled technicians at ERD Ltd. Call 336-992-3611 for more information!","og_url":"https:\/\/industrialrepairstore.com\/es\/producto\/hitachi-129017-75040-3tnv88f-eptb3\/","og_site_name":"ERD Industrial Repair Store","article_modified_time":"2025-03-04T15:28:26+00:00","og_image":[{"width":1920,"height":2560,"url":"https:\/\/industrialrepairstore.com\/wp-content\/uploads\/2024\/09\/web_041524005_129017_75040_QFkKeYHz-2.jpg","type":"image\/jpeg"}],"twitter_card":"summary_large_image","twitter_misc":{"Tiempo de lectura":"1 minuto"},"schema":{"@context":"https:\/\/schema.org","@graph":[{"@type":"WebPage","@id":"https:\/\/industrialrepairstore.com\/product\/hitachi-129017-75040-3tnv88f-eptb3\/","url":"https:\/\/industrialrepairstore.com\/product\/hitachi-129017-75040-3tnv88f-eptb3\/","name":"Hitachi 129017-75040 3tnv88f-eptb3 - ERD Industrial Repair Store","isPartOf":{"@id":"https:\/\/industrialrepairstore.com\/#website"},"primaryImageOfPage":{"@id":"https:\/\/industrialrepairstore.com\/product\/hitachi-129017-75040-3tnv88f-eptb3\/#primaryimage"},"image":{"@id":"https:\/\/industrialrepairstore.com\/product\/hitachi-129017-75040-3tnv88f-eptb3\/#primaryimage"},"thumbnailUrl":"https:\/\/industrialrepairstore.com\/wp-content\/uploads\/2024\/09\/web_041524005_129017_75040_QFkKeYHz-2.jpg","datePublished":"2024-09-16T12:03:42+00:00","dateModified":"2025-03-04T15:28:26+00:00","description":"Expert Hitachi 129017-75040 3tnv88f-eptb3 repair by the skilled technicians at ERD Ltd. Call 336-992-3611 for more information!","breadcrumb":{"@id":"https:\/\/industrialrepairstore.com\/product\/hitachi-129017-75040-3tnv88f-eptb3\/#breadcrumb"},"inLanguage":"es","potentialAction":[{"@type":"ReadAction","target":["https:\/\/industrialrepairstore.com\/product\/hitachi-129017-75040-3tnv88f-eptb3\/"]}]},{"@type":"ImageObject","inLanguage":"es","@id":"https:\/\/industrialrepairstore.com\/product\/hitachi-129017-75040-3tnv88f-eptb3\/#primaryimage","url":"https:\/\/industrialrepairstore.com\/wp-content\/uploads\/2024\/09\/web_041524005_129017_75040_QFkKeYHz-2.jpg","contentUrl":"https:\/\/industrialrepairstore.com\/wp-content\/uploads\/2024\/09\/web_041524005_129017_75040_QFkKeYHz-2.jpg","width":1920,"height":2560,"caption":"Hitachi 129017-75040 3tnv88f-eptb3"},{"@type":"BreadcrumbList","@id":"https:\/\/industrialrepairstore.com\/product\/hitachi-129017-75040-3tnv88f-eptb3\/#breadcrumb","itemListElement":[{"@type":"ListItem","position":1,"name":"Home","item":"https:\/\/industrialrepairstore.com\/"},{"@type":"ListItem","position":2,"name":"Shop","item":"https:\/\/industrialrepairstore.com\/shop\/"},{"@type":"ListItem","position":3,"name":"Hitachi 129017-75040 3tnv88f-eptb3"}]},{"@type":"WebSite","@id":"https:\/\/industrialrepairstore.com\/#website","url":"https:\/\/industrialrepairstore.com\/","name":"ERD Industrial Repair Store","description":"Reimagining the Future of Repair Through Innovation","potentialAction":[{"@type":"SearchAction","target":{"@type":"EntryPoint","urlTemplate":"https:\/\/industrialrepairstore.com\/?s={search_term_string}"},"query-input":{"@type":"PropertyValueSpecification","valueRequired":true,"valueName":"search_term_string"}}],"inLanguage":"es"}]}},"_links":{"self":[{"href":"https:\/\/industrialrepairstore.com\/es\/wp-json\/wp\/v2\/product\/50665","targetHints":{"allow":["GET"]}}],"collection":[{"href":"https:\/\/industrialrepairstore.com\/es\/wp-json\/wp\/v2\/product"}],"about":[{"href":"https:\/\/industrialrepairstore.com\/es\/wp-json\/wp\/v2\/types\/product"}],"wp:featuredmedia":[{"embeddable":true,"href":"https:\/\/industrialrepairstore.com\/es\/wp-json\/wp\/v2\/media\/50666"}],"wp:attachment":[{"href":"https:\/\/industrialrepairstore.com\/es\/wp-json\/wp\/v2\/media?parent=50665"}],"wp:term":[{"taxonomy":"product_brand","embeddable":true,"href":"https:\/\/industrialrepairstore.com\/es\/wp-json\/wp\/v2\/product_brand?post=50665"},{"taxonomy":"product_cat","embeddable":true,"href":"https:\/\/industrialrepairstore.com\/es\/wp-json\/wp\/v2\/product_cat?post=50665"},{"taxonomy":"product_tag","embeddable":true,"href":"https:\/\/industrialrepairstore.com\/es\/wp-json\/wp\/v2\/product_tag?post=50665"}],"curies":[{"name":"wp","href":"https:\/\/api.w.org\/{rel}","templated":true}]}}