{"id":51479,"date":"2024-12-27T07:39:45","date_gmt":"2024-12-27T13:39:45","guid":{"rendered":"https:\/\/industrialrepairstore.com\/?post_type=product&#038;p=51479"},"modified":"2025-03-07T08:19:48","modified_gmt":"2025-03-07T14:19:48","slug":"watlow-anafaze-inc-88-11320-300-rev-f","status":"publish","type":"product","link":"https:\/\/industrialrepairstore.com\/es\/producto\/watlow-anafaze-inc-88-11320-300-rev-f\/","title":{"rendered":"Watlow Anafaze Inc 88-11320-300 Rev F"},"content":{"rendered":"<p>If you would like to have ERD repair your Watlow Anafaze Inc 88-11320-300 Rev F, ship your unit to us at 705 Indeneer Drive, Kernersville, NC 27284. You will receive a firm quote on your Watlow Anafaze Inc 88-11320-300 Rev F for your approval within 48 business hours upon receipt of your unit. If you need to speak with us, please call 1.336.992.3611 or visit our contact page at <a href=\"https:\/\/industrialrepairstore.com\/es\/contact-erd\/\">https:\/\/industrialrepairstore.com\/contact-erd<\/a> .<\/p>\n<p>Si sus necesidades de reparaci\u00f3n no se encuentran en nuestro extenso cat\u00e1logo de reparaciones, p\u00f3ngase en contacto con nosotros porque cada d\u00eda se a\u00f1aden nuevos art\u00edculos de reparaci\u00f3n. Para obtener informaci\u00f3n adicional sobre los productos, visite nuestro amplio canal de v\u00eddeos de YouTube en <a href=\"https:\/\/www.youtube.com\/@erdltd\">https:\/\/www.youtube.com\/@erdltd<\/a>.<\/p>\n<p>Nos comprometemos a prestar servicios excepcionales de reparaci\u00f3n electr\u00f3nica en taller que superen sus expectativas.<\/p>\n<p>La profunda experiencia de nuestro equipo, su atenci\u00f3n al detalle y su compromiso con la calidad garantizan reparaciones fiables y eficaces incluso de los sistemas electr\u00f3nicos m\u00e1s complejos. ERD cuenta con una larga tradici\u00f3n mundial en la reparaci\u00f3n de los componentes electr\u00f3nicos m\u00e1s complicados en una gran variedad de sectores diferentes y estamos deseando trabajar con usted.<\/p>","protected":false},"excerpt":{"rendered":"<p>This is the specific repair catalog page for Watlow Anafaze Inc 88-11320-300 Rev F, repaired by the expert repair technicians of ERD Ltd. If you need to speak with us, please call 1.336.992.3611 or visit our contact page at <a href=\"https:\/\/industrialrepairstore.com\/es\/contact-erd\/\">https:\/\/industrialrepairstore.com\/contact-erd<\/a> .<\/p>","protected":false},"featured_media":51481,"template":"","meta":{"_acf_changed":false,"_et_pb_use_builder":"","_et_pb_old_content":"","_et_gb_content_width":""},"product_brand":[],"product_cat":[78],"product_tag":[111,66,65,163],"class_list":{"0":"post-51479","1":"product","2":"type-product","3":"status-publish","4":"has-post-thumbnail","6":"product_cat-industrial","7":"product_tag-anafaze","8":"product_tag-erd","9":"product_tag-repair","10":"product_tag-watlow","12":"first","13":"instock","14":"shipping-taxable","15":"purchasable","16":"product-type-simple"},"acf":[],"yoast_head":"<!-- This site is optimized with the Yoast SEO Premium plugin v27.3 (Yoast SEO v27.3) - https:\/\/yoast.com\/product\/yoast-seo-premium-wordpress\/ -->\n<title>Watlow Anafaze Inc 88-11320-300 Rev F - ERD Industrial Repair Store<\/title>\n<meta name=\"description\" content=\"Expert Watlow Anafaze Inc 88-11320-300 Rev F repair by the skilled technicians at ERD Ltd. Call 336-992-3611 for more information!\" \/>\n<meta name=\"robots\" content=\"index, follow, max-snippet:-1, max-image-preview:large, max-video-preview:-1\" \/>\n<link rel=\"canonical\" href=\"https:\/\/industrialrepairstore.com\/es\/producto\/watlow-anafaze-inc-88-11320-300-rev-f\/\" \/>\n<meta property=\"og:locale\" content=\"es_MX\" \/>\n<meta property=\"og:type\" content=\"article\" \/>\n<meta property=\"og:title\" content=\"Watlow Anafaze Inc 88-11320-300 Rev F\" \/>\n<meta property=\"og:description\" content=\"Expert Watlow Anafaze Inc 88-11320-300 Rev F repair by the skilled technicians at ERD Ltd. Call 336-992-3611 for more information!\" \/>\n<meta property=\"og:url\" content=\"https:\/\/industrialrepairstore.com\/es\/producto\/watlow-anafaze-inc-88-11320-300-rev-f\/\" \/>\n<meta property=\"og:site_name\" content=\"ERD Industrial Repair Store\" \/>\n<meta property=\"article:modified_time\" content=\"2025-03-07T14:19:48+00:00\" \/>\n<meta property=\"og:image\" content=\"https:\/\/industrialrepairstore.com\/wp-content\/uploads\/2024\/12\/web_111524018_watlow_anafaze_inc_88_11320_300_kBdyJYhU.jpg\" \/>\n\t<meta property=\"og:image:width\" content=\"1920\" \/>\n\t<meta property=\"og:image:height\" content=\"2560\" \/>\n\t<meta property=\"og:image:type\" content=\"image\/jpeg\" \/>\n<meta name=\"twitter:card\" content=\"summary_large_image\" \/>\n<meta name=\"twitter:label1\" content=\"Tiempo de lectura\" \/>\n\t<meta name=\"twitter:data1\" content=\"1 minuto\" \/>\n<script type=\"application\/ld+json\" class=\"yoast-schema-graph\">{\"@context\":\"https:\\\/\\\/schema.org\",\"@graph\":[{\"@type\":\"WebPage\",\"@id\":\"https:\\\/\\\/industrialrepairstore.com\\\/product\\\/watlow-anafaze-inc-88-11320-300-rev-f\\\/\",\"url\":\"https:\\\/\\\/industrialrepairstore.com\\\/product\\\/watlow-anafaze-inc-88-11320-300-rev-f\\\/\",\"name\":\"Watlow Anafaze Inc 88-11320-300 Rev F - ERD Industrial Repair Store\",\"isPartOf\":{\"@id\":\"https:\\\/\\\/industrialrepairstore.com\\\/#website\"},\"primaryImageOfPage\":{\"@id\":\"https:\\\/\\\/industrialrepairstore.com\\\/product\\\/watlow-anafaze-inc-88-11320-300-rev-f\\\/#primaryimage\"},\"image\":{\"@id\":\"https:\\\/\\\/industrialrepairstore.com\\\/product\\\/watlow-anafaze-inc-88-11320-300-rev-f\\\/#primaryimage\"},\"thumbnailUrl\":\"https:\\\/\\\/industrialrepairstore.com\\\/wp-content\\\/uploads\\\/2024\\\/12\\\/web_111524018_watlow_anafaze_inc_88_11320_300_kBdyJYhU.jpg\",\"datePublished\":\"2024-12-27T13:39:45+00:00\",\"dateModified\":\"2025-03-07T14:19:48+00:00\",\"description\":\"Expert Watlow Anafaze Inc 88-11320-300 Rev F repair by the skilled technicians at ERD Ltd. Call 336-992-3611 for more information!\",\"breadcrumb\":{\"@id\":\"https:\\\/\\\/industrialrepairstore.com\\\/product\\\/watlow-anafaze-inc-88-11320-300-rev-f\\\/#breadcrumb\"},\"inLanguage\":\"es\",\"potentialAction\":[{\"@type\":\"ReadAction\",\"target\":[\"https:\\\/\\\/industrialrepairstore.com\\\/product\\\/watlow-anafaze-inc-88-11320-300-rev-f\\\/\"]}]},{\"@type\":\"ImageObject\",\"inLanguage\":\"es\",\"@id\":\"https:\\\/\\\/industrialrepairstore.com\\\/product\\\/watlow-anafaze-inc-88-11320-300-rev-f\\\/#primaryimage\",\"url\":\"https:\\\/\\\/industrialrepairstore.com\\\/wp-content\\\/uploads\\\/2024\\\/12\\\/web_111524018_watlow_anafaze_inc_88_11320_300_kBdyJYhU.jpg\",\"contentUrl\":\"https:\\\/\\\/industrialrepairstore.com\\\/wp-content\\\/uploads\\\/2024\\\/12\\\/web_111524018_watlow_anafaze_inc_88_11320_300_kBdyJYhU.jpg\",\"width\":1920,\"height\":2560,\"caption\":\"Watlow Anafaze Inc 88-11320-300 Rev F\"},{\"@type\":\"BreadcrumbList\",\"@id\":\"https:\\\/\\\/industrialrepairstore.com\\\/product\\\/watlow-anafaze-inc-88-11320-300-rev-f\\\/#breadcrumb\",\"itemListElement\":[{\"@type\":\"ListItem\",\"position\":1,\"name\":\"Home\",\"item\":\"https:\\\/\\\/industrialrepairstore.com\\\/\"},{\"@type\":\"ListItem\",\"position\":2,\"name\":\"Shop\",\"item\":\"https:\\\/\\\/industrialrepairstore.com\\\/shop\\\/\"},{\"@type\":\"ListItem\",\"position\":3,\"name\":\"Watlow Anafaze Inc 88-11320-300 Rev F\"}]},{\"@type\":\"WebSite\",\"@id\":\"https:\\\/\\\/industrialrepairstore.com\\\/#website\",\"url\":\"https:\\\/\\\/industrialrepairstore.com\\\/\",\"name\":\"ERD Industrial Repair Store\",\"description\":\"Reimagining the Future of Repair Through Innovation\",\"potentialAction\":[{\"@type\":\"SearchAction\",\"target\":{\"@type\":\"EntryPoint\",\"urlTemplate\":\"https:\\\/\\\/industrialrepairstore.com\\\/?s={search_term_string}\"},\"query-input\":{\"@type\":\"PropertyValueSpecification\",\"valueRequired\":true,\"valueName\":\"search_term_string\"}}],\"inLanguage\":\"es\"}]}<\/script>\n<!-- \/ Yoast SEO Premium plugin. -->","yoast_head_json":{"title":"Watlow Anafaze Inc 88-11320-300 Rev F - ERD Industrial Repair Store","description":"Expert Watlow Anafaze Inc 88-11320-300 Rev F repair by the skilled technicians at ERD Ltd. Call 336-992-3611 for more information!","robots":{"index":"index","follow":"follow","max-snippet":"max-snippet:-1","max-image-preview":"max-image-preview:large","max-video-preview":"max-video-preview:-1"},"canonical":"https:\/\/industrialrepairstore.com\/es\/producto\/watlow-anafaze-inc-88-11320-300-rev-f\/","og_locale":"es_MX","og_type":"article","og_title":"Watlow Anafaze Inc 88-11320-300 Rev F","og_description":"Expert Watlow Anafaze Inc 88-11320-300 Rev F repair by the skilled technicians at ERD Ltd. Call 336-992-3611 for more information!","og_url":"https:\/\/industrialrepairstore.com\/es\/producto\/watlow-anafaze-inc-88-11320-300-rev-f\/","og_site_name":"ERD Industrial Repair Store","article_modified_time":"2025-03-07T14:19:48+00:00","og_image":[{"width":1920,"height":2560,"url":"https:\/\/industrialrepairstore.com\/wp-content\/uploads\/2024\/12\/web_111524018_watlow_anafaze_inc_88_11320_300_kBdyJYhU.jpg","type":"image\/jpeg"}],"twitter_card":"summary_large_image","twitter_misc":{"Tiempo de lectura":"1 minuto"},"schema":{"@context":"https:\/\/schema.org","@graph":[{"@type":"WebPage","@id":"https:\/\/industrialrepairstore.com\/product\/watlow-anafaze-inc-88-11320-300-rev-f\/","url":"https:\/\/industrialrepairstore.com\/product\/watlow-anafaze-inc-88-11320-300-rev-f\/","name":"Watlow Anafaze Inc 88-11320-300 Rev F - ERD Industrial Repair Store","isPartOf":{"@id":"https:\/\/industrialrepairstore.com\/#website"},"primaryImageOfPage":{"@id":"https:\/\/industrialrepairstore.com\/product\/watlow-anafaze-inc-88-11320-300-rev-f\/#primaryimage"},"image":{"@id":"https:\/\/industrialrepairstore.com\/product\/watlow-anafaze-inc-88-11320-300-rev-f\/#primaryimage"},"thumbnailUrl":"https:\/\/industrialrepairstore.com\/wp-content\/uploads\/2024\/12\/web_111524018_watlow_anafaze_inc_88_11320_300_kBdyJYhU.jpg","datePublished":"2024-12-27T13:39:45+00:00","dateModified":"2025-03-07T14:19:48+00:00","description":"Expert Watlow Anafaze Inc 88-11320-300 Rev F repair by the skilled technicians at ERD Ltd. Call 336-992-3611 for more information!","breadcrumb":{"@id":"https:\/\/industrialrepairstore.com\/product\/watlow-anafaze-inc-88-11320-300-rev-f\/#breadcrumb"},"inLanguage":"es","potentialAction":[{"@type":"ReadAction","target":["https:\/\/industrialrepairstore.com\/product\/watlow-anafaze-inc-88-11320-300-rev-f\/"]}]},{"@type":"ImageObject","inLanguage":"es","@id":"https:\/\/industrialrepairstore.com\/product\/watlow-anafaze-inc-88-11320-300-rev-f\/#primaryimage","url":"https:\/\/industrialrepairstore.com\/wp-content\/uploads\/2024\/12\/web_111524018_watlow_anafaze_inc_88_11320_300_kBdyJYhU.jpg","contentUrl":"https:\/\/industrialrepairstore.com\/wp-content\/uploads\/2024\/12\/web_111524018_watlow_anafaze_inc_88_11320_300_kBdyJYhU.jpg","width":1920,"height":2560,"caption":"Watlow Anafaze Inc 88-11320-300 Rev F"},{"@type":"BreadcrumbList","@id":"https:\/\/industrialrepairstore.com\/product\/watlow-anafaze-inc-88-11320-300-rev-f\/#breadcrumb","itemListElement":[{"@type":"ListItem","position":1,"name":"Home","item":"https:\/\/industrialrepairstore.com\/"},{"@type":"ListItem","position":2,"name":"Shop","item":"https:\/\/industrialrepairstore.com\/shop\/"},{"@type":"ListItem","position":3,"name":"Watlow Anafaze Inc 88-11320-300 Rev F"}]},{"@type":"WebSite","@id":"https:\/\/industrialrepairstore.com\/#website","url":"https:\/\/industrialrepairstore.com\/","name":"ERD Industrial Repair Store","description":"Reimagining the Future of Repair Through Innovation","potentialAction":[{"@type":"SearchAction","target":{"@type":"EntryPoint","urlTemplate":"https:\/\/industrialrepairstore.com\/?s={search_term_string}"},"query-input":{"@type":"PropertyValueSpecification","valueRequired":true,"valueName":"search_term_string"}}],"inLanguage":"es"}]}},"_links":{"self":[{"href":"https:\/\/industrialrepairstore.com\/es\/wp-json\/wp\/v2\/product\/51479","targetHints":{"allow":["GET"]}}],"collection":[{"href":"https:\/\/industrialrepairstore.com\/es\/wp-json\/wp\/v2\/product"}],"about":[{"href":"https:\/\/industrialrepairstore.com\/es\/wp-json\/wp\/v2\/types\/product"}],"wp:featuredmedia":[{"embeddable":true,"href":"https:\/\/industrialrepairstore.com\/es\/wp-json\/wp\/v2\/media\/51481"}],"wp:attachment":[{"href":"https:\/\/industrialrepairstore.com\/es\/wp-json\/wp\/v2\/media?parent=51479"}],"wp:term":[{"taxonomy":"product_brand","embeddable":true,"href":"https:\/\/industrialrepairstore.com\/es\/wp-json\/wp\/v2\/product_brand?post=51479"},{"taxonomy":"product_cat","embeddable":true,"href":"https:\/\/industrialrepairstore.com\/es\/wp-json\/wp\/v2\/product_cat?post=51479"},{"taxonomy":"product_tag","embeddable":true,"href":"https:\/\/industrialrepairstore.com\/es\/wp-json\/wp\/v2\/product_tag?post=51479"}],"curies":[{"name":"wp","href":"https:\/\/api.w.org\/{rel}","templated":true}]}}