{"id":51714,"date":"2025-01-30T10:55:08","date_gmt":"2025-01-30T16:55:08","guid":{"rendered":"https:\/\/industrialrepairstore.com\/?post_type=product&#038;p=51714"},"modified":"2025-11-18T10:11:47","modified_gmt":"2025-11-18T16:11:47","slug":"applied-micro-electronics-bv-6799-1300-0810","status":"publish","type":"product","link":"https:\/\/industrialrepairstore.com\/es\/producto\/applied-micro-electronics-bv-6799-1300-0810\/","title":{"rendered":"Applied Micro Electronics BV 6799-1300-0810"},"content":{"rendered":"<p>Si desea que ERD repare su Applied Micro Electronics BV 6799-1300-0810, env\u00edenos su unidad a 705 Indeneer Drive, Kernersville, NC 27284. Usted recibir\u00e1 una cotizaci\u00f3n en firme de su Applied Micro Electronics BV 6799-1300-0810 para su aprobaci\u00f3n dentro de las 48 horas h\u00e1biles siguientes a la recepci\u00f3n de su unidad. Si necesita hablar con nosotros, llame al 1.336.992.3611 o visite nuestra p\u00e1gina de contacto en <a href=\"https:\/\/industrialrepairstore.com\/es\/contact-erd\/\">https:\/\/industrialrepairstore.com\/contact-erd<\/a> .<\/p>\n<p>Si sus necesidades de reparaci\u00f3n no se encuentran en nuestro extenso cat\u00e1logo de reparaciones, p\u00f3ngase en contacto con nosotros porque cada d\u00eda se a\u00f1aden nuevos art\u00edculos de reparaci\u00f3n. Para obtener informaci\u00f3n adicional sobre los productos, visite nuestro amplio canal de v\u00eddeos de YouTube en <a href=\"https:\/\/www.youtube.com\/@erdltd\">https:\/\/www.youtube.com\/@erdltd<\/a>.<\/p>\n<p>Nos comprometemos a prestar servicios excepcionales de reparaci\u00f3n electr\u00f3nica en taller que superen sus expectativas.<\/p>\n<p>La profunda experiencia de nuestro equipo, su atenci\u00f3n al detalle y su compromiso con la calidad garantizan reparaciones fiables y eficaces incluso de los sistemas electr\u00f3nicos m\u00e1s complejos. ERD cuenta con una larga tradici\u00f3n mundial en la reparaci\u00f3n de los componentes electr\u00f3nicos m\u00e1s complicados en una gran variedad de sectores diferentes y estamos deseando trabajar con usted.<\/p>","protected":false},"excerpt":{"rendered":"<p>Esta es la p\u00e1gina del cat\u00e1logo de reparaci\u00f3n espec\u00edfico para Applied Micro Electronics BV 6799-1300-0810, reparado por los t\u00e9cnicos de reparaci\u00f3n expertos de ERD Ltd.. Si necesita hablar con nosotros, llame al 1.336.992.3611 o visite nuestra p\u00e1gina de contacto en <a href=\"https:\/\/industrialrepairstore.com\/es\/contact-erd\/\">https:\/\/industrialrepairstore.com\/contact-erd<\/a> .<\/p>","protected":false},"featured_media":51715,"template":"","meta":{"_acf_changed":false,"_et_pb_use_builder":"","_et_pb_old_content":"","_et_gb_content_width":""},"product_brand":[],"product_cat":[78],"product_tag":[584,66,65],"class_list":{"0":"post-51714","1":"product","2":"type-product","3":"status-publish","4":"has-post-thumbnail","6":"product_cat-industrial","7":"product_tag-applied-micro-electronics","8":"product_tag-erd","9":"product_tag-repair","11":"first","12":"instock","13":"shipping-taxable","14":"purchasable","15":"product-type-simple"},"acf":[],"yoast_head":"<!-- This site is optimized with the Yoast SEO Premium plugin v27.3 (Yoast SEO v27.3) - https:\/\/yoast.com\/product\/yoast-seo-premium-wordpress\/ -->\n<title>Applied Micro Electronics BV 6799-1300-0810 - ERD Industrial Repair Store<\/title>\n<meta name=\"description\" content=\"Expert Applied Micro Electronics BV 6799-1300-0810 repair by the skilled technicians at ERD Ltd. Call 336-992-3611 for more information!\" \/>\n<meta name=\"robots\" content=\"index, follow, max-snippet:-1, max-image-preview:large, max-video-preview:-1\" \/>\n<link rel=\"canonical\" href=\"https:\/\/industrialrepairstore.com\/es\/producto\/applied-micro-electronics-bv-6799-1300-0810\/\" \/>\n<meta property=\"og:locale\" content=\"es_MX\" \/>\n<meta property=\"og:type\" content=\"article\" \/>\n<meta property=\"og:title\" content=\"Applied Micro Electronics BV 6799-1300-0810\" \/>\n<meta property=\"og:description\" content=\"Expert Applied Micro Electronics BV 6799-1300-0810 repair by the skilled technicians at ERD Ltd. Call 336-992-3611 for more information!\" \/>\n<meta property=\"og:url\" content=\"https:\/\/industrialrepairstore.com\/es\/producto\/applied-micro-electronics-bv-6799-1300-0810\/\" \/>\n<meta property=\"og:site_name\" content=\"ERD Industrial Repair Store\" \/>\n<meta property=\"article:modified_time\" content=\"2025-11-18T16:11:47+00:00\" \/>\n<meta property=\"og:image\" content=\"https:\/\/industrialrepairstore.com\/wp-content\/uploads\/2025\/01\/web_012225017_applied_micro_electronics_bv_6799_1300_0810_YDj9rcus.jpg\" \/>\n\t<meta property=\"og:image:width\" content=\"1920\" \/>\n\t<meta property=\"og:image:height\" content=\"2560\" \/>\n\t<meta property=\"og:image:type\" content=\"image\/jpeg\" \/>\n<meta name=\"twitter:card\" content=\"summary_large_image\" \/>\n<meta name=\"twitter:label1\" content=\"Tiempo de lectura\" \/>\n\t<meta name=\"twitter:data1\" content=\"1 minuto\" \/>\n<script type=\"application\/ld+json\" class=\"yoast-schema-graph\">{\"@context\":\"https:\\\/\\\/schema.org\",\"@graph\":[{\"@type\":\"WebPage\",\"@id\":\"https:\\\/\\\/industrialrepairstore.com\\\/product\\\/applied-micro-electronics-bv-6799-1300-0810\\\/\",\"url\":\"https:\\\/\\\/industrialrepairstore.com\\\/product\\\/applied-micro-electronics-bv-6799-1300-0810\\\/\",\"name\":\"Applied Micro Electronics BV 6799-1300-0810 - ERD Industrial Repair Store\",\"isPartOf\":{\"@id\":\"https:\\\/\\\/industrialrepairstore.com\\\/#website\"},\"primaryImageOfPage\":{\"@id\":\"https:\\\/\\\/industrialrepairstore.com\\\/product\\\/applied-micro-electronics-bv-6799-1300-0810\\\/#primaryimage\"},\"image\":{\"@id\":\"https:\\\/\\\/industrialrepairstore.com\\\/product\\\/applied-micro-electronics-bv-6799-1300-0810\\\/#primaryimage\"},\"thumbnailUrl\":\"https:\\\/\\\/industrialrepairstore.com\\\/wp-content\\\/uploads\\\/2025\\\/01\\\/web_012225017_applied_micro_electronics_bv_6799_1300_0810_YDj9rcus.jpg\",\"datePublished\":\"2025-01-30T16:55:08+00:00\",\"dateModified\":\"2025-11-18T16:11:47+00:00\",\"description\":\"Expert Applied Micro Electronics BV 6799-1300-0810 repair by the skilled technicians at ERD Ltd. Call 336-992-3611 for more information!\",\"breadcrumb\":{\"@id\":\"https:\\\/\\\/industrialrepairstore.com\\\/product\\\/applied-micro-electronics-bv-6799-1300-0810\\\/#breadcrumb\"},\"inLanguage\":\"es\",\"potentialAction\":[{\"@type\":\"ReadAction\",\"target\":[\"https:\\\/\\\/industrialrepairstore.com\\\/product\\\/applied-micro-electronics-bv-6799-1300-0810\\\/\"]}]},{\"@type\":\"ImageObject\",\"inLanguage\":\"es\",\"@id\":\"https:\\\/\\\/industrialrepairstore.com\\\/product\\\/applied-micro-electronics-bv-6799-1300-0810\\\/#primaryimage\",\"url\":\"https:\\\/\\\/industrialrepairstore.com\\\/wp-content\\\/uploads\\\/2025\\\/01\\\/web_012225017_applied_micro_electronics_bv_6799_1300_0810_YDj9rcus.jpg\",\"contentUrl\":\"https:\\\/\\\/industrialrepairstore.com\\\/wp-content\\\/uploads\\\/2025\\\/01\\\/web_012225017_applied_micro_electronics_bv_6799_1300_0810_YDj9rcus.jpg\",\"width\":1920,\"height\":2560,\"caption\":\"Applied Micro Electronics BV 6799-1300-0810\"},{\"@type\":\"BreadcrumbList\",\"@id\":\"https:\\\/\\\/industrialrepairstore.com\\\/product\\\/applied-micro-electronics-bv-6799-1300-0810\\\/#breadcrumb\",\"itemListElement\":[{\"@type\":\"ListItem\",\"position\":1,\"name\":\"Home\",\"item\":\"https:\\\/\\\/industrialrepairstore.com\\\/\"},{\"@type\":\"ListItem\",\"position\":2,\"name\":\"Shop\",\"item\":\"https:\\\/\\\/industrialrepairstore.com\\\/shop\\\/\"},{\"@type\":\"ListItem\",\"position\":3,\"name\":\"Applied Micro Electronics BV 6799-1300-0810\"}]},{\"@type\":\"WebSite\",\"@id\":\"https:\\\/\\\/industrialrepairstore.com\\\/#website\",\"url\":\"https:\\\/\\\/industrialrepairstore.com\\\/\",\"name\":\"ERD Industrial Repair Store\",\"description\":\"Reimagining the Future of Repair Through Innovation\",\"potentialAction\":[{\"@type\":\"SearchAction\",\"target\":{\"@type\":\"EntryPoint\",\"urlTemplate\":\"https:\\\/\\\/industrialrepairstore.com\\\/?s={search_term_string}\"},\"query-input\":{\"@type\":\"PropertyValueSpecification\",\"valueRequired\":true,\"valueName\":\"search_term_string\"}}],\"inLanguage\":\"es\"}]}<\/script>\n<!-- \/ Yoast SEO Premium plugin. -->","yoast_head_json":{"title":"Applied Micro Electronics BV 6799-1300-0810 - ERD Industrial Repair Store","description":"Expert Applied Micro Electronics BV 6799-1300-0810 repair by the skilled technicians at ERD Ltd. Call 336-992-3611 for more information!","robots":{"index":"index","follow":"follow","max-snippet":"max-snippet:-1","max-image-preview":"max-image-preview:large","max-video-preview":"max-video-preview:-1"},"canonical":"https:\/\/industrialrepairstore.com\/es\/producto\/applied-micro-electronics-bv-6799-1300-0810\/","og_locale":"es_MX","og_type":"article","og_title":"Applied Micro Electronics BV 6799-1300-0810","og_description":"Expert Applied Micro Electronics BV 6799-1300-0810 repair by the skilled technicians at ERD Ltd. Call 336-992-3611 for more information!","og_url":"https:\/\/industrialrepairstore.com\/es\/producto\/applied-micro-electronics-bv-6799-1300-0810\/","og_site_name":"ERD Industrial Repair Store","article_modified_time":"2025-11-18T16:11:47+00:00","og_image":[{"width":1920,"height":2560,"url":"https:\/\/industrialrepairstore.com\/wp-content\/uploads\/2025\/01\/web_012225017_applied_micro_electronics_bv_6799_1300_0810_YDj9rcus.jpg","type":"image\/jpeg"}],"twitter_card":"summary_large_image","twitter_misc":{"Tiempo de lectura":"1 minuto"},"schema":{"@context":"https:\/\/schema.org","@graph":[{"@type":"WebPage","@id":"https:\/\/industrialrepairstore.com\/product\/applied-micro-electronics-bv-6799-1300-0810\/","url":"https:\/\/industrialrepairstore.com\/product\/applied-micro-electronics-bv-6799-1300-0810\/","name":"Applied Micro Electronics BV 6799-1300-0810 - ERD Industrial Repair Store","isPartOf":{"@id":"https:\/\/industrialrepairstore.com\/#website"},"primaryImageOfPage":{"@id":"https:\/\/industrialrepairstore.com\/product\/applied-micro-electronics-bv-6799-1300-0810\/#primaryimage"},"image":{"@id":"https:\/\/industrialrepairstore.com\/product\/applied-micro-electronics-bv-6799-1300-0810\/#primaryimage"},"thumbnailUrl":"https:\/\/industrialrepairstore.com\/wp-content\/uploads\/2025\/01\/web_012225017_applied_micro_electronics_bv_6799_1300_0810_YDj9rcus.jpg","datePublished":"2025-01-30T16:55:08+00:00","dateModified":"2025-11-18T16:11:47+00:00","description":"Expert Applied Micro Electronics BV 6799-1300-0810 repair by the skilled technicians at ERD Ltd. Call 336-992-3611 for more information!","breadcrumb":{"@id":"https:\/\/industrialrepairstore.com\/product\/applied-micro-electronics-bv-6799-1300-0810\/#breadcrumb"},"inLanguage":"es","potentialAction":[{"@type":"ReadAction","target":["https:\/\/industrialrepairstore.com\/product\/applied-micro-electronics-bv-6799-1300-0810\/"]}]},{"@type":"ImageObject","inLanguage":"es","@id":"https:\/\/industrialrepairstore.com\/product\/applied-micro-electronics-bv-6799-1300-0810\/#primaryimage","url":"https:\/\/industrialrepairstore.com\/wp-content\/uploads\/2025\/01\/web_012225017_applied_micro_electronics_bv_6799_1300_0810_YDj9rcus.jpg","contentUrl":"https:\/\/industrialrepairstore.com\/wp-content\/uploads\/2025\/01\/web_012225017_applied_micro_electronics_bv_6799_1300_0810_YDj9rcus.jpg","width":1920,"height":2560,"caption":"Applied Micro Electronics BV 6799-1300-0810"},{"@type":"BreadcrumbList","@id":"https:\/\/industrialrepairstore.com\/product\/applied-micro-electronics-bv-6799-1300-0810\/#breadcrumb","itemListElement":[{"@type":"ListItem","position":1,"name":"Home","item":"https:\/\/industrialrepairstore.com\/"},{"@type":"ListItem","position":2,"name":"Shop","item":"https:\/\/industrialrepairstore.com\/shop\/"},{"@type":"ListItem","position":3,"name":"Applied Micro Electronics BV 6799-1300-0810"}]},{"@type":"WebSite","@id":"https:\/\/industrialrepairstore.com\/#website","url":"https:\/\/industrialrepairstore.com\/","name":"ERD Industrial Repair Store","description":"Reimagining the Future of Repair Through Innovation","potentialAction":[{"@type":"SearchAction","target":{"@type":"EntryPoint","urlTemplate":"https:\/\/industrialrepairstore.com\/?s={search_term_string}"},"query-input":{"@type":"PropertyValueSpecification","valueRequired":true,"valueName":"search_term_string"}}],"inLanguage":"es"}]}},"_links":{"self":[{"href":"https:\/\/industrialrepairstore.com\/es\/wp-json\/wp\/v2\/product\/51714","targetHints":{"allow":["GET"]}}],"collection":[{"href":"https:\/\/industrialrepairstore.com\/es\/wp-json\/wp\/v2\/product"}],"about":[{"href":"https:\/\/industrialrepairstore.com\/es\/wp-json\/wp\/v2\/types\/product"}],"wp:featuredmedia":[{"embeddable":true,"href":"https:\/\/industrialrepairstore.com\/es\/wp-json\/wp\/v2\/media\/51715"}],"wp:attachment":[{"href":"https:\/\/industrialrepairstore.com\/es\/wp-json\/wp\/v2\/media?parent=51714"}],"wp:term":[{"taxonomy":"product_brand","embeddable":true,"href":"https:\/\/industrialrepairstore.com\/es\/wp-json\/wp\/v2\/product_brand?post=51714"},{"taxonomy":"product_cat","embeddable":true,"href":"https:\/\/industrialrepairstore.com\/es\/wp-json\/wp\/v2\/product_cat?post=51714"},{"taxonomy":"product_tag","embeddable":true,"href":"https:\/\/industrialrepairstore.com\/es\/wp-json\/wp\/v2\/product_tag?post=51714"}],"curies":[{"name":"wp","href":"https:\/\/api.w.org\/{rel}","templated":true}]}}