{"id":52230,"date":"2025-04-14T12:07:09","date_gmt":"2025-04-14T17:07:09","guid":{"rendered":"https:\/\/industrialrepairstore.com\/product\/allen-bradley-20bd014a4aynanc0-2\/"},"modified":"2025-12-01T09:30:30","modified_gmt":"2025-12-01T15:30:30","slug":"allen-bradley-20bd014a4aynanc0-2","status":"publish","type":"product","link":"https:\/\/industrialrepairstore.com\/es\/producto\/allen-bradley-20bd014a4aynanc0-2\/","title":{"rendered":"ALLEN BRADLEY 20BD014A4AYNANC0"},"content":{"rendered":"<p>El 20BD014A4AYNANC0 forma parte de la serie PowerFlex 70 de Allen-Bradley, fabricado por Rockwell Automation. Este equipo es un variador de CA de frecuencia ajustable dise\u00f1ado para funcionar a una tensi\u00f3n de entrada de 480 VCA con una corriente de salida de 14 amperios. Cuenta con una carcasa de montaje en panel con clasificaci\u00f3n IP20\/NEMA Tipo 1, con revestimiento conformado para mayor protecci\u00f3n. El dispositivo es conocido por su s\u00f3lido rendimiento en diversas aplicaciones industriales. Sin embargo, parece que este modelo espec\u00edfico ha sido descatalogado.<\/p>\n<p>Los usuarios pueden experimentar varios s\u00edntomas observables que indican que el 20BD014A4AYNANC0 puede requerir reparaci\u00f3n. Estos s\u00edntomas pueden incluir comandos err\u00e1ticos o que no responden, ruidos inusuales durante el funcionamiento, sobrecalentamiento o no alcanzar los niveles de velocidad o par deseados. Adem\u00e1s, las desconexiones frecuentes del variador o un indicador de fallo iluminado tambi\u00e9n pueden sugerir que la unidad necesita atenci\u00f3n.<\/p>\n<p>Si desea que ERD repare su ALLEN BRADLEY 20BD014A4AYNANC0, env\u00edenos su unidad a 705 Indeneer Drive, Kernersville, NC 27284. Le proporcionaremos un presupuesto en firme dentro de las 48 horas h\u00e1biles siguientes a la recepci\u00f3n de su unidad. Si tiene alguna pregunta o necesita hablar con nosotros, no dude en llamar al 1.336.992.3611 o visite nuestra p\u00e1gina de contacto en <a href=\"https:\/\/industrialrepairstore.com\/es\/contact-erd\/\">https:\/\/industrialrepairstore.com\/contact-erd<\/a>.<\/p>\n<p> Si no encuentra la reparaci\u00f3n que necesita en nuestro amplio cat\u00e1logo de reparaciones, p\u00f3ngase en contacto con nosotros, ya que a\u00f1adimos nuevos art\u00edculos de reparaci\u00f3n a diario. Para obtener informaci\u00f3n adicional sobre los productos, tambi\u00e9n puede consultar nuestro completo canal de v\u00eddeos de YouTube en <a href=\"https:\/\/www.youtube.com\/@erdltd\">https:\/\/www.youtube.com\/@erdltd<\/a>.<\/p>\n<p> Nos comprometemos a ofrecer servicios excepcionales de reparaci\u00f3n electr\u00f3nica en taller que superen sus expectativas. La profunda experiencia de nuestro equipo, su atenci\u00f3n al detalle y su compromiso con la calidad garantizan reparaciones fiables y eficientes incluso para los sistemas electr\u00f3nicos m\u00e1s complejos. ERD cuenta con una larga tradici\u00f3n mundial en la reparaci\u00f3n de los componentes electr\u00f3nicos m\u00e1s complicados en una gran variedad de sectores, y estamos deseando trabajar con usted.<\/p>","protected":false},"excerpt":{"rendered":"<p>Esta es la p\u00e1gina del cat\u00e1logo de reparaci\u00f3n de ALLEN BRADLEY 20BD014A4AYNANC0 , Atendido por t\u00e9cnicos expertos de ERD Ltd.. Para hablar con nosotros, llame al 1.336.992.3611 o visite nuestra p\u00e1gina de contacto en <a href=\"https:\/\/industrialrepairstore.com\/es\/contact-erd\/\">https:\/\/industrialrepairstore.com\/contact-erd<\/a><\/p>","protected":false},"featured_media":51897,"template":"","meta":{"_acf_changed":false,"_et_pb_use_builder":"","_et_pb_old_content":"","_et_gb_content_width":""},"product_brand":[],"product_cat":[78],"product_tag":[145,85,66,65],"class_list":{"0":"post-52230","1":"product","2":"type-product","3":"status-publish","4":"has-post-thumbnail","6":"product_cat-industrial","7":"product_tag-ac-drive","8":"product_tag-allen-bradley","9":"product_tag-erd","10":"product_tag-repair","12":"first","13":"instock","14":"purchasable","15":"product-type-simple"},"acf":[],"yoast_head":"<!-- This site is optimized with the Yoast SEO Premium plugin v27.3 (Yoast SEO v27.3) - https:\/\/yoast.com\/product\/yoast-seo-premium-wordpress\/ -->\n<title>ALLEN BRADLEY 20BD014A4AYNANC0 - ERD Industrial Repair Store<\/title>\n<meta name=\"description\" content=\"Expert ALLEN BRADLEY 20BD014A4AYNANC0 repair by the skilled technicians at ERD Ltd. To speak with us, please call 1.336.992.3611.\" \/>\n<meta name=\"robots\" content=\"index, follow, max-snippet:-1, max-image-preview:large, max-video-preview:-1\" \/>\n<link rel=\"canonical\" href=\"https:\/\/industrialrepairstore.com\/es\/producto\/allen-bradley-20bd014a4aynanc0-2\/\" \/>\n<meta property=\"og:locale\" content=\"es_MX\" \/>\n<meta property=\"og:type\" content=\"article\" \/>\n<meta property=\"og:title\" content=\"ALLEN BRADLEY 20BD014A4AYNANC0\" \/>\n<meta property=\"og:description\" content=\"Expert ALLEN BRADLEY 20BD014A4AYNANC0 repair by the skilled technicians at ERD Ltd. To speak with us, please call 1.336.992.3611.\" \/>\n<meta property=\"og:url\" content=\"https:\/\/industrialrepairstore.com\/es\/producto\/allen-bradley-20bd014a4aynanc0-2\/\" \/>\n<meta property=\"og:site_name\" content=\"ERD Industrial Repair Store\" \/>\n<meta property=\"article:modified_time\" content=\"2025-12-01T15:30:30+00:00\" \/>\n<meta property=\"og:image\" content=\"https:\/\/industrialrepairstore.com\/wp-content\/uploads\/2025\/02\/web_allen_bradley_power_flex_20BD01.jpg\" \/>\n\t<meta property=\"og:image:width\" content=\"1266\" \/>\n\t<meta property=\"og:image:height\" content=\"1600\" \/>\n\t<meta property=\"og:image:type\" content=\"image\/jpeg\" \/>\n<meta name=\"twitter:card\" content=\"summary_large_image\" \/>\n<meta name=\"twitter:label1\" content=\"Tiempo de lectura\" \/>\n\t<meta name=\"twitter:data1\" content=\"2 minutos\" \/>\n<script type=\"application\/ld+json\" class=\"yoast-schema-graph\">{\"@context\":\"https:\\\/\\\/schema.org\",\"@graph\":[{\"@type\":\"WebPage\",\"@id\":\"https:\\\/\\\/industrialrepairstore.com\\\/product\\\/allen-bradley-20bd014a4aynanc0-2\\\/\",\"url\":\"https:\\\/\\\/industrialrepairstore.com\\\/product\\\/allen-bradley-20bd014a4aynanc0-2\\\/\",\"name\":\"ALLEN BRADLEY 20BD014A4AYNANC0 - ERD Industrial Repair Store\",\"isPartOf\":{\"@id\":\"https:\\\/\\\/industrialrepairstore.com\\\/#website\"},\"primaryImageOfPage\":{\"@id\":\"https:\\\/\\\/industrialrepairstore.com\\\/product\\\/allen-bradley-20bd014a4aynanc0-2\\\/#primaryimage\"},\"image\":{\"@id\":\"https:\\\/\\\/industrialrepairstore.com\\\/product\\\/allen-bradley-20bd014a4aynanc0-2\\\/#primaryimage\"},\"thumbnailUrl\":\"https:\\\/\\\/industrialrepairstore.com\\\/wp-content\\\/uploads\\\/2025\\\/02\\\/web_allen_bradley_power_flex_20BD01.jpg\",\"datePublished\":\"2025-04-14T17:07:09+00:00\",\"dateModified\":\"2025-12-01T15:30:30+00:00\",\"description\":\"Expert ALLEN BRADLEY 20BD014A4AYNANC0 repair by the skilled technicians at ERD Ltd. To speak with us, please call 1.336.992.3611.\",\"breadcrumb\":{\"@id\":\"https:\\\/\\\/industrialrepairstore.com\\\/product\\\/allen-bradley-20bd014a4aynanc0-2\\\/#breadcrumb\"},\"inLanguage\":\"es\",\"potentialAction\":[{\"@type\":\"ReadAction\",\"target\":[\"https:\\\/\\\/industrialrepairstore.com\\\/product\\\/allen-bradley-20bd014a4aynanc0-2\\\/\"]}]},{\"@type\":\"ImageObject\",\"inLanguage\":\"es\",\"@id\":\"https:\\\/\\\/industrialrepairstore.com\\\/product\\\/allen-bradley-20bd014a4aynanc0-2\\\/#primaryimage\",\"url\":\"https:\\\/\\\/industrialrepairstore.com\\\/wp-content\\\/uploads\\\/2025\\\/02\\\/web_allen_bradley_power_flex_20BD01.jpg\",\"contentUrl\":\"https:\\\/\\\/industrialrepairstore.com\\\/wp-content\\\/uploads\\\/2025\\\/02\\\/web_allen_bradley_power_flex_20BD01.jpg\",\"width\":1266,\"height\":1600,\"caption\":\"ALLEN BRADLEY POWER FLEX 20BD01\"},{\"@type\":\"BreadcrumbList\",\"@id\":\"https:\\\/\\\/industrialrepairstore.com\\\/product\\\/allen-bradley-20bd014a4aynanc0-2\\\/#breadcrumb\",\"itemListElement\":[{\"@type\":\"ListItem\",\"position\":1,\"name\":\"Home\",\"item\":\"https:\\\/\\\/industrialrepairstore.com\\\/\"},{\"@type\":\"ListItem\",\"position\":2,\"name\":\"Shop\",\"item\":\"https:\\\/\\\/industrialrepairstore.com\\\/shop\\\/\"},{\"@type\":\"ListItem\",\"position\":3,\"name\":\"ALLEN BRADLEY 20BD014A4AYNANC0\"}]},{\"@type\":\"WebSite\",\"@id\":\"https:\\\/\\\/industrialrepairstore.com\\\/#website\",\"url\":\"https:\\\/\\\/industrialrepairstore.com\\\/\",\"name\":\"ERD Industrial Repair Store\",\"description\":\"Reimagining the Future of Repair Through Innovation\",\"potentialAction\":[{\"@type\":\"SearchAction\",\"target\":{\"@type\":\"EntryPoint\",\"urlTemplate\":\"https:\\\/\\\/industrialrepairstore.com\\\/?s={search_term_string}\"},\"query-input\":{\"@type\":\"PropertyValueSpecification\",\"valueRequired\":true,\"valueName\":\"search_term_string\"}}],\"inLanguage\":\"es\"}]}<\/script>\n<!-- \/ Yoast SEO Premium plugin. -->","yoast_head_json":{"title":"ALLEN BRADLEY 20BD014A4AYNANC0 - ERD Industrial Repair Store","description":"Expert ALLEN BRADLEY 20BD014A4AYNANC0 repair by the skilled technicians at ERD Ltd. To speak with us, please call 1.336.992.3611.","robots":{"index":"index","follow":"follow","max-snippet":"max-snippet:-1","max-image-preview":"max-image-preview:large","max-video-preview":"max-video-preview:-1"},"canonical":"https:\/\/industrialrepairstore.com\/es\/producto\/allen-bradley-20bd014a4aynanc0-2\/","og_locale":"es_MX","og_type":"article","og_title":"ALLEN BRADLEY 20BD014A4AYNANC0","og_description":"Expert ALLEN BRADLEY 20BD014A4AYNANC0 repair by the skilled technicians at ERD Ltd. To speak with us, please call 1.336.992.3611.","og_url":"https:\/\/industrialrepairstore.com\/es\/producto\/allen-bradley-20bd014a4aynanc0-2\/","og_site_name":"ERD Industrial Repair Store","article_modified_time":"2025-12-01T15:30:30+00:00","og_image":[{"width":1266,"height":1600,"url":"https:\/\/industrialrepairstore.com\/wp-content\/uploads\/2025\/02\/web_allen_bradley_power_flex_20BD01.jpg","type":"image\/jpeg"}],"twitter_card":"summary_large_image","twitter_misc":{"Tiempo de lectura":"2 minutos"},"schema":{"@context":"https:\/\/schema.org","@graph":[{"@type":"WebPage","@id":"https:\/\/industrialrepairstore.com\/product\/allen-bradley-20bd014a4aynanc0-2\/","url":"https:\/\/industrialrepairstore.com\/product\/allen-bradley-20bd014a4aynanc0-2\/","name":"ALLEN BRADLEY 20BD014A4AYNANC0 - ERD Industrial Repair Store","isPartOf":{"@id":"https:\/\/industrialrepairstore.com\/#website"},"primaryImageOfPage":{"@id":"https:\/\/industrialrepairstore.com\/product\/allen-bradley-20bd014a4aynanc0-2\/#primaryimage"},"image":{"@id":"https:\/\/industrialrepairstore.com\/product\/allen-bradley-20bd014a4aynanc0-2\/#primaryimage"},"thumbnailUrl":"https:\/\/industrialrepairstore.com\/wp-content\/uploads\/2025\/02\/web_allen_bradley_power_flex_20BD01.jpg","datePublished":"2025-04-14T17:07:09+00:00","dateModified":"2025-12-01T15:30:30+00:00","description":"Expert ALLEN BRADLEY 20BD014A4AYNANC0 repair by the skilled technicians at ERD Ltd. To speak with us, please call 1.336.992.3611.","breadcrumb":{"@id":"https:\/\/industrialrepairstore.com\/product\/allen-bradley-20bd014a4aynanc0-2\/#breadcrumb"},"inLanguage":"es","potentialAction":[{"@type":"ReadAction","target":["https:\/\/industrialrepairstore.com\/product\/allen-bradley-20bd014a4aynanc0-2\/"]}]},{"@type":"ImageObject","inLanguage":"es","@id":"https:\/\/industrialrepairstore.com\/product\/allen-bradley-20bd014a4aynanc0-2\/#primaryimage","url":"https:\/\/industrialrepairstore.com\/wp-content\/uploads\/2025\/02\/web_allen_bradley_power_flex_20BD01.jpg","contentUrl":"https:\/\/industrialrepairstore.com\/wp-content\/uploads\/2025\/02\/web_allen_bradley_power_flex_20BD01.jpg","width":1266,"height":1600,"caption":"ALLEN BRADLEY POWER FLEX 20BD01"},{"@type":"BreadcrumbList","@id":"https:\/\/industrialrepairstore.com\/product\/allen-bradley-20bd014a4aynanc0-2\/#breadcrumb","itemListElement":[{"@type":"ListItem","position":1,"name":"Home","item":"https:\/\/industrialrepairstore.com\/"},{"@type":"ListItem","position":2,"name":"Shop","item":"https:\/\/industrialrepairstore.com\/shop\/"},{"@type":"ListItem","position":3,"name":"ALLEN BRADLEY 20BD014A4AYNANC0"}]},{"@type":"WebSite","@id":"https:\/\/industrialrepairstore.com\/#website","url":"https:\/\/industrialrepairstore.com\/","name":"ERD Industrial Repair Store","description":"Reimagining the Future of Repair Through Innovation","potentialAction":[{"@type":"SearchAction","target":{"@type":"EntryPoint","urlTemplate":"https:\/\/industrialrepairstore.com\/?s={search_term_string}"},"query-input":{"@type":"PropertyValueSpecification","valueRequired":true,"valueName":"search_term_string"}}],"inLanguage":"es"}]}},"_links":{"self":[{"href":"https:\/\/industrialrepairstore.com\/es\/wp-json\/wp\/v2\/product\/52230","targetHints":{"allow":["GET"]}}],"collection":[{"href":"https:\/\/industrialrepairstore.com\/es\/wp-json\/wp\/v2\/product"}],"about":[{"href":"https:\/\/industrialrepairstore.com\/es\/wp-json\/wp\/v2\/types\/product"}],"wp:featuredmedia":[{"embeddable":true,"href":"https:\/\/industrialrepairstore.com\/es\/wp-json\/wp\/v2\/media\/51897"}],"wp:attachment":[{"href":"https:\/\/industrialrepairstore.com\/es\/wp-json\/wp\/v2\/media?parent=52230"}],"wp:term":[{"taxonomy":"product_brand","embeddable":true,"href":"https:\/\/industrialrepairstore.com\/es\/wp-json\/wp\/v2\/product_brand?post=52230"},{"taxonomy":"product_cat","embeddable":true,"href":"https:\/\/industrialrepairstore.com\/es\/wp-json\/wp\/v2\/product_cat?post=52230"},{"taxonomy":"product_tag","embeddable":true,"href":"https:\/\/industrialrepairstore.com\/es\/wp-json\/wp\/v2\/product_tag?post=52230"}],"curies":[{"name":"wp","href":"https:\/\/api.w.org\/{rel}","templated":true}]}}