{"id":52920,"date":"2025-05-23T03:27:13","date_gmt":"2025-05-23T08:27:13","guid":{"rendered":"https:\/\/industrialrepairstore.com\/product\/allen-bradley-20bd011a0ayyacd0\/"},"modified":"2025-12-01T07:58:22","modified_gmt":"2025-12-01T13:58:22","slug":"allen-bradley-20bd011a0ayyacd0","status":"publish","type":"product","link":"https:\/\/industrialrepairstore.com\/es\/producto\/allen-bradley-20bd011a0ayyacd0\/","title":{"rendered":"ALLEN BRADLEY 20BD011A0AYYACD0"},"content":{"rendered":"<p>The Allen-Bradley 20BD011A0AYYACD0 is an AC Drive that belongs to the PowerFlex 700 series manufactured by Allen-Bradley, a division of Rockwell Automation. This model operates at 480 VAC, supports 60 Hz, and is designed for three-phase applications with a current rating of 11 amps and a power capacity of 7.5 HP. It is compactly housed in Frame Size 0, making it suitable for various industrial applications. However, it is worth noting that this model has been discontinued, as announced by Rockwell Automation.<\/p>\n<p>Common failure points users may experience with the 20BD011A0AYYACD0 include erratic operation, failure to start, or sudden shutdowns during operation. Users may observe unusual noises, overheating, or warning lights on the unit, which could indicate that the drive requires repair. Additionally, if the unit exhibits frequent trips or faults, it may suggest that intervention is necessary.<\/p>\n<p>If you would like ERD to repair your ALLEN BRADLEY 20BD011A0AYYACD0, please ship your unit to us at 705 Indeneer Drive, Kernersville, NC 27284. We will provide you with a firm quote within 48 business hours of receiving your unit. If you have any questions or need to speak with us, feel free to call 1.336.992.3611 or visit our contact page at <a href=\"https:\/\/industrialrepairstore.com\/es\/contact-erd\/\">https:\/\/industrialrepairstore.com\/contact-erd<\/a>.<\/p>\n<p> Si no encuentra la reparaci\u00f3n que necesita en nuestro amplio cat\u00e1logo de reparaciones, p\u00f3ngase en contacto con nosotros, ya que a\u00f1adimos nuevos art\u00edculos de reparaci\u00f3n a diario. Para obtener informaci\u00f3n adicional sobre los productos, tambi\u00e9n puede consultar nuestro completo canal de v\u00eddeos de YouTube en <a href=\"https:\/\/www.youtube.com\/@erdltd\">https:\/\/www.youtube.com\/@erdltd<\/a>.<\/p>\n<p> Nos comprometemos a ofrecer servicios excepcionales de reparaci\u00f3n electr\u00f3nica en taller que superen sus expectativas. La profunda experiencia de nuestro equipo, su atenci\u00f3n al detalle y su compromiso con la calidad garantizan reparaciones fiables y eficientes incluso para los sistemas electr\u00f3nicos m\u00e1s complejos. ERD cuenta con una larga tradici\u00f3n mundial en la reparaci\u00f3n de los componentes electr\u00f3nicos m\u00e1s complicados en una gran variedad de sectores, y estamos deseando trabajar con usted.<\/p>","protected":false},"excerpt":{"rendered":"<p>This is the repair catalog page for the ALLEN BRADLEY 20BD011A0AYYACD0, serviced by expert technicians at ERD Ltd. To speak with us, please call 1.336.992.3611 or visit our contact page at <a href=\"https:\/\/industrialrepairstore.com\/es\/contact-erd\/\">https:\/\/industrialrepairstore.com\/contact-erd<\/a><\/p>","protected":false},"featured_media":51897,"template":"","meta":{"_acf_changed":false,"_et_pb_use_builder":"","_et_pb_old_content":"","_et_gb_content_width":""},"product_brand":[],"product_cat":[78],"product_tag":[145,85,66,65],"class_list":{"0":"post-52920","1":"product","2":"type-product","3":"status-publish","4":"has-post-thumbnail","6":"product_cat-industrial","7":"product_tag-ac-drive","8":"product_tag-allen-bradley","9":"product_tag-erd","10":"product_tag-repair","12":"first","13":"instock","14":"purchasable","15":"product-type-simple"},"acf":[],"yoast_head":"<!-- This site is optimized with the Yoast SEO Premium plugin v27.3 (Yoast SEO v27.3) - https:\/\/yoast.com\/product\/yoast-seo-premium-wordpress\/ -->\n<title>ALLEN BRADLEY 20BD011A0AYYACD0 - ERD Industrial Repair Store<\/title>\n<meta name=\"description\" content=\"Expert ALLEN BRADLEY 20BD011A0AYYACD0 repair by the skilled technicians at ERD Ltd. To speak with us, please call 1.336.992.3611.\" \/>\n<meta name=\"robots\" content=\"index, follow, max-snippet:-1, max-image-preview:large, max-video-preview:-1\" \/>\n<link rel=\"canonical\" href=\"https:\/\/industrialrepairstore.com\/es\/producto\/allen-bradley-20bd011a0ayyacd0\/\" \/>\n<meta property=\"og:locale\" content=\"es_MX\" \/>\n<meta property=\"og:type\" content=\"article\" \/>\n<meta property=\"og:title\" content=\"ALLEN BRADLEY 20BD011A0AYYACD0\" \/>\n<meta property=\"og:description\" content=\"Expert ALLEN BRADLEY 20BD011A0AYYACD0 repair by the skilled technicians at ERD Ltd. To speak with us, please call 1.336.992.3611.\" \/>\n<meta property=\"og:url\" content=\"https:\/\/industrialrepairstore.com\/es\/producto\/allen-bradley-20bd011a0ayyacd0\/\" \/>\n<meta property=\"og:site_name\" content=\"ERD Industrial Repair Store\" \/>\n<meta property=\"article:modified_time\" content=\"2025-12-01T13:58:22+00:00\" \/>\n<meta property=\"og:image\" content=\"https:\/\/industrialrepairstore.com\/wp-content\/uploads\/2025\/02\/web_allen_bradley_power_flex_20BD01.jpg\" \/>\n\t<meta property=\"og:image:width\" content=\"1266\" \/>\n\t<meta property=\"og:image:height\" content=\"1600\" \/>\n\t<meta property=\"og:image:type\" content=\"image\/jpeg\" \/>\n<meta name=\"twitter:card\" content=\"summary_large_image\" \/>\n<meta name=\"twitter:label1\" content=\"Tiempo de lectura\" \/>\n\t<meta name=\"twitter:data1\" content=\"2 minutos\" \/>\n<script type=\"application\/ld+json\" class=\"yoast-schema-graph\">{\"@context\":\"https:\\\/\\\/schema.org\",\"@graph\":[{\"@type\":\"WebPage\",\"@id\":\"https:\\\/\\\/industrialrepairstore.com\\\/product\\\/allen-bradley-20bd011a0ayyacd0\\\/\",\"url\":\"https:\\\/\\\/industrialrepairstore.com\\\/product\\\/allen-bradley-20bd011a0ayyacd0\\\/\",\"name\":\"ALLEN BRADLEY 20BD011A0AYYACD0 - ERD Industrial Repair Store\",\"isPartOf\":{\"@id\":\"https:\\\/\\\/industrialrepairstore.com\\\/#website\"},\"primaryImageOfPage\":{\"@id\":\"https:\\\/\\\/industrialrepairstore.com\\\/product\\\/allen-bradley-20bd011a0ayyacd0\\\/#primaryimage\"},\"image\":{\"@id\":\"https:\\\/\\\/industrialrepairstore.com\\\/product\\\/allen-bradley-20bd011a0ayyacd0\\\/#primaryimage\"},\"thumbnailUrl\":\"https:\\\/\\\/industrialrepairstore.com\\\/wp-content\\\/uploads\\\/2025\\\/02\\\/web_allen_bradley_power_flex_20BD01.jpg\",\"datePublished\":\"2025-05-23T08:27:13+00:00\",\"dateModified\":\"2025-12-01T13:58:22+00:00\",\"description\":\"Expert ALLEN BRADLEY 20BD011A0AYYACD0 repair by the skilled technicians at ERD Ltd. To speak with us, please call 1.336.992.3611.\",\"breadcrumb\":{\"@id\":\"https:\\\/\\\/industrialrepairstore.com\\\/product\\\/allen-bradley-20bd011a0ayyacd0\\\/#breadcrumb\"},\"inLanguage\":\"es\",\"potentialAction\":[{\"@type\":\"ReadAction\",\"target\":[\"https:\\\/\\\/industrialrepairstore.com\\\/product\\\/allen-bradley-20bd011a0ayyacd0\\\/\"]}]},{\"@type\":\"ImageObject\",\"inLanguage\":\"es\",\"@id\":\"https:\\\/\\\/industrialrepairstore.com\\\/product\\\/allen-bradley-20bd011a0ayyacd0\\\/#primaryimage\",\"url\":\"https:\\\/\\\/industrialrepairstore.com\\\/wp-content\\\/uploads\\\/2025\\\/02\\\/web_allen_bradley_power_flex_20BD01.jpg\",\"contentUrl\":\"https:\\\/\\\/industrialrepairstore.com\\\/wp-content\\\/uploads\\\/2025\\\/02\\\/web_allen_bradley_power_flex_20BD01.jpg\",\"width\":1266,\"height\":1600,\"caption\":\"ALLEN BRADLEY POWER FLEX 20BD01\"},{\"@type\":\"BreadcrumbList\",\"@id\":\"https:\\\/\\\/industrialrepairstore.com\\\/product\\\/allen-bradley-20bd011a0ayyacd0\\\/#breadcrumb\",\"itemListElement\":[{\"@type\":\"ListItem\",\"position\":1,\"name\":\"Home\",\"item\":\"https:\\\/\\\/industrialrepairstore.com\\\/\"},{\"@type\":\"ListItem\",\"position\":2,\"name\":\"Shop\",\"item\":\"https:\\\/\\\/industrialrepairstore.com\\\/shop\\\/\"},{\"@type\":\"ListItem\",\"position\":3,\"name\":\"ALLEN BRADLEY 20BD011A0AYYACD0\"}]},{\"@type\":\"WebSite\",\"@id\":\"https:\\\/\\\/industrialrepairstore.com\\\/#website\",\"url\":\"https:\\\/\\\/industrialrepairstore.com\\\/\",\"name\":\"ERD Industrial Repair Store\",\"description\":\"Reimagining the Future of Repair Through Innovation\",\"potentialAction\":[{\"@type\":\"SearchAction\",\"target\":{\"@type\":\"EntryPoint\",\"urlTemplate\":\"https:\\\/\\\/industrialrepairstore.com\\\/?s={search_term_string}\"},\"query-input\":{\"@type\":\"PropertyValueSpecification\",\"valueRequired\":true,\"valueName\":\"search_term_string\"}}],\"inLanguage\":\"es\"}]}<\/script>\n<!-- \/ Yoast SEO Premium plugin. -->","yoast_head_json":{"title":"ALLEN BRADLEY 20BD011A0AYYACD0 - ERD Industrial Repair Store","description":"Expert ALLEN BRADLEY 20BD011A0AYYACD0 repair by the skilled technicians at ERD Ltd. To speak with us, please call 1.336.992.3611.","robots":{"index":"index","follow":"follow","max-snippet":"max-snippet:-1","max-image-preview":"max-image-preview:large","max-video-preview":"max-video-preview:-1"},"canonical":"https:\/\/industrialrepairstore.com\/es\/producto\/allen-bradley-20bd011a0ayyacd0\/","og_locale":"es_MX","og_type":"article","og_title":"ALLEN BRADLEY 20BD011A0AYYACD0","og_description":"Expert ALLEN BRADLEY 20BD011A0AYYACD0 repair by the skilled technicians at ERD Ltd. To speak with us, please call 1.336.992.3611.","og_url":"https:\/\/industrialrepairstore.com\/es\/producto\/allen-bradley-20bd011a0ayyacd0\/","og_site_name":"ERD Industrial Repair Store","article_modified_time":"2025-12-01T13:58:22+00:00","og_image":[{"width":1266,"height":1600,"url":"https:\/\/industrialrepairstore.com\/wp-content\/uploads\/2025\/02\/web_allen_bradley_power_flex_20BD01.jpg","type":"image\/jpeg"}],"twitter_card":"summary_large_image","twitter_misc":{"Tiempo de lectura":"2 minutos"},"schema":{"@context":"https:\/\/schema.org","@graph":[{"@type":"WebPage","@id":"https:\/\/industrialrepairstore.com\/product\/allen-bradley-20bd011a0ayyacd0\/","url":"https:\/\/industrialrepairstore.com\/product\/allen-bradley-20bd011a0ayyacd0\/","name":"ALLEN BRADLEY 20BD011A0AYYACD0 - ERD Industrial Repair Store","isPartOf":{"@id":"https:\/\/industrialrepairstore.com\/#website"},"primaryImageOfPage":{"@id":"https:\/\/industrialrepairstore.com\/product\/allen-bradley-20bd011a0ayyacd0\/#primaryimage"},"image":{"@id":"https:\/\/industrialrepairstore.com\/product\/allen-bradley-20bd011a0ayyacd0\/#primaryimage"},"thumbnailUrl":"https:\/\/industrialrepairstore.com\/wp-content\/uploads\/2025\/02\/web_allen_bradley_power_flex_20BD01.jpg","datePublished":"2025-05-23T08:27:13+00:00","dateModified":"2025-12-01T13:58:22+00:00","description":"Expert ALLEN BRADLEY 20BD011A0AYYACD0 repair by the skilled technicians at ERD Ltd. To speak with us, please call 1.336.992.3611.","breadcrumb":{"@id":"https:\/\/industrialrepairstore.com\/product\/allen-bradley-20bd011a0ayyacd0\/#breadcrumb"},"inLanguage":"es","potentialAction":[{"@type":"ReadAction","target":["https:\/\/industrialrepairstore.com\/product\/allen-bradley-20bd011a0ayyacd0\/"]}]},{"@type":"ImageObject","inLanguage":"es","@id":"https:\/\/industrialrepairstore.com\/product\/allen-bradley-20bd011a0ayyacd0\/#primaryimage","url":"https:\/\/industrialrepairstore.com\/wp-content\/uploads\/2025\/02\/web_allen_bradley_power_flex_20BD01.jpg","contentUrl":"https:\/\/industrialrepairstore.com\/wp-content\/uploads\/2025\/02\/web_allen_bradley_power_flex_20BD01.jpg","width":1266,"height":1600,"caption":"ALLEN BRADLEY POWER FLEX 20BD01"},{"@type":"BreadcrumbList","@id":"https:\/\/industrialrepairstore.com\/product\/allen-bradley-20bd011a0ayyacd0\/#breadcrumb","itemListElement":[{"@type":"ListItem","position":1,"name":"Home","item":"https:\/\/industrialrepairstore.com\/"},{"@type":"ListItem","position":2,"name":"Shop","item":"https:\/\/industrialrepairstore.com\/shop\/"},{"@type":"ListItem","position":3,"name":"ALLEN BRADLEY 20BD011A0AYYACD0"}]},{"@type":"WebSite","@id":"https:\/\/industrialrepairstore.com\/#website","url":"https:\/\/industrialrepairstore.com\/","name":"ERD Industrial Repair Store","description":"Reimagining the Future of Repair Through Innovation","potentialAction":[{"@type":"SearchAction","target":{"@type":"EntryPoint","urlTemplate":"https:\/\/industrialrepairstore.com\/?s={search_term_string}"},"query-input":{"@type":"PropertyValueSpecification","valueRequired":true,"valueName":"search_term_string"}}],"inLanguage":"es"}]}},"_links":{"self":[{"href":"https:\/\/industrialrepairstore.com\/es\/wp-json\/wp\/v2\/product\/52920","targetHints":{"allow":["GET"]}}],"collection":[{"href":"https:\/\/industrialrepairstore.com\/es\/wp-json\/wp\/v2\/product"}],"about":[{"href":"https:\/\/industrialrepairstore.com\/es\/wp-json\/wp\/v2\/types\/product"}],"wp:featuredmedia":[{"embeddable":true,"href":"https:\/\/industrialrepairstore.com\/es\/wp-json\/wp\/v2\/media\/51897"}],"wp:attachment":[{"href":"https:\/\/industrialrepairstore.com\/es\/wp-json\/wp\/v2\/media?parent=52920"}],"wp:term":[{"taxonomy":"product_brand","embeddable":true,"href":"https:\/\/industrialrepairstore.com\/es\/wp-json\/wp\/v2\/product_brand?post=52920"},{"taxonomy":"product_cat","embeddable":true,"href":"https:\/\/industrialrepairstore.com\/es\/wp-json\/wp\/v2\/product_cat?post=52920"},{"taxonomy":"product_tag","embeddable":true,"href":"https:\/\/industrialrepairstore.com\/es\/wp-json\/wp\/v2\/product_tag?post=52920"}],"curies":[{"name":"wp","href":"https:\/\/api.w.org\/{rel}","templated":true}]}}