{"id":20186,"date":"2024-01-16T01:39:39","date_gmt":"2024-01-16T07:39:39","guid":{"rendered":"https:\/\/dev.industrialrepairstore.com\/product\/baldor-dbsc2025-baa\/"},"modified":"2025-03-03T22:28:04","modified_gmt":"2025-03-04T04:28:04","slug":"baldor-dbsc2025-baa","status":"publish","type":"product","link":"https:\/\/industrialrepairstore.com\/fr\/produit\/baldor-dbsc2025-baa\/","title":{"rendered":"Baldor dbsc2025-baa"},"content":{"rendered":"<p>Si vous souhaitez qu'ERD r\u00e9pare votre Baldor dbsc2025-baa, envoyez-nous votre appareil au 705 Indeneer Drive, Kernersville, NC 27284. Vous recevrez un devis ferme \u00e0 approuver le jour o\u00f9 nous recevrons l'appareil. Si vous souhaitez nous parler, veuillez appeler le 1.336.992.3611.<\/p>\n<p>Si vos besoins de r\u00e9paration ne figurent pas dans notre vaste catalogue de r\u00e9paration, n'h\u00e9sitez pas \u00e0 nous contacter car de nouveaux articles de r\u00e9paration sont ajout\u00e9s quotidiennement. ERD a une longue tradition mondiale de r\u00e9paration des appareils \u00e9lectroniques les plus complexes et nous nous r\u00e9jouissons de travailler avec vous.<\/p>","protected":false},"excerpt":{"rendered":"<p>Ceci est la page du catalogue de r\u00e9paration sp\u00e9cifique pour Baldor dbsc2025-baa, r\u00e9par\u00e9 par les techniciens experts de ERD Ltd.<\/p>","protected":false},"featured_media":47730,"template":"","meta":{"_acf_changed":false,"_et_pb_use_builder":"","_et_pb_old_content":"","_et_gb_content_width":""},"product_brand":[],"product_cat":[351],"product_tag":[],"class_list":{"0":"post-20186","1":"product","2":"type-product","3":"status-publish","4":"has-post-thumbnail","6":"product_cat-semiconductor","8":"first","9":"instock","10":"purchasable","11":"product-type-simple"},"acf":[],"yoast_head":"<!-- This site is optimized with the Yoast SEO Premium plugin v27.3 (Yoast SEO v27.3) - https:\/\/yoast.com\/product\/yoast-seo-premium-wordpress\/ -->\n<title>Baldor dbsc2025-baa - ERD Industrial Repair Store<\/title>\n<meta name=\"description\" content=\"You can trust the expert electronic repair technicians at ERD Ltd. to repair your Baldor dbsc2025-baa. Call 336-992-3611 for more information!\" \/>\n<meta name=\"robots\" content=\"index, follow, max-snippet:-1, max-image-preview:large, max-video-preview:-1\" \/>\n<link rel=\"canonical\" href=\"https:\/\/industrialrepairstore.com\/fr\/produit\/baldor-dbsc2025-baa\/\" \/>\n<meta property=\"og:locale\" content=\"fr_CA\" \/>\n<meta property=\"og:type\" content=\"article\" \/>\n<meta property=\"og:title\" content=\"Baldor dbsc2025-baa\" \/>\n<meta property=\"og:description\" content=\"You can trust the expert electronic repair technicians at ERD Ltd. to repair your Baldor dbsc2025-baa. Call 336-992-3611 for more information!\" \/>\n<meta property=\"og:url\" content=\"https:\/\/industrialrepairstore.com\/fr\/produit\/baldor-dbsc2025-baa\/\" \/>\n<meta property=\"og:site_name\" content=\"ERD Industrial Repair Store\" \/>\n<meta property=\"article:modified_time\" content=\"2025-03-04T04:28:04+00:00\" \/>\n<meta property=\"og:image\" content=\"https:\/\/industrialrepairstore.com\/wp-content\/uploads\/2024\/01\/Baldor_dbsc2025-baa-1.jpg\" \/>\n\t<meta property=\"og:image:width\" content=\"1024\" \/>\n\t<meta property=\"og:image:height\" content=\"768\" \/>\n\t<meta property=\"og:image:type\" content=\"image\/jpeg\" \/>\n<meta name=\"twitter:card\" content=\"summary_large_image\" \/>\n<script type=\"application\/ld+json\" class=\"yoast-schema-graph\">{\"@context\":\"https:\\\/\\\/schema.org\",\"@graph\":[{\"@type\":\"WebPage\",\"@id\":\"https:\\\/\\\/industrialrepairstore.com\\\/product\\\/baldor-dbsc2025-baa\\\/\",\"url\":\"https:\\\/\\\/industrialrepairstore.com\\\/product\\\/baldor-dbsc2025-baa\\\/\",\"name\":\"Baldor dbsc2025-baa - ERD Industrial Repair Store\",\"isPartOf\":{\"@id\":\"https:\\\/\\\/industrialrepairstore.com\\\/#website\"},\"primaryImageOfPage\":{\"@id\":\"https:\\\/\\\/industrialrepairstore.com\\\/product\\\/baldor-dbsc2025-baa\\\/#primaryimage\"},\"image\":{\"@id\":\"https:\\\/\\\/industrialrepairstore.com\\\/product\\\/baldor-dbsc2025-baa\\\/#primaryimage\"},\"thumbnailUrl\":\"https:\\\/\\\/industrialrepairstore.com\\\/wp-content\\\/uploads\\\/2024\\\/01\\\/Baldor_dbsc2025-baa-1.jpg\",\"datePublished\":\"2024-01-16T07:39:39+00:00\",\"dateModified\":\"2025-03-04T04:28:04+00:00\",\"description\":\"You can trust the expert electronic repair technicians at ERD Ltd. to repair your Baldor dbsc2025-baa. Call 336-992-3611 for more information!\",\"breadcrumb\":{\"@id\":\"https:\\\/\\\/industrialrepairstore.com\\\/product\\\/baldor-dbsc2025-baa\\\/#breadcrumb\"},\"inLanguage\":\"fr-CA\",\"potentialAction\":[{\"@type\":\"ReadAction\",\"target\":[\"https:\\\/\\\/industrialrepairstore.com\\\/product\\\/baldor-dbsc2025-baa\\\/\"]}]},{\"@type\":\"ImageObject\",\"inLanguage\":\"fr-CA\",\"@id\":\"https:\\\/\\\/industrialrepairstore.com\\\/product\\\/baldor-dbsc2025-baa\\\/#primaryimage\",\"url\":\"https:\\\/\\\/industrialrepairstore.com\\\/wp-content\\\/uploads\\\/2024\\\/01\\\/Baldor_dbsc2025-baa-1.jpg\",\"contentUrl\":\"https:\\\/\\\/industrialrepairstore.com\\\/wp-content\\\/uploads\\\/2024\\\/01\\\/Baldor_dbsc2025-baa-1.jpg\",\"width\":1024,\"height\":768},{\"@type\":\"BreadcrumbList\",\"@id\":\"https:\\\/\\\/industrialrepairstore.com\\\/product\\\/baldor-dbsc2025-baa\\\/#breadcrumb\",\"itemListElement\":[{\"@type\":\"ListItem\",\"position\":1,\"name\":\"Home\",\"item\":\"https:\\\/\\\/industrialrepairstore.com\\\/\"},{\"@type\":\"ListItem\",\"position\":2,\"name\":\"Shop\",\"item\":\"https:\\\/\\\/industrialrepairstore.com\\\/shop\\\/\"},{\"@type\":\"ListItem\",\"position\":3,\"name\":\"Baldor dbsc2025-baa\"}]},{\"@type\":\"WebSite\",\"@id\":\"https:\\\/\\\/industrialrepairstore.com\\\/#website\",\"url\":\"https:\\\/\\\/industrialrepairstore.com\\\/\",\"name\":\"ERD Industrial Repair Store\",\"description\":\"Reimagining the Future of Repair Through Innovation\",\"potentialAction\":[{\"@type\":\"SearchAction\",\"target\":{\"@type\":\"EntryPoint\",\"urlTemplate\":\"https:\\\/\\\/industrialrepairstore.com\\\/?s={search_term_string}\"},\"query-input\":{\"@type\":\"PropertyValueSpecification\",\"valueRequired\":true,\"valueName\":\"search_term_string\"}}],\"inLanguage\":\"fr-CA\"}]}<\/script>\n<!-- \/ Yoast SEO Premium plugin. -->","yoast_head_json":{"title":"Baldor dbsc2025-baa - ERD Industrial Repair Store","description":"You can trust the expert electronic repair technicians at ERD Ltd. to repair your Baldor dbsc2025-baa. Call 336-992-3611 for more information!","robots":{"index":"index","follow":"follow","max-snippet":"max-snippet:-1","max-image-preview":"max-image-preview:large","max-video-preview":"max-video-preview:-1"},"canonical":"https:\/\/industrialrepairstore.com\/fr\/produit\/baldor-dbsc2025-baa\/","og_locale":"fr_CA","og_type":"article","og_title":"Baldor dbsc2025-baa","og_description":"You can trust the expert electronic repair technicians at ERD Ltd. to repair your Baldor dbsc2025-baa. Call 336-992-3611 for more information!","og_url":"https:\/\/industrialrepairstore.com\/fr\/produit\/baldor-dbsc2025-baa\/","og_site_name":"ERD Industrial Repair Store","article_modified_time":"2025-03-04T04:28:04+00:00","og_image":[{"width":1024,"height":768,"url":"https:\/\/industrialrepairstore.com\/wp-content\/uploads\/2024\/01\/Baldor_dbsc2025-baa-1.jpg","type":"image\/jpeg"}],"twitter_card":"summary_large_image","schema":{"@context":"https:\/\/schema.org","@graph":[{"@type":"WebPage","@id":"https:\/\/industrialrepairstore.com\/product\/baldor-dbsc2025-baa\/","url":"https:\/\/industrialrepairstore.com\/product\/baldor-dbsc2025-baa\/","name":"Baldor dbsc2025-baa - ERD Industrial Repair Store","isPartOf":{"@id":"https:\/\/industrialrepairstore.com\/#website"},"primaryImageOfPage":{"@id":"https:\/\/industrialrepairstore.com\/product\/baldor-dbsc2025-baa\/#primaryimage"},"image":{"@id":"https:\/\/industrialrepairstore.com\/product\/baldor-dbsc2025-baa\/#primaryimage"},"thumbnailUrl":"https:\/\/industrialrepairstore.com\/wp-content\/uploads\/2024\/01\/Baldor_dbsc2025-baa-1.jpg","datePublished":"2024-01-16T07:39:39+00:00","dateModified":"2025-03-04T04:28:04+00:00","description":"You can trust the expert electronic repair technicians at ERD Ltd. to repair your Baldor dbsc2025-baa. Call 336-992-3611 for more information!","breadcrumb":{"@id":"https:\/\/industrialrepairstore.com\/product\/baldor-dbsc2025-baa\/#breadcrumb"},"inLanguage":"fr-CA","potentialAction":[{"@type":"ReadAction","target":["https:\/\/industrialrepairstore.com\/product\/baldor-dbsc2025-baa\/"]}]},{"@type":"ImageObject","inLanguage":"fr-CA","@id":"https:\/\/industrialrepairstore.com\/product\/baldor-dbsc2025-baa\/#primaryimage","url":"https:\/\/industrialrepairstore.com\/wp-content\/uploads\/2024\/01\/Baldor_dbsc2025-baa-1.jpg","contentUrl":"https:\/\/industrialrepairstore.com\/wp-content\/uploads\/2024\/01\/Baldor_dbsc2025-baa-1.jpg","width":1024,"height":768},{"@type":"BreadcrumbList","@id":"https:\/\/industrialrepairstore.com\/product\/baldor-dbsc2025-baa\/#breadcrumb","itemListElement":[{"@type":"ListItem","position":1,"name":"Home","item":"https:\/\/industrialrepairstore.com\/"},{"@type":"ListItem","position":2,"name":"Shop","item":"https:\/\/industrialrepairstore.com\/shop\/"},{"@type":"ListItem","position":3,"name":"Baldor dbsc2025-baa"}]},{"@type":"WebSite","@id":"https:\/\/industrialrepairstore.com\/#website","url":"https:\/\/industrialrepairstore.com\/","name":"ERD Industrial Repair Store","description":"Reimagining the Future of Repair Through Innovation","potentialAction":[{"@type":"SearchAction","target":{"@type":"EntryPoint","urlTemplate":"https:\/\/industrialrepairstore.com\/?s={search_term_string}"},"query-input":{"@type":"PropertyValueSpecification","valueRequired":true,"valueName":"search_term_string"}}],"inLanguage":"fr-CA"}]}},"_links":{"self":[{"href":"https:\/\/industrialrepairstore.com\/fr\/wp-json\/wp\/v2\/product\/20186","targetHints":{"allow":["GET"]}}],"collection":[{"href":"https:\/\/industrialrepairstore.com\/fr\/wp-json\/wp\/v2\/product"}],"about":[{"href":"https:\/\/industrialrepairstore.com\/fr\/wp-json\/wp\/v2\/types\/product"}],"wp:featuredmedia":[{"embeddable":true,"href":"https:\/\/industrialrepairstore.com\/fr\/wp-json\/wp\/v2\/media\/47730"}],"wp:attachment":[{"href":"https:\/\/industrialrepairstore.com\/fr\/wp-json\/wp\/v2\/media?parent=20186"}],"wp:term":[{"taxonomy":"product_brand","embeddable":true,"href":"https:\/\/industrialrepairstore.com\/fr\/wp-json\/wp\/v2\/product_brand?post=20186"},{"taxonomy":"product_cat","embeddable":true,"href":"https:\/\/industrialrepairstore.com\/fr\/wp-json\/wp\/v2\/product_cat?post=20186"},{"taxonomy":"product_tag","embeddable":true,"href":"https:\/\/industrialrepairstore.com\/fr\/wp-json\/wp\/v2\/product_tag?post=20186"}],"curies":[{"name":"wp","href":"https:\/\/api.w.org\/{rel}","templated":true}]}}