{"id":25693,"date":"2018-05-15T17:10:46","date_gmt":"2018-05-15T22:10:46","guid":{"rendered":"https:\/\/dev.industrialrepairstore.com\/product\/abb-d674a876u01\/"},"modified":"2025-03-03T21:03:28","modified_gmt":"2025-03-04T03:03:28","slug":"abb-d674a876u01","status":"publish","type":"product","link":"https:\/\/industrialrepairstore.com\/fr\/produit\/abb-d674a876u01\/","title":{"rendered":"Abb d674a876u01"},"content":{"rendered":"<p>Si vous souhaitez faire r\u00e9parer votre Abb d674a876u01 par ERD, envoyez-nous votre appareil au 705 Indeneer Drive, Kernersville, NC 27284. Vous recevrez un devis ferme \u00e0 approuver le jour o\u00f9 nous recevrons l'appareil. Si vous souhaitez nous parler, veuillez appeler le 1.336.992.3611.<\/p>\n<p>Si vos besoins de r\u00e9paration ne figurent pas dans notre vaste catalogue de r\u00e9paration, n'h\u00e9sitez pas \u00e0 nous contacter car de nouveaux articles de r\u00e9paration sont ajout\u00e9s quotidiennement. ERD a une longue tradition mondiale de r\u00e9paration des appareils \u00e9lectroniques les plus complexes et nous nous r\u00e9jouissons de travailler avec vous.<\/p>","protected":false},"excerpt":{"rendered":"<p>Ceci est la page du catalogue de r\u00e9paration sp\u00e9cifique pour Abb d674a876u01, r\u00e9par\u00e9 par les techniciens experts en r\u00e9paration de ERD Ltd.<\/p>","protected":false},"featured_media":49349,"template":"","meta":{"_acf_changed":false,"_et_pb_use_builder":"","_et_pb_old_content":"","_et_gb_content_width":""},"product_brand":[],"product_cat":[22],"product_tag":[],"class_list":{"0":"post-25693","1":"product","2":"type-product","3":"status-publish","4":"has-post-thumbnail","6":"product_cat-uncategorized","8":"first","9":"instock","10":"purchasable","11":"product-type-simple"},"acf":[],"yoast_head":"<!-- This site is optimized with the Yoast SEO Premium plugin v27.3 (Yoast SEO v27.3) - https:\/\/yoast.com\/product\/yoast-seo-premium-wordpress\/ -->\n<title>Abb d674a876u01 - ERD Industrial Repair Store<\/title>\n<meta name=\"description\" content=\"This is the specific repair catalog page for Abb d674a876u01, repaired by the expert repair technicians of ERD Ltd.\" \/>\n<meta name=\"robots\" content=\"index, follow, max-snippet:-1, max-image-preview:large, max-video-preview:-1\" \/>\n<link rel=\"canonical\" href=\"https:\/\/industrialrepairstore.com\/fr\/produit\/abb-d674a876u01\/\" \/>\n<meta property=\"og:locale\" content=\"fr_CA\" \/>\n<meta property=\"og:type\" content=\"article\" \/>\n<meta property=\"og:title\" content=\"Abb d674a876u01\" \/>\n<meta property=\"og:description\" content=\"This is the specific repair catalog page for Abb d674a876u01, repaired by the expert repair technicians of ERD Ltd.\" \/>\n<meta property=\"og:url\" content=\"https:\/\/industrialrepairstore.com\/fr\/produit\/abb-d674a876u01\/\" \/>\n<meta property=\"og:site_name\" content=\"ERD Industrial Repair Store\" \/>\n<meta property=\"article:modified_time\" content=\"2025-03-04T03:03:28+00:00\" \/>\n<meta property=\"og:image\" content=\"https:\/\/industrialrepairstore.com\/wp-content\/uploads\/2023\/08\/ERD_Warranty_Image-1.jpg\" \/>\n\t<meta property=\"og:image:width\" content=\"276\" \/>\n\t<meta property=\"og:image:height\" content=\"272\" \/>\n\t<meta property=\"og:image:type\" content=\"image\/jpeg\" \/>\n<meta name=\"twitter:card\" content=\"summary_large_image\" \/>\n<script type=\"application\/ld+json\" class=\"yoast-schema-graph\">{\"@context\":\"https:\\\/\\\/schema.org\",\"@graph\":[{\"@type\":\"WebPage\",\"@id\":\"https:\\\/\\\/industrialrepairstore.com\\\/product\\\/abb-d674a876u01\\\/\",\"url\":\"https:\\\/\\\/industrialrepairstore.com\\\/product\\\/abb-d674a876u01\\\/\",\"name\":\"Abb d674a876u01 - ERD Industrial Repair Store\",\"isPartOf\":{\"@id\":\"https:\\\/\\\/industrialrepairstore.com\\\/#website\"},\"primaryImageOfPage\":{\"@id\":\"https:\\\/\\\/industrialrepairstore.com\\\/product\\\/abb-d674a876u01\\\/#primaryimage\"},\"image\":{\"@id\":\"https:\\\/\\\/industrialrepairstore.com\\\/product\\\/abb-d674a876u01\\\/#primaryimage\"},\"thumbnailUrl\":\"https:\\\/\\\/industrialrepairstore.com\\\/wp-content\\\/uploads\\\/2018\\\/05\\\/New-ERD-WARRANTY.4.png\",\"datePublished\":\"2018-05-15T22:10:46+00:00\",\"dateModified\":\"2025-03-04T03:03:28+00:00\",\"description\":\"This is the specific repair catalog page for Abb d674a876u01, repaired by the expert repair technicians of ERD Ltd.\",\"breadcrumb\":{\"@id\":\"https:\\\/\\\/industrialrepairstore.com\\\/product\\\/abb-d674a876u01\\\/#breadcrumb\"},\"inLanguage\":\"fr-CA\",\"potentialAction\":[{\"@type\":\"ReadAction\",\"target\":[\"https:\\\/\\\/industrialrepairstore.com\\\/product\\\/abb-d674a876u01\\\/\"]}]},{\"@type\":\"ImageObject\",\"inLanguage\":\"fr-CA\",\"@id\":\"https:\\\/\\\/industrialrepairstore.com\\\/product\\\/abb-d674a876u01\\\/#primaryimage\",\"url\":\"https:\\\/\\\/industrialrepairstore.com\\\/wp-content\\\/uploads\\\/2018\\\/05\\\/New-ERD-WARRANTY.4.png\",\"contentUrl\":\"https:\\\/\\\/industrialrepairstore.com\\\/wp-content\\\/uploads\\\/2018\\\/05\\\/New-ERD-WARRANTY.4.png\",\"width\":315,\"height\":315,\"caption\":\"Comdel, Inc CPS-1001S RF Generator\"},{\"@type\":\"BreadcrumbList\",\"@id\":\"https:\\\/\\\/industrialrepairstore.com\\\/product\\\/abb-d674a876u01\\\/#breadcrumb\",\"itemListElement\":[{\"@type\":\"ListItem\",\"position\":1,\"name\":\"Home\",\"item\":\"https:\\\/\\\/industrialrepairstore.com\\\/\"},{\"@type\":\"ListItem\",\"position\":2,\"name\":\"Shop\",\"item\":\"https:\\\/\\\/industrialrepairstore.com\\\/shop\\\/\"},{\"@type\":\"ListItem\",\"position\":3,\"name\":\"Abb d674a876u01\"}]},{\"@type\":\"WebSite\",\"@id\":\"https:\\\/\\\/industrialrepairstore.com\\\/#website\",\"url\":\"https:\\\/\\\/industrialrepairstore.com\\\/\",\"name\":\"ERD Industrial Repair Store\",\"description\":\"Reimagining the Future of Repair Through Innovation\",\"potentialAction\":[{\"@type\":\"SearchAction\",\"target\":{\"@type\":\"EntryPoint\",\"urlTemplate\":\"https:\\\/\\\/industrialrepairstore.com\\\/?s={search_term_string}\"},\"query-input\":{\"@type\":\"PropertyValueSpecification\",\"valueRequired\":true,\"valueName\":\"search_term_string\"}}],\"inLanguage\":\"fr-CA\"}]}<\/script>\n<!-- \/ Yoast SEO Premium plugin. -->","yoast_head_json":{"title":"Abb d674a876u01 - ERD Industrial Repair Store","description":"Ceci est la page du catalogue de r\u00e9paration sp\u00e9cifique pour Abb d674a876u01, r\u00e9par\u00e9 par les techniciens experts en r\u00e9paration de ERD Ltd.","robots":{"index":"index","follow":"follow","max-snippet":"max-snippet:-1","max-image-preview":"max-image-preview:large","max-video-preview":"max-video-preview:-1"},"canonical":"https:\/\/industrialrepairstore.com\/fr\/produit\/abb-d674a876u01\/","og_locale":"fr_CA","og_type":"article","og_title":"Abb d674a876u01","og_description":"This is the specific repair catalog page for Abb d674a876u01, repaired by the expert repair technicians of ERD Ltd.","og_url":"https:\/\/industrialrepairstore.com\/fr\/produit\/abb-d674a876u01\/","og_site_name":"ERD Industrial Repair Store","article_modified_time":"2025-03-04T03:03:28+00:00","og_image":[{"width":276,"height":272,"url":"https:\/\/industrialrepairstore.com\/wp-content\/uploads\/2023\/08\/ERD_Warranty_Image-1.jpg","type":"image\/jpeg"}],"twitter_card":"summary_large_image","schema":{"@context":"https:\/\/schema.org","@graph":[{"@type":"WebPage","@id":"https:\/\/industrialrepairstore.com\/product\/abb-d674a876u01\/","url":"https:\/\/industrialrepairstore.com\/product\/abb-d674a876u01\/","name":"Abb d674a876u01 - ERD Industrial Repair Store","isPartOf":{"@id":"https:\/\/industrialrepairstore.com\/#website"},"primaryImageOfPage":{"@id":"https:\/\/industrialrepairstore.com\/product\/abb-d674a876u01\/#primaryimage"},"image":{"@id":"https:\/\/industrialrepairstore.com\/product\/abb-d674a876u01\/#primaryimage"},"thumbnailUrl":"https:\/\/industrialrepairstore.com\/wp-content\/uploads\/2018\/05\/New-ERD-WARRANTY.4.png","datePublished":"2018-05-15T22:10:46+00:00","dateModified":"2025-03-04T03:03:28+00:00","description":"Ceci est la page du catalogue de r\u00e9paration sp\u00e9cifique pour Abb d674a876u01, r\u00e9par\u00e9 par les techniciens experts en r\u00e9paration de ERD Ltd.","breadcrumb":{"@id":"https:\/\/industrialrepairstore.com\/product\/abb-d674a876u01\/#breadcrumb"},"inLanguage":"fr-CA","potentialAction":[{"@type":"ReadAction","target":["https:\/\/industrialrepairstore.com\/product\/abb-d674a876u01\/"]}]},{"@type":"ImageObject","inLanguage":"fr-CA","@id":"https:\/\/industrialrepairstore.com\/product\/abb-d674a876u01\/#primaryimage","url":"https:\/\/industrialrepairstore.com\/wp-content\/uploads\/2018\/05\/New-ERD-WARRANTY.4.png","contentUrl":"https:\/\/industrialrepairstore.com\/wp-content\/uploads\/2018\/05\/New-ERD-WARRANTY.4.png","width":315,"height":315,"caption":"Comdel, Inc CPS-1001S RF Generator"},{"@type":"BreadcrumbList","@id":"https:\/\/industrialrepairstore.com\/product\/abb-d674a876u01\/#breadcrumb","itemListElement":[{"@type":"ListItem","position":1,"name":"Home","item":"https:\/\/industrialrepairstore.com\/"},{"@type":"ListItem","position":2,"name":"Shop","item":"https:\/\/industrialrepairstore.com\/shop\/"},{"@type":"ListItem","position":3,"name":"Abb d674a876u01"}]},{"@type":"WebSite","@id":"https:\/\/industrialrepairstore.com\/#website","url":"https:\/\/industrialrepairstore.com\/","name":"ERD Industrial Repair Store","description":"Reimagining the Future of Repair Through Innovation","potentialAction":[{"@type":"SearchAction","target":{"@type":"EntryPoint","urlTemplate":"https:\/\/industrialrepairstore.com\/?s={search_term_string}"},"query-input":{"@type":"PropertyValueSpecification","valueRequired":true,"valueName":"search_term_string"}}],"inLanguage":"fr-CA"}]}},"_links":{"self":[{"href":"https:\/\/industrialrepairstore.com\/fr\/wp-json\/wp\/v2\/product\/25693","targetHints":{"allow":["GET"]}}],"collection":[{"href":"https:\/\/industrialrepairstore.com\/fr\/wp-json\/wp\/v2\/product"}],"about":[{"href":"https:\/\/industrialrepairstore.com\/fr\/wp-json\/wp\/v2\/types\/product"}],"wp:featuredmedia":[{"embeddable":true,"href":"https:\/\/industrialrepairstore.com\/fr\/wp-json\/wp\/v2\/media\/49349"}],"wp:attachment":[{"href":"https:\/\/industrialrepairstore.com\/fr\/wp-json\/wp\/v2\/media?parent=25693"}],"wp:term":[{"taxonomy":"product_brand","embeddable":true,"href":"https:\/\/industrialrepairstore.com\/fr\/wp-json\/wp\/v2\/product_brand?post=25693"},{"taxonomy":"product_cat","embeddable":true,"href":"https:\/\/industrialrepairstore.com\/fr\/wp-json\/wp\/v2\/product_cat?post=25693"},{"taxonomy":"product_tag","embeddable":true,"href":"https:\/\/industrialrepairstore.com\/fr\/wp-json\/wp\/v2\/product_tag?post=25693"}],"curies":[{"name":"wp","href":"https:\/\/api.w.org\/{rel}","templated":true}]}}