{"id":41822,"date":"2018-05-15T19:25:03","date_gmt":"2018-05-16T00:25:03","guid":{"rendered":"https:\/\/dev.industrialrepairstore.com\/product\/sauer-sundstrand-r7232a1028-4\/"},"modified":"2025-03-05T20:50:41","modified_gmt":"2025-03-06T02:50:41","slug":"sauer-sundstrand-r7232a1028-4-remote-amp-and-set-point","status":"publish","type":"product","link":"https:\/\/industrialrepairstore.com\/fr\/produit\/sauer-sundstrand-r7232a1028-4-remote-amp-and-set-point\/","title":{"rendered":"Sauer Sundstrand r7232a1028 remote amp and set point mcq101b1012"},"content":{"rendered":"<p>If you would like to have ERD repair your Sauer Sundstrand r7232a1028 remote amp and set point mcq101b1012\u00a0 ,ship your unit to us at 705 Indeneer Drive, Kernersville, NC 27284. You will receive a firm quote for your approval the day we receive the unit. If you need to speak with us, please call 1.336.992.3611.<\/p>\n<p>Si vos besoins de r\u00e9paration ne figurent pas dans notre vaste catalogue de r\u00e9paration, n'h\u00e9sitez pas \u00e0 nous contacter car de nouveaux articles de r\u00e9paration sont ajout\u00e9s quotidiennement. ERD a une longue tradition mondiale de r\u00e9paration des appareils \u00e9lectroniques les plus complexes et nous nous r\u00e9jouissons de travailler avec vous.<\/p>","protected":false},"excerpt":{"rendered":"<p>This is the specific repair catalog page for Sauer Sundstrand r7232a1028 remote amp and set point mcq101b1012 ,repaired by the expert repair technicians of ERD Ltd.<\/p>","protected":false},"featured_media":50084,"template":"","meta":{"_acf_changed":false,"_et_pb_use_builder":"","_et_pb_old_content":"","_et_gb_content_width":""},"product_brand":[],"product_cat":[78],"product_tag":[66,137,65,98],"class_list":{"0":"post-41822","1":"product","2":"type-product","3":"status-publish","4":"has-post-thumbnail","6":"product_cat-industrial","7":"product_tag-erd","8":"product_tag-remote-amp","9":"product_tag-repair","10":"product_tag-sauer-sundstrand","12":"first","13":"instock","14":"purchasable","15":"product-type-simple"},"acf":[],"yoast_head":"<!-- This site is optimized with the Yoast SEO Premium plugin v27.3 (Yoast SEO v27.3) - https:\/\/yoast.com\/product\/yoast-seo-premium-wordpress\/ -->\n<title>Sauer Sundstrand r7232a1028 remote amp and set point mcq101b1012 - ERD Industrial Repair Store<\/title>\n<meta name=\"description\" content=\"Expert Sauer Sundstrand r7232a1028 remote amp and set point mcq101b1012 repair by the skilled technicians at ERD Ltd. Call 336-992-3611 for more information!\" \/>\n<meta name=\"robots\" content=\"index, follow, max-snippet:-1, max-image-preview:large, max-video-preview:-1\" \/>\n<link rel=\"canonical\" href=\"https:\/\/industrialrepairstore.com\/fr\/produit\/sauer-sundstrand-r7232a1028-4-remote-amp-and-set-point\/\" \/>\n<meta property=\"og:locale\" content=\"fr_CA\" \/>\n<meta property=\"og:type\" content=\"article\" \/>\n<meta property=\"og:title\" content=\"Sauer Sundstrand r7232a1028 remote amp and set point mcq101b1012\" \/>\n<meta property=\"og:description\" content=\"Expert Sauer Sundstrand r7232a1028 remote amp and set point mcq101b1012 repair by the skilled technicians at ERD Ltd. Call 336-992-3611 for more information!\" \/>\n<meta property=\"og:url\" content=\"https:\/\/industrialrepairstore.com\/fr\/produit\/sauer-sundstrand-r7232a1028-4-remote-amp-and-set-point\/\" \/>\n<meta property=\"og:site_name\" content=\"ERD Industrial Repair Store\" \/>\n<meta property=\"article:modified_time\" content=\"2025-03-06T02:50:41+00:00\" \/>\n<meta property=\"og:image\" content=\"https:\/\/industrialrepairstore.com\/wp-content\/uploads\/2018\/05\/web_040721005_sauer_sundstrand_r7232a1028_mcq101b1012_rLOU8AlZ.jpg\" \/>\n\t<meta property=\"og:image:width\" content=\"1280\" \/>\n\t<meta property=\"og:image:height\" content=\"720\" \/>\n\t<meta property=\"og:image:type\" content=\"image\/jpeg\" \/>\n<meta name=\"twitter:card\" content=\"summary_large_image\" \/>\n<meta name=\"twitter:label1\" content=\"Estimation du temps de lecture\" \/>\n\t<meta name=\"twitter:data1\" content=\"1 minute\" \/>\n<script type=\"application\/ld+json\" class=\"yoast-schema-graph\">{\"@context\":\"https:\\\/\\\/schema.org\",\"@graph\":[{\"@type\":\"WebPage\",\"@id\":\"https:\\\/\\\/industrialrepairstore.com\\\/product\\\/sauer-sundstrand-r7232a1028-4-remote-amp-and-set-point\\\/\",\"url\":\"https:\\\/\\\/industrialrepairstore.com\\\/product\\\/sauer-sundstrand-r7232a1028-4-remote-amp-and-set-point\\\/\",\"name\":\"Sauer Sundstrand r7232a1028 remote amp and set point mcq101b1012 - ERD Industrial Repair Store\",\"isPartOf\":{\"@id\":\"https:\\\/\\\/industrialrepairstore.com\\\/#website\"},\"primaryImageOfPage\":{\"@id\":\"https:\\\/\\\/industrialrepairstore.com\\\/product\\\/sauer-sundstrand-r7232a1028-4-remote-amp-and-set-point\\\/#primaryimage\"},\"image\":{\"@id\":\"https:\\\/\\\/industrialrepairstore.com\\\/product\\\/sauer-sundstrand-r7232a1028-4-remote-amp-and-set-point\\\/#primaryimage\"},\"thumbnailUrl\":\"https:\\\/\\\/industrialrepairstore.com\\\/wp-content\\\/uploads\\\/2018\\\/05\\\/web_040721005_sauer_sundstrand_r7232a1028_mcq101b1012_rLOU8AlZ.jpg\",\"datePublished\":\"2018-05-16T00:25:03+00:00\",\"dateModified\":\"2025-03-06T02:50:41+00:00\",\"description\":\"Expert Sauer Sundstrand r7232a1028 remote amp and set point mcq101b1012 repair by the skilled technicians at ERD Ltd. Call 336-992-3611 for more information!\",\"breadcrumb\":{\"@id\":\"https:\\\/\\\/industrialrepairstore.com\\\/product\\\/sauer-sundstrand-r7232a1028-4-remote-amp-and-set-point\\\/#breadcrumb\"},\"inLanguage\":\"fr-CA\",\"potentialAction\":[{\"@type\":\"ReadAction\",\"target\":[\"https:\\\/\\\/industrialrepairstore.com\\\/product\\\/sauer-sundstrand-r7232a1028-4-remote-amp-and-set-point\\\/\"]}]},{\"@type\":\"ImageObject\",\"inLanguage\":\"fr-CA\",\"@id\":\"https:\\\/\\\/industrialrepairstore.com\\\/product\\\/sauer-sundstrand-r7232a1028-4-remote-amp-and-set-point\\\/#primaryimage\",\"url\":\"https:\\\/\\\/industrialrepairstore.com\\\/wp-content\\\/uploads\\\/2018\\\/05\\\/web_040721005_sauer_sundstrand_r7232a1028_mcq101b1012_rLOU8AlZ.jpg\",\"contentUrl\":\"https:\\\/\\\/industrialrepairstore.com\\\/wp-content\\\/uploads\\\/2018\\\/05\\\/web_040721005_sauer_sundstrand_r7232a1028_mcq101b1012_rLOU8AlZ.jpg\",\"width\":1280,\"height\":720,\"caption\":\"Sauer Sundstrand r7232a1028 remote amp and set point\"},{\"@type\":\"BreadcrumbList\",\"@id\":\"https:\\\/\\\/industrialrepairstore.com\\\/product\\\/sauer-sundstrand-r7232a1028-4-remote-amp-and-set-point\\\/#breadcrumb\",\"itemListElement\":[{\"@type\":\"ListItem\",\"position\":1,\"name\":\"Home\",\"item\":\"https:\\\/\\\/industrialrepairstore.com\\\/\"},{\"@type\":\"ListItem\",\"position\":2,\"name\":\"Shop\",\"item\":\"https:\\\/\\\/industrialrepairstore.com\\\/shop\\\/\"},{\"@type\":\"ListItem\",\"position\":3,\"name\":\"Sauer Sundstrand r7232a1028 remote amp and set point mcq101b1012\"}]},{\"@type\":\"WebSite\",\"@id\":\"https:\\\/\\\/industrialrepairstore.com\\\/#website\",\"url\":\"https:\\\/\\\/industrialrepairstore.com\\\/\",\"name\":\"ERD Industrial Repair Store\",\"description\":\"Reimagining the Future of Repair Through Innovation\",\"potentialAction\":[{\"@type\":\"SearchAction\",\"target\":{\"@type\":\"EntryPoint\",\"urlTemplate\":\"https:\\\/\\\/industrialrepairstore.com\\\/?s={search_term_string}\"},\"query-input\":{\"@type\":\"PropertyValueSpecification\",\"valueRequired\":true,\"valueName\":\"search_term_string\"}}],\"inLanguage\":\"fr-CA\"}]}<\/script>\n<!-- \/ Yoast SEO Premium plugin. -->","yoast_head_json":{"title":"Sauer Sundstrand r7232a1028 remote amp and set point mcq101b1012 - ERD Industrial Repair Store","description":"Expert Sauer Sundstrand r7232a1028 remote amp and set point mcq101b1012 repair by the skilled technicians at ERD Ltd. Call 336-992-3611 for more information!","robots":{"index":"index","follow":"follow","max-snippet":"max-snippet:-1","max-image-preview":"max-image-preview:large","max-video-preview":"max-video-preview:-1"},"canonical":"https:\/\/industrialrepairstore.com\/fr\/produit\/sauer-sundstrand-r7232a1028-4-remote-amp-and-set-point\/","og_locale":"fr_CA","og_type":"article","og_title":"Sauer Sundstrand r7232a1028 remote amp and set point mcq101b1012","og_description":"Expert Sauer Sundstrand r7232a1028 remote amp and set point mcq101b1012 repair by the skilled technicians at ERD Ltd. Call 336-992-3611 for more information!","og_url":"https:\/\/industrialrepairstore.com\/fr\/produit\/sauer-sundstrand-r7232a1028-4-remote-amp-and-set-point\/","og_site_name":"ERD Industrial Repair Store","article_modified_time":"2025-03-06T02:50:41+00:00","og_image":[{"width":1280,"height":720,"url":"https:\/\/industrialrepairstore.com\/wp-content\/uploads\/2018\/05\/web_040721005_sauer_sundstrand_r7232a1028_mcq101b1012_rLOU8AlZ.jpg","type":"image\/jpeg"}],"twitter_card":"summary_large_image","twitter_misc":{"Estimation du temps de lecture":"1 minute"},"schema":{"@context":"https:\/\/schema.org","@graph":[{"@type":"WebPage","@id":"https:\/\/industrialrepairstore.com\/product\/sauer-sundstrand-r7232a1028-4-remote-amp-and-set-point\/","url":"https:\/\/industrialrepairstore.com\/product\/sauer-sundstrand-r7232a1028-4-remote-amp-and-set-point\/","name":"Sauer Sundstrand r7232a1028 remote amp and set point mcq101b1012 - ERD Industrial Repair Store","isPartOf":{"@id":"https:\/\/industrialrepairstore.com\/#website"},"primaryImageOfPage":{"@id":"https:\/\/industrialrepairstore.com\/product\/sauer-sundstrand-r7232a1028-4-remote-amp-and-set-point\/#primaryimage"},"image":{"@id":"https:\/\/industrialrepairstore.com\/product\/sauer-sundstrand-r7232a1028-4-remote-amp-and-set-point\/#primaryimage"},"thumbnailUrl":"https:\/\/industrialrepairstore.com\/wp-content\/uploads\/2018\/05\/web_040721005_sauer_sundstrand_r7232a1028_mcq101b1012_rLOU8AlZ.jpg","datePublished":"2018-05-16T00:25:03+00:00","dateModified":"2025-03-06T02:50:41+00:00","description":"Expert Sauer Sundstrand r7232a1028 remote amp and set point mcq101b1012 repair by the skilled technicians at ERD Ltd. Call 336-992-3611 for more information!","breadcrumb":{"@id":"https:\/\/industrialrepairstore.com\/product\/sauer-sundstrand-r7232a1028-4-remote-amp-and-set-point\/#breadcrumb"},"inLanguage":"fr-CA","potentialAction":[{"@type":"ReadAction","target":["https:\/\/industrialrepairstore.com\/product\/sauer-sundstrand-r7232a1028-4-remote-amp-and-set-point\/"]}]},{"@type":"ImageObject","inLanguage":"fr-CA","@id":"https:\/\/industrialrepairstore.com\/product\/sauer-sundstrand-r7232a1028-4-remote-amp-and-set-point\/#primaryimage","url":"https:\/\/industrialrepairstore.com\/wp-content\/uploads\/2018\/05\/web_040721005_sauer_sundstrand_r7232a1028_mcq101b1012_rLOU8AlZ.jpg","contentUrl":"https:\/\/industrialrepairstore.com\/wp-content\/uploads\/2018\/05\/web_040721005_sauer_sundstrand_r7232a1028_mcq101b1012_rLOU8AlZ.jpg","width":1280,"height":720,"caption":"Sauer Sundstrand r7232a1028 remote amp and set point"},{"@type":"BreadcrumbList","@id":"https:\/\/industrialrepairstore.com\/product\/sauer-sundstrand-r7232a1028-4-remote-amp-and-set-point\/#breadcrumb","itemListElement":[{"@type":"ListItem","position":1,"name":"Home","item":"https:\/\/industrialrepairstore.com\/"},{"@type":"ListItem","position":2,"name":"Shop","item":"https:\/\/industrialrepairstore.com\/shop\/"},{"@type":"ListItem","position":3,"name":"Sauer Sundstrand r7232a1028 remote amp and set point mcq101b1012"}]},{"@type":"WebSite","@id":"https:\/\/industrialrepairstore.com\/#website","url":"https:\/\/industrialrepairstore.com\/","name":"ERD Industrial Repair Store","description":"Reimagining the Future of Repair Through Innovation","potentialAction":[{"@type":"SearchAction","target":{"@type":"EntryPoint","urlTemplate":"https:\/\/industrialrepairstore.com\/?s={search_term_string}"},"query-input":{"@type":"PropertyValueSpecification","valueRequired":true,"valueName":"search_term_string"}}],"inLanguage":"fr-CA"}]}},"_links":{"self":[{"href":"https:\/\/industrialrepairstore.com\/fr\/wp-json\/wp\/v2\/product\/41822","targetHints":{"allow":["GET"]}}],"collection":[{"href":"https:\/\/industrialrepairstore.com\/fr\/wp-json\/wp\/v2\/product"}],"about":[{"href":"https:\/\/industrialrepairstore.com\/fr\/wp-json\/wp\/v2\/types\/product"}],"wp:featuredmedia":[{"embeddable":true,"href":"https:\/\/industrialrepairstore.com\/fr\/wp-json\/wp\/v2\/media\/50084"}],"wp:attachment":[{"href":"https:\/\/industrialrepairstore.com\/fr\/wp-json\/wp\/v2\/media?parent=41822"}],"wp:term":[{"taxonomy":"product_brand","embeddable":true,"href":"https:\/\/industrialrepairstore.com\/fr\/wp-json\/wp\/v2\/product_brand?post=41822"},{"taxonomy":"product_cat","embeddable":true,"href":"https:\/\/industrialrepairstore.com\/fr\/wp-json\/wp\/v2\/product_cat?post=41822"},{"taxonomy":"product_tag","embeddable":true,"href":"https:\/\/industrialrepairstore.com\/fr\/wp-json\/wp\/v2\/product_tag?post=41822"}],"curies":[{"name":"wp","href":"https:\/\/api.w.org\/{rel}","templated":true}]}}