{"id":46494,"date":"2023-02-17T13:34:03","date_gmt":"2023-02-17T19:34:03","guid":{"rendered":"https:\/\/dev.industrialrepairstore.com\/product\/detroit-reman-ra-003-446-1102\/"},"modified":"2025-10-02T07:42:05","modified_gmt":"2025-10-02T12:42:05","slug":"detroit-reman-ra-003-446-1102","status":"publish","type":"product","link":"https:\/\/industrialrepairstore.com\/fr\/produit\/detroit-reman-ra-003-446-1102\/","title":{"rendered":"Detroit Reman ra 003 446 1102"},"content":{"rendered":"<p>If you would like to have ERD repair your Detroit Reman ra 003 446 1102, ship your unit to us at 705 Indeneer Drive, Kernersville, NC 27284. You will receive a firm quote for your approval the day we receive the unit. If you need to speak with us, please call 1.336.992.3611.<\/p>\n<p>Si vos besoins de r\u00e9paration ne figurent pas dans notre vaste catalogue de r\u00e9paration, n'h\u00e9sitez pas \u00e0 nous contacter car de nouveaux articles de r\u00e9paration sont ajout\u00e9s quotidiennement. ERD a une longue tradition mondiale de r\u00e9paration des appareils \u00e9lectroniques les plus complexes et nous nous r\u00e9jouissons de travailler avec vous.<\/p>","protected":false},"excerpt":{"rendered":"<p>This is the specific repair catalog page for Detroit Reman ra 003 446 1102, repaired by the expert repair technicians of ERD Ltd.<\/p>","protected":false},"featured_media":46495,"template":"","meta":{"_acf_changed":false,"_et_pb_use_builder":"","_et_pb_old_content":"","_et_gb_content_width":""},"product_brand":[],"product_cat":[347,22],"product_tag":[],"class_list":{"0":"post-46494","1":"product","2":"type-product","3":"status-publish","4":"has-post-thumbnail","6":"product_cat-heavy-construction","7":"product_cat-uncategorized","9":"first","10":"instock","11":"purchasable","12":"product-type-simple"},"acf":[],"yoast_head":"<!-- This site is optimized with the Yoast SEO Premium plugin v27.3 (Yoast SEO v27.3) - https:\/\/yoast.com\/product\/yoast-seo-premium-wordpress\/ -->\n<title>Detroit Reman ra 003 446 1102 - ERD Industrial Repair Store<\/title>\n<meta name=\"description\" content=\"Expert [REPLACE PRODUCT NAME] repair by the skilled technicians at ERD Ltd. Call 336-992-3611 for more information!\" \/>\n<meta name=\"robots\" content=\"index, follow, max-snippet:-1, max-image-preview:large, max-video-preview:-1\" \/>\n<link rel=\"canonical\" href=\"https:\/\/industrialrepairstore.com\/fr\/produit\/detroit-reman-ra-003-446-1102\/\" \/>\n<meta property=\"og:locale\" content=\"fr_CA\" \/>\n<meta property=\"og:type\" content=\"article\" \/>\n<meta property=\"og:title\" content=\"Detroit Reman ra 003 446 1102\" \/>\n<meta property=\"og:description\" content=\"Expert [REPLACE PRODUCT NAME] repair by the skilled technicians at ERD Ltd. Call 336-992-3611 for more information!\" \/>\n<meta property=\"og:url\" content=\"https:\/\/industrialrepairstore.com\/fr\/produit\/detroit-reman-ra-003-446-1102\/\" \/>\n<meta property=\"og:site_name\" content=\"ERD Industrial Repair Store\" \/>\n<meta property=\"article:modified_time\" content=\"2025-10-02T12:42:05+00:00\" \/>\n<meta property=\"og:image\" content=\"https:\/\/industrialrepairstore.com\/wp-content\/uploads\/2023\/09\/122722006_detroit_reman_ra_003_446_1102_yPsfVzVS.jpg\" \/>\n\t<meta property=\"og:image:width\" content=\"1900\" \/>\n\t<meta property=\"og:image:height\" content=\"2533\" \/>\n\t<meta property=\"og:image:type\" content=\"image\/jpeg\" \/>\n<meta name=\"twitter:card\" content=\"summary_large_image\" \/>\n<script type=\"application\/ld+json\" class=\"yoast-schema-graph\">{\"@context\":\"https:\\\/\\\/schema.org\",\"@graph\":[{\"@type\":\"WebPage\",\"@id\":\"https:\\\/\\\/industrialrepairstore.com\\\/product\\\/detroit-reman-ra-003-446-1102\\\/\",\"url\":\"https:\\\/\\\/industrialrepairstore.com\\\/product\\\/detroit-reman-ra-003-446-1102\\\/\",\"name\":\"Detroit Reman ra 003 446 1102 - ERD Industrial Repair Store\",\"isPartOf\":{\"@id\":\"https:\\\/\\\/industrialrepairstore.com\\\/#website\"},\"primaryImageOfPage\":{\"@id\":\"https:\\\/\\\/industrialrepairstore.com\\\/product\\\/detroit-reman-ra-003-446-1102\\\/#primaryimage\"},\"image\":{\"@id\":\"https:\\\/\\\/industrialrepairstore.com\\\/product\\\/detroit-reman-ra-003-446-1102\\\/#primaryimage\"},\"thumbnailUrl\":\"https:\\\/\\\/industrialrepairstore.com\\\/wp-content\\\/uploads\\\/2023\\\/09\\\/122722006_detroit_reman_ra_003_446_1102_yPsfVzVS.jpg\",\"datePublished\":\"2023-02-17T19:34:03+00:00\",\"dateModified\":\"2025-10-02T12:42:05+00:00\",\"description\":\"Expert [REPLACE PRODUCT NAME] repair by the skilled technicians at ERD Ltd. Call 336-992-3611 for more information!\",\"breadcrumb\":{\"@id\":\"https:\\\/\\\/industrialrepairstore.com\\\/product\\\/detroit-reman-ra-003-446-1102\\\/#breadcrumb\"},\"inLanguage\":\"fr-CA\",\"potentialAction\":[{\"@type\":\"ReadAction\",\"target\":[\"https:\\\/\\\/industrialrepairstore.com\\\/product\\\/detroit-reman-ra-003-446-1102\\\/\"]}]},{\"@type\":\"ImageObject\",\"inLanguage\":\"fr-CA\",\"@id\":\"https:\\\/\\\/industrialrepairstore.com\\\/product\\\/detroit-reman-ra-003-446-1102\\\/#primaryimage\",\"url\":\"https:\\\/\\\/industrialrepairstore.com\\\/wp-content\\\/uploads\\\/2023\\\/09\\\/122722006_detroit_reman_ra_003_446_1102_yPsfVzVS.jpg\",\"contentUrl\":\"https:\\\/\\\/industrialrepairstore.com\\\/wp-content\\\/uploads\\\/2023\\\/09\\\/122722006_detroit_reman_ra_003_446_1102_yPsfVzVS.jpg\",\"width\":1900,\"height\":2533,\"caption\":\"#image_title\"},{\"@type\":\"BreadcrumbList\",\"@id\":\"https:\\\/\\\/industrialrepairstore.com\\\/product\\\/detroit-reman-ra-003-446-1102\\\/#breadcrumb\",\"itemListElement\":[{\"@type\":\"ListItem\",\"position\":1,\"name\":\"Home\",\"item\":\"https:\\\/\\\/industrialrepairstore.com\\\/\"},{\"@type\":\"ListItem\",\"position\":2,\"name\":\"Shop\",\"item\":\"https:\\\/\\\/industrialrepairstore.com\\\/shop\\\/\"},{\"@type\":\"ListItem\",\"position\":3,\"name\":\"Detroit Reman ra 003 446 1102\"}]},{\"@type\":\"WebSite\",\"@id\":\"https:\\\/\\\/industrialrepairstore.com\\\/#website\",\"url\":\"https:\\\/\\\/industrialrepairstore.com\\\/\",\"name\":\"ERD Industrial Repair Store\",\"description\":\"Reimagining the Future of Repair Through Innovation\",\"potentialAction\":[{\"@type\":\"SearchAction\",\"target\":{\"@type\":\"EntryPoint\",\"urlTemplate\":\"https:\\\/\\\/industrialrepairstore.com\\\/?s={search_term_string}\"},\"query-input\":{\"@type\":\"PropertyValueSpecification\",\"valueRequired\":true,\"valueName\":\"search_term_string\"}}],\"inLanguage\":\"fr-CA\"}]}<\/script>\n<!-- \/ Yoast SEO Premium plugin. -->","yoast_head_json":{"title":"Detroit Reman ra 003 446 1102 - ERD Industrial Repair Store","description":"Expert [REPLACE PRODUCT NAME] repair by the skilled technicians at ERD Ltd. Call 336-992-3611 for more information!","robots":{"index":"index","follow":"follow","max-snippet":"max-snippet:-1","max-image-preview":"max-image-preview:large","max-video-preview":"max-video-preview:-1"},"canonical":"https:\/\/industrialrepairstore.com\/fr\/produit\/detroit-reman-ra-003-446-1102\/","og_locale":"fr_CA","og_type":"article","og_title":"Detroit Reman ra 003 446 1102","og_description":"Expert [REPLACE PRODUCT NAME] repair by the skilled technicians at ERD Ltd. Call 336-992-3611 for more information!","og_url":"https:\/\/industrialrepairstore.com\/fr\/produit\/detroit-reman-ra-003-446-1102\/","og_site_name":"ERD Industrial Repair Store","article_modified_time":"2025-10-02T12:42:05+00:00","og_image":[{"width":1900,"height":2533,"url":"https:\/\/industrialrepairstore.com\/wp-content\/uploads\/2023\/09\/122722006_detroit_reman_ra_003_446_1102_yPsfVzVS.jpg","type":"image\/jpeg"}],"twitter_card":"summary_large_image","schema":{"@context":"https:\/\/schema.org","@graph":[{"@type":"WebPage","@id":"https:\/\/industrialrepairstore.com\/product\/detroit-reman-ra-003-446-1102\/","url":"https:\/\/industrialrepairstore.com\/product\/detroit-reman-ra-003-446-1102\/","name":"Detroit Reman ra 003 446 1102 - ERD Industrial Repair Store","isPartOf":{"@id":"https:\/\/industrialrepairstore.com\/#website"},"primaryImageOfPage":{"@id":"https:\/\/industrialrepairstore.com\/product\/detroit-reman-ra-003-446-1102\/#primaryimage"},"image":{"@id":"https:\/\/industrialrepairstore.com\/product\/detroit-reman-ra-003-446-1102\/#primaryimage"},"thumbnailUrl":"https:\/\/industrialrepairstore.com\/wp-content\/uploads\/2023\/09\/122722006_detroit_reman_ra_003_446_1102_yPsfVzVS.jpg","datePublished":"2023-02-17T19:34:03+00:00","dateModified":"2025-10-02T12:42:05+00:00","description":"Expert [REPLACE PRODUCT NAME] repair by the skilled technicians at ERD Ltd. Call 336-992-3611 for more information!","breadcrumb":{"@id":"https:\/\/industrialrepairstore.com\/product\/detroit-reman-ra-003-446-1102\/#breadcrumb"},"inLanguage":"fr-CA","potentialAction":[{"@type":"ReadAction","target":["https:\/\/industrialrepairstore.com\/product\/detroit-reman-ra-003-446-1102\/"]}]},{"@type":"ImageObject","inLanguage":"fr-CA","@id":"https:\/\/industrialrepairstore.com\/product\/detroit-reman-ra-003-446-1102\/#primaryimage","url":"https:\/\/industrialrepairstore.com\/wp-content\/uploads\/2023\/09\/122722006_detroit_reman_ra_003_446_1102_yPsfVzVS.jpg","contentUrl":"https:\/\/industrialrepairstore.com\/wp-content\/uploads\/2023\/09\/122722006_detroit_reman_ra_003_446_1102_yPsfVzVS.jpg","width":1900,"height":2533,"caption":"#image_title"},{"@type":"BreadcrumbList","@id":"https:\/\/industrialrepairstore.com\/product\/detroit-reman-ra-003-446-1102\/#breadcrumb","itemListElement":[{"@type":"ListItem","position":1,"name":"Home","item":"https:\/\/industrialrepairstore.com\/"},{"@type":"ListItem","position":2,"name":"Shop","item":"https:\/\/industrialrepairstore.com\/shop\/"},{"@type":"ListItem","position":3,"name":"Detroit Reman ra 003 446 1102"}]},{"@type":"WebSite","@id":"https:\/\/industrialrepairstore.com\/#website","url":"https:\/\/industrialrepairstore.com\/","name":"ERD Industrial Repair Store","description":"Reimagining the Future of Repair Through Innovation","potentialAction":[{"@type":"SearchAction","target":{"@type":"EntryPoint","urlTemplate":"https:\/\/industrialrepairstore.com\/?s={search_term_string}"},"query-input":{"@type":"PropertyValueSpecification","valueRequired":true,"valueName":"search_term_string"}}],"inLanguage":"fr-CA"}]}},"_links":{"self":[{"href":"https:\/\/industrialrepairstore.com\/fr\/wp-json\/wp\/v2\/product\/46494","targetHints":{"allow":["GET"]}}],"collection":[{"href":"https:\/\/industrialrepairstore.com\/fr\/wp-json\/wp\/v2\/product"}],"about":[{"href":"https:\/\/industrialrepairstore.com\/fr\/wp-json\/wp\/v2\/types\/product"}],"wp:featuredmedia":[{"embeddable":true,"href":"https:\/\/industrialrepairstore.com\/fr\/wp-json\/wp\/v2\/media\/46495"}],"wp:attachment":[{"href":"https:\/\/industrialrepairstore.com\/fr\/wp-json\/wp\/v2\/media?parent=46494"}],"wp:term":[{"taxonomy":"product_brand","embeddable":true,"href":"https:\/\/industrialrepairstore.com\/fr\/wp-json\/wp\/v2\/product_brand?post=46494"},{"taxonomy":"product_cat","embeddable":true,"href":"https:\/\/industrialrepairstore.com\/fr\/wp-json\/wp\/v2\/product_cat?post=46494"},{"taxonomy":"product_tag","embeddable":true,"href":"https:\/\/industrialrepairstore.com\/fr\/wp-json\/wp\/v2\/product_tag?post=46494"}],"curies":[{"name":"wp","href":"https:\/\/api.w.org\/{rel}","templated":true}]}}