{"id":48911,"date":"2024-02-26T08:50:44","date_gmt":"2024-02-26T14:50:44","guid":{"rendered":"https:\/\/industrialrepairstore.com\/?post_type=product&#038;p=48911"},"modified":"2025-03-10T07:46:55","modified_gmt":"2025-03-10T12:46:55","slug":"smc-thermo-con-inr-244-216b-chiller","status":"publish","type":"product","link":"https:\/\/industrialrepairstore.com\/fr\/produit\/smc-thermo-con-inr-244-216b-chiller\/","title":{"rendered":"SMC Thermo-Con inr-244-216b chiller"},"content":{"rendered":"<p>Si vous souhaitez qu'ERD r\u00e9pare votre refroidisseur SMC Thermo-Con inr-244-216b, envoyez-nous votre unit\u00e9 au 705 Indeneer Drive, Kernersville, NC 27284. Vous recevrez un devis ferme pour approbation dans les 48 heures ouvrables suivant la r\u00e9ception de votre unit\u00e9. Si vous souhaitez nous parler, veuillez appeler le 1.336.992.3611.<\/p>\n<p>Si vos besoins de r\u00e9paration ne figurent pas dans notre vaste catalogue de r\u00e9paration, n'h\u00e9sitez pas \u00e0 nous contacter car de nouveaux articles de r\u00e9paration sont ajout\u00e9s quotidiennement. ERD a une longue tradition mondiale de r\u00e9paration des appareils \u00e9lectroniques les plus complexes et nous nous r\u00e9jouissons de travailler avec vous.<\/p>","protected":false},"excerpt":{"rendered":"<p>Ceci est la page du catalogue de r\u00e9paration sp\u00e9cifique pour le refroidisseur SMC Thermo-Con inr-244-216b, r\u00e9par\u00e9 par les techniciens experts d'ERD Ltd.<\/p>","protected":false},"featured_media":48912,"template":"","meta":{"_acf_changed":false,"_et_pb_use_builder":"","_et_pb_old_content":"","_et_gb_content_width":""},"product_brand":[],"product_cat":[78,351],"product_tag":[114,66,65,115],"class_list":{"0":"post-48911","1":"product","2":"type-product","3":"status-publish","4":"has-post-thumbnail","6":"product_cat-industrial","7":"product_cat-semiconductor","8":"product_tag-chiller","9":"product_tag-erd","10":"product_tag-repair","11":"product_tag-smc","13":"first","14":"instock","15":"shipping-taxable","16":"purchasable","17":"product-type-simple"},"acf":[],"yoast_head":"<!-- This site is optimized with the Yoast SEO Premium plugin v27.3 (Yoast SEO v27.3) - https:\/\/yoast.com\/product\/yoast-seo-premium-wordpress\/ -->\n<title>SMC Thermo-Con inr-244-216b chiller - ERD Industrial Repair Store<\/title>\n<meta name=\"description\" content=\"Expert SMC Thermo-Con inr-244-216b chiller repair by the skilled technicians at ERD Ltd. Call 336-992-3611 for more information!\" \/>\n<meta name=\"robots\" content=\"index, follow, max-snippet:-1, max-image-preview:large, max-video-preview:-1\" \/>\n<link rel=\"canonical\" href=\"https:\/\/industrialrepairstore.com\/fr\/produit\/smc-thermo-con-inr-244-216b-chiller\/\" \/>\n<meta property=\"og:locale\" content=\"fr_CA\" \/>\n<meta property=\"og:type\" content=\"article\" \/>\n<meta property=\"og:title\" content=\"SMC Thermo-Con inr-244-216b chiller\" \/>\n<meta property=\"og:description\" content=\"Expert SMC Thermo-Con inr-244-216b chiller repair by the skilled technicians at ERD Ltd. Call 336-992-3611 for more information!\" \/>\n<meta property=\"og:url\" content=\"https:\/\/industrialrepairstore.com\/fr\/produit\/smc-thermo-con-inr-244-216b-chiller\/\" \/>\n<meta property=\"og:site_name\" content=\"ERD Industrial Repair Store\" \/>\n<meta property=\"article:modified_time\" content=\"2025-03-10T12:46:55+00:00\" \/>\n<meta property=\"og:image\" content=\"https:\/\/industrialrepairstore.com\/wp-content\/uploads\/2024\/02\/web_021924015_smc_thermo_con_inr_244_216b_azCI5Yex.jpg\" \/>\n\t<meta property=\"og:image:width\" content=\"1920\" \/>\n\t<meta property=\"og:image:height\" content=\"1440\" \/>\n\t<meta property=\"og:image:type\" content=\"image\/jpeg\" \/>\n<meta name=\"twitter:card\" content=\"summary_large_image\" \/>\n<meta name=\"twitter:label1\" content=\"Estimation du temps de lecture\" \/>\n\t<meta name=\"twitter:data1\" content=\"1 minute\" \/>\n<script type=\"application\/ld+json\" class=\"yoast-schema-graph\">{\"@context\":\"https:\\\/\\\/schema.org\",\"@graph\":[{\"@type\":\"WebPage\",\"@id\":\"https:\\\/\\\/industrialrepairstore.com\\\/product\\\/smc-thermo-con-inr-244-216b-chiller\\\/\",\"url\":\"https:\\\/\\\/industrialrepairstore.com\\\/product\\\/smc-thermo-con-inr-244-216b-chiller\\\/\",\"name\":\"SMC Thermo-Con inr-244-216b chiller - ERD Industrial Repair Store\",\"isPartOf\":{\"@id\":\"https:\\\/\\\/industrialrepairstore.com\\\/#website\"},\"primaryImageOfPage\":{\"@id\":\"https:\\\/\\\/industrialrepairstore.com\\\/product\\\/smc-thermo-con-inr-244-216b-chiller\\\/#primaryimage\"},\"image\":{\"@id\":\"https:\\\/\\\/industrialrepairstore.com\\\/product\\\/smc-thermo-con-inr-244-216b-chiller\\\/#primaryimage\"},\"thumbnailUrl\":\"https:\\\/\\\/industrialrepairstore.com\\\/wp-content\\\/uploads\\\/2024\\\/02\\\/web_021924015_smc_thermo_con_inr_244_216b_azCI5Yex.jpg\",\"datePublished\":\"2024-02-26T14:50:44+00:00\",\"dateModified\":\"2025-03-10T12:46:55+00:00\",\"description\":\"Expert SMC Thermo-Con inr-244-216b chiller repair by the skilled technicians at ERD Ltd. Call 336-992-3611 for more information!\",\"breadcrumb\":{\"@id\":\"https:\\\/\\\/industrialrepairstore.com\\\/product\\\/smc-thermo-con-inr-244-216b-chiller\\\/#breadcrumb\"},\"inLanguage\":\"fr-CA\",\"potentialAction\":[{\"@type\":\"ReadAction\",\"target\":[\"https:\\\/\\\/industrialrepairstore.com\\\/product\\\/smc-thermo-con-inr-244-216b-chiller\\\/\"]}]},{\"@type\":\"ImageObject\",\"inLanguage\":\"fr-CA\",\"@id\":\"https:\\\/\\\/industrialrepairstore.com\\\/product\\\/smc-thermo-con-inr-244-216b-chiller\\\/#primaryimage\",\"url\":\"https:\\\/\\\/industrialrepairstore.com\\\/wp-content\\\/uploads\\\/2024\\\/02\\\/web_021924015_smc_thermo_con_inr_244_216b_azCI5Yex.jpg\",\"contentUrl\":\"https:\\\/\\\/industrialrepairstore.com\\\/wp-content\\\/uploads\\\/2024\\\/02\\\/web_021924015_smc_thermo_con_inr_244_216b_azCI5Yex.jpg\",\"width\":1920,\"height\":1440,\"caption\":\"SMC Thermo-Con inr-244-216b\"},{\"@type\":\"BreadcrumbList\",\"@id\":\"https:\\\/\\\/industrialrepairstore.com\\\/product\\\/smc-thermo-con-inr-244-216b-chiller\\\/#breadcrumb\",\"itemListElement\":[{\"@type\":\"ListItem\",\"position\":1,\"name\":\"Home\",\"item\":\"https:\\\/\\\/industrialrepairstore.com\\\/\"},{\"@type\":\"ListItem\",\"position\":2,\"name\":\"Shop\",\"item\":\"https:\\\/\\\/industrialrepairstore.com\\\/shop\\\/\"},{\"@type\":\"ListItem\",\"position\":3,\"name\":\"SMC Thermo-Con inr-244-216b chiller\"}]},{\"@type\":\"WebSite\",\"@id\":\"https:\\\/\\\/industrialrepairstore.com\\\/#website\",\"url\":\"https:\\\/\\\/industrialrepairstore.com\\\/\",\"name\":\"ERD Industrial Repair Store\",\"description\":\"Reimagining the Future of Repair Through Innovation\",\"potentialAction\":[{\"@type\":\"SearchAction\",\"target\":{\"@type\":\"EntryPoint\",\"urlTemplate\":\"https:\\\/\\\/industrialrepairstore.com\\\/?s={search_term_string}\"},\"query-input\":{\"@type\":\"PropertyValueSpecification\",\"valueRequired\":true,\"valueName\":\"search_term_string\"}}],\"inLanguage\":\"fr-CA\"}]}<\/script>\n<!-- \/ Yoast SEO Premium plugin. -->","yoast_head_json":{"title":"SMC Thermo-Con inr-244-216b chiller - ERD Industrial Repair Store","description":"Expert SMC Thermo-Con inr-244-216b chiller repair by the skilled technicians at ERD Ltd. Call 336-992-3611 for more information!","robots":{"index":"index","follow":"follow","max-snippet":"max-snippet:-1","max-image-preview":"max-image-preview:large","max-video-preview":"max-video-preview:-1"},"canonical":"https:\/\/industrialrepairstore.com\/fr\/produit\/smc-thermo-con-inr-244-216b-chiller\/","og_locale":"fr_CA","og_type":"article","og_title":"SMC Thermo-Con inr-244-216b chiller","og_description":"Expert SMC Thermo-Con inr-244-216b chiller repair by the skilled technicians at ERD Ltd. Call 336-992-3611 for more information!","og_url":"https:\/\/industrialrepairstore.com\/fr\/produit\/smc-thermo-con-inr-244-216b-chiller\/","og_site_name":"ERD Industrial Repair Store","article_modified_time":"2025-03-10T12:46:55+00:00","og_image":[{"width":1920,"height":1440,"url":"https:\/\/industrialrepairstore.com\/wp-content\/uploads\/2024\/02\/web_021924015_smc_thermo_con_inr_244_216b_azCI5Yex.jpg","type":"image\/jpeg"}],"twitter_card":"summary_large_image","twitter_misc":{"Estimation du temps de lecture":"1 minute"},"schema":{"@context":"https:\/\/schema.org","@graph":[{"@type":"WebPage","@id":"https:\/\/industrialrepairstore.com\/product\/smc-thermo-con-inr-244-216b-chiller\/","url":"https:\/\/industrialrepairstore.com\/product\/smc-thermo-con-inr-244-216b-chiller\/","name":"SMC Thermo-Con inr-244-216b chiller - ERD Industrial Repair Store","isPartOf":{"@id":"https:\/\/industrialrepairstore.com\/#website"},"primaryImageOfPage":{"@id":"https:\/\/industrialrepairstore.com\/product\/smc-thermo-con-inr-244-216b-chiller\/#primaryimage"},"image":{"@id":"https:\/\/industrialrepairstore.com\/product\/smc-thermo-con-inr-244-216b-chiller\/#primaryimage"},"thumbnailUrl":"https:\/\/industrialrepairstore.com\/wp-content\/uploads\/2024\/02\/web_021924015_smc_thermo_con_inr_244_216b_azCI5Yex.jpg","datePublished":"2024-02-26T14:50:44+00:00","dateModified":"2025-03-10T12:46:55+00:00","description":"Expert SMC Thermo-Con inr-244-216b chiller repair by the skilled technicians at ERD Ltd. Call 336-992-3611 for more information!","breadcrumb":{"@id":"https:\/\/industrialrepairstore.com\/product\/smc-thermo-con-inr-244-216b-chiller\/#breadcrumb"},"inLanguage":"fr-CA","potentialAction":[{"@type":"ReadAction","target":["https:\/\/industrialrepairstore.com\/product\/smc-thermo-con-inr-244-216b-chiller\/"]}]},{"@type":"ImageObject","inLanguage":"fr-CA","@id":"https:\/\/industrialrepairstore.com\/product\/smc-thermo-con-inr-244-216b-chiller\/#primaryimage","url":"https:\/\/industrialrepairstore.com\/wp-content\/uploads\/2024\/02\/web_021924015_smc_thermo_con_inr_244_216b_azCI5Yex.jpg","contentUrl":"https:\/\/industrialrepairstore.com\/wp-content\/uploads\/2024\/02\/web_021924015_smc_thermo_con_inr_244_216b_azCI5Yex.jpg","width":1920,"height":1440,"caption":"SMC Thermo-Con inr-244-216b"},{"@type":"BreadcrumbList","@id":"https:\/\/industrialrepairstore.com\/product\/smc-thermo-con-inr-244-216b-chiller\/#breadcrumb","itemListElement":[{"@type":"ListItem","position":1,"name":"Home","item":"https:\/\/industrialrepairstore.com\/"},{"@type":"ListItem","position":2,"name":"Shop","item":"https:\/\/industrialrepairstore.com\/shop\/"},{"@type":"ListItem","position":3,"name":"SMC Thermo-Con inr-244-216b chiller"}]},{"@type":"WebSite","@id":"https:\/\/industrialrepairstore.com\/#website","url":"https:\/\/industrialrepairstore.com\/","name":"ERD Industrial Repair Store","description":"Reimagining the Future of Repair Through Innovation","potentialAction":[{"@type":"SearchAction","target":{"@type":"EntryPoint","urlTemplate":"https:\/\/industrialrepairstore.com\/?s={search_term_string}"},"query-input":{"@type":"PropertyValueSpecification","valueRequired":true,"valueName":"search_term_string"}}],"inLanguage":"fr-CA"}]}},"_links":{"self":[{"href":"https:\/\/industrialrepairstore.com\/fr\/wp-json\/wp\/v2\/product\/48911","targetHints":{"allow":["GET"]}}],"collection":[{"href":"https:\/\/industrialrepairstore.com\/fr\/wp-json\/wp\/v2\/product"}],"about":[{"href":"https:\/\/industrialrepairstore.com\/fr\/wp-json\/wp\/v2\/types\/product"}],"wp:featuredmedia":[{"embeddable":true,"href":"https:\/\/industrialrepairstore.com\/fr\/wp-json\/wp\/v2\/media\/48912"}],"wp:attachment":[{"href":"https:\/\/industrialrepairstore.com\/fr\/wp-json\/wp\/v2\/media?parent=48911"}],"wp:term":[{"taxonomy":"product_brand","embeddable":true,"href":"https:\/\/industrialrepairstore.com\/fr\/wp-json\/wp\/v2\/product_brand?post=48911"},{"taxonomy":"product_cat","embeddable":true,"href":"https:\/\/industrialrepairstore.com\/fr\/wp-json\/wp\/v2\/product_cat?post=48911"},{"taxonomy":"product_tag","embeddable":true,"href":"https:\/\/industrialrepairstore.com\/fr\/wp-json\/wp\/v2\/product_tag?post=48911"}],"curies":[{"name":"wp","href":"https:\/\/api.w.org\/{rel}","templated":true}]}}