{"id":51282,"date":"2024-11-11T09:38:10","date_gmt":"2024-11-11T15:38:10","guid":{"rendered":"https:\/\/industrialrepairstore.com\/?post_type=product&#038;p=51282"},"modified":"2025-03-07T06:17:52","modified_gmt":"2025-03-07T12:17:52","slug":"thermo-fisher-scientific-70111-61053-rev-p-source-board-with-valves","status":"publish","type":"product","link":"https:\/\/industrialrepairstore.com\/fr\/produit\/thermo-fisher-scientific-70111-61053-rev-p-source-board-with-valves\/","title":{"rendered":"Thermo Fisher Scientific 70111-61053 Rev P Source Board with Valves (carte source avec vannes)"},"content":{"rendered":"<p>If you would like to have ERD repair your Thermo Fisher Scientific 70111-61053 Rev P Source Board with Valves, ship your unit to us at 705 Indeneer Drive, Kernersville, NC 27284. You will receive a firm quote on your Thermo Fisher Scientific 70111-61053 Rev P Source Board with Valves \u00a0for your approval within 48 business hours upon receipt of your unit. If you need to speak with us, please call 1.336.992.3611 or visit our contact page at <a href=\"https:\/\/industrialrepairstore.com\/fr\/contact-erd\/\">https:\/\/industrialrepairstore.com\/contact-erd<\/a> .<\/p>\n<p>Si vos besoins de r\u00e9paration ne figurent pas dans notre vaste catalogue de r\u00e9paration, n'h\u00e9sitez pas \u00e0 nous contacter car de nouveaux articles de r\u00e9paration sont ajout\u00e9s quotidiennement. Pour plus d'informations sur les produits, visitez notre cha\u00eene vid\u00e9o YouTube \u00e0 l'adresse suivante <a href=\"https:\/\/www.youtube.com\/@erdltd\">https:\/\/www.youtube.com\/@erdltd<\/a>.<\/p>\n<p>Nous nous engageons \u00e0 fournir des services exceptionnels de r\u00e9paration \u00e9lectronique en atelier qui d\u00e9passent vos attentes.<\/p>\n<p>L'expertise approfondie de notre \u00e9quipe, son souci du d\u00e9tail et son engagement en faveur de la qualit\u00e9 garantissent des r\u00e9parations fiables et efficaces, m\u00eame pour les syst\u00e8mes \u00e9lectroniques les plus complexes. ERD a une longue tradition mondiale de r\u00e9paration des syst\u00e8mes \u00e9lectroniques les plus complexes dans une vari\u00e9t\u00e9 d'industries diff\u00e9rentes et nous sommes impatients de travailler avec vous.<\/p>","protected":false},"excerpt":{"rendered":"<p>This is the specific repair catalog page for Thermo Fisher Scientific 70111-61053 Rev P Source Board with Valves, repaired by the expert repair technicians of ERD Ltd. If you need to speak with us, please call 1.336.992.3611 or visit our contact page at <a href=\"https:\/\/industrialrepairstore.com\/fr\/contact-erd\/\">https:\/\/industrialrepairstore.com\/contact-erd<\/a> .<\/p>","protected":false},"featured_media":51283,"template":"","meta":{"_acf_changed":false,"_et_pb_use_builder":"","_et_pb_old_content":"","_et_gb_content_width":""},"product_brand":[],"product_cat":[78],"product_tag":[66,65,471],"class_list":{"0":"post-51282","1":"product","2":"type-product","3":"status-publish","4":"has-post-thumbnail","6":"product_cat-industrial","7":"product_tag-erd","8":"product_tag-repair","9":"product_tag-thermo-fisher-scientific","11":"first","12":"instock","13":"shipping-taxable","14":"purchasable","15":"product-type-simple"},"acf":[],"yoast_head":"<!-- This site is optimized with the Yoast SEO Premium plugin v27.3 (Yoast SEO v27.3) - https:\/\/yoast.com\/product\/yoast-seo-premium-wordpress\/ -->\n<title>Thermo Fisher Scientific 70111-61053 Rev P Source Board with Valves - ERD Industrial Repair Store<\/title>\n<meta name=\"description\" content=\"Expert Thermo Fisher Scientific 70111-61053 Rev P Source Board with Valves repair by the skilled technicians at ERD Ltd. Call 336-992-3611 for more information!\" \/>\n<meta name=\"robots\" content=\"index, follow, max-snippet:-1, max-image-preview:large, max-video-preview:-1\" \/>\n<link rel=\"canonical\" href=\"https:\/\/industrialrepairstore.com\/fr\/produit\/thermo-fisher-scientific-70111-61053-rev-p-source-board-with-valves\/\" \/>\n<meta property=\"og:locale\" content=\"fr_CA\" \/>\n<meta property=\"og:type\" content=\"article\" \/>\n<meta property=\"og:title\" content=\"Thermo Fisher Scientific 70111-61053 Rev P Source Board with Valves\" \/>\n<meta property=\"og:description\" content=\"Expert Thermo Fisher Scientific 70111-61053 Rev P Source Board with Valves repair by the skilled technicians at ERD Ltd. Call 336-992-3611 for more information!\" \/>\n<meta property=\"og:url\" content=\"https:\/\/industrialrepairstore.com\/fr\/produit\/thermo-fisher-scientific-70111-61053-rev-p-source-board-with-valves\/\" \/>\n<meta property=\"og:site_name\" content=\"ERD Industrial Repair Store\" \/>\n<meta property=\"article:modified_time\" content=\"2025-03-07T12:17:52+00:00\" \/>\n<meta property=\"og:image\" content=\"https:\/\/industrialrepairstore.com\/wp-content\/uploads\/2024\/11\/web_100824014_thermo_fisher_scientific_70111_61053_rev_p_UlMUqxeu.jpg\" \/>\n\t<meta property=\"og:image:width\" content=\"1920\" \/>\n\t<meta property=\"og:image:height\" content=\"2560\" \/>\n\t<meta property=\"og:image:type\" content=\"image\/jpeg\" \/>\n<meta name=\"twitter:card\" content=\"summary_large_image\" \/>\n<meta name=\"twitter:label1\" content=\"Estimation du temps de lecture\" \/>\n\t<meta name=\"twitter:data1\" content=\"1 minute\" \/>\n<script type=\"application\/ld+json\" class=\"yoast-schema-graph\">{\"@context\":\"https:\\\/\\\/schema.org\",\"@graph\":[{\"@type\":\"WebPage\",\"@id\":\"https:\\\/\\\/industrialrepairstore.com\\\/product\\\/thermo-fisher-scientific-70111-61053-rev-p-source-board-with-valves\\\/\",\"url\":\"https:\\\/\\\/industrialrepairstore.com\\\/product\\\/thermo-fisher-scientific-70111-61053-rev-p-source-board-with-valves\\\/\",\"name\":\"Thermo Fisher Scientific 70111-61053 Rev P Source Board with Valves - ERD Industrial Repair Store\",\"isPartOf\":{\"@id\":\"https:\\\/\\\/industrialrepairstore.com\\\/#website\"},\"primaryImageOfPage\":{\"@id\":\"https:\\\/\\\/industrialrepairstore.com\\\/product\\\/thermo-fisher-scientific-70111-61053-rev-p-source-board-with-valves\\\/#primaryimage\"},\"image\":{\"@id\":\"https:\\\/\\\/industrialrepairstore.com\\\/product\\\/thermo-fisher-scientific-70111-61053-rev-p-source-board-with-valves\\\/#primaryimage\"},\"thumbnailUrl\":\"https:\\\/\\\/industrialrepairstore.com\\\/wp-content\\\/uploads\\\/2024\\\/11\\\/web_100824014_thermo_fisher_scientific_70111_61053_rev_p_UlMUqxeu.jpg\",\"datePublished\":\"2024-11-11T15:38:10+00:00\",\"dateModified\":\"2025-03-07T12:17:52+00:00\",\"description\":\"Expert Thermo Fisher Scientific 70111-61053 Rev P Source Board with Valves repair by the skilled technicians at ERD Ltd. Call 336-992-3611 for more information!\",\"breadcrumb\":{\"@id\":\"https:\\\/\\\/industrialrepairstore.com\\\/product\\\/thermo-fisher-scientific-70111-61053-rev-p-source-board-with-valves\\\/#breadcrumb\"},\"inLanguage\":\"fr-CA\",\"potentialAction\":[{\"@type\":\"ReadAction\",\"target\":[\"https:\\\/\\\/industrialrepairstore.com\\\/product\\\/thermo-fisher-scientific-70111-61053-rev-p-source-board-with-valves\\\/\"]}]},{\"@type\":\"ImageObject\",\"inLanguage\":\"fr-CA\",\"@id\":\"https:\\\/\\\/industrialrepairstore.com\\\/product\\\/thermo-fisher-scientific-70111-61053-rev-p-source-board-with-valves\\\/#primaryimage\",\"url\":\"https:\\\/\\\/industrialrepairstore.com\\\/wp-content\\\/uploads\\\/2024\\\/11\\\/web_100824014_thermo_fisher_scientific_70111_61053_rev_p_UlMUqxeu.jpg\",\"contentUrl\":\"https:\\\/\\\/industrialrepairstore.com\\\/wp-content\\\/uploads\\\/2024\\\/11\\\/web_100824014_thermo_fisher_scientific_70111_61053_rev_p_UlMUqxeu.jpg\",\"width\":1920,\"height\":2560,\"caption\":\"Thermo Fisher Scientific 70111-61053 Rev P Source Board with Valves\"},{\"@type\":\"BreadcrumbList\",\"@id\":\"https:\\\/\\\/industrialrepairstore.com\\\/product\\\/thermo-fisher-scientific-70111-61053-rev-p-source-board-with-valves\\\/#breadcrumb\",\"itemListElement\":[{\"@type\":\"ListItem\",\"position\":1,\"name\":\"Home\",\"item\":\"https:\\\/\\\/industrialrepairstore.com\\\/\"},{\"@type\":\"ListItem\",\"position\":2,\"name\":\"Shop\",\"item\":\"https:\\\/\\\/industrialrepairstore.com\\\/shop\\\/\"},{\"@type\":\"ListItem\",\"position\":3,\"name\":\"Thermo Fisher Scientific 70111-61053 Rev P Source Board with Valves\"}]},{\"@type\":\"WebSite\",\"@id\":\"https:\\\/\\\/industrialrepairstore.com\\\/#website\",\"url\":\"https:\\\/\\\/industrialrepairstore.com\\\/\",\"name\":\"ERD Industrial Repair Store\",\"description\":\"Reimagining the Future of Repair Through Innovation\",\"potentialAction\":[{\"@type\":\"SearchAction\",\"target\":{\"@type\":\"EntryPoint\",\"urlTemplate\":\"https:\\\/\\\/industrialrepairstore.com\\\/?s={search_term_string}\"},\"query-input\":{\"@type\":\"PropertyValueSpecification\",\"valueRequired\":true,\"valueName\":\"search_term_string\"}}],\"inLanguage\":\"fr-CA\"}]}<\/script>\n<!-- \/ Yoast SEO Premium plugin. -->","yoast_head_json":{"title":"Thermo Fisher Scientific 70111-61053 Rev P Source Board with Valves - ERD Industrial Repair Store","description":"Expert Thermo Fisher Scientific 70111-61053 Rev P Source Board with Valves repair by the skilled technicians at ERD Ltd. Call 336-992-3611 for more information!","robots":{"index":"index","follow":"follow","max-snippet":"max-snippet:-1","max-image-preview":"max-image-preview:large","max-video-preview":"max-video-preview:-1"},"canonical":"https:\/\/industrialrepairstore.com\/fr\/produit\/thermo-fisher-scientific-70111-61053-rev-p-source-board-with-valves\/","og_locale":"fr_CA","og_type":"article","og_title":"Thermo Fisher Scientific 70111-61053 Rev P Source Board with Valves","og_description":"Expert Thermo Fisher Scientific 70111-61053 Rev P Source Board with Valves repair by the skilled technicians at ERD Ltd. Call 336-992-3611 for more information!","og_url":"https:\/\/industrialrepairstore.com\/fr\/produit\/thermo-fisher-scientific-70111-61053-rev-p-source-board-with-valves\/","og_site_name":"ERD Industrial Repair Store","article_modified_time":"2025-03-07T12:17:52+00:00","og_image":[{"width":1920,"height":2560,"url":"https:\/\/industrialrepairstore.com\/wp-content\/uploads\/2024\/11\/web_100824014_thermo_fisher_scientific_70111_61053_rev_p_UlMUqxeu.jpg","type":"image\/jpeg"}],"twitter_card":"summary_large_image","twitter_misc":{"Estimation du temps de lecture":"1 minute"},"schema":{"@context":"https:\/\/schema.org","@graph":[{"@type":"WebPage","@id":"https:\/\/industrialrepairstore.com\/product\/thermo-fisher-scientific-70111-61053-rev-p-source-board-with-valves\/","url":"https:\/\/industrialrepairstore.com\/product\/thermo-fisher-scientific-70111-61053-rev-p-source-board-with-valves\/","name":"Thermo Fisher Scientific 70111-61053 Rev P Source Board with Valves - ERD Industrial Repair Store","isPartOf":{"@id":"https:\/\/industrialrepairstore.com\/#website"},"primaryImageOfPage":{"@id":"https:\/\/industrialrepairstore.com\/product\/thermo-fisher-scientific-70111-61053-rev-p-source-board-with-valves\/#primaryimage"},"image":{"@id":"https:\/\/industrialrepairstore.com\/product\/thermo-fisher-scientific-70111-61053-rev-p-source-board-with-valves\/#primaryimage"},"thumbnailUrl":"https:\/\/industrialrepairstore.com\/wp-content\/uploads\/2024\/11\/web_100824014_thermo_fisher_scientific_70111_61053_rev_p_UlMUqxeu.jpg","datePublished":"2024-11-11T15:38:10+00:00","dateModified":"2025-03-07T12:17:52+00:00","description":"Expert Thermo Fisher Scientific 70111-61053 Rev P Source Board with Valves repair by the skilled technicians at ERD Ltd. Call 336-992-3611 for more information!","breadcrumb":{"@id":"https:\/\/industrialrepairstore.com\/product\/thermo-fisher-scientific-70111-61053-rev-p-source-board-with-valves\/#breadcrumb"},"inLanguage":"fr-CA","potentialAction":[{"@type":"ReadAction","target":["https:\/\/industrialrepairstore.com\/product\/thermo-fisher-scientific-70111-61053-rev-p-source-board-with-valves\/"]}]},{"@type":"ImageObject","inLanguage":"fr-CA","@id":"https:\/\/industrialrepairstore.com\/product\/thermo-fisher-scientific-70111-61053-rev-p-source-board-with-valves\/#primaryimage","url":"https:\/\/industrialrepairstore.com\/wp-content\/uploads\/2024\/11\/web_100824014_thermo_fisher_scientific_70111_61053_rev_p_UlMUqxeu.jpg","contentUrl":"https:\/\/industrialrepairstore.com\/wp-content\/uploads\/2024\/11\/web_100824014_thermo_fisher_scientific_70111_61053_rev_p_UlMUqxeu.jpg","width":1920,"height":2560,"caption":"Thermo Fisher Scientific 70111-61053 Rev P Source Board with Valves"},{"@type":"BreadcrumbList","@id":"https:\/\/industrialrepairstore.com\/product\/thermo-fisher-scientific-70111-61053-rev-p-source-board-with-valves\/#breadcrumb","itemListElement":[{"@type":"ListItem","position":1,"name":"Home","item":"https:\/\/industrialrepairstore.com\/"},{"@type":"ListItem","position":2,"name":"Shop","item":"https:\/\/industrialrepairstore.com\/shop\/"},{"@type":"ListItem","position":3,"name":"Thermo Fisher Scientific 70111-61053 Rev P Source Board with Valves"}]},{"@type":"WebSite","@id":"https:\/\/industrialrepairstore.com\/#website","url":"https:\/\/industrialrepairstore.com\/","name":"ERD Industrial Repair Store","description":"Reimagining the Future of Repair Through Innovation","potentialAction":[{"@type":"SearchAction","target":{"@type":"EntryPoint","urlTemplate":"https:\/\/industrialrepairstore.com\/?s={search_term_string}"},"query-input":{"@type":"PropertyValueSpecification","valueRequired":true,"valueName":"search_term_string"}}],"inLanguage":"fr-CA"}]}},"_links":{"self":[{"href":"https:\/\/industrialrepairstore.com\/fr\/wp-json\/wp\/v2\/product\/51282","targetHints":{"allow":["GET"]}}],"collection":[{"href":"https:\/\/industrialrepairstore.com\/fr\/wp-json\/wp\/v2\/product"}],"about":[{"href":"https:\/\/industrialrepairstore.com\/fr\/wp-json\/wp\/v2\/types\/product"}],"wp:featuredmedia":[{"embeddable":true,"href":"https:\/\/industrialrepairstore.com\/fr\/wp-json\/wp\/v2\/media\/51283"}],"wp:attachment":[{"href":"https:\/\/industrialrepairstore.com\/fr\/wp-json\/wp\/v2\/media?parent=51282"}],"wp:term":[{"taxonomy":"product_brand","embeddable":true,"href":"https:\/\/industrialrepairstore.com\/fr\/wp-json\/wp\/v2\/product_brand?post=51282"},{"taxonomy":"product_cat","embeddable":true,"href":"https:\/\/industrialrepairstore.com\/fr\/wp-json\/wp\/v2\/product_cat?post=51282"},{"taxonomy":"product_tag","embeddable":true,"href":"https:\/\/industrialrepairstore.com\/fr\/wp-json\/wp\/v2\/product_tag?post=51282"}],"curies":[{"name":"wp","href":"https:\/\/api.w.org\/{rel}","templated":true}]}}