{"id":52307,"date":"2025-04-14T12:57:20","date_gmt":"2025-04-14T17:57:20","guid":{"rendered":"https:\/\/industrialrepairstore.com\/product\/allen-bradley-20bd014a0ayyana0\/"},"modified":"2025-12-01T09:10:31","modified_gmt":"2025-12-01T15:10:31","slug":"allen-bradley-20bd014a0ayyana0","status":"publish","type":"product","link":"https:\/\/industrialrepairstore.com\/fr\/produit\/allen-bradley-20bd014a0ayyana0\/","title":{"rendered":"ALLEN BRADLEY 20BD014A0AYYANA0"},"content":{"rendered":"<p>Le 20BD014A0AYYANA0 est un variateur AC d'Allen-Bradley, faisant partie de la s\u00e9rie PowerFlex 700, con\u00e7u principalement pour les applications industrielles. Ce mod\u00e8le fonctionne \u00e0 une tension d'entr\u00e9e de 480 VAC avec une fr\u00e9quence de 60 Hz, supporte une alimentation triphas\u00e9e et d\u00e9livre jusqu'\u00e0 14 amp\u00e8res et 10 chevaux. Il est class\u00e9 dans la cat\u00e9gorie Frame 1, indiquant sa taille physique et son style de montage. Ce mod\u00e8le est consid\u00e9r\u00e9 comme discontinu\u00e9, ce qui peut affecter sa disponibilit\u00e9 pour des remplacements ou de nouvelles installations.<\/p>\n<p>Les utilisateurs peuvent rencontrer plusieurs probl\u00e8mes observables qui sugg\u00e8rent que le 20BD014A0AYYANA0 a besoin d'\u00eatre r\u00e9par\u00e9. Il peut s'agir de bruits inhabituels \u00e9manant de l'unit\u00e9, tels que des grincements ou des ronflements, d'arr\u00eats inattendus ou d'indications de d\u00e9faut sur l'\u00e9cran, et d'un comportement erratique dans les performances op\u00e9rationnelles. En outre, si le variateur ne r\u00e9pond pas aux commandes de contr\u00f4le ou pr\u00e9sente une surchauffe, ces signes peuvent indiquer que l'unit\u00e9 doit \u00eatre r\u00e9par\u00e9e.<\/p>\n<p>Si vous souhaitez qu'ERD r\u00e9pare votre ALLEN BRADLEY 20BD014A0AYYANA0, envoyez-nous votre appareil au 705 Indeneer Drive, Kernersville, NC 27284. Nous vous fournirons un devis ferme dans les 48 heures ouvrables suivant la r\u00e9ception de votre appareil. Si vous avez des questions ou si vous souhaitez nous parler, n'h\u00e9sitez pas \u00e0 appeler le 1.336.992.3611 ou \u00e0 consulter notre page de contact \u00e0 l'adresse suivante <a href=\"https:\/\/industrialrepairstore.com\/fr\/contact-erd\/\">https:\/\/industrialrepairstore.com\/contact-erd<\/a>.<\/p>\n<p> Si vous ne trouvez pas ce dont vous avez besoin dans notre vaste catalogue de r\u00e9parations, n'h\u00e9sitez pas \u00e0 nous contacter, car nous ajoutons chaque jour de nouveaux articles \u00e0 r\u00e9parer. Pour plus d'informations sur les produits, vous pouvez \u00e9galement consulter notre cha\u00eene vid\u00e9o YouTube \u00e0 l'adresse suivante <a href=\"https:\/\/www.youtube.com\/@erdltd\">https:\/\/www.youtube.com\/@erdltd<\/a>.<\/p>\n<p> Nous nous engageons \u00e0 fournir des services exceptionnels de r\u00e9paration \u00e9lectronique en atelier qui d\u00e9passent vos attentes. L'expertise approfondie de notre \u00e9quipe, son souci du d\u00e9tail et son engagement en faveur de la qualit\u00e9 garantissent des r\u00e9parations fiables et efficaces, m\u00eame pour les syst\u00e8mes \u00e9lectroniques les plus complexes. ERD a une longue tradition mondiale de r\u00e9paration des syst\u00e8mes \u00e9lectroniques les plus complexes dans une vari\u00e9t\u00e9 d'industries, et nous sommes impatients de travailler avec vous.<\/p>","protected":false},"excerpt":{"rendered":"<p>Ceci est la page du catalogue de r\u00e9paration pour ALLEN BRADLEY 20BD014A0AYYANA0, entretenu par les techniciens experts de ERD Ltd. Pour nous contacter, veuillez appeler le 1.336.992.3611 ou visiter notre page de contact \u00e0 l'adresse suivante <a href=\"https:\/\/industrialrepairstore.com\/fr\/contact-erd\/\">https:\/\/industrialrepairstore.com\/contact-erd<\/a><\/p>","protected":false},"featured_media":51897,"template":"","meta":{"_acf_changed":false,"_et_pb_use_builder":"","_et_pb_old_content":"","_et_gb_content_width":""},"product_brand":[],"product_cat":[78],"product_tag":[145,85,66,65],"class_list":{"0":"post-52307","1":"product","2":"type-product","3":"status-publish","4":"has-post-thumbnail","6":"product_cat-industrial","7":"product_tag-ac-drive","8":"product_tag-allen-bradley","9":"product_tag-erd","10":"product_tag-repair","12":"first","13":"instock","14":"purchasable","15":"product-type-simple"},"acf":[],"yoast_head":"<!-- This site is optimized with the Yoast SEO Premium plugin v27.3 (Yoast SEO v27.3) - https:\/\/yoast.com\/product\/yoast-seo-premium-wordpress\/ -->\n<title>ALLEN BRADLEY 20BD014A0AYYANA0 - ERD Industrial Repair Store<\/title>\n<meta name=\"description\" content=\"Expert ALLEN BRADLEY 20BD014A0AYYANA0 repair by the skilled technicians at ERD Ltd. To speak with us, please call 1.336.992.3611.\" \/>\n<meta name=\"robots\" content=\"index, follow, max-snippet:-1, max-image-preview:large, max-video-preview:-1\" \/>\n<link rel=\"canonical\" href=\"https:\/\/industrialrepairstore.com\/fr\/produit\/allen-bradley-20bd014a0ayyana0\/\" \/>\n<meta property=\"og:locale\" content=\"fr_CA\" \/>\n<meta property=\"og:type\" content=\"article\" \/>\n<meta property=\"og:title\" content=\"ALLEN BRADLEY 20BD014A0AYYANA0\" \/>\n<meta property=\"og:description\" content=\"Expert ALLEN BRADLEY 20BD014A0AYYANA0 repair by the skilled technicians at ERD Ltd. To speak with us, please call 1.336.992.3611.\" \/>\n<meta property=\"og:url\" content=\"https:\/\/industrialrepairstore.com\/fr\/produit\/allen-bradley-20bd014a0ayyana0\/\" \/>\n<meta property=\"og:site_name\" content=\"ERD Industrial Repair Store\" \/>\n<meta property=\"article:modified_time\" content=\"2025-12-01T15:10:31+00:00\" \/>\n<meta property=\"og:image\" content=\"https:\/\/industrialrepairstore.com\/wp-content\/uploads\/2025\/02\/web_allen_bradley_power_flex_20BD01.jpg\" \/>\n\t<meta property=\"og:image:width\" content=\"1266\" \/>\n\t<meta property=\"og:image:height\" content=\"1600\" \/>\n\t<meta property=\"og:image:type\" content=\"image\/jpeg\" \/>\n<meta name=\"twitter:card\" content=\"summary_large_image\" \/>\n<meta name=\"twitter:label1\" content=\"Estimation du temps de lecture\" \/>\n\t<meta name=\"twitter:data1\" content=\"2 minutes\" \/>\n<script type=\"application\/ld+json\" class=\"yoast-schema-graph\">{\"@context\":\"https:\\\/\\\/schema.org\",\"@graph\":[{\"@type\":\"WebPage\",\"@id\":\"https:\\\/\\\/industrialrepairstore.com\\\/product\\\/allen-bradley-20bd014a0ayyana0\\\/\",\"url\":\"https:\\\/\\\/industrialrepairstore.com\\\/product\\\/allen-bradley-20bd014a0ayyana0\\\/\",\"name\":\"ALLEN BRADLEY 20BD014A0AYYANA0 - ERD Industrial Repair Store\",\"isPartOf\":{\"@id\":\"https:\\\/\\\/industrialrepairstore.com\\\/#website\"},\"primaryImageOfPage\":{\"@id\":\"https:\\\/\\\/industrialrepairstore.com\\\/product\\\/allen-bradley-20bd014a0ayyana0\\\/#primaryimage\"},\"image\":{\"@id\":\"https:\\\/\\\/industrialrepairstore.com\\\/product\\\/allen-bradley-20bd014a0ayyana0\\\/#primaryimage\"},\"thumbnailUrl\":\"https:\\\/\\\/industrialrepairstore.com\\\/wp-content\\\/uploads\\\/2025\\\/02\\\/web_allen_bradley_power_flex_20BD01.jpg\",\"datePublished\":\"2025-04-14T17:57:20+00:00\",\"dateModified\":\"2025-12-01T15:10:31+00:00\",\"description\":\"Expert ALLEN BRADLEY 20BD014A0AYYANA0 repair by the skilled technicians at ERD Ltd. To speak with us, please call 1.336.992.3611.\",\"breadcrumb\":{\"@id\":\"https:\\\/\\\/industrialrepairstore.com\\\/product\\\/allen-bradley-20bd014a0ayyana0\\\/#breadcrumb\"},\"inLanguage\":\"fr-CA\",\"potentialAction\":[{\"@type\":\"ReadAction\",\"target\":[\"https:\\\/\\\/industrialrepairstore.com\\\/product\\\/allen-bradley-20bd014a0ayyana0\\\/\"]}]},{\"@type\":\"ImageObject\",\"inLanguage\":\"fr-CA\",\"@id\":\"https:\\\/\\\/industrialrepairstore.com\\\/product\\\/allen-bradley-20bd014a0ayyana0\\\/#primaryimage\",\"url\":\"https:\\\/\\\/industrialrepairstore.com\\\/wp-content\\\/uploads\\\/2025\\\/02\\\/web_allen_bradley_power_flex_20BD01.jpg\",\"contentUrl\":\"https:\\\/\\\/industrialrepairstore.com\\\/wp-content\\\/uploads\\\/2025\\\/02\\\/web_allen_bradley_power_flex_20BD01.jpg\",\"width\":1266,\"height\":1600,\"caption\":\"ALLEN BRADLEY POWER FLEX 20BD01\"},{\"@type\":\"BreadcrumbList\",\"@id\":\"https:\\\/\\\/industrialrepairstore.com\\\/product\\\/allen-bradley-20bd014a0ayyana0\\\/#breadcrumb\",\"itemListElement\":[{\"@type\":\"ListItem\",\"position\":1,\"name\":\"Home\",\"item\":\"https:\\\/\\\/industrialrepairstore.com\\\/\"},{\"@type\":\"ListItem\",\"position\":2,\"name\":\"Shop\",\"item\":\"https:\\\/\\\/industrialrepairstore.com\\\/shop\\\/\"},{\"@type\":\"ListItem\",\"position\":3,\"name\":\"ALLEN BRADLEY 20BD014A0AYYANA0\"}]},{\"@type\":\"WebSite\",\"@id\":\"https:\\\/\\\/industrialrepairstore.com\\\/#website\",\"url\":\"https:\\\/\\\/industrialrepairstore.com\\\/\",\"name\":\"ERD Industrial Repair Store\",\"description\":\"Reimagining the Future of Repair Through Innovation\",\"potentialAction\":[{\"@type\":\"SearchAction\",\"target\":{\"@type\":\"EntryPoint\",\"urlTemplate\":\"https:\\\/\\\/industrialrepairstore.com\\\/?s={search_term_string}\"},\"query-input\":{\"@type\":\"PropertyValueSpecification\",\"valueRequired\":true,\"valueName\":\"search_term_string\"}}],\"inLanguage\":\"fr-CA\"}]}<\/script>\n<!-- \/ Yoast SEO Premium plugin. -->","yoast_head_json":{"title":"ALLEN BRADLEY 20BD014A0AYYANA0 - ERD Industrial Repair Store","description":"Expert ALLEN BRADLEY 20BD014A0AYYANA0 repair by the skilled technicians at ERD Ltd. To speak with us, please call 1.336.992.3611.","robots":{"index":"index","follow":"follow","max-snippet":"max-snippet:-1","max-image-preview":"max-image-preview:large","max-video-preview":"max-video-preview:-1"},"canonical":"https:\/\/industrialrepairstore.com\/fr\/produit\/allen-bradley-20bd014a0ayyana0\/","og_locale":"fr_CA","og_type":"article","og_title":"ALLEN BRADLEY 20BD014A0AYYANA0","og_description":"Expert ALLEN BRADLEY 20BD014A0AYYANA0 repair by the skilled technicians at ERD Ltd. To speak with us, please call 1.336.992.3611.","og_url":"https:\/\/industrialrepairstore.com\/fr\/produit\/allen-bradley-20bd014a0ayyana0\/","og_site_name":"ERD Industrial Repair Store","article_modified_time":"2025-12-01T15:10:31+00:00","og_image":[{"width":1266,"height":1600,"url":"https:\/\/industrialrepairstore.com\/wp-content\/uploads\/2025\/02\/web_allen_bradley_power_flex_20BD01.jpg","type":"image\/jpeg"}],"twitter_card":"summary_large_image","twitter_misc":{"Estimation du temps de lecture":"2 minutes"},"schema":{"@context":"https:\/\/schema.org","@graph":[{"@type":"WebPage","@id":"https:\/\/industrialrepairstore.com\/product\/allen-bradley-20bd014a0ayyana0\/","url":"https:\/\/industrialrepairstore.com\/product\/allen-bradley-20bd014a0ayyana0\/","name":"ALLEN BRADLEY 20BD014A0AYYANA0 - ERD Industrial Repair Store","isPartOf":{"@id":"https:\/\/industrialrepairstore.com\/#website"},"primaryImageOfPage":{"@id":"https:\/\/industrialrepairstore.com\/product\/allen-bradley-20bd014a0ayyana0\/#primaryimage"},"image":{"@id":"https:\/\/industrialrepairstore.com\/product\/allen-bradley-20bd014a0ayyana0\/#primaryimage"},"thumbnailUrl":"https:\/\/industrialrepairstore.com\/wp-content\/uploads\/2025\/02\/web_allen_bradley_power_flex_20BD01.jpg","datePublished":"2025-04-14T17:57:20+00:00","dateModified":"2025-12-01T15:10:31+00:00","description":"Expert ALLEN BRADLEY 20BD014A0AYYANA0 repair by the skilled technicians at ERD Ltd. To speak with us, please call 1.336.992.3611.","breadcrumb":{"@id":"https:\/\/industrialrepairstore.com\/product\/allen-bradley-20bd014a0ayyana0\/#breadcrumb"},"inLanguage":"fr-CA","potentialAction":[{"@type":"ReadAction","target":["https:\/\/industrialrepairstore.com\/product\/allen-bradley-20bd014a0ayyana0\/"]}]},{"@type":"ImageObject","inLanguage":"fr-CA","@id":"https:\/\/industrialrepairstore.com\/product\/allen-bradley-20bd014a0ayyana0\/#primaryimage","url":"https:\/\/industrialrepairstore.com\/wp-content\/uploads\/2025\/02\/web_allen_bradley_power_flex_20BD01.jpg","contentUrl":"https:\/\/industrialrepairstore.com\/wp-content\/uploads\/2025\/02\/web_allen_bradley_power_flex_20BD01.jpg","width":1266,"height":1600,"caption":"ALLEN BRADLEY POWER FLEX 20BD01"},{"@type":"BreadcrumbList","@id":"https:\/\/industrialrepairstore.com\/product\/allen-bradley-20bd014a0ayyana0\/#breadcrumb","itemListElement":[{"@type":"ListItem","position":1,"name":"Home","item":"https:\/\/industrialrepairstore.com\/"},{"@type":"ListItem","position":2,"name":"Shop","item":"https:\/\/industrialrepairstore.com\/shop\/"},{"@type":"ListItem","position":3,"name":"ALLEN BRADLEY 20BD014A0AYYANA0"}]},{"@type":"WebSite","@id":"https:\/\/industrialrepairstore.com\/#website","url":"https:\/\/industrialrepairstore.com\/","name":"ERD Industrial Repair Store","description":"Reimagining the Future of Repair Through Innovation","potentialAction":[{"@type":"SearchAction","target":{"@type":"EntryPoint","urlTemplate":"https:\/\/industrialrepairstore.com\/?s={search_term_string}"},"query-input":{"@type":"PropertyValueSpecification","valueRequired":true,"valueName":"search_term_string"}}],"inLanguage":"fr-CA"}]}},"_links":{"self":[{"href":"https:\/\/industrialrepairstore.com\/fr\/wp-json\/wp\/v2\/product\/52307","targetHints":{"allow":["GET"]}}],"collection":[{"href":"https:\/\/industrialrepairstore.com\/fr\/wp-json\/wp\/v2\/product"}],"about":[{"href":"https:\/\/industrialrepairstore.com\/fr\/wp-json\/wp\/v2\/types\/product"}],"wp:featuredmedia":[{"embeddable":true,"href":"https:\/\/industrialrepairstore.com\/fr\/wp-json\/wp\/v2\/media\/51897"}],"wp:attachment":[{"href":"https:\/\/industrialrepairstore.com\/fr\/wp-json\/wp\/v2\/media?parent=52307"}],"wp:term":[{"taxonomy":"product_brand","embeddable":true,"href":"https:\/\/industrialrepairstore.com\/fr\/wp-json\/wp\/v2\/product_brand?post=52307"},{"taxonomy":"product_cat","embeddable":true,"href":"https:\/\/industrialrepairstore.com\/fr\/wp-json\/wp\/v2\/product_cat?post=52307"},{"taxonomy":"product_tag","embeddable":true,"href":"https:\/\/industrialrepairstore.com\/fr\/wp-json\/wp\/v2\/product_tag?post=52307"}],"curies":[{"name":"wp","href":"https:\/\/api.w.org\/{rel}","templated":true}]}}