{"id":52743,"date":"2025-05-23T01:43:02","date_gmt":"2025-05-23T06:43:02","guid":{"rendered":"https:\/\/industrialrepairstore.com\/product\/allen-bradley-20bd014a3nynard0\/"},"modified":"2025-12-01T08:37:31","modified_gmt":"2025-12-01T14:37:31","slug":"allen-bradley-20bd014a3nynard0","status":"publish","type":"product","link":"https:\/\/industrialrepairstore.com\/fr\/produit\/allen-bradley-20bd014a3nynard0\/","title":{"rendered":"ALLEN BRADLEY 20BD014A3NYNARD0"},"content":{"rendered":"<p>The 20BD014A3NYNARD0 is an AC drive from the Allen-Bradley PowerFlex 700 series, designed to operate at an input voltage rating of 480V AC, utilizing a three-phase power supply at 60 Hz. This model has a nominal current rating of 14 Amps and is capable of handling loads up to 10 horsepower. Notable features include two independently programmable acceleration and deceleration times, which can be set from 0 to 3600 seconds in 0.1-second increments, and an LCD display with a full numeric keypad for easy interaction. It is worth noting that this model is discontinued.<\/p>\n<p>Users may experience several common failure points with the 20BD014A3NYNARD0. Signs that the unit may need repair include unusual noises during operation, erratic behavior of the drive such as inconsistent speed control, and the LCD display showing error codes or being unresponsive. Additionally, if the drive frequently trips or shuts down unexpectedly, this may indicate a need for servicing.<\/p>\n<p>If you would like ERD to repair your ALLEN BRADLEY 20BD014A3NYNARD0, please ship your unit to us at 705 Indeneer Drive, Kernersville, NC 27284. We will provide you with a firm quote within 48 business hours of receiving your unit. If you have any questions or need to speak with us, feel free to call 1.336.992.3611 or visit our contact page at <a href=\"https:\/\/industrialrepairstore.com\/fr\/contact-erd\/\">https:\/\/industrialrepairstore.com\/contact-erd<\/a>.<\/p>\n<p> Si vous ne trouvez pas ce dont vous avez besoin dans notre vaste catalogue de r\u00e9parations, n'h\u00e9sitez pas \u00e0 nous contacter, car nous ajoutons chaque jour de nouveaux articles \u00e0 r\u00e9parer. Pour plus d'informations sur les produits, vous pouvez \u00e9galement consulter notre cha\u00eene vid\u00e9o YouTube \u00e0 l'adresse suivante <a href=\"https:\/\/www.youtube.com\/@erdltd\">https:\/\/www.youtube.com\/@erdltd<\/a>.<\/p>\n<p> Nous nous engageons \u00e0 fournir des services exceptionnels de r\u00e9paration \u00e9lectronique en atelier qui d\u00e9passent vos attentes. L'expertise approfondie de notre \u00e9quipe, son souci du d\u00e9tail et son engagement en faveur de la qualit\u00e9 garantissent des r\u00e9parations fiables et efficaces, m\u00eame pour les syst\u00e8mes \u00e9lectroniques les plus complexes. ERD a une longue tradition mondiale de r\u00e9paration des syst\u00e8mes \u00e9lectroniques les plus complexes dans une vari\u00e9t\u00e9 d'industries, et nous sommes impatients de travailler avec vous.<\/p>","protected":false},"excerpt":{"rendered":"<p>This is the repair catalog page for the ALLEN BRADLEY 20BD014A3NYNARD0, serviced by expert technicians at ERD Ltd. To speak with us, please call 1.336.992.3611 or visit our contact page at <a href=\"https:\/\/industrialrepairstore.com\/fr\/contact-erd\/\">https:\/\/industrialrepairstore.com\/contact-erd<\/a><\/p>","protected":false},"featured_media":51897,"template":"","meta":{"_acf_changed":false,"_et_pb_use_builder":"","_et_pb_old_content":"","_et_gb_content_width":""},"product_brand":[],"product_cat":[78],"product_tag":[145,85,66,65],"class_list":{"0":"post-52743","1":"product","2":"type-product","3":"status-publish","4":"has-post-thumbnail","6":"product_cat-industrial","7":"product_tag-ac-drive","8":"product_tag-allen-bradley","9":"product_tag-erd","10":"product_tag-repair","12":"first","13":"instock","14":"purchasable","15":"product-type-simple"},"acf":[],"yoast_head":"<!-- This site is optimized with the Yoast SEO Premium plugin v27.3 (Yoast SEO v27.3) - https:\/\/yoast.com\/product\/yoast-seo-premium-wordpress\/ -->\n<title>ALLEN BRADLEY 20BD014A3NYNARD0 - ERD Industrial Repair Store<\/title>\n<meta name=\"description\" content=\"Expert ALLEN BRADLEY 20BD014A3NYNARD0 repair by the skilled technicians at ERD Ltd. To speak with us, please call 1.336.992.3611.\" \/>\n<meta name=\"robots\" content=\"index, follow, max-snippet:-1, max-image-preview:large, max-video-preview:-1\" \/>\n<link rel=\"canonical\" href=\"https:\/\/industrialrepairstore.com\/fr\/produit\/allen-bradley-20bd014a3nynard0\/\" \/>\n<meta property=\"og:locale\" content=\"fr_CA\" \/>\n<meta property=\"og:type\" content=\"article\" \/>\n<meta property=\"og:title\" content=\"ALLEN BRADLEY 20BD014A3NYNARD0\" \/>\n<meta property=\"og:description\" content=\"Expert ALLEN BRADLEY 20BD014A3NYNARD0 repair by the skilled technicians at ERD Ltd. To speak with us, please call 1.336.992.3611.\" \/>\n<meta property=\"og:url\" content=\"https:\/\/industrialrepairstore.com\/fr\/produit\/allen-bradley-20bd014a3nynard0\/\" \/>\n<meta property=\"og:site_name\" content=\"ERD Industrial Repair Store\" \/>\n<meta property=\"article:modified_time\" content=\"2025-12-01T14:37:31+00:00\" \/>\n<meta property=\"og:image\" content=\"https:\/\/industrialrepairstore.com\/wp-content\/uploads\/2025\/02\/web_allen_bradley_power_flex_20BD01.jpg\" \/>\n\t<meta property=\"og:image:width\" content=\"1266\" \/>\n\t<meta property=\"og:image:height\" content=\"1600\" \/>\n\t<meta property=\"og:image:type\" content=\"image\/jpeg\" \/>\n<meta name=\"twitter:card\" content=\"summary_large_image\" \/>\n<meta name=\"twitter:label1\" content=\"Estimation du temps de lecture\" \/>\n\t<meta name=\"twitter:data1\" content=\"2 minutes\" \/>\n<script type=\"application\/ld+json\" class=\"yoast-schema-graph\">{\"@context\":\"https:\\\/\\\/schema.org\",\"@graph\":[{\"@type\":\"WebPage\",\"@id\":\"https:\\\/\\\/industrialrepairstore.com\\\/product\\\/allen-bradley-20bd014a3nynard0\\\/\",\"url\":\"https:\\\/\\\/industrialrepairstore.com\\\/product\\\/allen-bradley-20bd014a3nynard0\\\/\",\"name\":\"ALLEN BRADLEY 20BD014A3NYNARD0 - ERD Industrial Repair Store\",\"isPartOf\":{\"@id\":\"https:\\\/\\\/industrialrepairstore.com\\\/#website\"},\"primaryImageOfPage\":{\"@id\":\"https:\\\/\\\/industrialrepairstore.com\\\/product\\\/allen-bradley-20bd014a3nynard0\\\/#primaryimage\"},\"image\":{\"@id\":\"https:\\\/\\\/industrialrepairstore.com\\\/product\\\/allen-bradley-20bd014a3nynard0\\\/#primaryimage\"},\"thumbnailUrl\":\"https:\\\/\\\/industrialrepairstore.com\\\/wp-content\\\/uploads\\\/2025\\\/02\\\/web_allen_bradley_power_flex_20BD01.jpg\",\"datePublished\":\"2025-05-23T06:43:02+00:00\",\"dateModified\":\"2025-12-01T14:37:31+00:00\",\"description\":\"Expert ALLEN BRADLEY 20BD014A3NYNARD0 repair by the skilled technicians at ERD Ltd. To speak with us, please call 1.336.992.3611.\",\"breadcrumb\":{\"@id\":\"https:\\\/\\\/industrialrepairstore.com\\\/product\\\/allen-bradley-20bd014a3nynard0\\\/#breadcrumb\"},\"inLanguage\":\"fr-CA\",\"potentialAction\":[{\"@type\":\"ReadAction\",\"target\":[\"https:\\\/\\\/industrialrepairstore.com\\\/product\\\/allen-bradley-20bd014a3nynard0\\\/\"]}]},{\"@type\":\"ImageObject\",\"inLanguage\":\"fr-CA\",\"@id\":\"https:\\\/\\\/industrialrepairstore.com\\\/product\\\/allen-bradley-20bd014a3nynard0\\\/#primaryimage\",\"url\":\"https:\\\/\\\/industrialrepairstore.com\\\/wp-content\\\/uploads\\\/2025\\\/02\\\/web_allen_bradley_power_flex_20BD01.jpg\",\"contentUrl\":\"https:\\\/\\\/industrialrepairstore.com\\\/wp-content\\\/uploads\\\/2025\\\/02\\\/web_allen_bradley_power_flex_20BD01.jpg\",\"width\":1266,\"height\":1600,\"caption\":\"ALLEN BRADLEY POWER FLEX 20BD01\"},{\"@type\":\"BreadcrumbList\",\"@id\":\"https:\\\/\\\/industrialrepairstore.com\\\/product\\\/allen-bradley-20bd014a3nynard0\\\/#breadcrumb\",\"itemListElement\":[{\"@type\":\"ListItem\",\"position\":1,\"name\":\"Home\",\"item\":\"https:\\\/\\\/industrialrepairstore.com\\\/\"},{\"@type\":\"ListItem\",\"position\":2,\"name\":\"Shop\",\"item\":\"https:\\\/\\\/industrialrepairstore.com\\\/shop\\\/\"},{\"@type\":\"ListItem\",\"position\":3,\"name\":\"ALLEN BRADLEY 20BD014A3NYNARD0\"}]},{\"@type\":\"WebSite\",\"@id\":\"https:\\\/\\\/industrialrepairstore.com\\\/#website\",\"url\":\"https:\\\/\\\/industrialrepairstore.com\\\/\",\"name\":\"ERD Industrial Repair Store\",\"description\":\"Reimagining the Future of Repair Through Innovation\",\"potentialAction\":[{\"@type\":\"SearchAction\",\"target\":{\"@type\":\"EntryPoint\",\"urlTemplate\":\"https:\\\/\\\/industrialrepairstore.com\\\/?s={search_term_string}\"},\"query-input\":{\"@type\":\"PropertyValueSpecification\",\"valueRequired\":true,\"valueName\":\"search_term_string\"}}],\"inLanguage\":\"fr-CA\"}]}<\/script>\n<!-- \/ Yoast SEO Premium plugin. -->","yoast_head_json":{"title":"ALLEN BRADLEY 20BD014A3NYNARD0 - ERD Industrial Repair Store","description":"Expert ALLEN BRADLEY 20BD014A3NYNARD0 repair by the skilled technicians at ERD Ltd. To speak with us, please call 1.336.992.3611.","robots":{"index":"index","follow":"follow","max-snippet":"max-snippet:-1","max-image-preview":"max-image-preview:large","max-video-preview":"max-video-preview:-1"},"canonical":"https:\/\/industrialrepairstore.com\/fr\/produit\/allen-bradley-20bd014a3nynard0\/","og_locale":"fr_CA","og_type":"article","og_title":"ALLEN BRADLEY 20BD014A3NYNARD0","og_description":"Expert ALLEN BRADLEY 20BD014A3NYNARD0 repair by the skilled technicians at ERD Ltd. To speak with us, please call 1.336.992.3611.","og_url":"https:\/\/industrialrepairstore.com\/fr\/produit\/allen-bradley-20bd014a3nynard0\/","og_site_name":"ERD Industrial Repair Store","article_modified_time":"2025-12-01T14:37:31+00:00","og_image":[{"width":1266,"height":1600,"url":"https:\/\/industrialrepairstore.com\/wp-content\/uploads\/2025\/02\/web_allen_bradley_power_flex_20BD01.jpg","type":"image\/jpeg"}],"twitter_card":"summary_large_image","twitter_misc":{"Estimation du temps de lecture":"2 minutes"},"schema":{"@context":"https:\/\/schema.org","@graph":[{"@type":"WebPage","@id":"https:\/\/industrialrepairstore.com\/product\/allen-bradley-20bd014a3nynard0\/","url":"https:\/\/industrialrepairstore.com\/product\/allen-bradley-20bd014a3nynard0\/","name":"ALLEN BRADLEY 20BD014A3NYNARD0 - ERD Industrial Repair Store","isPartOf":{"@id":"https:\/\/industrialrepairstore.com\/#website"},"primaryImageOfPage":{"@id":"https:\/\/industrialrepairstore.com\/product\/allen-bradley-20bd014a3nynard0\/#primaryimage"},"image":{"@id":"https:\/\/industrialrepairstore.com\/product\/allen-bradley-20bd014a3nynard0\/#primaryimage"},"thumbnailUrl":"https:\/\/industrialrepairstore.com\/wp-content\/uploads\/2025\/02\/web_allen_bradley_power_flex_20BD01.jpg","datePublished":"2025-05-23T06:43:02+00:00","dateModified":"2025-12-01T14:37:31+00:00","description":"Expert ALLEN BRADLEY 20BD014A3NYNARD0 repair by the skilled technicians at ERD Ltd. To speak with us, please call 1.336.992.3611.","breadcrumb":{"@id":"https:\/\/industrialrepairstore.com\/product\/allen-bradley-20bd014a3nynard0\/#breadcrumb"},"inLanguage":"fr-CA","potentialAction":[{"@type":"ReadAction","target":["https:\/\/industrialrepairstore.com\/product\/allen-bradley-20bd014a3nynard0\/"]}]},{"@type":"ImageObject","inLanguage":"fr-CA","@id":"https:\/\/industrialrepairstore.com\/product\/allen-bradley-20bd014a3nynard0\/#primaryimage","url":"https:\/\/industrialrepairstore.com\/wp-content\/uploads\/2025\/02\/web_allen_bradley_power_flex_20BD01.jpg","contentUrl":"https:\/\/industrialrepairstore.com\/wp-content\/uploads\/2025\/02\/web_allen_bradley_power_flex_20BD01.jpg","width":1266,"height":1600,"caption":"ALLEN BRADLEY POWER FLEX 20BD01"},{"@type":"BreadcrumbList","@id":"https:\/\/industrialrepairstore.com\/product\/allen-bradley-20bd014a3nynard0\/#breadcrumb","itemListElement":[{"@type":"ListItem","position":1,"name":"Home","item":"https:\/\/industrialrepairstore.com\/"},{"@type":"ListItem","position":2,"name":"Shop","item":"https:\/\/industrialrepairstore.com\/shop\/"},{"@type":"ListItem","position":3,"name":"ALLEN BRADLEY 20BD014A3NYNARD0"}]},{"@type":"WebSite","@id":"https:\/\/industrialrepairstore.com\/#website","url":"https:\/\/industrialrepairstore.com\/","name":"ERD Industrial Repair Store","description":"Reimagining the Future of Repair Through Innovation","potentialAction":[{"@type":"SearchAction","target":{"@type":"EntryPoint","urlTemplate":"https:\/\/industrialrepairstore.com\/?s={search_term_string}"},"query-input":{"@type":"PropertyValueSpecification","valueRequired":true,"valueName":"search_term_string"}}],"inLanguage":"fr-CA"}]}},"_links":{"self":[{"href":"https:\/\/industrialrepairstore.com\/fr\/wp-json\/wp\/v2\/product\/52743","targetHints":{"allow":["GET"]}}],"collection":[{"href":"https:\/\/industrialrepairstore.com\/fr\/wp-json\/wp\/v2\/product"}],"about":[{"href":"https:\/\/industrialrepairstore.com\/fr\/wp-json\/wp\/v2\/types\/product"}],"wp:featuredmedia":[{"embeddable":true,"href":"https:\/\/industrialrepairstore.com\/fr\/wp-json\/wp\/v2\/media\/51897"}],"wp:attachment":[{"href":"https:\/\/industrialrepairstore.com\/fr\/wp-json\/wp\/v2\/media?parent=52743"}],"wp:term":[{"taxonomy":"product_brand","embeddable":true,"href":"https:\/\/industrialrepairstore.com\/fr\/wp-json\/wp\/v2\/product_brand?post=52743"},{"taxonomy":"product_cat","embeddable":true,"href":"https:\/\/industrialrepairstore.com\/fr\/wp-json\/wp\/v2\/product_cat?post=52743"},{"taxonomy":"product_tag","embeddable":true,"href":"https:\/\/industrialrepairstore.com\/fr\/wp-json\/wp\/v2\/product_tag?post=52743"}],"curies":[{"name":"wp","href":"https:\/\/api.w.org\/{rel}","templated":true}]}}