{"id":54556,"date":"2026-04-10T10:51:25","date_gmt":"2026-04-10T15:51:25","guid":{"rendered":"https:\/\/industrialrepairstore.com\/?post_type=product&#038;p=54556"},"modified":"2026-04-10T10:51:40","modified_gmt":"2026-04-10T15:51:40","slug":"dt-industries-b260a825-lvdt-signal-conditioning-pca","status":"publish","type":"product","link":"https:\/\/industrialrepairstore.com\/fr\/produit\/dt-industries-b260a825-lvdt-signal-conditioning-pca\/","title":{"rendered":"DT Industries B260A825 LVDT Signal Conditioning PCA"},"content":{"rendered":"<p>If you would like to have ERD repair your DT Industries B260A825 LVDT Signal Conditioning PCA, ship your unit to us at 705 Indeneer Drive, Kernersville, NC 27284. You will receive a firm quote on your DT Industries B260A825 LVDT Signal Conditioning PCA for your approval within 48 business hours upon receipt of your unit. If you need to speak with us, please call 1.336.992.3611 or visit our contact page at <a href=\"https:\/\/industrialrepairstore.com\/fr\/contact-erd\/\">https:\/\/industrialrepairstore.com\/contact-erd<\/a><\/p>\n<p>Si vos besoins de r\u00e9paration ne figurent pas dans notre vaste catalogue de r\u00e9paration, n'h\u00e9sitez pas \u00e0 nous contacter car de nouveaux articles de r\u00e9paration sont ajout\u00e9s quotidiennement. Pour plus d'informations sur les produits, visitez notre cha\u00eene vid\u00e9o YouTube \u00e0 l'adresse suivante <a href=\"https:\/\/www.youtube.com\/@erdltd\">https:\/\/www.youtube.com\/@erdltd<\/a><\/p>\n<p>Nous nous engageons \u00e0 fournir des services exceptionnels de r\u00e9paration \u00e9lectronique en atelier qui d\u00e9passent vos attentes. L'expertise approfondie de notre \u00e9quipe, son souci du d\u00e9tail et son engagement en faveur de la qualit\u00e9 garantissent des r\u00e9parations fiables et efficaces, m\u00eame pour les syst\u00e8mes \u00e9lectroniques les plus complexes. ERD a une longue tradition mondiale de r\u00e9paration des syst\u00e8mes \u00e9lectroniques les plus complexes dans une vari\u00e9t\u00e9 d'industries diff\u00e9rentes et nous sommes impatients de travailler avec vous.<\/p>","protected":false},"excerpt":{"rendered":"<p>This is the specific repair catalog page for DT Industries B260A825 LVDT Signal Conditioning PCA, repaired by the expert repair technicians of ERD Ltd. If you need to speak with us, please call 1.336.992.3611 or visit our contact page at <a href=\"https:\/\/industrialrepairstore.com\/fr\/contact-erd\/\">https:\/\/industrialrepairstore.com\/contact-erd<\/a><\/p>","protected":false},"featured_media":54557,"template":"","meta":{"_acf_changed":false,"_et_pb_use_builder":"","_et_pb_old_content":"","_et_gb_content_width":""},"product_brand":[],"product_cat":[78],"product_tag":[845,66,65],"class_list":{"0":"post-54556","1":"product","2":"type-product","3":"status-publish","4":"has-post-thumbnail","6":"product_cat-industrial","7":"product_tag-dt-industries","8":"product_tag-erd","9":"product_tag-repair","11":"first","12":"instock","13":"shipping-taxable","14":"purchasable","15":"product-type-simple"},"acf":[],"yoast_head":"<!-- This site is optimized with the Yoast SEO Premium plugin v27.3 (Yoast SEO v27.3) - https:\/\/yoast.com\/product\/yoast-seo-premium-wordpress\/ -->\n<title>DT Industries B260A825 LVDT Signal Conditioning PCA - ERD Industrial Repair Store<\/title>\n<meta name=\"description\" content=\"Expert DT Industries B260A825 LVDT Signal Conditioning PCA repair by the skilled technicians at ERD Ltd. Call 336-992-3611 for more information!\" \/>\n<meta name=\"robots\" content=\"index, follow, max-snippet:-1, max-image-preview:large, max-video-preview:-1\" \/>\n<link rel=\"canonical\" href=\"https:\/\/industrialrepairstore.com\/fr\/produit\/dt-industries-b260a825-lvdt-signal-conditioning-pca\/\" \/>\n<meta property=\"og:locale\" content=\"fr_CA\" \/>\n<meta property=\"og:type\" content=\"article\" \/>\n<meta property=\"og:title\" content=\"DT Industries B260A825 LVDT Signal Conditioning PCA\" \/>\n<meta property=\"og:description\" content=\"Expert DT Industries B260A825 LVDT Signal Conditioning PCA repair by the skilled technicians at ERD Ltd. Call 336-992-3611 for more information!\" \/>\n<meta property=\"og:url\" content=\"https:\/\/industrialrepairstore.com\/fr\/produit\/dt-industries-b260a825-lvdt-signal-conditioning-pca\/\" \/>\n<meta property=\"og:site_name\" content=\"ERD Industrial Repair Store\" \/>\n<meta property=\"article:modified_time\" content=\"2026-04-10T15:51:40+00:00\" \/>\n<meta property=\"og:image\" content=\"https:\/\/industrialrepairstore.com\/wp-content\/uploads\/2026\/04\/web_021926009_unknown_b260a825_ZaPwd1dJ.jpg\" \/>\n\t<meta property=\"og:image:width\" content=\"1920\" \/>\n\t<meta property=\"og:image:height\" content=\"2560\" \/>\n\t<meta property=\"og:image:type\" content=\"image\/jpeg\" \/>\n<meta name=\"twitter:card\" content=\"summary_large_image\" \/>\n<meta name=\"twitter:label1\" content=\"Estimation du temps de lecture\" \/>\n\t<meta name=\"twitter:data1\" content=\"1 minute\" \/>\n<script type=\"application\/ld+json\" class=\"yoast-schema-graph\">{\"@context\":\"https:\\\/\\\/schema.org\",\"@graph\":[{\"@type\":\"WebPage\",\"@id\":\"https:\\\/\\\/industrialrepairstore.com\\\/product\\\/dt-industries-b260a825-lvdt-signal-conditioning-pca\\\/\",\"url\":\"https:\\\/\\\/industrialrepairstore.com\\\/product\\\/dt-industries-b260a825-lvdt-signal-conditioning-pca\\\/\",\"name\":\"DT Industries B260A825 LVDT Signal Conditioning PCA - ERD Industrial Repair Store\",\"isPartOf\":{\"@id\":\"https:\\\/\\\/industrialrepairstore.com\\\/#website\"},\"primaryImageOfPage\":{\"@id\":\"https:\\\/\\\/industrialrepairstore.com\\\/product\\\/dt-industries-b260a825-lvdt-signal-conditioning-pca\\\/#primaryimage\"},\"image\":{\"@id\":\"https:\\\/\\\/industrialrepairstore.com\\\/product\\\/dt-industries-b260a825-lvdt-signal-conditioning-pca\\\/#primaryimage\"},\"thumbnailUrl\":\"https:\\\/\\\/industrialrepairstore.com\\\/wp-content\\\/uploads\\\/2026\\\/04\\\/web_021926009_unknown_b260a825_ZaPwd1dJ.jpg\",\"datePublished\":\"2026-04-10T15:51:25+00:00\",\"dateModified\":\"2026-04-10T15:51:40+00:00\",\"description\":\"Expert DT Industries B260A825 LVDT Signal Conditioning PCA repair by the skilled technicians at ERD Ltd. Call 336-992-3611 for more information!\",\"breadcrumb\":{\"@id\":\"https:\\\/\\\/industrialrepairstore.com\\\/product\\\/dt-industries-b260a825-lvdt-signal-conditioning-pca\\\/#breadcrumb\"},\"inLanguage\":\"fr-CA\",\"potentialAction\":[{\"@type\":\"ReadAction\",\"target\":[\"https:\\\/\\\/industrialrepairstore.com\\\/product\\\/dt-industries-b260a825-lvdt-signal-conditioning-pca\\\/\"]}]},{\"@type\":\"ImageObject\",\"inLanguage\":\"fr-CA\",\"@id\":\"https:\\\/\\\/industrialrepairstore.com\\\/product\\\/dt-industries-b260a825-lvdt-signal-conditioning-pca\\\/#primaryimage\",\"url\":\"https:\\\/\\\/industrialrepairstore.com\\\/wp-content\\\/uploads\\\/2026\\\/04\\\/web_021926009_unknown_b260a825_ZaPwd1dJ.jpg\",\"contentUrl\":\"https:\\\/\\\/industrialrepairstore.com\\\/wp-content\\\/uploads\\\/2026\\\/04\\\/web_021926009_unknown_b260a825_ZaPwd1dJ.jpg\",\"width\":1920,\"height\":2560,\"caption\":\"DT Industries B260A825\"},{\"@type\":\"BreadcrumbList\",\"@id\":\"https:\\\/\\\/industrialrepairstore.com\\\/product\\\/dt-industries-b260a825-lvdt-signal-conditioning-pca\\\/#breadcrumb\",\"itemListElement\":[{\"@type\":\"ListItem\",\"position\":1,\"name\":\"Home\",\"item\":\"https:\\\/\\\/industrialrepairstore.com\\\/\"},{\"@type\":\"ListItem\",\"position\":2,\"name\":\"Shop\",\"item\":\"https:\\\/\\\/industrialrepairstore.com\\\/shop\\\/\"},{\"@type\":\"ListItem\",\"position\":3,\"name\":\"DT Industries B260A825 LVDT Signal Conditioning PCA\"}]},{\"@type\":\"WebSite\",\"@id\":\"https:\\\/\\\/industrialrepairstore.com\\\/#website\",\"url\":\"https:\\\/\\\/industrialrepairstore.com\\\/\",\"name\":\"ERD Industrial Repair Store\",\"description\":\"Reimagining the Future of Repair Through Innovation\",\"potentialAction\":[{\"@type\":\"SearchAction\",\"target\":{\"@type\":\"EntryPoint\",\"urlTemplate\":\"https:\\\/\\\/industrialrepairstore.com\\\/?s={search_term_string}\"},\"query-input\":{\"@type\":\"PropertyValueSpecification\",\"valueRequired\":true,\"valueName\":\"search_term_string\"}}],\"inLanguage\":\"fr-CA\"}]}<\/script>\n<!-- \/ Yoast SEO Premium plugin. -->","yoast_head_json":{"title":"DT Industries B260A825 LVDT Signal Conditioning PCA - ERD Industrial Repair Store","description":"Expert DT Industries B260A825 LVDT Signal Conditioning PCA repair by the skilled technicians at ERD Ltd. Call 336-992-3611 for more information!","robots":{"index":"index","follow":"follow","max-snippet":"max-snippet:-1","max-image-preview":"max-image-preview:large","max-video-preview":"max-video-preview:-1"},"canonical":"https:\/\/industrialrepairstore.com\/fr\/produit\/dt-industries-b260a825-lvdt-signal-conditioning-pca\/","og_locale":"fr_CA","og_type":"article","og_title":"DT Industries B260A825 LVDT Signal Conditioning PCA","og_description":"Expert DT Industries B260A825 LVDT Signal Conditioning PCA repair by the skilled technicians at ERD Ltd. Call 336-992-3611 for more information!","og_url":"https:\/\/industrialrepairstore.com\/fr\/produit\/dt-industries-b260a825-lvdt-signal-conditioning-pca\/","og_site_name":"ERD Industrial Repair Store","article_modified_time":"2026-04-10T15:51:40+00:00","og_image":[{"width":1920,"height":2560,"url":"https:\/\/industrialrepairstore.com\/wp-content\/uploads\/2026\/04\/web_021926009_unknown_b260a825_ZaPwd1dJ.jpg","type":"image\/jpeg"}],"twitter_card":"summary_large_image","twitter_misc":{"Estimation du temps de lecture":"1 minute"},"schema":{"@context":"https:\/\/schema.org","@graph":[{"@type":"WebPage","@id":"https:\/\/industrialrepairstore.com\/product\/dt-industries-b260a825-lvdt-signal-conditioning-pca\/","url":"https:\/\/industrialrepairstore.com\/product\/dt-industries-b260a825-lvdt-signal-conditioning-pca\/","name":"DT Industries B260A825 LVDT Signal Conditioning PCA - ERD Industrial Repair Store","isPartOf":{"@id":"https:\/\/industrialrepairstore.com\/#website"},"primaryImageOfPage":{"@id":"https:\/\/industrialrepairstore.com\/product\/dt-industries-b260a825-lvdt-signal-conditioning-pca\/#primaryimage"},"image":{"@id":"https:\/\/industrialrepairstore.com\/product\/dt-industries-b260a825-lvdt-signal-conditioning-pca\/#primaryimage"},"thumbnailUrl":"https:\/\/industrialrepairstore.com\/wp-content\/uploads\/2026\/04\/web_021926009_unknown_b260a825_ZaPwd1dJ.jpg","datePublished":"2026-04-10T15:51:25+00:00","dateModified":"2026-04-10T15:51:40+00:00","description":"Expert DT Industries B260A825 LVDT Signal Conditioning PCA repair by the skilled technicians at ERD Ltd. Call 336-992-3611 for more information!","breadcrumb":{"@id":"https:\/\/industrialrepairstore.com\/product\/dt-industries-b260a825-lvdt-signal-conditioning-pca\/#breadcrumb"},"inLanguage":"fr-CA","potentialAction":[{"@type":"ReadAction","target":["https:\/\/industrialrepairstore.com\/product\/dt-industries-b260a825-lvdt-signal-conditioning-pca\/"]}]},{"@type":"ImageObject","inLanguage":"fr-CA","@id":"https:\/\/industrialrepairstore.com\/product\/dt-industries-b260a825-lvdt-signal-conditioning-pca\/#primaryimage","url":"https:\/\/industrialrepairstore.com\/wp-content\/uploads\/2026\/04\/web_021926009_unknown_b260a825_ZaPwd1dJ.jpg","contentUrl":"https:\/\/industrialrepairstore.com\/wp-content\/uploads\/2026\/04\/web_021926009_unknown_b260a825_ZaPwd1dJ.jpg","width":1920,"height":2560,"caption":"DT Industries B260A825"},{"@type":"BreadcrumbList","@id":"https:\/\/industrialrepairstore.com\/product\/dt-industries-b260a825-lvdt-signal-conditioning-pca\/#breadcrumb","itemListElement":[{"@type":"ListItem","position":1,"name":"Home","item":"https:\/\/industrialrepairstore.com\/"},{"@type":"ListItem","position":2,"name":"Shop","item":"https:\/\/industrialrepairstore.com\/shop\/"},{"@type":"ListItem","position":3,"name":"DT Industries B260A825 LVDT Signal Conditioning PCA"}]},{"@type":"WebSite","@id":"https:\/\/industrialrepairstore.com\/#website","url":"https:\/\/industrialrepairstore.com\/","name":"ERD Industrial Repair Store","description":"Reimagining the Future of Repair Through Innovation","potentialAction":[{"@type":"SearchAction","target":{"@type":"EntryPoint","urlTemplate":"https:\/\/industrialrepairstore.com\/?s={search_term_string}"},"query-input":{"@type":"PropertyValueSpecification","valueRequired":true,"valueName":"search_term_string"}}],"inLanguage":"fr-CA"}]}},"_links":{"self":[{"href":"https:\/\/industrialrepairstore.com\/fr\/wp-json\/wp\/v2\/product\/54556","targetHints":{"allow":["GET"]}}],"collection":[{"href":"https:\/\/industrialrepairstore.com\/fr\/wp-json\/wp\/v2\/product"}],"about":[{"href":"https:\/\/industrialrepairstore.com\/fr\/wp-json\/wp\/v2\/types\/product"}],"wp:featuredmedia":[{"embeddable":true,"href":"https:\/\/industrialrepairstore.com\/fr\/wp-json\/wp\/v2\/media\/54557"}],"wp:attachment":[{"href":"https:\/\/industrialrepairstore.com\/fr\/wp-json\/wp\/v2\/media?parent=54556"}],"wp:term":[{"taxonomy":"product_brand","embeddable":true,"href":"https:\/\/industrialrepairstore.com\/fr\/wp-json\/wp\/v2\/product_brand?post=54556"},{"taxonomy":"product_cat","embeddable":true,"href":"https:\/\/industrialrepairstore.com\/fr\/wp-json\/wp\/v2\/product_cat?post=54556"},{"taxonomy":"product_tag","embeddable":true,"href":"https:\/\/industrialrepairstore.com\/fr\/wp-json\/wp\/v2\/product_tag?post=54556"}],"curies":[{"name":"wp","href":"https:\/\/api.w.org\/{rel}","templated":true}]}}